{"id":22,"date":"2016-10-24T14:56:29","date_gmt":"2016-10-24T14:56:29","guid":{"rendered":"http:\/\/nuevo.pazyesperanza.org\/usa\/?page_id=22"},"modified":"2025-05-14T14:24:26","modified_gmt":"2025-05-14T14:24:26","slug":"donar","status":"publish","type":"page","link":"https:\/\/www.pazyesperanza.org\/pe\/donar\/","title":{"rendered":"Donar"},"content":{"rendered":"<p>[vc_row full_width=&#8221;stretch_row&#8221; css=&#8221;.vc_custom_1479309288718{margin-top: -60px !important;background-color: #07ad55 !important;}&#8221;][vc_column][vc_column_text]<\/p>\n<div class=\"call-to-action\" style=\"margin-top: 0; text-align: -webkit-center;\">\n<h2 style=\"text-align: center; margin-right: 30px;\">Se parte del cambio<\/h2>\n<\/div>\n<p>[\/vc_column_text][\/vc_column][\/vc_row][vc_row full_width=&#8221;stretch_row&#8221; parallax=&#8221;content-moving&#8221; parallax_image=&#8221;1326&#8243; css=&#8221;.vc_custom_1488984775689{background-image: url(https:\/\/www.pazyesperanza.org\/\/wp-content\/uploads\/sites\/3\/revslider\/revslider\/P1150226.jpg?id=1574) !important;background-position: center;background-repeat: no-repeat !important;background-size: cover !important;}&#8221;][vc_column width=&#8221;1\/3&#8243;][\/vc_column][vc_column width=&#8221;1\/3&#8243;][\/vc_column][vc_column width=&#8221;1\/3&#8243; css=&#8221;.vc_custom_1479309670409{margin-top: 80px !important;margin-bottom: 80px !important;background-color: #ffffff !important;}&#8221;][vc_column_text]<\/p>\n<h1>Dona<\/h1>\n<p>Las donaciones de las personas, fundaciones e iglesias son vitales para ejecutar los distintos programas y proyectos. Te animamos que te contactes con nuestra oficina nacional para hacer donaciones en efectivo o en especies.<\/p>\n<h3><strong>Dep\u00f3sito Bancario:<\/strong><\/h3>\n<p>Asociaci\u00f3n Paz y Esperanza<br \/>\nBanco BBVA Continental<\/p>\n<p>Cta. Cte. Soles 0011-0130-0100039548<br \/>\nCCI 011 130 000100039548 21<\/p>\n<p>Cta. Cte. D\u00f3lares 0011 0130 220200125115<\/p>\n<p>SWIFT: BCONPEPL<\/p>\n<p>Residentes en los Estados Unidos pueden hacer sus <a href=\"https:\/\/phi.networkforgood.com\/projects\/19147-giving-to-phi\" target=\"_blank\" rel=\"noopener\">donativos aqu\u00ed<\/a><\/p>\n<p>La Asociaci\u00f3n PAZ Y ESPERANZA est\u00e1 calificada por la SUNAT como entidad perceptora de donaciones, mediante Resoluci\u00f3n de Intendencia No. 0230050163832. Por tanto, su donativo puede ser usado como parte del pago del Impuesto a la Renta\u00a0(personas naturales o jur\u00eddicas).<\/p>\n<p>Estamos inscritos en el Registro de ONGD de la Agencia Peruana de Cooperaci\u00f3n Internacional (APCI) mediante Resoluci\u00f3n 354-2015<\/p>\n<p>Somos auditados anualmente por \u00a0<a href=\"https:\/\/russellbedford.pe\">Luis Acosta Peche &amp; Asociados S.\u00a0Civil\u00a0de\u00a0R.L.<\/a>[\/vc_column_text][vc_column_text]Peace and Hope International es una organizaci\u00f3n sin fines de lucro 501(c)(3) registrada en los Estados Unidos, con el EIN 47-0917776. \/ Peace and Hope International is a 501(c)(3) nonprofit organization registered in the United States with EIN 47-0917776.<\/p>\n<p><strong>EUROPA AID:<\/strong><br \/>\nASOCIACION MINISTERIO DIACONAL PAZ Y ESPERANZA<br \/>\nN\u00famero de Sello de Calidad: 101111863<br \/>\nPIC: 885622126<br \/>\nRol: Organizaci\u00f3n anfitriona[\/vc_column_text][vc_btn title=&#8221;Informes Anuales&#8221; shape=&#8221;round&#8221; color=&#8221;success&#8221; align=&#8221;center&#8221; i_icon_fontawesome=&#8221;fa fa-pencil&#8221; add_icon=&#8221;true&#8221; link=&#8221;url:%2Fpe%2Fconocenos%2Freporte-anual-finanzas%2F|||&#8221;][vc_btn title=&#8221;Cont\u00e1ctanos: aspazes@pazyesperanza.org&#8221; shape=&#8221;round&#8221; color=&#8221;success&#8221; align=&#8221;center&#8221; i_icon_fontawesome=&#8221;fa fa-envelope-open&#8221; add_icon=&#8221;true&#8221; link=&#8221;|||&#8221;][\/vc_column][\/vc_row]<\/p>\n","protected":false},"excerpt":{"rendered":"[vc_row full_width=&#8221;stretch_row&#8221; css=&#8221;.vc_custom_1479309288718{margin-top: -60px !important;background-color: #07ad55 !important;}&#8221;][vc_column][vc_column_text] Se parte del cambio [\/vc_column_text][\/vc_column][\/vc_row][vc_row full_width=&#8221;stretch_row&#8221; parallax=&#8221;content-moving&#8221; parallax_image=&#8221;1326&#8243; css=&#8221;.vc_custom_1488984775689{background-image: url(https:\/\/www.pazyesperanza.org\/\/wp-content\/uploads\/sites\/3\/revslider\/revslider\/P1150226.jpg?id=1574) !important;background-position: center;background-repeat: no-repeat !important;background-size: cover !important;}&#8221;][vc_column width=&#8221;1\/3&#8243;][\/vc_column][vc_column width=&#8221;1\/3&#8243;][\/vc_column][vc_column width=&#8221;1\/3&#8243; css=&#8221;.vc_custom_1479309670409{margin-top: 80px !important;margin-bottom: 80px !important;background-color: #ffffff !important;}&#8221;][vc_column_text] Dona Las donaciones de las personas, fundaciones e iglesias son vitales para ejecutar los distintos programas y proyectos. Te animamos que te contactes con nuestra oficina nacional para hacer donaciones en efectivo o en especies. Dep\u00f3sito Bancario: Asociaci\u00f3n Paz y Esperanza Banco BBVA Continental Cta. Cte. Soles 0011-0130-0100039548 CCI 011 130 000100039548 21 Cta. Cte. D\u00f3lares 0011 0130 220200125115 SWIFT: BCONPEPL Residentes en los Estados Unidos pueden hacer sus donativos aqu\u00ed La Asociaci\u00f3n PAZ Y ESPERANZA est\u00e1 calificada por la SUNAT como entidad perceptora de donaciones, mediante Resoluci\u00f3n de Intendencia No. 0230050163832. Por tanto, su donativo puede ser usado como parte del pago del Impuesto a la Renta\u00a0(personas naturales o jur\u00eddicas). Estamos inscritos en el Registro de ONGD de la Agencia Peruana de Cooperaci\u00f3n Internacional (APCI) mediante Resoluci\u00f3n 354-2015 Somos auditados anualmente por \u00a0Luis Acosta Peche &amp; Asociados S.\u00a0Civil\u00a0de\u00a0R.L.[\/vc_column_text][vc_column_text]Peace and Hope International es una organizaci\u00f3n sin fines de lucro 501(c)(3) registrada en los Estados Unidos, con el EIN 47-0917776. \/ Peace and Hope International is a 501(c)(3) nonprofit organization registered in the United States with EIN 47-0917776. EUROPA AID: ASOCIACION MINISTERIO DIACONAL PAZ Y ESPERANZA N\u00famero de Sello de Calidad: 101111863 PIC: 885622126 Rol: Organizaci\u00f3n anfitriona[\/vc_column_text][vc_btn title=&#8221;Informes Anuales&#8221; shape=&#8221;round&#8221; color=&#8221;success&#8221; align=&#8221;center&#8221; i_icon_fontawesome=&#8221;fa fa-pencil&#8221; add_icon=&#8221;true&#8221; link=&#8221;url:%2Fpe%2Fconocenos%2Freporte-anual-finanzas%2F|||&#8221;][vc_btn title=&#8221;Cont\u00e1ctanos: aspazes@pazyesperanza.org&#8221; shape=&#8221;round&#8221; color=&#8221;success&#8221; align=&#8221;center&#8221; i_icon_fontawesome=&#8221;fa fa-envelope-open&#8221; add_icon=&#8221;true&#8221; link=&#8221;|||&#8221;][\/vc_column][\/vc_row]","protected":false},"author":1,"featured_media":0,"parent":0,"menu_order":4,"comment_status":"closed","ping_status":"closed","template":"","meta":{"_monsterinsights_skip_tracking":false,"_monsterinsights_sitenote_active":false,"_monsterinsights_sitenote_note":"","_monsterinsights_sitenote_category":0,"footnotes":""},"class_list":["post-22","page","type-page","status-publish","hentry"],"yoast_head":"<!-- This site is optimized with the Yoast SEO plugin v16.3 - https:\/\/yoast.com\/wordpress\/plugins\/seo\/ -->\n<title>Donar - Paz y Esperanza Peru<\/title>\n<meta name=\"robots\" content=\"index, follow, max-snippet:-1, max-image-preview:large, max-video-preview:-1\" \/>\n<link rel=\"canonical\" href=\"https:\/\/www.pazyesperanza.org\/pe\/donar\/\" \/>\n<meta property=\"og:locale\" content=\"es_ES\" \/>\n<meta property=\"og:type\" content=\"article\" \/>\n<meta property=\"og:title\" content=\"Donar - Paz y Esperanza Peru\" \/>\n<meta property=\"og:description\" content=\"[vc_row full_width=&#8221;stretch_row&#8221; css=&#8221;.vc_custom_1479309288718{margin-top: -60px !important;background-color: #07ad55 !important;}&#8221;][vc_column][vc_column_text] Se parte del cambio [\/vc_column_text][\/vc_column][\/vc_row][vc_row full_width=&#8221;stretch_row&#8221; parallax=&#8221;content-moving&#8221; parallax_image=&#8221;1326&#8243; css=&#8221;.vc_custom_1488984775689{background-image: url(https:\/\/www.pazyesperanza.org\/\/wp-content\/uploads\/sites\/3\/revslider\/revslider\/P1150226.jpg?id=1574) !important;background-position: center;background-repeat: no-repeat !important;background-size: cover !important;}&#8221;][vc_column width=&#8221;1\/3&#8243;][\/vc_column][vc_column width=&#8221;1\/3&#8243;][\/vc_column][vc_column width=&#8221;1\/3&#8243; css=&#8221;.vc_custom_1479309670409{margin-top: 80px !important;margin-bottom: 80px !important;background-color: #ffffff !important;}&#8221;][vc_column_text] Dona Las donaciones de las personas, fundaciones e iglesias son vitales para ejecutar los distintos programas y proyectos. Te animamos que te contactes con nuestra oficina nacional para hacer donaciones en efectivo o en especies. Dep\u00f3sito Bancario: Asociaci\u00f3n Paz y Esperanza Banco BBVA Continental Cta. Cte. Soles 0011-0130-0100039548 CCI 011 130 000100039548 21 Cta. Cte. D\u00f3lares 0011 0130 220200125115 SWIFT: BCONPEPL Residentes en los Estados Unidos pueden hacer sus donativos aqu\u00ed La Asociaci\u00f3n PAZ Y ESPERANZA est\u00e1 calificada por la SUNAT como entidad perceptora de donaciones, mediante Resoluci\u00f3n de Intendencia No. 0230050163832. Por tanto, su donativo puede ser usado como parte del pago del Impuesto a la Renta\u00a0(personas naturales o jur\u00eddicas). Estamos inscritos en el Registro de ONGD de la Agencia Peruana de Cooperaci\u00f3n Internacional (APCI) mediante Resoluci\u00f3n 354-2015 Somos auditados anualmente por \u00a0Luis Acosta Peche &amp; Asociados S.\u00a0Civil\u00a0de\u00a0R.L.[\/vc_column_text][vc_column_text]Peace and Hope International es una organizaci\u00f3n sin fines de lucro 501(c)(3) registrada en los Estados Unidos, con el EIN 47-0917776. \/ Peace and Hope International is a 501(c)(3) nonprofit organization registered in the United States with EIN 47-0917776. EUROPA AID: ASOCIACION MINISTERIO DIACONAL PAZ Y ESPERANZA N\u00famero de Sello de Calidad: 101111863 PIC: 885622126 Rol: Organizaci\u00f3n anfitriona[\/vc_column_text][vc_btn title=&#8221;Informes Anuales&#8221; shape=&#8221;round&#8221; color=&#8221;success&#8221; align=&#8221;center&#8221; i_icon_fontawesome=&#8221;fa fa-pencil&#8221; add_icon=&#8221;true&#8221; link=&#8221;url:%2Fpe%2Fconocenos%2Freporte-anual-finanzas%2F|||&#8221;][vc_btn title=&#8221;Cont\u00e1ctanos: aspazes@pazyesperanza.org&#8221; shape=&#8221;round&#8221; color=&#8221;success&#8221; align=&#8221;center&#8221; i_icon_fontawesome=&#8221;fa fa-envelope-open&#8221; add_icon=&#8221;true&#8221; link=&#8221;|||&#8221;][\/vc_column][\/vc_row]\" \/>\n<meta property=\"og:url\" content=\"https:\/\/www.pazyesperanza.org\/pe\/donar\/\" \/>\n<meta property=\"og:site_name\" content=\"Paz y Esperanza Peru\" \/>\n<meta property=\"article:modified_time\" content=\"2025-05-14T14:24:26+00:00\" \/>\n<meta name=\"twitter:card\" content=\"summary_large_image\" \/>\n<meta name=\"twitter:label1\" content=\"Tiempo de lectura\">\n\t<meta name=\"twitter:data1\" content=\"2 minutos\">\n<script type=\"application\/ld+json\" class=\"yoast-schema-graph\">{\"@context\":\"https:\/\/schema.org\",\"@graph\":[{\"@type\":\"WebSite\",\"@id\":\"https:\/\/www.pazyesperanza.org\/pe\/#website\",\"url\":\"https:\/\/www.pazyesperanza.org\/pe\/\",\"name\":\"Paz y Esperanza Peru\",\"description\":\"Apasionados por la justicia\",\"potentialAction\":[{\"@type\":\"SearchAction\",\"target\":\"https:\/\/www.pazyesperanza.org\/pe\/?s={search_term_string}\",\"query-input\":\"required name=search_term_string\"}],\"inLanguage\":\"es\"},{\"@type\":\"WebPage\",\"@id\":\"https:\/\/www.pazyesperanza.org\/pe\/donar\/#webpage\",\"url\":\"https:\/\/www.pazyesperanza.org\/pe\/donar\/\",\"name\":\"Donar - Paz y Esperanza Peru\",\"isPartOf\":{\"@id\":\"https:\/\/www.pazyesperanza.org\/pe\/#website\"},\"datePublished\":\"2016-10-24T14:56:29+00:00\",\"dateModified\":\"2025-05-14T14:24:26+00:00\",\"breadcrumb\":{\"@id\":\"https:\/\/www.pazyesperanza.org\/pe\/donar\/#breadcrumb\"},\"inLanguage\":\"es\",\"potentialAction\":[{\"@type\":\"ReadAction\",\"target\":[\"https:\/\/www.pazyesperanza.org\/pe\/donar\/\"]}]},{\"@type\":\"BreadcrumbList\",\"@id\":\"https:\/\/www.pazyesperanza.org\/pe\/donar\/#breadcrumb\",\"itemListElement\":[{\"@type\":\"ListItem\",\"position\":1,\"item\":{\"@type\":\"WebPage\",\"@id\":\"https:\/\/www.pazyesperanza.org\/pe\/\",\"url\":\"https:\/\/www.pazyesperanza.org\/pe\/\",\"name\":\"Portada\"}},{\"@type\":\"ListItem\",\"position\":2,\"item\":{\"@id\":\"https:\/\/www.pazyesperanza.org\/pe\/donar\/#webpage\"}}]}]}<\/script>\n<!-- \/ Yoast SEO plugin. -->","_links":{"self":[{"href":"https:\/\/www.pazyesperanza.org\/pe\/wp-json\/wp\/v2\/pages\/22","targetHints":{"allow":["GET"]}}],"collection":[{"href":"https:\/\/www.pazyesperanza.org\/pe\/wp-json\/wp\/v2\/pages"}],"about":[{"href":"https:\/\/www.pazyesperanza.org\/pe\/wp-json\/wp\/v2\/types\/page"}],"author":[{"embeddable":true,"href":"https:\/\/www.pazyesperanza.org\/pe\/wp-json\/wp\/v2\/users\/1"}],"replies":[{"embeddable":true,"href":"https:\/\/www.pazyesperanza.org\/pe\/wp-json\/wp\/v2\/comments?post=22"}],"version-history":[{"count":17,"href":"https:\/\/www.pazyesperanza.org\/pe\/wp-json\/wp\/v2\/pages\/22\/revisions"}],"predecessor-version":[{"id":2552,"href":"https:\/\/www.pazyesperanza.org\/pe\/wp-json\/wp\/v2\/pages\/22\/revisions\/2552"}],"wp:attachment":[{"href":"https:\/\/www.pazyesperanza.org\/pe\/wp-json\/wp\/v2\/media?parent=22"}],"curies":[{"name":"wp","href":"https:\/\/api.w.org\/{rel}","templated":true}]}}