{"id":2165,"date":"2019-09-11T20:22:04","date_gmt":"2019-09-11T20:22:04","guid":{"rendered":"http:\/\/www.pazyesperanza.org\/pe\/?page_id=2165"},"modified":"2026-02-27T15:07:10","modified_gmt":"2026-02-27T15:07:10","slug":"politicas-y-reclamos","status":"publish","type":"page","link":"https:\/\/www.pazyesperanza.org\/pe\/conocenos\/politicas-y-reclamos\/","title":{"rendered":"Pol\u00edticas y Reclamos"},"content":{"rendered":"<p>Paz y Esperanza tiene establecido Pol\u00edticas frente a los temas que trabaja, tales como:<\/p>\n<ul style=\"list-style-type: disc;\">\n<li><a href=\"https:\/\/pazyesperanza-my.sharepoint.com\/:b:\/g\/personal\/publicaciones1_pazyesperanza_org\/EdoUhKz8CQVFnRPQAL5Kk3sBvcLJl5vT63lWbYpEB3-wcg?e=W4WXp3\">POL\u00cdTICA DE SALVAGUARDA DE LA NI\u00d1EZ<br \/>\n<\/a>La defensa y promoci\u00f3n de la dignidad de la ni\u00f1ez forma parte del trabajo de Paz y Esperanza desde el inicio de su vida institucional. Hemos asumido el compromiso de forjar un entorno afectivo y protector para los ni\u00f1os y ni\u00f1as, y todo aquello que favorezca su desarrollo y bienestar, oponi\u00e9ndose firmemente a toda forma que agreda su dignidad, como por ejemplo el abuso y explotaci\u00f3n infantil, tanto dentro como fuera de nuestra organizaci\u00f3n<\/li>\n<\/ul>\n<p>&nbsp;<\/p>\n<ul style=\"list-style-type: disc;\">\n<li><a href=\"https:\/\/pazyesperanza-my.sharepoint.com\/:b:\/g\/personal\/publicaciones1_pazyesperanza_org\/ETPfA3jWYmNIlgiAZsG3GscBrUeBA5_jsjTyj8EVHn3ZTg?e=Ck62mA\">POL\u00cdTICAS DE PROTECCI\u00d3N AL ADULTO EN SITUACION DE VULNERABILIDAD<\/a><br \/>\nNuestro punto de partida es el reconocimiento de la dignidad de las personas, el empoderamiento de sus derechos y el pleno ejercicio de su ciudadan\u00eda. Trabajamos en favor y junto a sectores vinculados a la poblaci\u00f3n adulta, especialmente del mundo ind\u00edgena, mujeres, migrantes, personas con discapacidad, as\u00ed como aquellos que est\u00e1n en condici\u00f3n de afectados o damnificados por eventos de desastres. Al ser personas en situaci\u00f3n de vulnerabilidad, reconocemos su dignidad intr\u00ednseca, la cual nos lleva a respetar, reconocer y promover, sin afectar sus derechos. Pero adem\u00e1s reconocemos que el mismo espacio en el que nuestros trabajadores desarrollan sus actividades no est\u00e1 exento de albergar trabajadores y colaboradores que pueden encontrarse en determinados momentos de su vida en situaci\u00f3n de vulnerabilidad o colegas en determinadas circunstancias puedan ejercer el poder de una manera abusiva. Esto es posible en cualquier grupo humano, por lo cual Paz y Esperanza estar\u00e1 atento a prevenir o enfrentar situaciones que ocurran en su entorno.<\/li>\n<\/ul>\n<p>&nbsp;<\/p>\n<ul style=\"list-style-type: disc;\">\n<li><a href=\"https:\/\/pazyesperanza-my.sharepoint.com\/:b:\/g\/personal\/publicaciones1_pazyesperanza_org\/EdzqjIIf3vtHorPJHI4iN_oBG9KTGUhAWEze0jRZKt0IAQ?e=8dMmDJ\">POL\u00cdTICA ANTICORRUPCI\u00d3N<\/a><br \/>\nPor la fe que nos inspira, y por los resultados que ofrecen las investigaciones existentes sobre la materia, la corrupci\u00f3n es para Paz y Esperanza un pecado grave que afecta el bienestar de los pueblos, y lesiona los derechos de los pobres en especial. Los mandatos de \u201cno robar\u00e1s\u201d y \u201cno codiciar\u00e1s los bienes ajenos\u201d, son absolutamente claros y no hay nada que permita su licencia o justificaci\u00f3n.<br \/>\nEn t\u00e9rminos conceptuales la corrupci\u00f3n incluye soborno, fraude, apropiaci\u00f3n indebida u otras formas de desviaci\u00f3n de recursos por un funcionario p\u00fablico, sin embargo no se limita a ello. La corrupci\u00f3n tambi\u00e9n puede ocurrir en los casos de nepotismo, extorsi\u00f3n, tr\u00e1fico de influencias, uso indebido de informaci\u00f3n privilegiada para fines personales y la compra y venta de las decisiones judiciales, entre varias otras pr\u00e1cticas.<\/li>\n<\/ul>\n<p>&nbsp;<\/p>\n<ul style=\"list-style-type: disc;\">\n<li><a href=\"https:\/\/pazyesperanza.sharepoint.com\/:b:\/s\/pazyesperanza-peru\/IQA3WS2Am6yoQY7DbYGCuET6AeYALPadiUM0z5Q-tTDWaBM\">POL\u00cdTICAS DE G\u00c9NERO<\/a><br \/>\nPaz y Esperanza cree que hombres y mujeres son igualmente valiosos delante de Dios, porque ambos fueron creados a su imagen y semejanza. Nuestra convicci\u00f3n es que, aunque diversos en sus caracter\u00edsticas personales, hombres y mujeres \u201cnacen libres e iguales en dignidad y derechos y, dotados como est\u00e1n de raz\u00f3n y conciencia, deben comportarse fraternalmente los unos con los otros\u201d (art\u00edculo 1 de la Declaraci\u00f3n Universal de Los Derechos Humanos). Esta reivindicaci\u00f3n de la dignidad y de la igualdad entre hombres y mujeres, sin embargo, no podr\u00eda realizarse sin un expreso reconocimiento de la mayor afectaci\u00f3n de las mujeres respecto de desigualdades y violencias, y sin la posibilidad de contar con herramientas te\u00f3ricas y metodol\u00f3gicas que orienten y perfeccionen la labor de Paz y Esperanza en su servicio a las personas y comunidades.<\/li>\n<\/ul>\n<p>&nbsp;<\/p>\n<ul style=\"list-style-type: disc;\">\n<li><a href=\"https:\/\/pazyesperanza.sharepoint.com\/:b:\/s\/pazyesperanza-peru\/EdMt_zyNl21OtlnHCKcdMOAByLmix5GLplvwZJaiUZzddA?e=nPDyIx\">PLAN INSTITUCIONAL DE PROTECCI\u00d3N Y AUTOPROTECCION<br \/>\n<\/a>Paz y Esperanza recupera su experiencia de protecci\u00f3n y autoprotecci\u00f3n, y la recrea y plasma en un PIPA en armon\u00eda con su plan estrat\u00e9gico institucional 2023-2025, y sus pol\u00edticas de salvaguardas y comunicaciones.<\/li>\n<\/ul>\n<p>&nbsp;<\/p>\n<h3><\/h3>\n<ul style=\"list-style-type: disc;\">\n<li><a href=\"https:\/\/pazyesperanza.sharepoint.com\/:b:\/s\/pazyesperanza-peru\/EV-7woW3MINGlBaPyJzZZjIBMKMtj_dwoXEaZomSn7V3qw?e=YW98kB\">POLITICA DE PROTECCION Y TRATAMIENTO DE DATOS<br \/>\n<\/a>Esta pol\u00edtica establece las normas y principios relativos a el tratamiento de los datos personales de las personas de inter\u00e9s para Paz y Esperanza. Su objetivo es garantizar que el PYE procese datos personales de forma coherente con la Ley n.29733 de protecci\u00f3n de datos personales de Per\u00fa y otros instrumentos internacionales relativos a la protecci\u00f3n de los datos personales y la privacidad de las personas como el articulo 12 de la Declaraci\u00f3n Universal de Derechos Humanos, y el articulo 16 de la Convenci\u00f3n sobre los Derechos del Ni\u00f1o. La Pol\u00edtica se complementar\u00e1 por directrices operativas que proporcionar\u00e1n orientaci\u00f3n sobre su aplicaci\u00f3n, supervisi\u00f3n y rendici\u00f3n de cuentas.<br \/>\nEsta pol\u00edtica se aplica a todos los trabajadores, voluntarios, becarios, consultores y empleados o miembros de PAZ .<\/li>\n<\/ul>\n<p>&nbsp;<\/p>\n<h3><\/h3>\n<ul style=\"list-style-type: disc;\">\n<li><a href=\"https:\/\/pazyesperanza.sharepoint.com\/:b:\/s\/pazyesperanza-peru\/EQK5iuUWs9FHlD1Cbch0KQ8BvvwRfqLc6JFnL3AMtOFidA?e=6R49aD\">CODIGO \u00c9TICO<br \/>\n<\/a>El C\u00f3digo \u00c9tico (tambi\u00e9n denominado \u201cC\u00f3digo de conducta\u201d) es un documento oficial de la organizaci\u00f3n, define los valores y las normas de conducta a los que Paz y Esperanza pretende remitirse para alcanzar sus objetivos institucionales.<\/li>\n<\/ul>\n<p>&nbsp;<\/p>\n<h3><\/h3>\n<ul style=\"list-style-type: disc;\">\n<li><a href=\"https:\/\/pazyesperanza-my.sharepoint.com\/:b:\/g\/personal\/publicaciones1_pazyesperanza_org\/IQBZdoyxzapDSqjDxCe2TRqZAW-UVDqwLOBTF86CWhuAumo?e=evhdis\">PROTOCOLO CONTRA HOSTIGAMIENTO SEXUAL<br \/>\n<\/a>Expresamos nuestro compromiso por hacer frente al hostigamiento sexual que se desarrolle al interior de la organizaci\u00f3n y\/o en el marco de nuestras actividades. En ese sentido, se ha elaborado el Protocolo sobre prevenci\u00f3n, atenci\u00f3n y protecci\u00f3n para casos de hostigamiento sexual; as\u00ed como, expresamos nuestro compromiso institucional de hacer frente a la violencia basada en g\u00e9nero.<\/li>\n<\/ul>\n<p>&nbsp;<\/p>\n<h3><span style=\"color: #008000;\"><strong>REPORTANDO INQUIETUDES O QUEJAS <\/strong><\/span><\/h3>\n<p>Paz y Esperanza desea que su servicio a la poblaci\u00f3n vulnerable sea realizado \u00e9ticamente, respetando la dignidad de las personas. En el marco de nuestras acciones, estamos atentos a cualquier hecho que ponga en riesgo o atente contra la salud f\u00edsica y emocional de las personas.<br \/>\nNuestro personal y colaboradores est\u00e1n obligados a comportarse de acuerdo con los est\u00e1ndares establecidos en nuestras pol\u00edticas y c\u00f3digos de conducta. Este comportamiento debe ser observado tanto en nuestra vida laboral interna, como en el servicio a la poblaci\u00f3n beneficiaria. Pero incluso, nos parece necesario que se vea reflejado en el \u00e1mbito privado, por ejemplo, \u00bfcon qu\u00e9 autoridad podr\u00edamos hablar de prevenci\u00f3n de la violencia intrafamiliar si un trabajador nuestro maltrata a sus hijos?<\/p>\n<p>&nbsp;<\/p>\n<p style=\"text-align: center;\"><iframe loading=\"lazy\" title=\"YouTube video player\" src=\"https:\/\/www.youtube-nocookie.com\/embed\/dSHesm8X8Yk?controls=0\" width=\"740\" height=\"415\" frameborder=\"0\" allowfullscreen=\"allowfullscreen\"><span data-mce-type=\"bookmark\" style=\"display: inline-block; width: 0px; overflow: hidden; line-height: 0;\" class=\"mce_SELRES_start\">\ufeff<\/span><span data-mce-type=\"bookmark\" style=\"display: inline-block; width: 0px; overflow: hidden; line-height: 0;\" class=\"mce_SELRES_start\">\ufeff<\/span><span data-mce-type=\"bookmark\" style=\"display: inline-block; width: 0px; overflow: hidden; line-height: 0;\" class=\"mce_SELRES_start\">\ufeff<\/span><span data-mce-type=\"bookmark\" style=\"display: inline-block; width: 0px; overflow: hidden; line-height: 0;\" class=\"mce_SELRES_start\">\ufeff<\/span><span data-mce-type=\"bookmark\" style=\"display: inline-block; width: 0px; overflow: hidden; line-height: 0;\" class=\"mce_SELRES_start\">\ufeff<\/span><span data-mce-type=\"bookmark\" style=\"display: inline-block; width: 0px; overflow: hidden; line-height: 0;\" class=\"mce_SELRES_start\">\ufeff<\/span><\/iframe><\/p>\n<p><span style=\"font-size: 14pt;\"><strong>SALVAGUARDAR<\/strong><\/span><\/p>\n<p>Paz y Esperanza se compromete a promover la seguridad y el bienestar de los beneficiarios, el personal y de todos nuestros colaboradores. En particular, nos comprometemos con la seguridad de la ni\u00f1ez, junto con los adultos que son vulnerables.<\/p>\n<p>Sin ser una lista exhaustiva, rechazamos:<\/p>\n<ul style=\"list-style-type: disc;\">\n<li>El abuso y maltrato, incluido el f\u00edsico, sexual (tambi\u00e9n el acoso sexual) y psicol\u00f3gico (junto con el abuso de poder o religioso)<\/li>\n<li>La explotaci\u00f3n f\u00edsica y sexual y la trata de personas<\/li>\n<li>La discriminaci\u00f3n de cualquier tipo<\/li>\n<li>La negligencia que da\u00f1e a las personas<\/li>\n<li>La corrupci\u00f3n (fraude, robo, soborno, uso indebido de recursos, cobro por servicios gratuitos que oferta PAZ, etc)<\/li>\n<li>Cualquier otra actividad delictiva o ilegal que ha tenido lugar, tendr\u00e1 lugar o es probable que se lleve a cabo por miembros de la organizaci\u00f3n.<\/li>\n<\/ul>\n<p><span style=\"font-size: 14pt;\"><strong>C\u00d3MO REPORTAR <\/strong><\/span><\/p>\n<p>Cualquier alegaci\u00f3n o inquietud con respecto a una acci\u00f3n cometida por un personal, voluntario o colaborador de PAZ la trataremos con <strong>seriedad, rapidez y con total confidencialidad<\/strong>.<br \/>\nEstas inquietudes o denuncias pueden provenir de una persona vinculada a la organizaci\u00f3n (un trabajador, por ejemplo), de un beneficiario o un tercero.<br \/>\nSiendo que el inter\u00e9s mayor de PAZ es la persona humana, si se observa o se sospecha de un comportamiento abusivo o anti \u00e9tico, le urgimos que nos lo haga saber pronto.<\/p>\n<p>Hay dos formas de reportar una inquietud o realizar una denuncia interna:<\/p>\n<p>Env\u00ede un <strong>correo electr\u00f3nico<\/strong> directamente a <a href=\"mailto:quejas@pazyesperanza.org\">quejas@pazyesperanza.org<\/a><\/p>\n<p>O escr\u00edbanos al siguiente <strong>WhatsApp +51 946 439 822<\/strong><\/p>\n<p>Todas las comunicaciones son tratadas con <strong>total confidencialidad<\/strong> por un <strong>equipo independiente<\/strong>, que no revelar\u00e1 su nombre a Paz y Esperanza sin su permiso expl\u00edcito. Se<strong> proceder\u00e1 conforme a nuestras pol\u00edticas y procedimientos<\/strong> para investigar a fondo estos hechos, tomando las medidas pertinentes.<\/p>\n","protected":false},"excerpt":{"rendered":"Paz y Esperanza tiene establecido Pol\u00edticas frente a los temas que trabaja, tales como: POL\u00cdTICA DE SALVAGUARDA DE LA NI\u00d1EZ La defensa y promoci\u00f3n de la dignidad de la ni\u00f1ez forma parte del trabajo de Paz y Esperanza desde el inicio de su vida institucional. Hemos asumido el compromiso de forjar un entorno afectivo y protector para los ni\u00f1os y ni\u00f1as, y todo aquello que favorezca su desarrollo y bienestar, oponi\u00e9ndose firmemente a toda forma que agreda su dignidad, como por ejemplo el abuso y explotaci\u00f3n infantil, tanto dentro como fuera de nuestra organizaci\u00f3n &nbsp; POL\u00cdTICAS DE PROTECCI\u00d3N AL ADULTO EN SITUACION DE VULNERABILIDAD Nuestro punto de partida es el reconocimiento de la dignidad de las personas, el empoderamiento de sus derechos y el pleno ejercicio de su ciudadan\u00eda. Trabajamos en favor y junto a sectores vinculados a la poblaci\u00f3n adulta, especialmente del mundo ind\u00edgena, mujeres, migrantes, personas con discapacidad, as\u00ed como aquellos que est\u00e1n en condici\u00f3n de afectados o damnificados por eventos de desastres. Al ser personas en situaci\u00f3n de vulnerabilidad, reconocemos su dignidad intr\u00ednseca, la cual nos lleva a respetar, reconocer y promover, sin afectar sus derechos. Pero adem\u00e1s reconocemos que el mismo espacio en el que nuestros trabajadores desarrollan sus actividades no est\u00e1 exento de albergar trabajadores y colaboradores que pueden encontrarse en determinados momentos de su vida en situaci\u00f3n de vulnerabilidad o colegas en determinadas circunstancias puedan ejercer el poder de una manera abusiva. Esto es posible en cualquier grupo humano, por lo cual Paz y Esperanza estar\u00e1 atento a prevenir o enfrentar situaciones que ocurran en su entorno. &nbsp; POL\u00cdTICA ANTICORRUPCI\u00d3N Por la fe que nos inspira, y por los resultados que ofrecen las investigaciones existentes sobre la materia, la corrupci\u00f3n es para Paz y Esperanza un pecado grave que afecta el bienestar de los pueblos, y lesiona los derechos de los pobres en especial. Los mandatos de \u201cno robar\u00e1s\u201d y \u201cno codiciar\u00e1s los bienes ajenos\u201d, son absolutamente claros y no hay nada que permita su licencia o justificaci\u00f3n. En t\u00e9rminos conceptuales la corrupci\u00f3n incluye soborno, fraude, apropiaci\u00f3n indebida u otras formas de desviaci\u00f3n de recursos por un funcionario p\u00fablico, sin embargo no se limita a ello. La corrupci\u00f3n tambi\u00e9n puede ocurrir en los casos de nepotismo, extorsi\u00f3n, tr\u00e1fico de influencias, uso indebido de informaci\u00f3n privilegiada para fines personales y la compra y venta de las decisiones judiciales, entre varias otras pr\u00e1cticas. &nbsp; POL\u00cdTICAS DE G\u00c9NERO Paz y Esperanza cree que hombres y mujeres son igualmente valiosos delante de Dios, porque ambos fueron creados a su imagen y semejanza. Nuestra convicci\u00f3n es que, aunque diversos en sus caracter\u00edsticas personales, hombres y mujeres \u201cnacen libres e iguales en dignidad y derechos y, dotados como est\u00e1n de raz\u00f3n y conciencia, deben comportarse fraternalmente los unos con los otros\u201d (art\u00edculo 1 de la Declaraci\u00f3n Universal de Los Derechos Humanos). Esta reivindicaci\u00f3n de la dignidad y de la igualdad entre hombres y mujeres, sin embargo, no podr\u00eda realizarse sin un expreso reconocimiento de la mayor afectaci\u00f3n de las mujeres respecto de desigualdades y violencias, y sin la posibilidad de contar con herramientas te\u00f3ricas y metodol\u00f3gicas que orienten y perfeccionen [&hellip;]","protected":false},"author":2,"featured_media":0,"parent":16,"menu_order":11,"comment_status":"closed","ping_status":"closed","template":"","meta":{"_monsterinsights_skip_tracking":false,"_monsterinsights_sitenote_active":false,"_monsterinsights_sitenote_note":"","_monsterinsights_sitenote_category":0,"footnotes":""},"class_list":["post-2165","page","type-page","status-publish","hentry"],"yoast_head":"<!-- This site is optimized with the Yoast SEO plugin v16.3 - https:\/\/yoast.com\/wordpress\/plugins\/seo\/ -->\n<title>Pol\u00edticas y Reclamos - Paz y Esperanza Peru<\/title>\n<meta name=\"robots\" content=\"index, follow, max-snippet:-1, max-image-preview:large, max-video-preview:-1\" \/>\n<link rel=\"canonical\" href=\"https:\/\/www.pazyesperanza.org\/pe\/conocenos\/politicas-y-reclamos\/\" \/>\n<meta property=\"og:locale\" content=\"es_ES\" \/>\n<meta property=\"og:type\" content=\"article\" \/>\n<meta property=\"og:title\" content=\"Pol\u00edticas y Reclamos - Paz y Esperanza Peru\" \/>\n<meta property=\"og:description\" content=\"Paz y Esperanza tiene establecido Pol\u00edticas frente a los temas que trabaja, tales como: POL\u00cdTICA DE SALVAGUARDA DE LA NI\u00d1EZ La defensa y promoci\u00f3n de la dignidad de la ni\u00f1ez forma parte del trabajo de Paz y Esperanza desde el inicio de su vida institucional. Hemos asumido el compromiso de forjar un entorno afectivo y protector para los ni\u00f1os y ni\u00f1as, y todo aquello que favorezca su desarrollo y bienestar, oponi\u00e9ndose firmemente a toda forma que agreda su dignidad, como por ejemplo el abuso y explotaci\u00f3n infantil, tanto dentro como fuera de nuestra organizaci\u00f3n &nbsp; POL\u00cdTICAS DE PROTECCI\u00d3N AL ADULTO EN SITUACION DE VULNERABILIDAD Nuestro punto de partida es el reconocimiento de la dignidad de las personas, el empoderamiento de sus derechos y el pleno ejercicio de su ciudadan\u00eda. Trabajamos en favor y junto a sectores vinculados a la poblaci\u00f3n adulta, especialmente del mundo ind\u00edgena, mujeres, migrantes, personas con discapacidad, as\u00ed como aquellos que est\u00e1n en condici\u00f3n de afectados o damnificados por eventos de desastres. Al ser personas en situaci\u00f3n de vulnerabilidad, reconocemos su dignidad intr\u00ednseca, la cual nos lleva a respetar, reconocer y promover, sin afectar sus derechos. Pero adem\u00e1s reconocemos que el mismo espacio en el que nuestros trabajadores desarrollan sus actividades no est\u00e1 exento de albergar trabajadores y colaboradores que pueden encontrarse en determinados momentos de su vida en situaci\u00f3n de vulnerabilidad o colegas en determinadas circunstancias puedan ejercer el poder de una manera abusiva. Esto es posible en cualquier grupo humano, por lo cual Paz y Esperanza estar\u00e1 atento a prevenir o enfrentar situaciones que ocurran en su entorno. &nbsp; POL\u00cdTICA ANTICORRUPCI\u00d3N Por la fe que nos inspira, y por los resultados que ofrecen las investigaciones existentes sobre la materia, la corrupci\u00f3n es para Paz y Esperanza un pecado grave que afecta el bienestar de los pueblos, y lesiona los derechos de los pobres en especial. Los mandatos de \u201cno robar\u00e1s\u201d y \u201cno codiciar\u00e1s los bienes ajenos\u201d, son absolutamente claros y no hay nada que permita su licencia o justificaci\u00f3n. En t\u00e9rminos conceptuales la corrupci\u00f3n incluye soborno, fraude, apropiaci\u00f3n indebida u otras formas de desviaci\u00f3n de recursos por un funcionario p\u00fablico, sin embargo no se limita a ello. La corrupci\u00f3n tambi\u00e9n puede ocurrir en los casos de nepotismo, extorsi\u00f3n, tr\u00e1fico de influencias, uso indebido de informaci\u00f3n privilegiada para fines personales y la compra y venta de las decisiones judiciales, entre varias otras pr\u00e1cticas. &nbsp; POL\u00cdTICAS DE G\u00c9NERO Paz y Esperanza cree que hombres y mujeres son igualmente valiosos delante de Dios, porque ambos fueron creados a su imagen y semejanza. Nuestra convicci\u00f3n es que, aunque diversos en sus caracter\u00edsticas personales, hombres y mujeres \u201cnacen libres e iguales en dignidad y derechos y, dotados como est\u00e1n de raz\u00f3n y conciencia, deben comportarse fraternalmente los unos con los otros\u201d (art\u00edculo 1 de la Declaraci\u00f3n Universal de Los Derechos Humanos). Esta reivindicaci\u00f3n de la dignidad y de la igualdad entre hombres y mujeres, sin embargo, no podr\u00eda realizarse sin un expreso reconocimiento de la mayor afectaci\u00f3n de las mujeres respecto de desigualdades y violencias, y sin la posibilidad de contar con herramientas te\u00f3ricas y metodol\u00f3gicas que orienten y perfeccionen [&hellip;]\" \/>\n<meta property=\"og:url\" content=\"https:\/\/www.pazyesperanza.org\/pe\/conocenos\/politicas-y-reclamos\/\" \/>\n<meta property=\"og:site_name\" content=\"Paz y Esperanza Peru\" \/>\n<meta property=\"article:modified_time\" content=\"2026-02-27T15:07:10+00:00\" \/>\n<meta name=\"twitter:card\" content=\"summary_large_image\" \/>\n<meta name=\"twitter:label1\" content=\"Tiempo de lectura\">\n\t<meta name=\"twitter:data1\" content=\"5 minutos\">\n<script type=\"application\/ld+json\" class=\"yoast-schema-graph\">{\"@context\":\"https:\/\/schema.org\",\"@graph\":[{\"@type\":\"WebSite\",\"@id\":\"https:\/\/www.pazyesperanza.org\/pe\/#website\",\"url\":\"https:\/\/www.pazyesperanza.org\/pe\/\",\"name\":\"Paz y Esperanza Peru\",\"description\":\"Apasionados por la justicia\",\"potentialAction\":[{\"@type\":\"SearchAction\",\"target\":\"https:\/\/www.pazyesperanza.org\/pe\/?s={search_term_string}\",\"query-input\":\"required name=search_term_string\"}],\"inLanguage\":\"es\"},{\"@type\":\"WebPage\",\"@id\":\"https:\/\/www.pazyesperanza.org\/pe\/conocenos\/politicas-y-reclamos\/#webpage\",\"url\":\"https:\/\/www.pazyesperanza.org\/pe\/conocenos\/politicas-y-reclamos\/\",\"name\":\"Pol\\u00edticas y Reclamos - Paz y Esperanza Peru\",\"isPartOf\":{\"@id\":\"https:\/\/www.pazyesperanza.org\/pe\/#website\"},\"datePublished\":\"2019-09-11T20:22:04+00:00\",\"dateModified\":\"2026-02-27T15:07:10+00:00\",\"breadcrumb\":{\"@id\":\"https:\/\/www.pazyesperanza.org\/pe\/conocenos\/politicas-y-reclamos\/#breadcrumb\"},\"inLanguage\":\"es\",\"potentialAction\":[{\"@type\":\"ReadAction\",\"target\":[\"https:\/\/www.pazyesperanza.org\/pe\/conocenos\/politicas-y-reclamos\/\"]}]},{\"@type\":\"BreadcrumbList\",\"@id\":\"https:\/\/www.pazyesperanza.org\/pe\/conocenos\/politicas-y-reclamos\/#breadcrumb\",\"itemListElement\":[{\"@type\":\"ListItem\",\"position\":1,\"item\":{\"@type\":\"WebPage\",\"@id\":\"https:\/\/www.pazyesperanza.org\/pe\/\",\"url\":\"https:\/\/www.pazyesperanza.org\/pe\/\",\"name\":\"Portada\"}},{\"@type\":\"ListItem\",\"position\":2,\"item\":{\"@type\":\"WebPage\",\"@id\":\"https:\/\/www.pazyesperanza.org\/pe\/conocenos\/\",\"url\":\"https:\/\/www.pazyesperanza.org\/pe\/conocenos\/\",\"name\":\"Con\\u00f3cenos\"}},{\"@type\":\"ListItem\",\"position\":3,\"item\":{\"@id\":\"https:\/\/www.pazyesperanza.org\/pe\/conocenos\/politicas-y-reclamos\/#webpage\"}}]}]}<\/script>\n<!-- \/ Yoast SEO plugin. -->","_links":{"self":[{"href":"https:\/\/www.pazyesperanza.org\/pe\/wp-json\/wp\/v2\/pages\/2165","targetHints":{"allow":["GET"]}}],"collection":[{"href":"https:\/\/www.pazyesperanza.org\/pe\/wp-json\/wp\/v2\/pages"}],"about":[{"href":"https:\/\/www.pazyesperanza.org\/pe\/wp-json\/wp\/v2\/types\/page"}],"author":[{"embeddable":true,"href":"https:\/\/www.pazyesperanza.org\/pe\/wp-json\/wp\/v2\/users\/2"}],"replies":[{"embeddable":true,"href":"https:\/\/www.pazyesperanza.org\/pe\/wp-json\/wp\/v2\/comments?post=2165"}],"version-history":[{"count":25,"href":"https:\/\/www.pazyesperanza.org\/pe\/wp-json\/wp\/v2\/pages\/2165\/revisions"}],"predecessor-version":[{"id":2573,"href":"https:\/\/www.pazyesperanza.org\/pe\/wp-json\/wp\/v2\/pages\/2165\/revisions\/2573"}],"up":[{"embeddable":true,"href":"https:\/\/www.pazyesperanza.org\/pe\/wp-json\/wp\/v2\/pages\/16"}],"wp:attachment":[{"href":"https:\/\/www.pazyesperanza.org\/pe\/wp-json\/wp\/v2\/media?parent=2165"}],"curies":[{"name":"wp","href":"https:\/\/api.w.org\/{rel}","templated":true}]}}