{"id":1813,"date":"2017-07-14T18:24:35","date_gmt":"2017-07-14T18:24:35","guid":{"rendered":"http:\/\/nuevo.pazyesperanza.org\/pe\/?page_id=1813"},"modified":"2021-05-18T03:44:13","modified_gmt":"2021-05-18T03:44:13","slug":"afiliaciones","status":"publish","type":"page","link":"https:\/\/www.pazyesperanza.org\/pe\/conocenos\/afiliaciones\/","title":{"rendered":"Afiliaciones e Inscripciones"},"content":{"rendered":"<p>[vc_row][vc_column][vc_column_text]<\/p>\n<h2>Nacionales:<\/h2>\n<p><a href=\"http:\/\/derechoshumanos.pe\/\" target=\"_blank\" rel=\"noopener\">Coordinadora Nacional de Derechos Humanos<\/a><\/p>\n<p>Concilio Nacional Evang\u00e9lico del Per\u00fa<\/p>\n<p>ACT Alliance<\/p>\n<p>Agencia Peruana de Cooperaci\u00f3n Internacional<\/p>\n<p>&nbsp;<\/p>\n<h2>Internacionales:<\/h2>\n<p>Miembro fundador de <a href=\"http:\/\/www.micahnetwork.org\/es\/\" target=\"_blank\" rel=\"noopener\">Miqueas Global<\/a><\/p>\n<p>Movimiento Juntos por la Ni\u00f1ez y la Juventud<\/p>\n<p>Coalici\u00f3n Internacional de Sitios de Conciencia[\/vc_column_text][\/vc_column][\/vc_row]<\/p>\n","protected":false},"excerpt":{"rendered":"[vc_row][vc_column][vc_column_text] Nacionales: Coordinadora Nacional de Derechos Humanos Concilio Nacional Evang\u00e9lico del Per\u00fa ACT Alliance Agencia Peruana de Cooperaci\u00f3n Internacional &nbsp; Internacionales: Miembro fundador de Miqueas Global Movimiento Juntos por la Ni\u00f1ez y la Juventud Coalici\u00f3n Internacional de Sitios de Conciencia[\/vc_column_text][\/vc_column][\/vc_row]","protected":false},"author":1,"featured_media":0,"parent":16,"menu_order":10,"comment_status":"closed","ping_status":"closed","template":"","meta":{"_monsterinsights_skip_tracking":false,"_monsterinsights_sitenote_active":false,"_monsterinsights_sitenote_note":"","_monsterinsights_sitenote_category":0,"footnotes":""},"class_list":["post-1813","page","type-page","status-publish","hentry"],"yoast_head":"<!-- This site is optimized with the Yoast SEO plugin v16.3 - https:\/\/yoast.com\/wordpress\/plugins\/seo\/ -->\n<title>Afiliaciones e Inscripciones - Paz y Esperanza Peru<\/title>\n<meta name=\"robots\" content=\"index, follow, max-snippet:-1, max-image-preview:large, max-video-preview:-1\" \/>\n<link rel=\"canonical\" href=\"https:\/\/www.pazyesperanza.org\/pe\/conocenos\/afiliaciones\/\" \/>\n<meta property=\"og:locale\" content=\"es_ES\" \/>\n<meta property=\"og:type\" content=\"article\" \/>\n<meta property=\"og:title\" content=\"Afiliaciones e Inscripciones - Paz y Esperanza Peru\" \/>\n<meta property=\"og:description\" content=\"[vc_row][vc_column][vc_column_text] Nacionales: Coordinadora Nacional de Derechos Humanos Concilio Nacional Evang\u00e9lico del Per\u00fa ACT Alliance Agencia Peruana de Cooperaci\u00f3n Internacional &nbsp; Internacionales: Miembro fundador de Miqueas Global Movimiento Juntos por la Ni\u00f1ez y la Juventud Coalici\u00f3n Internacional de Sitios de Conciencia[\/vc_column_text][\/vc_column][\/vc_row]\" \/>\n<meta property=\"og:url\" content=\"https:\/\/www.pazyesperanza.org\/pe\/conocenos\/afiliaciones\/\" \/>\n<meta property=\"og:site_name\" content=\"Paz y Esperanza Peru\" \/>\n<meta property=\"article:modified_time\" content=\"2021-05-18T03:44:13+00:00\" \/>\n<meta name=\"twitter:card\" content=\"summary_large_image\" \/>\n<meta name=\"twitter:label1\" content=\"Tiempo de lectura\">\n\t<meta name=\"twitter:data1\" content=\"1 minuto\">\n<script type=\"application\/ld+json\" class=\"yoast-schema-graph\">{\"@context\":\"https:\/\/schema.org\",\"@graph\":[{\"@type\":\"WebSite\",\"@id\":\"https:\/\/www.pazyesperanza.org\/pe\/#website\",\"url\":\"https:\/\/www.pazyesperanza.org\/pe\/\",\"name\":\"Paz y Esperanza Peru\",\"description\":\"Apasionados por la justicia\",\"potentialAction\":[{\"@type\":\"SearchAction\",\"target\":\"https:\/\/www.pazyesperanza.org\/pe\/?s={search_term_string}\",\"query-input\":\"required name=search_term_string\"}],\"inLanguage\":\"es\"},{\"@type\":\"WebPage\",\"@id\":\"https:\/\/www.pazyesperanza.org\/pe\/conocenos\/afiliaciones\/#webpage\",\"url\":\"https:\/\/www.pazyesperanza.org\/pe\/conocenos\/afiliaciones\/\",\"name\":\"Afiliaciones e Inscripciones - Paz y Esperanza Peru\",\"isPartOf\":{\"@id\":\"https:\/\/www.pazyesperanza.org\/pe\/#website\"},\"datePublished\":\"2017-07-14T18:24:35+00:00\",\"dateModified\":\"2021-05-18T03:44:13+00:00\",\"breadcrumb\":{\"@id\":\"https:\/\/www.pazyesperanza.org\/pe\/conocenos\/afiliaciones\/#breadcrumb\"},\"inLanguage\":\"es\",\"potentialAction\":[{\"@type\":\"ReadAction\",\"target\":[\"https:\/\/www.pazyesperanza.org\/pe\/conocenos\/afiliaciones\/\"]}]},{\"@type\":\"BreadcrumbList\",\"@id\":\"https:\/\/www.pazyesperanza.org\/pe\/conocenos\/afiliaciones\/#breadcrumb\",\"itemListElement\":[{\"@type\":\"ListItem\",\"position\":1,\"item\":{\"@type\":\"WebPage\",\"@id\":\"https:\/\/www.pazyesperanza.org\/pe\/\",\"url\":\"https:\/\/www.pazyesperanza.org\/pe\/\",\"name\":\"Portada\"}},{\"@type\":\"ListItem\",\"position\":2,\"item\":{\"@type\":\"WebPage\",\"@id\":\"https:\/\/www.pazyesperanza.org\/pe\/conocenos\/\",\"url\":\"https:\/\/www.pazyesperanza.org\/pe\/conocenos\/\",\"name\":\"Con\\u00f3cenos\"}},{\"@type\":\"ListItem\",\"position\":3,\"item\":{\"@id\":\"https:\/\/www.pazyesperanza.org\/pe\/conocenos\/afiliaciones\/#webpage\"}}]}]}<\/script>\n<!-- \/ Yoast SEO plugin. -->","_links":{"self":[{"href":"https:\/\/www.pazyesperanza.org\/pe\/wp-json\/wp\/v2\/pages\/1813","targetHints":{"allow":["GET"]}}],"collection":[{"href":"https:\/\/www.pazyesperanza.org\/pe\/wp-json\/wp\/v2\/pages"}],"about":[{"href":"https:\/\/www.pazyesperanza.org\/pe\/wp-json\/wp\/v2\/types\/page"}],"author":[{"embeddable":true,"href":"https:\/\/www.pazyesperanza.org\/pe\/wp-json\/wp\/v2\/users\/1"}],"replies":[{"embeddable":true,"href":"https:\/\/www.pazyesperanza.org\/pe\/wp-json\/wp\/v2\/comments?post=1813"}],"version-history":[{"count":7,"href":"https:\/\/www.pazyesperanza.org\/pe\/wp-json\/wp\/v2\/pages\/1813\/revisions"}],"predecessor-version":[{"id":2289,"href":"https:\/\/www.pazyesperanza.org\/pe\/wp-json\/wp\/v2\/pages\/1813\/revisions\/2289"}],"up":[{"embeddable":true,"href":"https:\/\/www.pazyesperanza.org\/pe\/wp-json\/wp\/v2\/pages\/16"}],"wp:attachment":[{"href":"https:\/\/www.pazyesperanza.org\/pe\/wp-json\/wp\/v2\/media?parent=1813"}],"curies":[{"name":"wp","href":"https:\/\/api.w.org\/{rel}","templated":true}]}}