{"id":1802,"date":"2017-07-14T17:24:59","date_gmt":"2017-07-14T17:24:59","guid":{"rendered":"http:\/\/nuevo.pazyesperanza.org\/pe\/?page_id=1802"},"modified":"2025-05-14T17:31:22","modified_gmt":"2025-05-14T17:31:22","slug":"logros","status":"publish","type":"page","link":"https:\/\/www.pazyesperanza.org\/pe\/como-trabajamos\/logros\/","title":{"rendered":"Logros"},"content":{"rendered":"<p>[vc_row][vc_column][vc_column_text]<\/p>\n<h2>Informe Anual 2024<\/h2>\n<p>Informe de nuestros avances logrados en el a\u00f1o 2024, gracias al trabajo del equipo humano profesional que acompa\u00f1a y empodera a socios(as) en diferentes regiones y, aliados estrat\u00e9gicos de la cooperaci\u00f3n y sociedad civil.[\/vc_column_text][vc_btn title=&#8221;Descargar Informe 2024&#8243; style=&#8221;flat&#8221; shape=&#8221;round&#8221; color=&#8221;green&#8221; size=&#8221;lg&#8221; align=&#8221;center&#8221; i_icon_fontawesome=&#8221;fa fa-cloud-download&#8221; add_icon=&#8221;true&#8221; link=&#8221;url:https%3A%2F%2Fpazyesperanza.sharepoint.com%2F%3Ab%3A%2Fs%2Fpazyesperanza-peru%2FEZwMOMrm3HJIs1Avtf-1oP4BPmEX683hk1pUE3JCLpS2rA%20||target:%20_blank|&#8221;][\/vc_column][vc_column][vc_column_text]<\/p>\n<h2>Informe Anual 2023<\/h2>\n<p>Informe de nuestros avances hacia la concreci\u00f3n de nuestra visi\u00f3n y misi\u00f3n con un equipo humano que sigue empoder\u00e1ndose, socios(as) con los que participamos activamente en los procesos de transformaci\u00f3n y, aliados estrat\u00e9gicos de la cooperaci\u00f3n y sociedad civil.[\/vc_column_text][vc_btn title=&#8221;Descargar Informe 2023&#8243; style=&#8221;flat&#8221; shape=&#8221;round&#8221; color=&#8221;green&#8221; size=&#8221;lg&#8221; align=&#8221;center&#8221; i_icon_fontawesome=&#8221;fa fa-cloud-download&#8221; add_icon=&#8221;true&#8221; link=&#8221;url:https%3A%2F%2Fpazyesperanza-my.sharepoint.com%2Fpersonal%2Fpublicaciones1_pazyesperanza_org%2F_layouts%2F15%2Fonedrive.aspx%3Fid%3D%252Fpersonal%252Fpublicaciones1_pazyesperanza_org%252FDocuments%252FInformes%2520y%2520Politicas%2520PAZ%2520Pe%252FINFORME%25202023%2520PAZ%2520Y%2520ESPERANZA%252Epdf%26parent%3D%252Fpersonal%252Fpublicaciones1_pazyesperanza_org%252FDocuments%252FInformes%2520y%2520Politicas%2520PAZ%2520Pe%26ga%3D1||target:%20_blank|&#8221;][vc_column_text]<\/p>\n<h4><em><span style=\"font-size: 18pt;\">Nuestros 28 a\u00f1os<\/span><\/em><\/h4>\n<p>Compartimos nuestros avances, logros y desaf\u00edos en nuestro caminar por el derecho y la justicia para toda persona. <em>Video institucional producido el 2024<\/em>.<\/p>\n<p style=\"text-align: center;\"><iframe loading=\"lazy\" title=\"YouTube video player\" src=\"https:\/\/www.youtube.com\/embed\/BGL4coDi748?si=l5UByEIz0qwdpJ0T&amp;controls=0\" width=\"560\" height=\"315\" frameborder=\"0\" allowfullscreen=\"allowfullscreen\"><\/iframe><\/p>\n<p>[\/vc_column_text][\/vc_column][vc_column][vc_column_text]<\/p>\n<h2>Informe Anual 2022<\/h2>\n<p>Informe de nuestras acciones en respuesta a las diferentes problem\u00e1ticas en las cuales estamos comprometidos.[\/vc_column_text][vc_btn title=&#8221;Descargar Informe 2022&#8243; style=&#8221;flat&#8221; shape=&#8221;round&#8221; color=&#8221;green&#8221; size=&#8221;lg&#8221; align=&#8221;center&#8221; i_icon_fontawesome=&#8221;fa fa-cloud-download&#8221; add_icon=&#8221;true&#8221; link=&#8221;url:https%3A%2F%2Fpazyesperanza-my.sharepoint.com%2F%3Ab%3A%2Fg%2Fpersonal%2Fpublicaciones1_pazyesperanza_org%2FERdYJNadCIlOmF4hdimS40MBsQUsjL-htvvWwVMPrNYs0g||target:%20_blank|&#8221;][vc_column_text]<\/p>\n<h2>Informe Anual 2021<\/h2>\n<p>Informe program\u00e1tico de las diversas acciones realizadas por nuestra organizaci\u00f3n en respuesta a las diferentes problem\u00e1ticas en las cuales estamos comprometidos.[\/vc_column_text][vc_btn title=&#8221;Descargar Informe 2021&#8243; style=&#8221;flat&#8221; shape=&#8221;round&#8221; color=&#8221;green&#8221; size=&#8221;lg&#8221; align=&#8221;center&#8221; i_icon_fontawesome=&#8221;fa fa-cloud-download&#8221; add_icon=&#8221;true&#8221; link=&#8221;url:https%3A%2F%2Fpazyesperanza-my.sharepoint.com%2F%3Ab%3A%2Fg%2Fpersonal%2Fpublicaciones1_pazyesperanza_org%2FEVtkvSl51K9FkcKV0vCInwIBpgooaq3Tjx9cuLZDnYWJjQ%3Fe%3DYViUHY||target:%20_blank|&#8221;][vc_column_text]<\/p>\n<h2>Informe Anual 2020<\/h2>\n<p>Informe de acciones y logros obtenidos a trav\u00e9s de la diversidad de problem\u00e1ticas abordadas por los equipos regionales de Paz y Esperanza.[\/vc_column_text][vc_btn title=&#8221;Descargar Informe 2020&#8243; style=&#8221;flat&#8221; shape=&#8221;round&#8221; color=&#8221;green&#8221; size=&#8221;lg&#8221; align=&#8221;center&#8221; i_icon_fontawesome=&#8221;fa fa-cloud-download&#8221; add_icon=&#8221;true&#8221; link=&#8221;url:https%3A%2F%2Fpazyesperanza-my.sharepoint.com%2F%3Ab%3A%2Fg%2Fpersonal%2Fpublicaciones1_pazyesperanza_org%2FERgzKyVNHaVDvTYAbKSEuqEBNrIZB7tj4umEhMp9MZBScw%3Fe%3DgWF9SX||target:%20_blank|&#8221;][vc_column_text]<\/p>\n<h2>Informe Anual 2019<\/h2>\n<p>Informe Institucional de Paz y Esperanza Per\u00fa, acciones realizadas y logros obtenidos en los diversos programas de trabajo nacional y regional.[\/vc_column_text][vc_btn title=&#8221;Descarga el Informe de 2019&#8243; style=&#8221;flat&#8221; shape=&#8221;round&#8221; color=&#8221;green&#8221; size=&#8221;lg&#8221; align=&#8221;center&#8221; i_icon_fontawesome=&#8221;fa fa-cloud-download&#8221; add_icon=&#8221;true&#8221; link=&#8221;url:https%3A%2F%2Fpazyesperanza-my.sharepoint.com%2F%3Ab%3A%2Fg%2Fpersonal%2Fpublicaciones1_pazyesperanza_org%2FEYiwUuHh6LZMsn7vS-pjnx8BrU-LGWpXHFaGeWuweCbm6g%3Fe%3Da9aoyW||target:%20_blank|&#8221;][vc_column_text]<\/p>\n<h2>Informe Anual 2018<\/h2>\n<p>Informe Institucional de Paz y Esperanza Per\u00fa, acciones realizadas y logros obtenidos a trav\u00e9s de la diversidad de problem\u00e1ticas abordadas por sus equipos regionales.[\/vc_column_text][vc_btn title=&#8221;Descarga el Informe de 2018&#8243; style=&#8221;flat&#8221; shape=&#8221;round&#8221; color=&#8221;green&#8221; size=&#8221;lg&#8221; align=&#8221;center&#8221; i_icon_fontawesome=&#8221;fa fa-cloud-download&#8221; add_icon=&#8221;true&#8221; link=&#8221;url:https%3A%2F%2Fpazyesperanza-my.sharepoint.com%2F%3Ab%3A%2Fg%2Fpersonal%2Fpublicaciones1_pazyesperanza_org%2FEaJBUlVN6CdPjHwysp8uHL4Ba_QmUeW2Ytogb6zivq_hqQ%3Fe%3DivYBll||target:%20_blank|&#8221;][vc_column_text]<\/p>\n<h2>Informe Anual 2017<\/h2>\n<p>Informe de las acciones realizadas y logros obtenidos a trav\u00e9s de la diversidad de problem\u00e1ticas abordadas por los equipos regionales de Paz y Esperanza.[\/vc_column_text][vc_btn title=&#8221;Descarga el Informe de 2017&#8243; style=&#8221;flat&#8221; shape=&#8221;round&#8221; color=&#8221;green&#8221; size=&#8221;lg&#8221; align=&#8221;center&#8221; i_icon_fontawesome=&#8221;fa fa-cloud-download&#8221; add_icon=&#8221;true&#8221; link=&#8221;url:http%3A%2F%2Fwww.pazyesperanza.org%2Fpe%2Fwp-content%2Fuploads%2Fsites%2F3%2F2019%2F01%2Finforme-anual-2017-esp.pdf|||&#8221;][\/vc_column][vc_column][vc_column_text]<\/p>\n<h2>Informe Anual 2016<\/h2>\n<p>&#8220;El presente documento da cuenta de las transformaciones de comportamientos, de imaginarios, de situaciones de injusticia, que conllevan a mejorar la calidad de vida de cientos de nin\u0303os, nin\u0303as, adolescentes, campesinos, mujeres, pueblos indi\u0301genas y personas con discapacidad.&#8221;<br \/>\n-Roger Mendoza, Director Ejecutivo[\/vc_column_text][vc_btn title=&#8221;Descarga el Informe de 2016&#8243; style=&#8221;flat&#8221; shape=&#8221;round&#8221; color=&#8221;green&#8221; size=&#8221;lg&#8221; align=&#8221;center&#8221; i_icon_fontawesome=&#8221;fa fa-cloud-download&#8221; add_icon=&#8221;true&#8221; link=&#8221;url:http%3A%2F%2Fwww.pazyesperanza.org%2Fpe%2Fwp-content%2Fuploads%2Fsites%2F3%2F2017%2F07%2FInforme-2016-Paz-y-Esperanza-Peru.pdf||target:%20_blank|&#8221;][\/vc_column][\/vc_row]<\/p>\n","protected":false},"excerpt":{"rendered":"[vc_row][vc_column][vc_column_text] Informe Anual 2024 Informe de nuestros avances logrados en el a\u00f1o 2024, gracias al trabajo del equipo humano profesional que acompa\u00f1a y empodera a socios(as) en diferentes regiones y, aliados estrat\u00e9gicos de la cooperaci\u00f3n y sociedad civil.[\/vc_column_text][vc_btn title=&#8221;Descargar Informe 2024&#8243; style=&#8221;flat&#8221; shape=&#8221;round&#8221; color=&#8221;green&#8221; size=&#8221;lg&#8221; align=&#8221;center&#8221; i_icon_fontawesome=&#8221;fa fa-cloud-download&#8221; add_icon=&#8221;true&#8221; link=&#8221;url:https%3A%2F%2Fpazyesperanza.sharepoint.com%2F%3Ab%3A%2Fs%2Fpazyesperanza-peru%2FEZwMOMrm3HJIs1Avtf-1oP4BPmEX683hk1pUE3JCLpS2rA%20||target:%20_blank|&#8221;][\/vc_column][vc_column][vc_column_text] Informe Anual 2023 Informe de nuestros avances hacia la concreci\u00f3n de nuestra visi\u00f3n y misi\u00f3n con un equipo humano que sigue empoder\u00e1ndose, socios(as) con los que participamos activamente en los procesos de transformaci\u00f3n y, aliados estrat\u00e9gicos de la cooperaci\u00f3n y sociedad civil.[\/vc_column_text][vc_btn title=&#8221;Descargar Informe 2023&#8243; style=&#8221;flat&#8221; shape=&#8221;round&#8221; color=&#8221;green&#8221; size=&#8221;lg&#8221; align=&#8221;center&#8221; i_icon_fontawesome=&#8221;fa fa-cloud-download&#8221; add_icon=&#8221;true&#8221; link=&#8221;url:https%3A%2F%2Fpazyesperanza-my.sharepoint.com%2Fpersonal%2Fpublicaciones1_pazyesperanza_org%2F_layouts%2F15%2Fonedrive.aspx%3Fid%3D%252Fpersonal%252Fpublicaciones1_pazyesperanza_org%252FDocuments%252FInformes%2520y%2520Politicas%2520PAZ%2520Pe%252FINFORME%25202023%2520PAZ%2520Y%2520ESPERANZA%252Epdf%26parent%3D%252Fpersonal%252Fpublicaciones1_pazyesperanza_org%252FDocuments%252FInformes%2520y%2520Politicas%2520PAZ%2520Pe%26ga%3D1||target:%20_blank|&#8221;][vc_column_text] Nuestros 28 a\u00f1os Compartimos nuestros avances, logros y desaf\u00edos en nuestro caminar por el derecho y la justicia para toda persona. Video institucional producido el 2024. [\/vc_column_text][\/vc_column][vc_column][vc_column_text] Informe Anual 2022 Informe de nuestras acciones en respuesta a las diferentes problem\u00e1ticas en las cuales estamos comprometidos.[\/vc_column_text][vc_btn title=&#8221;Descargar Informe 2022&#8243; style=&#8221;flat&#8221; shape=&#8221;round&#8221; color=&#8221;green&#8221; size=&#8221;lg&#8221; align=&#8221;center&#8221; i_icon_fontawesome=&#8221;fa fa-cloud-download&#8221; add_icon=&#8221;true&#8221; link=&#8221;url:https%3A%2F%2Fpazyesperanza-my.sharepoint.com%2F%3Ab%3A%2Fg%2Fpersonal%2Fpublicaciones1_pazyesperanza_org%2FERdYJNadCIlOmF4hdimS40MBsQUsjL-htvvWwVMPrNYs0g||target:%20_blank|&#8221;][vc_column_text] Informe Anual 2021 Informe program\u00e1tico de las diversas acciones realizadas por nuestra organizaci\u00f3n en respuesta a las diferentes problem\u00e1ticas en las cuales estamos comprometidos.[\/vc_column_text][vc_btn title=&#8221;Descargar Informe 2021&#8243; style=&#8221;flat&#8221; shape=&#8221;round&#8221; color=&#8221;green&#8221; size=&#8221;lg&#8221; align=&#8221;center&#8221; i_icon_fontawesome=&#8221;fa fa-cloud-download&#8221; add_icon=&#8221;true&#8221; link=&#8221;url:https%3A%2F%2Fpazyesperanza-my.sharepoint.com%2F%3Ab%3A%2Fg%2Fpersonal%2Fpublicaciones1_pazyesperanza_org%2FEVtkvSl51K9FkcKV0vCInwIBpgooaq3Tjx9cuLZDnYWJjQ%3Fe%3DYViUHY||target:%20_blank|&#8221;][vc_column_text] Informe Anual 2020 Informe de acciones y logros obtenidos a trav\u00e9s de la diversidad de problem\u00e1ticas abordadas por los equipos regionales de Paz y Esperanza.[\/vc_column_text][vc_btn title=&#8221;Descargar Informe 2020&#8243; style=&#8221;flat&#8221; shape=&#8221;round&#8221; color=&#8221;green&#8221; size=&#8221;lg&#8221; align=&#8221;center&#8221; i_icon_fontawesome=&#8221;fa fa-cloud-download&#8221; add_icon=&#8221;true&#8221; link=&#8221;url:https%3A%2F%2Fpazyesperanza-my.sharepoint.com%2F%3Ab%3A%2Fg%2Fpersonal%2Fpublicaciones1_pazyesperanza_org%2FERgzKyVNHaVDvTYAbKSEuqEBNrIZB7tj4umEhMp9MZBScw%3Fe%3DgWF9SX||target:%20_blank|&#8221;][vc_column_text] Informe Anual 2019 Informe Institucional de Paz y Esperanza Per\u00fa, acciones realizadas y logros obtenidos en los diversos programas de trabajo nacional y regional.[\/vc_column_text][vc_btn title=&#8221;Descarga el Informe de 2019&#8243; style=&#8221;flat&#8221; shape=&#8221;round&#8221; color=&#8221;green&#8221; size=&#8221;lg&#8221; align=&#8221;center&#8221; i_icon_fontawesome=&#8221;fa fa-cloud-download&#8221; add_icon=&#8221;true&#8221; link=&#8221;url:https%3A%2F%2Fpazyesperanza-my.sharepoint.com%2F%3Ab%3A%2Fg%2Fpersonal%2Fpublicaciones1_pazyesperanza_org%2FEYiwUuHh6LZMsn7vS-pjnx8BrU-LGWpXHFaGeWuweCbm6g%3Fe%3Da9aoyW||target:%20_blank|&#8221;][vc_column_text] Informe Anual 2018 Informe Institucional de Paz y Esperanza Per\u00fa, acciones realizadas y logros obtenidos a trav\u00e9s de la diversidad de problem\u00e1ticas abordadas por sus equipos regionales.[\/vc_column_text][vc_btn title=&#8221;Descarga el Informe de 2018&#8243; style=&#8221;flat&#8221; shape=&#8221;round&#8221; color=&#8221;green&#8221; size=&#8221;lg&#8221; align=&#8221;center&#8221; i_icon_fontawesome=&#8221;fa fa-cloud-download&#8221; add_icon=&#8221;true&#8221; link=&#8221;url:https%3A%2F%2Fpazyesperanza-my.sharepoint.com%2F%3Ab%3A%2Fg%2Fpersonal%2Fpublicaciones1_pazyesperanza_org%2FEaJBUlVN6CdPjHwysp8uHL4Ba_QmUeW2Ytogb6zivq_hqQ%3Fe%3DivYBll||target:%20_blank|&#8221;][vc_column_text] Informe Anual 2017 Informe de las acciones realizadas y logros obtenidos a trav\u00e9s de la diversidad de problem\u00e1ticas abordadas por los equipos regionales de Paz y Esperanza.[\/vc_column_text][vc_btn title=&#8221;Descarga el Informe de 2017&#8243; style=&#8221;flat&#8221; shape=&#8221;round&#8221; color=&#8221;green&#8221; size=&#8221;lg&#8221; align=&#8221;center&#8221; i_icon_fontawesome=&#8221;fa fa-cloud-download&#8221; add_icon=&#8221;true&#8221; link=&#8221;url:http%3A%2F%2Fwww.pazyesperanza.org%2Fpe%2Fwp-content%2Fuploads%2Fsites%2F3%2F2019%2F01%2Finforme-anual-2017-esp.pdf|||&#8221;][\/vc_column][vc_column][vc_column_text] Informe Anual 2016 &#8220;El presente documento da cuenta de las transformaciones de comportamientos, de imaginarios, de situaciones de injusticia, que conllevan a mejorar la calidad de vida de cientos de nin\u0303os, nin\u0303as, adolescentes, campesinos, mujeres, pueblos indi\u0301genas y personas con discapacidad.&#8221; -Roger Mendoza, Director Ejecutivo[\/vc_column_text][vc_btn title=&#8221;Descarga el Informe de 2016&#8243; style=&#8221;flat&#8221; shape=&#8221;round&#8221; color=&#8221;green&#8221; size=&#8221;lg&#8221; align=&#8221;center&#8221; i_icon_fontawesome=&#8221;fa fa-cloud-download&#8221; add_icon=&#8221;true&#8221; link=&#8221;url:http%3A%2F%2Fwww.pazyesperanza.org%2Fpe%2Fwp-content%2Fuploads%2Fsites%2F3%2F2017%2F07%2FInforme-2016-Paz-y-Esperanza-Peru.pdf||target:%20_blank|&#8221;][\/vc_column][\/vc_row]","protected":false},"author":1,"featured_media":0,"parent":10,"menu_order":8,"comment_status":"closed","ping_status":"closed","template":"","meta":{"_monsterinsights_skip_tracking":false,"_monsterinsights_sitenote_active":false,"_monsterinsights_sitenote_note":"","_monsterinsights_sitenote_category":0,"footnotes":""},"class_list":["post-1802","page","type-page","status-publish","hentry"],"yoast_head":"<!-- This site is optimized with the Yoast SEO plugin v16.3 - https:\/\/yoast.com\/wordpress\/plugins\/seo\/ -->\n<title>Logros - Paz y Esperanza Peru<\/title>\n<meta name=\"robots\" content=\"index, follow, max-snippet:-1, max-image-preview:large, max-video-preview:-1\" \/>\n<link rel=\"canonical\" href=\"https:\/\/www.pazyesperanza.org\/pe\/como-trabajamos\/logros\/\" \/>\n<meta property=\"og:locale\" content=\"es_ES\" \/>\n<meta property=\"og:type\" content=\"article\" \/>\n<meta property=\"og:title\" content=\"Logros - Paz y Esperanza Peru\" \/>\n<meta property=\"og:description\" content=\"[vc_row][vc_column][vc_column_text] Informe Anual 2024 Informe de nuestros avances logrados en el a\u00f1o 2024, gracias al trabajo del equipo humano profesional que acompa\u00f1a y empodera a socios(as) en diferentes regiones y, aliados estrat\u00e9gicos de la cooperaci\u00f3n y sociedad civil.[\/vc_column_text][vc_btn title=&#8221;Descargar Informe 2024&#8243; style=&#8221;flat&#8221; shape=&#8221;round&#8221; color=&#8221;green&#8221; size=&#8221;lg&#8221; align=&#8221;center&#8221; i_icon_fontawesome=&#8221;fa fa-cloud-download&#8221; add_icon=&#8221;true&#8221; link=&#8221;url:https%3A%2F%2Fpazyesperanza.sharepoint.com%2F%3Ab%3A%2Fs%2Fpazyesperanza-peru%2FEZwMOMrm3HJIs1Avtf-1oP4BPmEX683hk1pUE3JCLpS2rA%20||target:%20_blank|&#8221;][\/vc_column][vc_column][vc_column_text] Informe Anual 2023 Informe de nuestros avances hacia la concreci\u00f3n de nuestra visi\u00f3n y misi\u00f3n con un equipo humano que sigue empoder\u00e1ndose, socios(as) con los que participamos activamente en los procesos de transformaci\u00f3n y, aliados estrat\u00e9gicos de la cooperaci\u00f3n y sociedad civil.[\/vc_column_text][vc_btn title=&#8221;Descargar Informe 2023&#8243; style=&#8221;flat&#8221; shape=&#8221;round&#8221; color=&#8221;green&#8221; size=&#8221;lg&#8221; align=&#8221;center&#8221; i_icon_fontawesome=&#8221;fa fa-cloud-download&#8221; add_icon=&#8221;true&#8221; link=&#8221;url:https%3A%2F%2Fpazyesperanza-my.sharepoint.com%2Fpersonal%2Fpublicaciones1_pazyesperanza_org%2F_layouts%2F15%2Fonedrive.aspx%3Fid%3D%252Fpersonal%252Fpublicaciones1_pazyesperanza_org%252FDocuments%252FInformes%2520y%2520Politicas%2520PAZ%2520Pe%252FINFORME%25202023%2520PAZ%2520Y%2520ESPERANZA%252Epdf%26parent%3D%252Fpersonal%252Fpublicaciones1_pazyesperanza_org%252FDocuments%252FInformes%2520y%2520Politicas%2520PAZ%2520Pe%26ga%3D1||target:%20_blank|&#8221;][vc_column_text] Nuestros 28 a\u00f1os Compartimos nuestros avances, logros y desaf\u00edos en nuestro caminar por el derecho y la justicia para toda persona. Video institucional producido el 2024. [\/vc_column_text][\/vc_column][vc_column][vc_column_text] Informe Anual 2022 Informe de nuestras acciones en respuesta a las diferentes problem\u00e1ticas en las cuales estamos comprometidos.[\/vc_column_text][vc_btn title=&#8221;Descargar Informe 2022&#8243; style=&#8221;flat&#8221; shape=&#8221;round&#8221; color=&#8221;green&#8221; size=&#8221;lg&#8221; align=&#8221;center&#8221; i_icon_fontawesome=&#8221;fa fa-cloud-download&#8221; add_icon=&#8221;true&#8221; link=&#8221;url:https%3A%2F%2Fpazyesperanza-my.sharepoint.com%2F%3Ab%3A%2Fg%2Fpersonal%2Fpublicaciones1_pazyesperanza_org%2FERdYJNadCIlOmF4hdimS40MBsQUsjL-htvvWwVMPrNYs0g||target:%20_blank|&#8221;][vc_column_text] Informe Anual 2021 Informe program\u00e1tico de las diversas acciones realizadas por nuestra organizaci\u00f3n en respuesta a las diferentes problem\u00e1ticas en las cuales estamos comprometidos.[\/vc_column_text][vc_btn title=&#8221;Descargar Informe 2021&#8243; style=&#8221;flat&#8221; shape=&#8221;round&#8221; color=&#8221;green&#8221; size=&#8221;lg&#8221; align=&#8221;center&#8221; i_icon_fontawesome=&#8221;fa fa-cloud-download&#8221; add_icon=&#8221;true&#8221; link=&#8221;url:https%3A%2F%2Fpazyesperanza-my.sharepoint.com%2F%3Ab%3A%2Fg%2Fpersonal%2Fpublicaciones1_pazyesperanza_org%2FEVtkvSl51K9FkcKV0vCInwIBpgooaq3Tjx9cuLZDnYWJjQ%3Fe%3DYViUHY||target:%20_blank|&#8221;][vc_column_text] Informe Anual 2020 Informe de acciones y logros obtenidos a trav\u00e9s de la diversidad de problem\u00e1ticas abordadas por los equipos regionales de Paz y Esperanza.[\/vc_column_text][vc_btn title=&#8221;Descargar Informe 2020&#8243; style=&#8221;flat&#8221; shape=&#8221;round&#8221; color=&#8221;green&#8221; size=&#8221;lg&#8221; align=&#8221;center&#8221; i_icon_fontawesome=&#8221;fa fa-cloud-download&#8221; add_icon=&#8221;true&#8221; link=&#8221;url:https%3A%2F%2Fpazyesperanza-my.sharepoint.com%2F%3Ab%3A%2Fg%2Fpersonal%2Fpublicaciones1_pazyesperanza_org%2FERgzKyVNHaVDvTYAbKSEuqEBNrIZB7tj4umEhMp9MZBScw%3Fe%3DgWF9SX||target:%20_blank|&#8221;][vc_column_text] Informe Anual 2019 Informe Institucional de Paz y Esperanza Per\u00fa, acciones realizadas y logros obtenidos en los diversos programas de trabajo nacional y regional.[\/vc_column_text][vc_btn title=&#8221;Descarga el Informe de 2019&#8243; style=&#8221;flat&#8221; shape=&#8221;round&#8221; color=&#8221;green&#8221; size=&#8221;lg&#8221; align=&#8221;center&#8221; i_icon_fontawesome=&#8221;fa fa-cloud-download&#8221; add_icon=&#8221;true&#8221; link=&#8221;url:https%3A%2F%2Fpazyesperanza-my.sharepoint.com%2F%3Ab%3A%2Fg%2Fpersonal%2Fpublicaciones1_pazyesperanza_org%2FEYiwUuHh6LZMsn7vS-pjnx8BrU-LGWpXHFaGeWuweCbm6g%3Fe%3Da9aoyW||target:%20_blank|&#8221;][vc_column_text] Informe Anual 2018 Informe Institucional de Paz y Esperanza Per\u00fa, acciones realizadas y logros obtenidos a trav\u00e9s de la diversidad de problem\u00e1ticas abordadas por sus equipos regionales.[\/vc_column_text][vc_btn title=&#8221;Descarga el Informe de 2018&#8243; style=&#8221;flat&#8221; shape=&#8221;round&#8221; color=&#8221;green&#8221; size=&#8221;lg&#8221; align=&#8221;center&#8221; i_icon_fontawesome=&#8221;fa fa-cloud-download&#8221; add_icon=&#8221;true&#8221; link=&#8221;url:https%3A%2F%2Fpazyesperanza-my.sharepoint.com%2F%3Ab%3A%2Fg%2Fpersonal%2Fpublicaciones1_pazyesperanza_org%2FEaJBUlVN6CdPjHwysp8uHL4Ba_QmUeW2Ytogb6zivq_hqQ%3Fe%3DivYBll||target:%20_blank|&#8221;][vc_column_text] Informe Anual 2017 Informe de las acciones realizadas y logros obtenidos a trav\u00e9s de la diversidad de problem\u00e1ticas abordadas por los equipos regionales de Paz y Esperanza.[\/vc_column_text][vc_btn title=&#8221;Descarga el Informe de 2017&#8243; style=&#8221;flat&#8221; shape=&#8221;round&#8221; color=&#8221;green&#8221; size=&#8221;lg&#8221; align=&#8221;center&#8221; i_icon_fontawesome=&#8221;fa fa-cloud-download&#8221; add_icon=&#8221;true&#8221; link=&#8221;url:http%3A%2F%2Fwww.pazyesperanza.org%2Fpe%2Fwp-content%2Fuploads%2Fsites%2F3%2F2019%2F01%2Finforme-anual-2017-esp.pdf|||&#8221;][\/vc_column][vc_column][vc_column_text] Informe Anual 2016 &#8220;El presente documento da cuenta de las transformaciones de comportamientos, de imaginarios, de situaciones de injusticia, que conllevan a mejorar la calidad de vida de cientos de nin\u0303os, nin\u0303as, adolescentes, campesinos, mujeres, pueblos indi\u0301genas y personas con discapacidad.&#8221; -Roger Mendoza, Director Ejecutivo[\/vc_column_text][vc_btn title=&#8221;Descarga el Informe de 2016&#8243; style=&#8221;flat&#8221; shape=&#8221;round&#8221; color=&#8221;green&#8221; size=&#8221;lg&#8221; align=&#8221;center&#8221; i_icon_fontawesome=&#8221;fa fa-cloud-download&#8221; add_icon=&#8221;true&#8221; link=&#8221;url:http%3A%2F%2Fwww.pazyesperanza.org%2Fpe%2Fwp-content%2Fuploads%2Fsites%2F3%2F2017%2F07%2FInforme-2016-Paz-y-Esperanza-Peru.pdf||target:%20_blank|&#8221;][\/vc_column][\/vc_row]\" \/>\n<meta property=\"og:url\" content=\"https:\/\/www.pazyesperanza.org\/pe\/como-trabajamos\/logros\/\" \/>\n<meta property=\"og:site_name\" content=\"Paz y Esperanza Peru\" \/>\n<meta property=\"article:modified_time\" content=\"2025-05-14T17:31:22+00:00\" \/>\n<meta name=\"twitter:card\" content=\"summary_large_image\" \/>\n<meta name=\"twitter:label1\" content=\"Tiempo de lectura\">\n\t<meta name=\"twitter:data1\" content=\"2 minutos\">\n<script type=\"application\/ld+json\" class=\"yoast-schema-graph\">{\"@context\":\"https:\/\/schema.org\",\"@graph\":[{\"@type\":\"WebSite\",\"@id\":\"https:\/\/www.pazyesperanza.org\/pe\/#website\",\"url\":\"https:\/\/www.pazyesperanza.org\/pe\/\",\"name\":\"Paz y Esperanza Peru\",\"description\":\"Apasionados por la justicia\",\"potentialAction\":[{\"@type\":\"SearchAction\",\"target\":\"https:\/\/www.pazyesperanza.org\/pe\/?s={search_term_string}\",\"query-input\":\"required name=search_term_string\"}],\"inLanguage\":\"es\"},{\"@type\":\"WebPage\",\"@id\":\"https:\/\/www.pazyesperanza.org\/pe\/como-trabajamos\/logros\/#webpage\",\"url\":\"https:\/\/www.pazyesperanza.org\/pe\/como-trabajamos\/logros\/\",\"name\":\"Logros - Paz y Esperanza Peru\",\"isPartOf\":{\"@id\":\"https:\/\/www.pazyesperanza.org\/pe\/#website\"},\"datePublished\":\"2017-07-14T17:24:59+00:00\",\"dateModified\":\"2025-05-14T17:31:22+00:00\",\"breadcrumb\":{\"@id\":\"https:\/\/www.pazyesperanza.org\/pe\/como-trabajamos\/logros\/#breadcrumb\"},\"inLanguage\":\"es\",\"potentialAction\":[{\"@type\":\"ReadAction\",\"target\":[\"https:\/\/www.pazyesperanza.org\/pe\/como-trabajamos\/logros\/\"]}]},{\"@type\":\"BreadcrumbList\",\"@id\":\"https:\/\/www.pazyesperanza.org\/pe\/como-trabajamos\/logros\/#breadcrumb\",\"itemListElement\":[{\"@type\":\"ListItem\",\"position\":1,\"item\":{\"@type\":\"WebPage\",\"@id\":\"https:\/\/www.pazyesperanza.org\/pe\/\",\"url\":\"https:\/\/www.pazyesperanza.org\/pe\/\",\"name\":\"Portada\"}},{\"@type\":\"ListItem\",\"position\":2,\"item\":{\"@type\":\"WebPage\",\"@id\":\"https:\/\/www.pazyesperanza.org\/pe\/como-trabajamos\/\",\"url\":\"https:\/\/www.pazyesperanza.org\/pe\/como-trabajamos\/\",\"name\":\"C\\u00f3mo trabajamos\"}},{\"@type\":\"ListItem\",\"position\":3,\"item\":{\"@id\":\"https:\/\/www.pazyesperanza.org\/pe\/como-trabajamos\/logros\/#webpage\"}}]}]}<\/script>\n<!-- \/ Yoast SEO plugin. -->","_links":{"self":[{"href":"https:\/\/www.pazyesperanza.org\/pe\/wp-json\/wp\/v2\/pages\/1802","targetHints":{"allow":["GET"]}}],"collection":[{"href":"https:\/\/www.pazyesperanza.org\/pe\/wp-json\/wp\/v2\/pages"}],"about":[{"href":"https:\/\/www.pazyesperanza.org\/pe\/wp-json\/wp\/v2\/types\/page"}],"author":[{"embeddable":true,"href":"https:\/\/www.pazyesperanza.org\/pe\/wp-json\/wp\/v2\/users\/1"}],"replies":[{"embeddable":true,"href":"https:\/\/www.pazyesperanza.org\/pe\/wp-json\/wp\/v2\/comments?post=1802"}],"version-history":[{"count":25,"href":"https:\/\/www.pazyesperanza.org\/pe\/wp-json\/wp\/v2\/pages\/1802\/revisions"}],"predecessor-version":[{"id":2563,"href":"https:\/\/www.pazyesperanza.org\/pe\/wp-json\/wp\/v2\/pages\/1802\/revisions\/2563"}],"up":[{"embeddable":true,"href":"https:\/\/www.pazyesperanza.org\/pe\/wp-json\/wp\/v2\/pages\/10"}],"wp:attachment":[{"href":"https:\/\/www.pazyesperanza.org\/pe\/wp-json\/wp\/v2\/media?parent=1802"}],"curies":[{"name":"wp","href":"https:\/\/api.w.org\/{rel}","templated":true}]}}