{"id":1733,"date":"2017-07-03T21:24:50","date_gmt":"2017-07-03T21:24:50","guid":{"rendered":"http:\/\/nuevo.pazyesperanza.org\/pe\/?page_id=1733"},"modified":"2017-07-03T22:09:29","modified_gmt":"2017-07-03T22:09:29","slug":"campanas","status":"publish","type":"page","link":"https:\/\/www.pazyesperanza.org\/pe\/como-trabajamos\/campanas\/","title":{"rendered":"Campa\u00f1as"},"content":{"rendered":"<p>[vc_row][vc_column]<div class=\"causes-list\"><ul><style type=\"text\/css\" media=\"screen\">\n@media only screen and (max-width: 768px) {\n\t.campaign-loop.campaign-grid.masonry { -moz-column-count: 1; -webkit-column-count: 1; column-count: 1; }\n\t.campaign-loop.campaign-grid .campaign,.campaign-loop.campaign-grid .campaign.hentry { width: 100% !important; }\n}\n<\/style>\n\t\t<ul class=\"sort-destination causes-list cause-page-listing\" data-sort-id=\"gallery\"><li id=\"campaign-1959\" class=\"causes-list-item cause-item grid-item post-1959 campaign type-campaign status-publish has-post-thumbnail hentry campaign_category-campanas campaign-has-no-goal campaign-is-endless\">\r\n<div class=\"list-item-inner\">    <a href=\"https:\/\/www.pazyesperanza.org\/pe\/poblacion-objetivo\/solidaridad-con-mexico\/\" class=\"media-box\"> \r\n        <img decoding=\"async\" src=\"https:\/\/www.pazyesperanza.org\/pe\/wp-content\/uploads\/sites\/3\/2017\/10\/campana-mex-768x432-1-600x400.jpg\" class=\"attachment-borntogive-600x400 size-borntogive-600x400 wp-post-image\" alt=\"\" \/>\r\n            <\/a>\r\n    <div class=\"cause-item-container\"><div class=\"campaign-description-wrapper\">\r\n  <h3><a href=\"https:\/\/www.pazyesperanza.org\/pe\/poblacion-objetivo\/solidaridad-con-mexico\/\"> Solidaridad con M\u00e9xico<\/a><\/h3>\r\n  <div class=\"campaign-description\">\r\n      Ya suman m\u00e1s de 350 muertos tras terremoto de magnitud 7.1 en M\u00e9xico. Queremos apoyar a M\u00e9xico, sum\u00e1ndonos al apoyo y acompa\u00f1amiento a las familias y ni\u00f1ez afectadas por el terremoto del 19 de setiembre. Iglesias vienen moviliz\u00e1ndose en la zona, ellas trabajan mano en mano en los lugares m\u00e1s alejados.  <\/div>\r\n<\/div>\r\n<div class=\"campaign-donation-stats\">  \r\n    <span class=\"amount\">&#36;0.00<\/span> donados<\/div><div class=\"campaign-donation\">\n\t<a data-trigger-modal=\"charitable-donation-form-modal-loop\"\n\t\tdata-campaign-id=\"1959\"\n\t\tclass=\"button charitable-button donate-button button-primary\"\n\t\thref=\"https:\/\/www.pazyesperanza.org\/pe\/poblacion-objetivo\/solidaridad-con-mexico\/donate\/\"\n\t\taria-label=\"Haz una donaci\u00f3n para Solidaridad con M\u00e9xico\">\n\t\tDonar\t<\/a>\n<\/div>\n<\/div><\/div><\/li><li id=\"campaign-1732\" class=\"causes-list-item cause-item grid-item post-1732 campaign type-campaign status-publish has-post-thumbnail hentry campaign_category-campanas campaign-has-no-goal campaign-is-endless\">\r\n<div class=\"list-item-inner\">    <a href=\"https:\/\/www.pazyesperanza.org\/pe\/poblacion-objetivo\/puentes-de-amor\/\" class=\"media-box\"> \r\n        <img decoding=\"async\" src=\"https:\/\/www.pazyesperanza.org\/pe\/wp-content\/uploads\/sites\/3\/2017\/07\/campa\u00f1a-peru1-600x341.jpg\" class=\"attachment-borntogive-600x400 size-borntogive-600x400 wp-post-image\" alt=\"\" \/>\r\n            <\/a>\r\n    <div class=\"cause-item-container\"><div class=\"campaign-description-wrapper\">\r\n  <h3><a href=\"https:\/\/www.pazyesperanza.org\/pe\/poblacion-objetivo\/puentes-de-amor\/\"> Puentes de Amor<\/a><\/h3>\r\n  <div class=\"campaign-description\">\r\n      Paz y Esperanza, como parte de la red de solidaridad que lidera el Concilio Nacional Evang\u00e9lico del Per\u00fa, impulsa esta campa\u00f1a de solidaridad con los afectados por las inundaciones en la costa norte de Per\u00fa, as\u00ed como en las localidades cercanas a la capital, Lima.  <\/div>\r\n<\/div>\r\n<div class=\"campaign-donation-stats\">  \r\n    <span class=\"amount\">&#36;0.00<\/span> donados<\/div><div class=\"campaign-donation\">\n\t<a data-trigger-modal=\"charitable-donation-form-modal-loop\"\n\t\tdata-campaign-id=\"1732\"\n\t\tclass=\"button charitable-button donate-button button-primary\"\n\t\thref=\"https:\/\/www.pazyesperanza.org\/pe\/poblacion-objetivo\/puentes-de-amor\/donate\/\"\n\t\taria-label=\"Haz una donaci\u00f3n para Puentes de Amor\">\n\t\tDonar\t<\/a>\n<\/div>\n<\/div><\/div><\/li><\/ul><\/ul><\/div>[\/vc_column][\/vc_row]<\/p>\n","protected":false},"excerpt":{"rendered":"[vc_row][vc_column][\/vc_column][\/vc_row]","protected":false},"author":1,"featured_media":0,"parent":10,"menu_order":18,"comment_status":"closed","ping_status":"closed","template":"","meta":{"_monsterinsights_skip_tracking":false,"_monsterinsights_sitenote_active":false,"_monsterinsights_sitenote_note":"","_monsterinsights_sitenote_category":0,"footnotes":""},"class_list":["post-1733","page","type-page","status-publish","hentry","campaign-has-no-goal","campaign-is-endless"],"yoast_head":"<!-- This site is optimized with the Yoast SEO plugin v16.3 - https:\/\/yoast.com\/wordpress\/plugins\/seo\/ -->\n<title>Campa\u00f1as - Paz y Esperanza Peru<\/title>\n<meta name=\"robots\" content=\"index, follow, max-snippet:-1, max-image-preview:large, max-video-preview:-1\" \/>\n<link rel=\"canonical\" href=\"https:\/\/www.pazyesperanza.org\/pe\/como-trabajamos\/campanas\/\" \/>\n<meta property=\"og:locale\" content=\"es_ES\" \/>\n<meta property=\"og:type\" content=\"article\" \/>\n<meta property=\"og:title\" content=\"Campa\u00f1as - Paz y Esperanza Peru\" \/>\n<meta property=\"og:description\" content=\"[vc_row][vc_column][\/vc_column][\/vc_row]\" \/>\n<meta property=\"og:url\" content=\"https:\/\/www.pazyesperanza.org\/pe\/como-trabajamos\/campanas\/\" \/>\n<meta property=\"og:site_name\" content=\"Paz y Esperanza Peru\" \/>\n<meta property=\"article:modified_time\" content=\"2017-07-03T22:09:29+00:00\" \/>\n<meta name=\"twitter:card\" content=\"summary_large_image\" \/>\n<script type=\"application\/ld+json\" class=\"yoast-schema-graph\">{\"@context\":\"https:\/\/schema.org\",\"@graph\":[{\"@type\":\"WebSite\",\"@id\":\"https:\/\/www.pazyesperanza.org\/pe\/#website\",\"url\":\"https:\/\/www.pazyesperanza.org\/pe\/\",\"name\":\"Paz y Esperanza Peru\",\"description\":\"Apasionados por la justicia\",\"potentialAction\":[{\"@type\":\"SearchAction\",\"target\":\"https:\/\/www.pazyesperanza.org\/pe\/?s={search_term_string}\",\"query-input\":\"required name=search_term_string\"}],\"inLanguage\":\"es\"},{\"@type\":\"WebPage\",\"@id\":\"https:\/\/www.pazyesperanza.org\/pe\/como-trabajamos\/campanas\/#webpage\",\"url\":\"https:\/\/www.pazyesperanza.org\/pe\/como-trabajamos\/campanas\/\",\"name\":\"Campa\\u00f1as - Paz y Esperanza Peru\",\"isPartOf\":{\"@id\":\"https:\/\/www.pazyesperanza.org\/pe\/#website\"},\"datePublished\":\"2017-07-03T21:24:50+00:00\",\"dateModified\":\"2017-07-03T22:09:29+00:00\",\"breadcrumb\":{\"@id\":\"https:\/\/www.pazyesperanza.org\/pe\/como-trabajamos\/campanas\/#breadcrumb\"},\"inLanguage\":\"es\",\"potentialAction\":[{\"@type\":\"ReadAction\",\"target\":[\"https:\/\/www.pazyesperanza.org\/pe\/como-trabajamos\/campanas\/\"]}]},{\"@type\":\"BreadcrumbList\",\"@id\":\"https:\/\/www.pazyesperanza.org\/pe\/como-trabajamos\/campanas\/#breadcrumb\",\"itemListElement\":[{\"@type\":\"ListItem\",\"position\":1,\"item\":{\"@type\":\"WebPage\",\"@id\":\"https:\/\/www.pazyesperanza.org\/pe\/\",\"url\":\"https:\/\/www.pazyesperanza.org\/pe\/\",\"name\":\"Portada\"}},{\"@type\":\"ListItem\",\"position\":2,\"item\":{\"@type\":\"WebPage\",\"@id\":\"https:\/\/www.pazyesperanza.org\/pe\/como-trabajamos\/\",\"url\":\"https:\/\/www.pazyesperanza.org\/pe\/como-trabajamos\/\",\"name\":\"C\\u00f3mo trabajamos\"}},{\"@type\":\"ListItem\",\"position\":3,\"item\":{\"@id\":\"https:\/\/www.pazyesperanza.org\/pe\/como-trabajamos\/campanas\/#webpage\"}}]}]}<\/script>\n<!-- \/ Yoast SEO plugin. -->","_links":{"self":[{"href":"https:\/\/www.pazyesperanza.org\/pe\/wp-json\/wp\/v2\/pages\/1733","targetHints":{"allow":["GET"]}}],"collection":[{"href":"https:\/\/www.pazyesperanza.org\/pe\/wp-json\/wp\/v2\/pages"}],"about":[{"href":"https:\/\/www.pazyesperanza.org\/pe\/wp-json\/wp\/v2\/types\/page"}],"author":[{"embeddable":true,"href":"https:\/\/www.pazyesperanza.org\/pe\/wp-json\/wp\/v2\/users\/1"}],"replies":[{"embeddable":true,"href":"https:\/\/www.pazyesperanza.org\/pe\/wp-json\/wp\/v2\/comments?post=1733"}],"version-history":[{"count":5,"href":"https:\/\/www.pazyesperanza.org\/pe\/wp-json\/wp\/v2\/pages\/1733\/revisions"}],"predecessor-version":[{"id":1739,"href":"https:\/\/www.pazyesperanza.org\/pe\/wp-json\/wp\/v2\/pages\/1733\/revisions\/1739"}],"up":[{"embeddable":true,"href":"https:\/\/www.pazyesperanza.org\/pe\/wp-json\/wp\/v2\/pages\/10"}],"wp:attachment":[{"href":"https:\/\/www.pazyesperanza.org\/pe\/wp-json\/wp\/v2\/media?parent=1733"}],"curies":[{"name":"wp","href":"https:\/\/api.w.org\/{rel}","templated":true}]}}