{"id":16,"date":"2016-10-24T14:55:43","date_gmt":"2016-10-24T14:55:43","guid":{"rendered":"http:\/\/nuevo.pazyesperanza.org\/usa\/?page_id=16"},"modified":"2024-04-24T20:18:03","modified_gmt":"2024-04-24T20:18:03","slug":"conocenos","status":"publish","type":"page","link":"https:\/\/www.pazyesperanza.org\/pe\/conocenos\/","title":{"rendered":"Con\u00f3cenos"},"content":{"rendered":"<p>[vc_row el_id=&#8221;quienes-somos &#8220;][vc_column][vc_column_text]Somos una organizaci\u00f3n de derechos humanos, inspirada en principios y valores cristianos, nacida en el Per\u00fa (1996) que se ha convertido ahora en una confraternidad de organizaciones independientes en Per\u00fa, Bolivia, Ecuador, Colombia y Chile con organizaciones hermanas en los Estados Unidos de Am\u00e9rica y Reino Unido.<\/p>\n<p>Nos une una misma misi\u00f3n, principios, valores y compromiso por hacer posible que las personas, familias y comunidades vivan dignamente, que obtengan justicia y sean actores de su propio desarrollo.<\/p>\n<h3>Nuestra Misi\u00f3n<\/h3>\n<p><span data-contrast=\"auto\">Paz y Esperanza es una organizaci\u00f3n de derechos humanos<\/span> <span data-contrast=\"auto\">que desde el a\u00f1o 1996 trabaja junto a personas, grupos y pueblos en situaci\u00f3n de exclusi\u00f3n social y pobreza en el Per\u00fa, para que sean libres de distintas formas de violencia e injusticia social.<\/span><span data-ccp-props=\"{&quot;201341983&quot;:2,&quot;335551550&quot;:6,&quot;335551620&quot;:6,&quot;335559738&quot;:120,&quot;335559739&quot;:0,&quot;335559740&quot;:22}\">\u00a0<\/span><\/p>\n<p><span data-contrast=\"auto\">Inspirada en principios cristianos, promueve la institucionalidad democr\u00e1tica, el ejercicio y exigencia de los derechos humanos de las poblaciones en mayor situaci\u00f3n de vulnerabilidad <\/span><span data-contrast=\"auto\">(mujeres, personas con discapacidad, migrantes e ind\u00edgenas)<\/span><span data-contrast=\"auto\">, de modo particular de los ni\u00f1os, ni\u00f1as y adolescentes, mediante el desarrollo de capacidades, participaci\u00f3n ciudadana, incidencia en pol\u00edticas p\u00fablicas y generaci\u00f3n de oportunidades en la Amazon\u00eda, Andes y Costa peruana.<\/span><span data-ccp-props=\"{&quot;201341983&quot;:2,&quot;335551550&quot;:6,&quot;335551620&quot;:6,&quot;335559738&quot;:120,&quot;335559739&quot;:0,&quot;335559740&quot;:22}\">\u00a0<\/span><\/p>\n<h3>Nuestra Visi\u00f3n<\/h3>\n<p>Paz y Esperanza transforma diversas formas de violencia e injusticia social, promoviendo el pleno ejercicio y exigencia de derechos<span data-contrast=\"auto\">, dignificando a miles de ni\u00f1os, ni\u00f1as y adolescentes, a personas con discapacidad, a mujeres y pueblos originarios; consolidando una cultura democr\u00e1tica que se exprese en una vida libre de violencia, en una educaci\u00f3n y salud de calidad e inclusiva que valore la cultura y saberes ancestrales, con accesibilidad a servicios p\u00fablicos que garantizan derechos y con una justicia ambiental que proteja territorios, recursos naturales y a los defensores\/as ambientales.<\/span><span data-ccp-props=\"{&quot;201341983&quot;:2,&quot;335551550&quot;:6,&quot;335551620&quot;:6,&quot;335559738&quot;:120,&quot;335559739&quot;:0,&quot;335559740&quot;:22}\">\u00a0<\/span><\/p>\n<p><span data-contrast=\"auto\">Para el a\u00f1o 2026 nos robustecemos en el campo de los derechos humanos, en especial por nuestra apuesta por el ejercicio pleno de derechos de las poblaciones en situaci\u00f3n de vulnerabilidad, de modo particular de los ni\u00f1os, ni\u00f1as y adolescentes en la Amazon\u00eda, Ande y Costa peruana.<\/span><span data-ccp-props=\"{&quot;201341983&quot;:2,&quot;335551550&quot;:6,&quot;335551620&quot;:6,&quot;335559738&quot;:120,&quot;335559739&quot;:0,&quot;335559740&quot;:22}\">\u00a0<\/span><\/p>\n<h3>Principios y Valores<\/h3>\n<p>Paz y Esperanza suscribe los principios doctrinales hist\u00f3ricos del cristianismo, tal como lo recoge la Red Miqueas, a la que estamos afiliados (<a href=\"http:\/\/www.micahnetwork.org\/sites\/default\/files\/doc\/page\/rm_nuestro_credo-sp.pdf\" target=\"_blank\" rel=\"noopener\"><u>v<\/u><u>er aqu\u00ed<\/u><\/a>).[\/vc_column_text][\/vc_column][\/vc_row][vc_row css=&#8221;.vc_custom_1500056052269{padding-top: 60px !important;padding-bottom: 60px !important;}&#8221; el_id=&#8221;principios&#8221;][vc_column][vc_custom_heading text=&#8221;Principios Operativos y Financieros&#8221;][vc_column_text]<\/p>\n<h3>PRINCIPIOS OPERATIVOS<\/h3>\n<ul>\n<li>Respeto a la vida en plenitud.<\/li>\n<li>No a la discriminaci\u00f3n.<\/li>\n<li>Respeto a las culturas.<\/li>\n<li>Rechazo de la violencia de cualquier tipo.<\/li>\n<li>Condena de los grupos terroristas y a la violencia indiscriminada de agentes del Estado.<\/li>\n<li>Independencia frente al Estado y a los partidos pol\u00edticos.<\/li>\n<li>Opci\u00f3n de una sociedad democr\u00e1tica como valor para la convivencia humana.<\/li>\n<li>Promoci\u00f3n y defensa de la mayordom\u00eda y el respeto a la creaci\u00f3n.<\/li>\n<\/ul>\n<p>&nbsp;<\/p>\n<h3>PRINCIPIOS FINANCIEROS<\/h3>\n<ul>\n<li>Reducir al m\u00ednimo los costos indirectos para asegurar que la mayor cantidad de fondos levantados sean en beneficio de las personas a quienes servimos.<\/li>\n<li>Transparencia de los recursos y rendici\u00f3n de cuentas.<\/li>\n<li>Evaluaciones y auditor\u00edas permanentes de los programas y proyectos realizados por los otros miembros de la fraternidad.<\/li>\n<li>Los fondos que se reciban de los gobiernos locales, nacionales y de las agencias multilaterales no comprometan nuestra visi\u00f3n, valores y principios.<\/li>\n<li>Generaci\u00f3n de recursos locales.<\/li>\n<\/ul>\n<p>[\/vc_column_text][\/vc_column][\/vc_row][vc_row full_width=&#8221;stretch_row&#8221; parallax=&#8221;content-moving&#8221; parallax_image=&#8221;1318&#8243; el_id=&#8221;valores&#8221; css=&#8221;.vc_custom_1500056079582{background-image: url(https:\/\/www.pazyesperanza.org\/\/wp-content\/uploads\/sites\/3\/2017\/03\/foto-albergue.jpg?id=1637) !important;background-position: center;background-repeat: no-repeat !important;background-size: cover !important;}&#8221;][vc_column width=&#8221;1\/2&#8243; css=&#8221;.vc_custom_1478209085538{padding-top: 60px !important;padding-bottom: 60px !important;}&#8221;][\/vc_column][vc_column width=&#8221;1\/2&#8243;][vc_column_text css=&#8221;.vc_custom_1713989864011{padding-top: 20px !important;padding-right: 20px !important;padding-bottom: 20px !important;padding-left: 20px !important;background-color: rgba(255,255,255,0.85) !important;*background-color: rgb(255,255,255) !important;}&#8221;]<\/p>\n<div class=\"vc_custom_heading text_align_left\">\n<h2 style=\"text-align: left; font-family: Abril Fatface; font-weight: 400; font-style: normal;\">Valores<\/h2>\n<\/div>\n<p>La Visi\u00f3n y Misi\u00f3n de Paz y Esperanza, as\u00ed como su trayectoria institucional, se sustenta en un conjunto de reglas de conducta. Estos valores resumen o sintetizan las l\u00edneas orientadoras de la acci\u00f3n e identidad de la organizaci\u00f3n:<\/p>\n<ul>\n<li><em>AMOR &#8211; <\/em>Servicio, solidaridad y compromiso especialmente con las personas y grupos en situaci\u00f3n de vulnerabilidad.<\/li>\n<li><em>JUSTICIA &#8211; <\/em>Defensa y promoci\u00f3n de la dignidad humana y el respeto del medio ambiente.<\/li>\n<li><em> INTEGRIDAD &#8211;<\/em> Vida y servicio \u00e9ticamente coherentes en los \u00e1mbitos privado y p\u00fablico.<\/li>\n<li><em>ESPERANZA &#8211;<\/em>Confianza en un futuro mejor y esfuerzo para que eso ocurra, reconociendo con humildad nuestra condici\u00f3n humana<\/li>\n<\/ul>\n<p>[\/vc_column_text][\/vc_column][\/vc_row][vc_row][vc_column][\/vc_column][\/vc_row][vc_row][vc_column][vc_column_text]<\/p>\n<p>[\/vc_column_text][\/vc_column][\/vc_row]<\/p>\n","protected":false},"excerpt":{"rendered":"[vc_row el_id=&#8221;quienes-somos &#8220;][vc_column][vc_column_text]Somos una organizaci\u00f3n de derechos humanos, inspirada en principios y valores cristianos, nacida en el Per\u00fa (1996) que se ha convertido ahora en una confraternidad de organizaciones independientes en Per\u00fa, Bolivia, Ecuador, Colombia y Chile con organizaciones hermanas en los Estados Unidos de Am\u00e9rica y Reino Unido. Nos une una misma misi\u00f3n, principios, valores y compromiso por hacer posible que las personas, familias y comunidades vivan dignamente, que obtengan justicia y sean actores de su propio desarrollo. Nuestra Misi\u00f3n Paz y Esperanza es una organizaci\u00f3n de derechos humanos que desde el a\u00f1o 1996 trabaja junto a personas, grupos y pueblos en situaci\u00f3n de exclusi\u00f3n social y pobreza en el Per\u00fa, para que sean libres de distintas formas de violencia e injusticia social.\u00a0 Inspirada en principios cristianos, promueve la institucionalidad democr\u00e1tica, el ejercicio y exigencia de los derechos humanos de las poblaciones en mayor situaci\u00f3n de vulnerabilidad (mujeres, personas con discapacidad, migrantes e ind\u00edgenas), de modo particular de los ni\u00f1os, ni\u00f1as y adolescentes, mediante el desarrollo de capacidades, participaci\u00f3n ciudadana, incidencia en pol\u00edticas p\u00fablicas y generaci\u00f3n de oportunidades en la Amazon\u00eda, Andes y Costa peruana.\u00a0 Nuestra Visi\u00f3n Paz y Esperanza transforma diversas formas de violencia e injusticia social, promoviendo el pleno ejercicio y exigencia de derechos, dignificando a miles de ni\u00f1os, ni\u00f1as y adolescentes, a personas con discapacidad, a mujeres y pueblos originarios; consolidando una cultura democr\u00e1tica que se exprese en una vida libre de violencia, en una educaci\u00f3n y salud de calidad e inclusiva que valore la cultura y saberes ancestrales, con accesibilidad a servicios p\u00fablicos que garantizan derechos y con una justicia ambiental que proteja territorios, recursos naturales y a los defensores\/as ambientales.\u00a0 Para el a\u00f1o 2026 nos robustecemos en el campo de los derechos humanos, en especial por nuestra apuesta por el ejercicio pleno de derechos de las poblaciones en situaci\u00f3n de vulnerabilidad, de modo particular de los ni\u00f1os, ni\u00f1as y adolescentes en la Amazon\u00eda, Ande y Costa peruana.\u00a0 Principios y Valores Paz y Esperanza suscribe los principios doctrinales hist\u00f3ricos del cristianismo, tal como lo recoge la Red Miqueas, a la que estamos afiliados (ver aqu\u00ed).[\/vc_column_text][\/vc_column][\/vc_row][vc_row css=&#8221;.vc_custom_1500056052269{padding-top: 60px !important;padding-bottom: 60px !important;}&#8221; el_id=&#8221;principios&#8221;][vc_column][vc_custom_heading text=&#8221;Principios Operativos y Financieros&#8221;][vc_column_text] PRINCIPIOS OPERATIVOS Respeto a la vida en plenitud. No a la discriminaci\u00f3n. Respeto a las culturas. Rechazo de la violencia de cualquier tipo. Condena de los grupos terroristas y a la violencia indiscriminada de agentes del Estado. Independencia frente al Estado y a los partidos pol\u00edticos. Opci\u00f3n de una sociedad democr\u00e1tica como valor para la convivencia humana. Promoci\u00f3n y defensa de la mayordom\u00eda y el respeto a la creaci\u00f3n. &nbsp; PRINCIPIOS FINANCIEROS Reducir al m\u00ednimo los costos indirectos para asegurar que la mayor cantidad de fondos levantados sean en beneficio de las personas a quienes servimos. Transparencia de los recursos y rendici\u00f3n de cuentas. Evaluaciones y auditor\u00edas permanentes de los programas y proyectos realizados por los otros miembros de la fraternidad. Los fondos que se reciban de los gobiernos locales, nacionales y de las agencias multilaterales no comprometan nuestra visi\u00f3n, valores y principios. Generaci\u00f3n de recursos locales. [\/vc_column_text][\/vc_column][\/vc_row][vc_row full_width=&#8221;stretch_row&#8221; parallax=&#8221;content-moving&#8221; parallax_image=&#8221;1318&#8243; el_id=&#8221;valores&#8221; css=&#8221;.vc_custom_1500056079582{background-image: url(https:\/\/www.pazyesperanza.org\/\/wp-content\/uploads\/sites\/3\/2017\/03\/foto-albergue.jpg?id=1637) !important;background-position: center;background-repeat: no-repeat !important;background-size: cover !important;}&#8221;][vc_column [&hellip;]","protected":false},"author":1,"featured_media":0,"parent":0,"menu_order":7,"comment_status":"closed","ping_status":"closed","template":"","meta":{"_monsterinsights_skip_tracking":false,"_monsterinsights_sitenote_active":false,"_monsterinsights_sitenote_note":"","_monsterinsights_sitenote_category":0,"footnotes":""},"class_list":["post-16","page","type-page","status-publish","hentry"],"yoast_head":"<!-- This site is optimized with the Yoast SEO plugin v16.3 - https:\/\/yoast.com\/wordpress\/plugins\/seo\/ -->\n<title>Con\u00f3cenos - Paz y Esperanza Peru<\/title>\n<meta name=\"robots\" content=\"index, follow, max-snippet:-1, max-image-preview:large, max-video-preview:-1\" \/>\n<link rel=\"canonical\" href=\"https:\/\/www.pazyesperanza.org\/pe\/conocenos\/\" \/>\n<meta property=\"og:locale\" content=\"es_ES\" \/>\n<meta property=\"og:type\" content=\"article\" \/>\n<meta property=\"og:title\" content=\"Con\u00f3cenos - Paz y Esperanza Peru\" \/>\n<meta property=\"og:description\" content=\"[vc_row el_id=&#8221;quienes-somos &#8220;][vc_column][vc_column_text]Somos una organizaci\u00f3n de derechos humanos, inspirada en principios y valores cristianos, nacida en el Per\u00fa (1996) que se ha convertido ahora en una confraternidad de organizaciones independientes en Per\u00fa, Bolivia, Ecuador, Colombia y Chile con organizaciones hermanas en los Estados Unidos de Am\u00e9rica y Reino Unido. Nos une una misma misi\u00f3n, principios, valores y compromiso por hacer posible que las personas, familias y comunidades vivan dignamente, que obtengan justicia y sean actores de su propio desarrollo. Nuestra Misi\u00f3n Paz y Esperanza es una organizaci\u00f3n de derechos humanos que desde el a\u00f1o 1996 trabaja junto a personas, grupos y pueblos en situaci\u00f3n de exclusi\u00f3n social y pobreza en el Per\u00fa, para que sean libres de distintas formas de violencia e injusticia social.\u00a0 Inspirada en principios cristianos, promueve la institucionalidad democr\u00e1tica, el ejercicio y exigencia de los derechos humanos de las poblaciones en mayor situaci\u00f3n de vulnerabilidad (mujeres, personas con discapacidad, migrantes e ind\u00edgenas), de modo particular de los ni\u00f1os, ni\u00f1as y adolescentes, mediante el desarrollo de capacidades, participaci\u00f3n ciudadana, incidencia en pol\u00edticas p\u00fablicas y generaci\u00f3n de oportunidades en la Amazon\u00eda, Andes y Costa peruana.\u00a0 Nuestra Visi\u00f3n Paz y Esperanza transforma diversas formas de violencia e injusticia social, promoviendo el pleno ejercicio y exigencia de derechos, dignificando a miles de ni\u00f1os, ni\u00f1as y adolescentes, a personas con discapacidad, a mujeres y pueblos originarios; consolidando una cultura democr\u00e1tica que se exprese en una vida libre de violencia, en una educaci\u00f3n y salud de calidad e inclusiva que valore la cultura y saberes ancestrales, con accesibilidad a servicios p\u00fablicos que garantizan derechos y con una justicia ambiental que proteja territorios, recursos naturales y a los defensores\/as ambientales.\u00a0 Para el a\u00f1o 2026 nos robustecemos en el campo de los derechos humanos, en especial por nuestra apuesta por el ejercicio pleno de derechos de las poblaciones en situaci\u00f3n de vulnerabilidad, de modo particular de los ni\u00f1os, ni\u00f1as y adolescentes en la Amazon\u00eda, Ande y Costa peruana.\u00a0 Principios y Valores Paz y Esperanza suscribe los principios doctrinales hist\u00f3ricos del cristianismo, tal como lo recoge la Red Miqueas, a la que estamos afiliados (ver aqu\u00ed).[\/vc_column_text][\/vc_column][\/vc_row][vc_row css=&#8221;.vc_custom_1500056052269{padding-top: 60px !important;padding-bottom: 60px !important;}&#8221; el_id=&#8221;principios&#8221;][vc_column][vc_custom_heading text=&#8221;Principios Operativos y Financieros&#8221;][vc_column_text] PRINCIPIOS OPERATIVOS Respeto a la vida en plenitud. No a la discriminaci\u00f3n. Respeto a las culturas. Rechazo de la violencia de cualquier tipo. Condena de los grupos terroristas y a la violencia indiscriminada de agentes del Estado. Independencia frente al Estado y a los partidos pol\u00edticos. Opci\u00f3n de una sociedad democr\u00e1tica como valor para la convivencia humana. Promoci\u00f3n y defensa de la mayordom\u00eda y el respeto a la creaci\u00f3n. &nbsp; PRINCIPIOS FINANCIEROS Reducir al m\u00ednimo los costos indirectos para asegurar que la mayor cantidad de fondos levantados sean en beneficio de las personas a quienes servimos. Transparencia de los recursos y rendici\u00f3n de cuentas. Evaluaciones y auditor\u00edas permanentes de los programas y proyectos realizados por los otros miembros de la fraternidad. Los fondos que se reciban de los gobiernos locales, nacionales y de las agencias multilaterales no comprometan nuestra visi\u00f3n, valores y principios. Generaci\u00f3n de recursos locales. [\/vc_column_text][\/vc_column][\/vc_row][vc_row full_width=&#8221;stretch_row&#8221; parallax=&#8221;content-moving&#8221; parallax_image=&#8221;1318&#8243; el_id=&#8221;valores&#8221; css=&#8221;.vc_custom_1500056079582{background-image: url(https:\/\/www.pazyesperanza.org\/\/wp-content\/uploads\/sites\/3\/2017\/03\/foto-albergue.jpg?id=1637) !important;background-position: center;background-repeat: no-repeat !important;background-size: cover !important;}&#8221;][vc_column [&hellip;]\" \/>\n<meta property=\"og:url\" content=\"https:\/\/www.pazyesperanza.org\/pe\/conocenos\/\" \/>\n<meta property=\"og:site_name\" content=\"Paz y Esperanza Peru\" \/>\n<meta property=\"article:modified_time\" content=\"2024-04-24T20:18:03+00:00\" \/>\n<meta name=\"twitter:card\" content=\"summary_large_image\" \/>\n<meta name=\"twitter:label1\" content=\"Tiempo de lectura\">\n\t<meta name=\"twitter:data1\" content=\"3 minutos\">\n<script type=\"application\/ld+json\" class=\"yoast-schema-graph\">{\"@context\":\"https:\/\/schema.org\",\"@graph\":[{\"@type\":\"WebSite\",\"@id\":\"https:\/\/www.pazyesperanza.org\/pe\/#website\",\"url\":\"https:\/\/www.pazyesperanza.org\/pe\/\",\"name\":\"Paz y Esperanza Peru\",\"description\":\"Apasionados por la justicia\",\"potentialAction\":[{\"@type\":\"SearchAction\",\"target\":\"https:\/\/www.pazyesperanza.org\/pe\/?s={search_term_string}\",\"query-input\":\"required name=search_term_string\"}],\"inLanguage\":\"es\"},{\"@type\":\"WebPage\",\"@id\":\"https:\/\/www.pazyesperanza.org\/pe\/conocenos\/#webpage\",\"url\":\"https:\/\/www.pazyesperanza.org\/pe\/conocenos\/\",\"name\":\"Con\\u00f3cenos - Paz y Esperanza Peru\",\"isPartOf\":{\"@id\":\"https:\/\/www.pazyesperanza.org\/pe\/#website\"},\"datePublished\":\"2016-10-24T14:55:43+00:00\",\"dateModified\":\"2024-04-24T20:18:03+00:00\",\"breadcrumb\":{\"@id\":\"https:\/\/www.pazyesperanza.org\/pe\/conocenos\/#breadcrumb\"},\"inLanguage\":\"es\",\"potentialAction\":[{\"@type\":\"ReadAction\",\"target\":[\"https:\/\/www.pazyesperanza.org\/pe\/conocenos\/\"]}]},{\"@type\":\"BreadcrumbList\",\"@id\":\"https:\/\/www.pazyesperanza.org\/pe\/conocenos\/#breadcrumb\",\"itemListElement\":[{\"@type\":\"ListItem\",\"position\":1,\"item\":{\"@type\":\"WebPage\",\"@id\":\"https:\/\/www.pazyesperanza.org\/pe\/\",\"url\":\"https:\/\/www.pazyesperanza.org\/pe\/\",\"name\":\"Portada\"}},{\"@type\":\"ListItem\",\"position\":2,\"item\":{\"@id\":\"https:\/\/www.pazyesperanza.org\/pe\/conocenos\/#webpage\"}}]}]}<\/script>\n<!-- \/ Yoast SEO plugin. -->","_links":{"self":[{"href":"https:\/\/www.pazyesperanza.org\/pe\/wp-json\/wp\/v2\/pages\/16","targetHints":{"allow":["GET"]}}],"collection":[{"href":"https:\/\/www.pazyesperanza.org\/pe\/wp-json\/wp\/v2\/pages"}],"about":[{"href":"https:\/\/www.pazyesperanza.org\/pe\/wp-json\/wp\/v2\/types\/page"}],"author":[{"embeddable":true,"href":"https:\/\/www.pazyesperanza.org\/pe\/wp-json\/wp\/v2\/users\/1"}],"replies":[{"embeddable":true,"href":"https:\/\/www.pazyesperanza.org\/pe\/wp-json\/wp\/v2\/comments?post=16"}],"version-history":[{"count":28,"href":"https:\/\/www.pazyesperanza.org\/pe\/wp-json\/wp\/v2\/pages\/16\/revisions"}],"predecessor-version":[{"id":2512,"href":"https:\/\/www.pazyesperanza.org\/pe\/wp-json\/wp\/v2\/pages\/16\/revisions\/2512"}],"wp:attachment":[{"href":"https:\/\/www.pazyesperanza.org\/pe\/wp-json\/wp\/v2\/media?parent=16"}],"curies":[{"name":"wp","href":"https:\/\/api.w.org\/{rel}","templated":true}]}}