{"id":1291,"date":"2016-10-25T14:08:12","date_gmt":"2016-10-25T14:08:12","guid":{"rendered":"http:\/\/nuevo.pazyesperanza.org\/usa\/?page_id=1291"},"modified":"2023-04-24T23:09:45","modified_gmt":"2023-04-24T23:09:45","slug":"poblacion-objetivo","status":"publish","type":"page","link":"https:\/\/www.pazyesperanza.org\/pe\/como-trabajamos\/poblacion-objetivo\/","title":{"rendered":"Poblaci\u00f3n Objetivo"},"content":{"rendered":"<p>[vc_row][vc_column]<div class=\"causes-list\"><ul><style type=\"text\/css\" media=\"screen\">\n@media only screen and (max-width: 768px) {\n\t.campaign-loop.campaign-grid.masonry { -moz-column-count: 1; -webkit-column-count: 1; column-count: 1; }\n\t.campaign-loop.campaign-grid .campaign,.campaign-loop.campaign-grid .campaign.hentry { width: 100% !important; }\n}\n<\/style>\n\t\t<ul class=\"sort-destination causes-list cause-page-listing\" data-sort-id=\"gallery\"><li id=\"campaign-1299\" class=\"causes-list-item cause-item grid-item post-1299 campaign type-campaign status-publish has-post-thumbnail hentry campaign_category-poblacion-objetivo campaign-has-no-goal campaign-is-endless\">\r\n<div class=\"list-item-inner\">    <a href=\"https:\/\/www.pazyesperanza.org\/pe\/poblacion-objetivo\/nna\/\" class=\"media-box\"> \r\n        <img decoding=\"async\" src=\"https:\/\/www.pazyesperanza.org\/pe\/wp-content\/uploads\/sites\/3\/2017\/03\/foto-home4-1-600x400.jpg\" class=\"attachment-borntogive-600x400 size-borntogive-600x400 wp-post-image\" alt=\"\" \/>\r\n            <\/a>\r\n    <div class=\"cause-item-container\"><div class=\"campaign-description-wrapper\">\r\n  <h3><a href=\"https:\/\/www.pazyesperanza.org\/pe\/poblacion-objetivo\/nna\/\"> Ni\u00f1as, ni\u00f1os y adolescentes<\/a><\/h3>\r\n  <div class=\"campaign-description\">\r\n      En cuanto a la ni\u00f1ez y adolescencia, uno de los principales obst\u00e1culos para la vigencia de sus derechos y en particular de las ni\u00f1as y las adolescentes sigue siendo la violencia basada en g\u00e9nero.  <\/div>\r\n<\/div>\r\n<div class=\"campaign-donation-stats\">  \r\n    <span class=\"amount\">&#36;0.00<\/span> donados<\/div><div class=\"campaign-donation\">\n\t<a data-trigger-modal=\"charitable-donation-form-modal-loop\"\n\t\tdata-campaign-id=\"1299\"\n\t\tclass=\"button charitable-button donate-button button-primary\"\n\t\thref=\"https:\/\/www.pazyesperanza.org\/pe\/poblacion-objetivo\/nna\/donate\/\"\n\t\taria-label=\"Haz una donaci\u00f3n para Ni\u00f1as, ni\u00f1os y adolescentes\">\n\t\tDonar\t<\/a>\n<\/div>\n<\/div><\/div><\/li><li id=\"campaign-1301\" class=\"causes-list-item cause-item grid-item post-1301 campaign type-campaign status-publish has-post-thumbnail hentry campaign_category-poblacion-objetivo campaign-has-no-goal campaign-is-endless\">\r\n<div class=\"list-item-inner\">    <a href=\"https:\/\/www.pazyesperanza.org\/pe\/poblacion-objetivo\/discapacidad\/\" class=\"media-box\"> \r\n        <img decoding=\"async\" src=\"https:\/\/www.pazyesperanza.org\/pe\/wp-content\/uploads\/sites\/3\/2021\/05\/foto-1-600x400.jpg\" class=\"attachment-borntogive-600x400 size-borntogive-600x400 wp-post-image\" alt=\"\" \/>\r\n            <\/a>\r\n    <div class=\"cause-item-container\"><div class=\"campaign-description-wrapper\">\r\n  <h3><a href=\"https:\/\/www.pazyesperanza.org\/pe\/poblacion-objetivo\/discapacidad\/\"> Personas con discapacidad<\/a><\/h3>\r\n  <div class=\"campaign-description\">\r\n      El 10.3% del total de la poblaci\u00f3n nacional (cerca de 3 millones 209 mil 261 personas, de las cuales, 57% son mujeres y 43% varones), tiene alguna discapacidad y ve vulnerados sus derechos y libertades fundamentales  <\/div>\r\n<\/div>\r\n<div class=\"campaign-donation-stats\">  \r\n    <span class=\"amount\">&#36;0.00<\/span> donados<\/div><div class=\"campaign-donation\">\n\t<a data-trigger-modal=\"charitable-donation-form-modal-loop\"\n\t\tdata-campaign-id=\"1301\"\n\t\tclass=\"button charitable-button donate-button button-primary\"\n\t\thref=\"https:\/\/www.pazyesperanza.org\/pe\/poblacion-objetivo\/discapacidad\/donate\/\"\n\t\taria-label=\"Haz una donaci\u00f3n para Personas con discapacidad\">\n\t\tDonar\t<\/a>\n<\/div>\n<\/div><\/div><\/li><li id=\"campaign-1300\" class=\"causes-list-item cause-item grid-item post-1300 campaign type-campaign status-publish has-post-thumbnail hentry campaign_category-poblacion-objetivo campaign-has-no-goal campaign-is-endless\">\r\n<div class=\"list-item-inner\">    <a href=\"https:\/\/www.pazyesperanza.org\/pe\/poblacion-objetivo\/pueblos-indigenas\/\" class=\"media-box\"> \r\n        <img decoding=\"async\" src=\"https:\/\/www.pazyesperanza.org\/pe\/wp-content\/uploads\/sites\/3\/revslider\/revslider\/Aguarunas-600x400.jpg\" class=\"attachment-borntogive-600x400 size-borntogive-600x400 wp-post-image\" alt=\"\" srcset=\"https:\/\/www.pazyesperanza.org\/pe\/wp-content\/uploads\/sites\/3\/revslider\/revslider\/Aguarunas-600x400.jpg 600w, https:\/\/www.pazyesperanza.org\/pe\/wp-content\/uploads\/sites\/3\/revslider\/revslider\/Aguarunas-300x199.jpg 300w\" sizes=\"(max-width: 600px) 100vw, 600px\" \/>\r\n            <\/a>\r\n    <div class=\"cause-item-container\"><div class=\"campaign-description-wrapper\">\r\n  <h3><a href=\"https:\/\/www.pazyesperanza.org\/pe\/poblacion-objetivo\/pueblos-indigenas\/\"> Pueblos Ind\u00edgenas<\/a><\/h3>\r\n  <div class=\"campaign-description\">\r\n      El proceso de reconocimiento, demarcaci\u00f3n y titulaci\u00f3n de sus territorios se encuentra estancado por diversos procesos de mala administraci\u00f3n, corrupci\u00f3n y desinter\u00e9s del Estado. Existen cientos de comunidades invisibilizadas por el Estado en las pol\u00edticas p\u00fablicas locales y nacionales por este retraso  <\/div>\r\n<\/div>\r\n<div class=\"campaign-donation-stats\">  \r\n    <span class=\"amount\">&#36;0.00<\/span> donados<\/div><div class=\"campaign-donation\">\n\t<a data-trigger-modal=\"charitable-donation-form-modal-loop\"\n\t\tdata-campaign-id=\"1300\"\n\t\tclass=\"button charitable-button donate-button button-primary\"\n\t\thref=\"https:\/\/www.pazyesperanza.org\/pe\/poblacion-objetivo\/pueblos-indigenas\/donate\/\"\n\t\taria-label=\"Haz una donaci\u00f3n para Pueblos Ind\u00edgenas\">\n\t\tDonar\t<\/a>\n<\/div>\n<\/div><\/div><\/li><li id=\"campaign-1303\" class=\"causes-list-item cause-item grid-item post-1303 campaign type-campaign status-publish has-post-thumbnail hentry campaign_category-poblacion-objetivo campaign-has-no-goal campaign-is-endless\">\r\n<div class=\"list-item-inner\">    <a href=\"https:\/\/www.pazyesperanza.org\/pe\/poblacion-objetivo\/medio-ambiente\/\" class=\"media-box\"> \r\n        <img decoding=\"async\" src=\"https:\/\/www.pazyesperanza.org\/pe\/wp-content\/uploads\/sites\/3\/revslider\/revslider\/slide1-600x400.jpg\" class=\"attachment-borntogive-600x400 size-borntogive-600x400 wp-post-image\" alt=\"\" \/>\r\n            <\/a>\r\n    <div class=\"cause-item-container\"><div class=\"campaign-description-wrapper\">\r\n  <h3><a href=\"https:\/\/www.pazyesperanza.org\/pe\/poblacion-objetivo\/medio-ambiente\/\"> Cuidado del Medio Ambiente<\/a><\/h3>\r\n  <div class=\"campaign-description\">\r\n      Se ha contribuido al desarrollo de Buenas Pr\u00e1cticas de cuidado y protecci\u00f3n del medio ambiente, mediante la Gesti\u00f3n del Riesgo de Desastres, la mitigaci\u00f3n de los efectos del cambio clim\u00e1tico y el fortalecimiento de comportamientos de cuidado del medio ambiente, en las comunidades periurbanas y comunidades rurales amaz\u00f3nicas y andinas.  <\/div>\r\n<\/div>\r\n<div class=\"campaign-donation-stats\">  \r\n    <span class=\"amount\">&#36;0.00<\/span> donados<\/div><div class=\"campaign-donation\">\n\t<a data-trigger-modal=\"charitable-donation-form-modal-loop\"\n\t\tdata-campaign-id=\"1303\"\n\t\tclass=\"button charitable-button donate-button button-primary\"\n\t\thref=\"https:\/\/www.pazyesperanza.org\/pe\/poblacion-objetivo\/medio-ambiente\/donate\/\"\n\t\taria-label=\"Haz una donaci\u00f3n para Cuidado del Medio Ambiente\">\n\t\tDonar\t<\/a>\n<\/div>\n<\/div><\/div><\/li><\/ul><\/ul><\/div>[\/vc_column][\/vc_row]<\/p>\n","protected":false},"excerpt":{"rendered":"[vc_row][vc_column][\/vc_column][\/vc_row]","protected":false},"author":1,"featured_media":0,"parent":10,"menu_order":19,"comment_status":"closed","ping_status":"closed","template":"","meta":{"_monsterinsights_skip_tracking":false,"_monsterinsights_sitenote_active":false,"_monsterinsights_sitenote_note":"","_monsterinsights_sitenote_category":0,"footnotes":""},"class_list":["post-1291","page","type-page","status-publish","hentry","campaign-has-no-goal","campaign-is-endless"],"yoast_head":"<!-- This site is optimized with the Yoast SEO plugin v16.3 - https:\/\/yoast.com\/wordpress\/plugins\/seo\/ -->\n<title>Poblaci\u00f3n Objetivo - Paz y Esperanza Peru<\/title>\n<meta name=\"robots\" content=\"index, follow, max-snippet:-1, max-image-preview:large, max-video-preview:-1\" \/>\n<link rel=\"canonical\" href=\"https:\/\/www.pazyesperanza.org\/pe\/como-trabajamos\/poblacion-objetivo\/\" \/>\n<meta property=\"og:locale\" content=\"es_ES\" \/>\n<meta property=\"og:type\" content=\"article\" \/>\n<meta property=\"og:title\" content=\"Poblaci\u00f3n Objetivo - Paz y Esperanza Peru\" \/>\n<meta property=\"og:description\" content=\"[vc_row][vc_column][\/vc_column][\/vc_row]\" \/>\n<meta property=\"og:url\" content=\"https:\/\/www.pazyesperanza.org\/pe\/como-trabajamos\/poblacion-objetivo\/\" \/>\n<meta property=\"og:site_name\" content=\"Paz y Esperanza Peru\" \/>\n<meta property=\"article:modified_time\" content=\"2023-04-24T23:09:45+00:00\" \/>\n<meta name=\"twitter:card\" content=\"summary_large_image\" \/>\n<meta name=\"twitter:label1\" content=\"Tiempo de lectura\">\n\t<meta name=\"twitter:data1\" content=\"1 minuto\">\n<script type=\"application\/ld+json\" class=\"yoast-schema-graph\">{\"@context\":\"https:\/\/schema.org\",\"@graph\":[{\"@type\":\"WebSite\",\"@id\":\"https:\/\/www.pazyesperanza.org\/pe\/#website\",\"url\":\"https:\/\/www.pazyesperanza.org\/pe\/\",\"name\":\"Paz y Esperanza Peru\",\"description\":\"Apasionados por la justicia\",\"potentialAction\":[{\"@type\":\"SearchAction\",\"target\":\"https:\/\/www.pazyesperanza.org\/pe\/?s={search_term_string}\",\"query-input\":\"required name=search_term_string\"}],\"inLanguage\":\"es\"},{\"@type\":\"WebPage\",\"@id\":\"https:\/\/www.pazyesperanza.org\/pe\/como-trabajamos\/poblacion-objetivo\/#webpage\",\"url\":\"https:\/\/www.pazyesperanza.org\/pe\/como-trabajamos\/poblacion-objetivo\/\",\"name\":\"Poblaci\\u00f3n Objetivo - Paz y Esperanza Peru\",\"isPartOf\":{\"@id\":\"https:\/\/www.pazyesperanza.org\/pe\/#website\"},\"datePublished\":\"2016-10-25T14:08:12+00:00\",\"dateModified\":\"2023-04-24T23:09:45+00:00\",\"breadcrumb\":{\"@id\":\"https:\/\/www.pazyesperanza.org\/pe\/como-trabajamos\/poblacion-objetivo\/#breadcrumb\"},\"inLanguage\":\"es\",\"potentialAction\":[{\"@type\":\"ReadAction\",\"target\":[\"https:\/\/www.pazyesperanza.org\/pe\/como-trabajamos\/poblacion-objetivo\/\"]}]},{\"@type\":\"BreadcrumbList\",\"@id\":\"https:\/\/www.pazyesperanza.org\/pe\/como-trabajamos\/poblacion-objetivo\/#breadcrumb\",\"itemListElement\":[{\"@type\":\"ListItem\",\"position\":1,\"item\":{\"@type\":\"WebPage\",\"@id\":\"https:\/\/www.pazyesperanza.org\/pe\/\",\"url\":\"https:\/\/www.pazyesperanza.org\/pe\/\",\"name\":\"Portada\"}},{\"@type\":\"ListItem\",\"position\":2,\"item\":{\"@type\":\"WebPage\",\"@id\":\"https:\/\/www.pazyesperanza.org\/pe\/como-trabajamos\/\",\"url\":\"https:\/\/www.pazyesperanza.org\/pe\/como-trabajamos\/\",\"name\":\"C\\u00f3mo trabajamos\"}},{\"@type\":\"ListItem\",\"position\":3,\"item\":{\"@id\":\"https:\/\/www.pazyesperanza.org\/pe\/como-trabajamos\/poblacion-objetivo\/#webpage\"}}]}]}<\/script>\n<!-- \/ Yoast SEO plugin. -->","_links":{"self":[{"href":"https:\/\/www.pazyesperanza.org\/pe\/wp-json\/wp\/v2\/pages\/1291","targetHints":{"allow":["GET"]}}],"collection":[{"href":"https:\/\/www.pazyesperanza.org\/pe\/wp-json\/wp\/v2\/pages"}],"about":[{"href":"https:\/\/www.pazyesperanza.org\/pe\/wp-json\/wp\/v2\/types\/page"}],"author":[{"embeddable":true,"href":"https:\/\/www.pazyesperanza.org\/pe\/wp-json\/wp\/v2\/users\/1"}],"replies":[{"embeddable":true,"href":"https:\/\/www.pazyesperanza.org\/pe\/wp-json\/wp\/v2\/comments?post=1291"}],"version-history":[{"count":6,"href":"https:\/\/www.pazyesperanza.org\/pe\/wp-json\/wp\/v2\/pages\/1291\/revisions"}],"predecessor-version":[{"id":2466,"href":"https:\/\/www.pazyesperanza.org\/pe\/wp-json\/wp\/v2\/pages\/1291\/revisions\/2466"}],"up":[{"embeddable":true,"href":"https:\/\/www.pazyesperanza.org\/pe\/wp-json\/wp\/v2\/pages\/10"}],"wp:attachment":[{"href":"https:\/\/www.pazyesperanza.org\/pe\/wp-json\/wp\/v2\/media?parent=1291"}],"curies":[{"name":"wp","href":"https:\/\/api.w.org\/{rel}","templated":true}]}}