{"id":1136,"date":"2016-03-08T08:48:48","date_gmt":"2016-03-08T08:48:48","guid":{"rendered":"http:\/\/localhost\/btg\/?page_id=2"},"modified":"2026-03-27T15:44:50","modified_gmt":"2026-03-27T15:44:50","slug":"home-2","status":"publish","type":"page","link":"https:\/\/www.pazyesperanza.org\/pe\/","title":{"rendered":"Inicio"},"content":{"rendered":"<p>[vc_row css=&#8221;.vc_custom_1643033926230{margin-bottom: 0px !important;padding-bottom: 0px !important;}&#8221;][vc_column][vc_column_text][\/vc_column_text][\/vc_column][\/vc_row][vc_row full_width=&#8221;stretch_row_content_no_spaces&#8221;][vc_column width=&#8221;1\/3&#8243;]<a href=\"\/pe\/2017\/03\/30\/fidelia-gonzalez-mas-que-una-historia\/\"  class=\"featured-link\" style=\"background:#21c38c; color:#ffffff;\">\r\r\n        \t<span>Nuestra historia de<\/span>\r\r\n        \t<strong>Transformaci\u00f3n<\/strong><\/a>[\/vc_column][vc_column width=&#8221;1\/3&#8243;]<a href=\"\/pe\/como-trabajamos\/poblacion-objetivo\/\"  class=\"featured-link\" style=\"background:#13a457; color:#ffffff;\">\r\r\n        \t<span>Nuestros Programas<\/span>\r\r\n        \t<strong>Qu\u00e9 Hacemos<\/strong><\/a>[\/vc_column][vc_column width=&#8221;1\/3&#8243;]<a href=\"\/pe\/participar\/\"  class=\"featured-link\" style=\"background:#007233; color:#ffffff;\">\r\r\n        \t<span>Necesitamos tu apoyo<\/span>\r\r\n        \t<strong>C\u00f3mo Participar<\/strong><\/a>[\/vc_column][\/vc_row][vc_row full_width=&#8221;stretch_row&#8221; css=&#8221;.vc_custom_1477326815713{background-color: #ffffff !important;}&#8221;][vc_column][vc_empty_space][vc_row_inner][vc_column_inner width=&#8221;1\/3&#8243;][vc_column_text]<\/p>\n<h2>S\u00e9 parte del cambio<\/h2>\n<p>[\/vc_column_text][vc_btn title=&#8221;Dona ahora&#8221; style=&#8221;flat&#8221; shape=&#8221;square&#8221; color=&#8221;green&#8221; size=&#8221;lg&#8221; align=&#8221;center&#8221; button_block=&#8221;true&#8221; link=&#8221;url:%2Fpe%2Fdonar%2F|||&#8221;][\/vc_column_inner][vc_column_inner width=&#8221;2\/3&#8243;][vc_column_text]Somos una organizaci\u00f3n que desde el a\u00f1o 1996 trabaja junto a los pobres en el Per\u00fa, para que sean libres de distintas formas de violencia e injusticia.[\/vc_column_text][\/vc_column_inner][\/vc_row_inner][vc_empty_space][\/vc_column][\/vc_row][vc_row full_width=&#8221;stretch_row&#8221; css=&#8221;.vc_custom_1499114570399{background-color: #f7f7f7 !important;}&#8221; el_id=&#8221;z-index&#8221;][vc_column][vc_empty_space][vc_column_text]<\/p>\n<h2 class=\"block-title block-title-center\" style=\"text-align: center;\">Novedades de Paz<\/h2>\n<p>[\/vc_column_text][vc_row_inner][vc_column_inner width=&#8221;2\/3&#8243;]<div class=\"row\"><ul class=\"grid-holder isotope gallery-items\" data-sort-id=\"gallery\"><li class=\"col-md-6 col-sm-6 grid-item blog-grid-item format-standard\">\r\r\n                        <div class=\"grid-item-inner\"><a href=\"https:\/\/www.pazyesperanza.org\/pe\/2026\/03\/diccionario-de-lengua-de-senas-peruana\/\" class=\"media-box\">\r\r\n                                <img decoding=\"async\" src=\"https:\/\/www.pazyesperanza.org\/pe\/wp-content\/uploads\/sites\/3\/2026\/03\/LSP-600x400.jpg\" class=\"attachment-borntogive-600x400 size-borntogive-600x400 wp-post-image\" alt=\"escuela de lengua de se\u00f1as peruana\" \/>\r\r\n                            <\/a><div class=\"grid-item-content\">\r\r\n                                <h3 class=\"post-title\"><a href=\"https:\/\/www.pazyesperanza.org\/pe\/2026\/03\/diccionario-de-lengua-de-senas-peruana\/\">Diccionario de Lengua de Se\u00f1as Peruana<\/a><\/h3><p>Este recurso nace a partir del programa educativo de Lengua de Se\u00f1as Peruana &#8211; LSP, en la regi\u00f3n de San Mart\u00edn, construido conjuntamente con la comunidad sorda del territorio. Surge&hellip;<a href=\"https:\/\/www.pazyesperanza.org\/pe\/2026\/03\/diccionario-de-lengua-de-senas-peruana\/\"><\/a><\/p><\/div>\r\r\n                        <\/div>\r\r\n                    <\/li><li class=\"col-md-6 col-sm-6 grid-item blog-grid-item format-standard\">\r\r\n                        <div class=\"grid-item-inner\"><a href=\"https:\/\/www.pazyesperanza.org\/pe\/2025\/05\/informe-anual-2024\/\" class=\"media-box\">\r\r\n                                <img decoding=\"async\" src=\"https:\/\/www.pazyesperanza.org\/pe\/wp-content\/uploads\/sites\/3\/2025\/05\/informe-2024-portada-600x400.png\" class=\"attachment-borntogive-600x400 size-borntogive-600x400 wp-post-image\" alt=\"portada informe. dos mujeres compartiendo\" \/>\r\r\n                            <\/a><div class=\"grid-item-content\">\r\r\n                                <h3 class=\"post-title\"><a href=\"https:\/\/www.pazyesperanza.org\/pe\/2025\/05\/informe-anual-2024\/\">Informe Anual 2024<\/a><\/h3><p>Te invitamos a leer nuestro Informe Anual 2024, donde compartimos el trabajo desarrollado en los diferentes proyectos que tenemos en Costa, Ande y Amazon\u00eda peruana. Informe Anual 2024 **Si deseas&hellip;<a href=\"https:\/\/www.pazyesperanza.org\/pe\/2025\/05\/informe-anual-2024\/\"><\/a><\/p><\/div>\r\r\n                        <\/div>\r\r\n                    <\/li><\/ul><\/div>[\/vc_column_inner][vc_column_inner width=&#8221;1\/3&#8243;][vc_raw_html]JTVCZmVlZF90aGVtX3NvY2lhbCUyMGNwdF9pZCUzRDI1MzMlNUQ=[\/vc_raw_html][\/vc_column_inner][\/vc_row_inner][\/vc_column][\/vc_row][vc_row full_width=&#8221;stretch_row_content_no_spaces&#8221; el_class=&#8221;padding-tb45&#8243; css=&#8221;.vc_custom_1614136151634{margin-top: -80px !important;background-position: center !important;background-repeat: no-repeat !important;background-size: cover !important;}&#8221; el_id=&#8221;acheivements&#8221;][vc_column width=&#8221;1\/3&#8243;][\/vc_column][vc_column width=&#8221;1\/3&#8243;][\/vc_column][vc_column width=&#8221;1\/3&#8243; el_class=&#8221;parallax-text-block&#8221;][vc_column_text]<\/p>\n<h6>Logros recientes<\/h6>\n<h3>Paz y Esperanza Per\u00fa<\/h3>\n<p>El <strong>2024<\/strong>\u00a0hemos atendido directamente a <strong>8163 personas<\/strong>. De ellas, el 56% son mujeres (4565) y 44% son hombres (3398).<\/p>\n<p>El <strong>50%<\/strong> de toda la poblaci\u00f3n atendida fueron <strong>ni\u00f1as, ni\u00f1os y adolescentes<\/strong>.[\/vc_column_text][vc_btn title=&#8221;Nuestros logros&#8221; shape=&#8221;round&#8221; color=&#8221;green&#8221; i_icon_fontawesome=&#8221;fa fa-check&#8221; add_icon=&#8221;true&#8221; link=&#8221;url:%2Fpe%2Fcomo-trabajamos%2Flogros%2F|||&#8221;][\/vc_column][\/vc_row][vc_row][vc_column width=&#8221;1\/4&#8243;][vc_empty_space][vc_column_text]<\/p>\n<h6>Este mes<\/h6>\n<h4>Nuestra gratitud a:<\/h4>\n<p>[\/vc_column_text][vc_empty_space][\/vc_column][vc_column width=&#8221;3\/4&#8243; el_class=&#8221;logo-carousel&#8221;][vc_images_carousel images=&#8221;1613,2362,2064,2081,1611,1614&#8243; img_size=&#8221;full&#8221; onclick=&#8221;custom_link&#8221; custom_links_target=&#8221;_blank&#8221; slides_per_view=&#8221;4&#8243; hide_pagination_control=&#8221;yes&#8221; custom_links=&#8221;#E-8_aHR0cHMlM0ElMkYlMkZ3d3cuYnJvdC1mdWVyLWRpZS13ZWx0LmRlJTJGZXMlMkZwYW4tcGFyYS1lbC1tdW5kbyUyRiUyQ2h0dHBzJTNBJTJGJTJGd3d3LnRlYXJmdW5kLmNoJTJGaG9tZSUyRiUyQ2h0dHAlM0ElMkYlMkZ3d3cuc2F2ZXRoZWNoaWxkcmVuLm9yZy5wZSUyRiUyQ2h0dHBzJTNBJTJGJTJGd3d3LmtpbmRlcm5vdGhpbGZlLm9yZyUyRiUyQ2h0dHBzJTNBJTJGJTJGc3Ryb21tZXN0aWZ0ZWxzZW4ubm8lMkZlbiUyQ2h0dHBzJTNBJTJGJTJGd3d3LmlqbS5vcmclMkY=&#8221; el_class=&#8221;sponsors&#8221;][\/vc_column][\/vc_row][vc_row full_width=&#8221;stretch_row&#8221; el_class=&#8221;accent-bg&#8221;][vc_column][vc_column_text]<\/p>\n<div class=\"call-to-action\" style=\"margin-top: 30px; text-align: -webkit-center;\">\n<h2 style=\"text-align: center;\">S\u00e9 parte del cambio <a class=\"button outline\" style=\"margin-left: 20px;\" href=\"\/pe\/participa\/\">Participa<\/a><\/h2>\n<\/div>\n<p>[\/vc_column_text][\/vc_column][\/vc_row]<\/p>\n","protected":false},"excerpt":{"rendered":"[vc_row css=&#8221;.vc_custom_1643033926230{margin-bottom: 0px !important;padding-bottom: 0px !important;}&#8221;][vc_column][vc_column_text][\/vc_column_text][\/vc_column][\/vc_row][vc_row full_width=&#8221;stretch_row_content_no_spaces&#8221;][vc_column width=&#8221;1\/3&#8243;][\/vc_column][vc_column width=&#8221;1\/3&#8243;][\/vc_column][vc_column width=&#8221;1\/3&#8243;][\/vc_column][\/vc_row][vc_row full_width=&#8221;stretch_row&#8221; css=&#8221;.vc_custom_1477326815713{background-color: #ffffff !important;}&#8221;][vc_column][vc_empty_space][vc_row_inner][vc_column_inner width=&#8221;1\/3&#8243;][vc_column_text] S\u00e9 parte del cambio [\/vc_column_text][vc_btn title=&#8221;Dona ahora&#8221; style=&#8221;flat&#8221; shape=&#8221;square&#8221; color=&#8221;green&#8221; size=&#8221;lg&#8221; align=&#8221;center&#8221; button_block=&#8221;true&#8221; link=&#8221;url:%2Fpe%2Fdonar%2F|||&#8221;][\/vc_column_inner][vc_column_inner width=&#8221;2\/3&#8243;][vc_column_text]Somos una organizaci\u00f3n que desde el a\u00f1o 1996 trabaja junto a los pobres en el Per\u00fa, para que sean libres de distintas formas de violencia e injusticia.[\/vc_column_text][\/vc_column_inner][\/vc_row_inner][vc_empty_space][\/vc_column][\/vc_row][vc_row full_width=&#8221;stretch_row&#8221; css=&#8221;.vc_custom_1499114570399{background-color: #f7f7f7 !important;}&#8221; el_id=&#8221;z-index&#8221;][vc_column][vc_empty_space][vc_column_text] Novedades de Paz [\/vc_column_text][vc_row_inner][vc_column_inner width=&#8221;2\/3&#8243;][\/vc_column_inner][vc_column_inner width=&#8221;1\/3&#8243;][vc_raw_html]JTVCZmVlZF90aGVtX3NvY2lhbCUyMGNwdF9pZCUzRDI1MzMlNUQ=[\/vc_raw_html][\/vc_column_inner][\/vc_row_inner][\/vc_column][\/vc_row][vc_row full_width=&#8221;stretch_row_content_no_spaces&#8221; el_class=&#8221;padding-tb45&#8243; css=&#8221;.vc_custom_1614136151634{margin-top: -80px !important;background-position: center !important;background-repeat: no-repeat !important;background-size: cover !important;}&#8221; el_id=&#8221;acheivements&#8221;][vc_column width=&#8221;1\/3&#8243;][\/vc_column][vc_column width=&#8221;1\/3&#8243;][\/vc_column][vc_column width=&#8221;1\/3&#8243; el_class=&#8221;parallax-text-block&#8221;][vc_column_text] Logros recientes Paz y Esperanza Per\u00fa El 2024\u00a0hemos atendido directamente a 8163 personas. De ellas, el 56% son mujeres (4565) y 44% son hombres (3398). El 50% de toda la poblaci\u00f3n atendida fueron ni\u00f1as, ni\u00f1os y adolescentes.[\/vc_column_text][vc_btn title=&#8221;Nuestros logros&#8221; shape=&#8221;round&#8221; color=&#8221;green&#8221; i_icon_fontawesome=&#8221;fa fa-check&#8221; add_icon=&#8221;true&#8221; link=&#8221;url:%2Fpe%2Fcomo-trabajamos%2Flogros%2F|||&#8221;][\/vc_column][\/vc_row][vc_row][vc_column width=&#8221;1\/4&#8243;][vc_empty_space][vc_column_text] Este mes Nuestra gratitud a: [\/vc_column_text][vc_empty_space][\/vc_column][vc_column width=&#8221;3\/4&#8243; el_class=&#8221;logo-carousel&#8221;][vc_images_carousel images=&#8221;1613,2362,2064,2081,1611,1614&#8243; img_size=&#8221;full&#8221; onclick=&#8221;custom_link&#8221; custom_links_target=&#8221;_blank&#8221; slides_per_view=&#8221;4&#8243; hide_pagination_control=&#8221;yes&#8221; custom_links=&#8221;#E-8_aHR0cHMlM0ElMkYlMkZ3d3cuYnJvdC1mdWVyLWRpZS13ZWx0LmRlJTJGZXMlMkZwYW4tcGFyYS1lbC1tdW5kbyUyRiUyQ2h0dHBzJTNBJTJGJTJGd3d3LnRlYXJmdW5kLmNoJTJGaG9tZSUyRiUyQ2h0dHAlM0ElMkYlMkZ3d3cuc2F2ZXRoZWNoaWxkcmVuLm9yZy5wZSUyRiUyQ2h0dHBzJTNBJTJGJTJGd3d3LmtpbmRlcm5vdGhpbGZlLm9yZyUyRiUyQ2h0dHBzJTNBJTJGJTJGc3Ryb21tZXN0aWZ0ZWxzZW4ubm8lMkZlbiUyQ2h0dHBzJTNBJTJGJTJGd3d3LmlqbS5vcmclMkY=&#8221; el_class=&#8221;sponsors&#8221;][\/vc_column][\/vc_row][vc_row full_width=&#8221;stretch_row&#8221; el_class=&#8221;accent-bg&#8221;][vc_column][vc_column_text] S\u00e9 parte del cambio Participa [\/vc_column_text][\/vc_column][\/vc_row]","protected":false},"author":1,"featured_media":0,"parent":0,"menu_order":22,"comment_status":"closed","ping_status":"open","template":"","meta":{"_monsterinsights_skip_tracking":false,"_monsterinsights_sitenote_active":false,"_monsterinsights_sitenote_note":"","_monsterinsights_sitenote_category":0,"footnotes":""},"class_list":["post-1136","page","type-page","status-publish","hentry"],"yoast_head":"<!-- This site is optimized with the Yoast SEO plugin v16.3 - https:\/\/yoast.com\/wordpress\/plugins\/seo\/ -->\n<title>Inicio - Paz y Esperanza Peru<\/title>\n<meta name=\"robots\" content=\"index, follow, max-snippet:-1, max-image-preview:large, max-video-preview:-1\" \/>\n<link rel=\"canonical\" href=\"https:\/\/www.pazyesperanza.org\/pe\/\" \/>\n<meta property=\"og:locale\" content=\"es_ES\" \/>\n<meta property=\"og:type\" content=\"article\" \/>\n<meta property=\"og:title\" content=\"Inicio - Paz y Esperanza Peru\" \/>\n<meta property=\"og:description\" content=\"[vc_row css=&#8221;.vc_custom_1643033926230{margin-bottom: 0px !important;padding-bottom: 0px !important;}&#8221;][vc_column][vc_column_text][\/vc_column_text][\/vc_column][\/vc_row][vc_row full_width=&#8221;stretch_row_content_no_spaces&#8221;][vc_column width=&#8221;1\/3&#8243;][\/vc_column][vc_column width=&#8221;1\/3&#8243;][\/vc_column][vc_column width=&#8221;1\/3&#8243;][\/vc_column][\/vc_row][vc_row full_width=&#8221;stretch_row&#8221; css=&#8221;.vc_custom_1477326815713{background-color: #ffffff !important;}&#8221;][vc_column][vc_empty_space][vc_row_inner][vc_column_inner width=&#8221;1\/3&#8243;][vc_column_text] S\u00e9 parte del cambio [\/vc_column_text][vc_btn title=&#8221;Dona ahora&#8221; style=&#8221;flat&#8221; shape=&#8221;square&#8221; color=&#8221;green&#8221; size=&#8221;lg&#8221; align=&#8221;center&#8221; button_block=&#8221;true&#8221; link=&#8221;url:%2Fpe%2Fdonar%2F|||&#8221;][\/vc_column_inner][vc_column_inner width=&#8221;2\/3&#8243;][vc_column_text]Somos una organizaci\u00f3n que desde el a\u00f1o 1996 trabaja junto a los pobres en el Per\u00fa, para que sean libres de distintas formas de violencia e injusticia.[\/vc_column_text][\/vc_column_inner][\/vc_row_inner][vc_empty_space][\/vc_column][\/vc_row][vc_row full_width=&#8221;stretch_row&#8221; css=&#8221;.vc_custom_1499114570399{background-color: #f7f7f7 !important;}&#8221; el_id=&#8221;z-index&#8221;][vc_column][vc_empty_space][vc_column_text] Novedades de Paz [\/vc_column_text][vc_row_inner][vc_column_inner width=&#8221;2\/3&#8243;][\/vc_column_inner][vc_column_inner width=&#8221;1\/3&#8243;][vc_raw_html]JTVCZmVlZF90aGVtX3NvY2lhbCUyMGNwdF9pZCUzRDI1MzMlNUQ=[\/vc_raw_html][\/vc_column_inner][\/vc_row_inner][\/vc_column][\/vc_row][vc_row full_width=&#8221;stretch_row_content_no_spaces&#8221; el_class=&#8221;padding-tb45&#8243; css=&#8221;.vc_custom_1614136151634{margin-top: -80px !important;background-position: center !important;background-repeat: no-repeat !important;background-size: cover !important;}&#8221; el_id=&#8221;acheivements&#8221;][vc_column width=&#8221;1\/3&#8243;][\/vc_column][vc_column width=&#8221;1\/3&#8243;][\/vc_column][vc_column width=&#8221;1\/3&#8243; el_class=&#8221;parallax-text-block&#8221;][vc_column_text] Logros recientes Paz y Esperanza Per\u00fa El 2024\u00a0hemos atendido directamente a 8163 personas. De ellas, el 56% son mujeres (4565) y 44% son hombres (3398). El 50% de toda la poblaci\u00f3n atendida fueron ni\u00f1as, ni\u00f1os y adolescentes.[\/vc_column_text][vc_btn title=&#8221;Nuestros logros&#8221; shape=&#8221;round&#8221; color=&#8221;green&#8221; i_icon_fontawesome=&#8221;fa fa-check&#8221; add_icon=&#8221;true&#8221; link=&#8221;url:%2Fpe%2Fcomo-trabajamos%2Flogros%2F|||&#8221;][\/vc_column][\/vc_row][vc_row][vc_column width=&#8221;1\/4&#8243;][vc_empty_space][vc_column_text] Este mes Nuestra gratitud a: [\/vc_column_text][vc_empty_space][\/vc_column][vc_column width=&#8221;3\/4&#8243; el_class=&#8221;logo-carousel&#8221;][vc_images_carousel images=&#8221;1613,2362,2064,2081,1611,1614&#8243; img_size=&#8221;full&#8221; onclick=&#8221;custom_link&#8221; custom_links_target=&#8221;_blank&#8221; slides_per_view=&#8221;4&#8243; hide_pagination_control=&#8221;yes&#8221; custom_links=&#8221;#E-8_aHR0cHMlM0ElMkYlMkZ3d3cuYnJvdC1mdWVyLWRpZS13ZWx0LmRlJTJGZXMlMkZwYW4tcGFyYS1lbC1tdW5kbyUyRiUyQ2h0dHBzJTNBJTJGJTJGd3d3LnRlYXJmdW5kLmNoJTJGaG9tZSUyRiUyQ2h0dHAlM0ElMkYlMkZ3d3cuc2F2ZXRoZWNoaWxkcmVuLm9yZy5wZSUyRiUyQ2h0dHBzJTNBJTJGJTJGd3d3LmtpbmRlcm5vdGhpbGZlLm9yZyUyRiUyQ2h0dHBzJTNBJTJGJTJGc3Ryb21tZXN0aWZ0ZWxzZW4ubm8lMkZlbiUyQ2h0dHBzJTNBJTJGJTJGd3d3LmlqbS5vcmclMkY=&#8221; el_class=&#8221;sponsors&#8221;][\/vc_column][\/vc_row][vc_row full_width=&#8221;stretch_row&#8221; el_class=&#8221;accent-bg&#8221;][vc_column][vc_column_text] S\u00e9 parte del cambio Participa [\/vc_column_text][\/vc_column][\/vc_row]\" \/>\n<meta property=\"og:url\" content=\"https:\/\/www.pazyesperanza.org\/pe\/\" \/>\n<meta property=\"og:site_name\" content=\"Paz y Esperanza Peru\" \/>\n<meta property=\"article:modified_time\" content=\"2026-03-27T15:44:50+00:00\" \/>\n<meta name=\"twitter:card\" content=\"summary_large_image\" \/>\n<meta name=\"twitter:label1\" content=\"Tiempo de lectura\">\n\t<meta name=\"twitter:data1\" content=\"1 minuto\">\n<script type=\"application\/ld+json\" class=\"yoast-schema-graph\">{\"@context\":\"https:\/\/schema.org\",\"@graph\":[{\"@type\":\"WebSite\",\"@id\":\"https:\/\/www.pazyesperanza.org\/pe\/#website\",\"url\":\"https:\/\/www.pazyesperanza.org\/pe\/\",\"name\":\"Paz y Esperanza Peru\",\"description\":\"Apasionados por la justicia\",\"potentialAction\":[{\"@type\":\"SearchAction\",\"target\":\"https:\/\/www.pazyesperanza.org\/pe\/?s={search_term_string}\",\"query-input\":\"required name=search_term_string\"}],\"inLanguage\":\"es\"},{\"@type\":\"WebPage\",\"@id\":\"https:\/\/www.pazyesperanza.org\/pe\/#webpage\",\"url\":\"https:\/\/www.pazyesperanza.org\/pe\/\",\"name\":\"Inicio - Paz y Esperanza Peru\",\"isPartOf\":{\"@id\":\"https:\/\/www.pazyesperanza.org\/pe\/#website\"},\"datePublished\":\"2016-03-08T08:48:48+00:00\",\"dateModified\":\"2026-03-27T15:44:50+00:00\",\"breadcrumb\":{\"@id\":\"https:\/\/www.pazyesperanza.org\/pe\/#breadcrumb\"},\"inLanguage\":\"es\",\"potentialAction\":[{\"@type\":\"ReadAction\",\"target\":[\"https:\/\/www.pazyesperanza.org\/pe\/\"]}]},{\"@type\":\"BreadcrumbList\",\"@id\":\"https:\/\/www.pazyesperanza.org\/pe\/#breadcrumb\",\"itemListElement\":[{\"@type\":\"ListItem\",\"position\":1,\"item\":{\"@type\":\"WebPage\",\"@id\":\"https:\/\/www.pazyesperanza.org\/pe\/\",\"url\":\"https:\/\/www.pazyesperanza.org\/pe\/\",\"name\":\"Portada\"}},{\"@type\":\"ListItem\",\"position\":2,\"item\":{\"@id\":\"https:\/\/www.pazyesperanza.org\/pe\/#webpage\"}}]}]}<\/script>\n<!-- \/ Yoast SEO plugin. -->","_links":{"self":[{"href":"https:\/\/www.pazyesperanza.org\/pe\/wp-json\/wp\/v2\/pages\/1136","targetHints":{"allow":["GET"]}}],"collection":[{"href":"https:\/\/www.pazyesperanza.org\/pe\/wp-json\/wp\/v2\/pages"}],"about":[{"href":"https:\/\/www.pazyesperanza.org\/pe\/wp-json\/wp\/v2\/types\/page"}],"author":[{"embeddable":true,"href":"https:\/\/www.pazyesperanza.org\/pe\/wp-json\/wp\/v2\/users\/1"}],"replies":[{"embeddable":true,"href":"https:\/\/www.pazyesperanza.org\/pe\/wp-json\/wp\/v2\/comments?post=1136"}],"version-history":[{"count":105,"href":"https:\/\/www.pazyesperanza.org\/pe\/wp-json\/wp\/v2\/pages\/1136\/revisions"}],"predecessor-version":[{"id":2582,"href":"https:\/\/www.pazyesperanza.org\/pe\/wp-json\/wp\/v2\/pages\/1136\/revisions\/2582"}],"wp:attachment":[{"href":"https:\/\/www.pazyesperanza.org\/pe\/wp-json\/wp\/v2\/media?parent=1136"}],"curies":[{"name":"wp","href":"https:\/\/api.w.org\/{rel}","templated":true}]}}