{"id":1677,"date":"2021-05-21T22:46:27","date_gmt":"2021-05-21T22:46:27","guid":{"rendered":"https:\/\/www.pazyesperanza.org\/fr\/?page_id=1677"},"modified":"2021-07-08T22:47:40","modified_gmt":"2021-07-08T22:47:40","slug":"politique-de-cookies","status":"publish","type":"page","link":"https:\/\/www.pazyesperanza.org\/fr\/politique-de-cookies\/","title":{"rendered":"Politique de cookies"},"content":{"rendered":"<p><span>Lorsque vous visitez un site Web, vous pouvez stocker ou r\u00e9cup\u00e9rer des informations dans votre navigateur, principalement sous la forme de cookies.\u00a0Ces informations peuvent concerner vous, vos pr\u00e9f\u00e9rences ou votre appareil et sont principalement utilis\u00e9es pour que le site fonctionne comme vous le souhaitez.\u00a0Les informations ne vous identifient g\u00e9n\u00e9ralement pas directement, mais elles peuvent vous offrir une exp\u00e9rience Web plus personnalis\u00e9e.\u00a0Parce que nous respectons votre droit \u00e0 la vie priv\u00e9e, vous pouvez choisir de ne pas autoriser l&#8217;utilisation de cookies, cependant cette action peut affecter votre exp\u00e9rience sur le site et les services que nous pouvons offrir.<\/span><\/p>\n<p><strong><span>D\u00e9finition et types de cookies<\/span><\/strong><\/p>\n<p><span>Un cookie est un petit fichier d&#8217;informations qui est t\u00e9l\u00e9charg\u00e9 sur l&#8217;ordinateur, le smartphone ou la tablette de l&#8217;utilisateur lors de l&#8217;acc\u00e8s \u00e0 certaines pages Web pour stocker et r\u00e9cup\u00e9rer des informations sur la navigation effectu\u00e9e \u00e0 partir dudit \u00e9quipement.\u00a0Gr\u00e2ce aux cookies, les pages Web m\u00e9morisent des informations sur la visite des utilisateurs, ce qui permet de fournir une exp\u00e9rience de navigation meilleure et plus s\u00fbre.\u00a0Les cookies sont associ\u00e9s \u00e0 la fois aux utilisateurs anonymes, c&#8217;est-\u00e0-dire \u00e0 ceux qui visitent les portails sans s&#8217;identifier ni s&#8217;inscrire, et \u00e0 ceux qui le font.<\/span><\/p>\n<p><span>D&#8217;autre part, les cookies ne sont pas un virus ou tout autre type de programme malveillant pouvant endommager les appareils des utilisateurs.\u00a0Les cookies ne peuvent pas effacer ou lire les informations des ordinateurs ou appareils des utilisateurs.<\/span><\/p>\n<p><span>Les cookies sont cr\u00e9\u00e9s ou mis \u00e0 jour automatiquement sur l&#8217;ordinateur ou l&#8217;appareil de l&#8217;utilisateur, lorsque l&#8217;utilisateur acc\u00e8de au site Web PAZ Y ESPERANZA, qui permet aux m\u00eames ou \u00e0 des tiers qu&#8217;il engage, de suivre les cookies de l&#8217;utilisateur et donc les informations que ces cookies contiennent ou obtenir de l&#8217;utilisateur.\u00a0Il est important de pr\u00e9ciser que les cookies ne sont lus que par le site Web qui les a cr\u00e9\u00e9s.<\/span><\/p>\n<p><span>PAZ Y ESPERANZA peut partager des informations obtenues par le biais de cookies avec des personnes externes ou des tiers li\u00e9s \u00e0 PAZ Y ESPERANZA, qui peuvent \u00eatre situ\u00e9s au P\u00e9rou ou \u00e0 l&#8217;\u00e9tranger afin d&#8217;am\u00e9liorer les services aux utilisateurs.\u00a0De m\u00eame, les informations re\u00e7ues par le biais des cookies seront utilis\u00e9es par PAZ Y ESPERANZA et des tiers, aux fins d\u00e9crites dans ce document, et toutes ses mises \u00e0 jour.<\/span><\/p>\n<p><span>Il existe diff\u00e9rents types de cookies, qui peuvent \u00eatre class\u00e9s en fonction de leur auteur, de leur dur\u00e9e de vie et de leur finalit\u00e9.<\/span><\/p>\n<p><strong><span>Cr\u00e9ation &#8211;\u00a0<\/span><\/strong><span>Cookies\u00a0<strong>propres ou tiers : ils\u00a0<\/strong><\/span><span>sont propres lorsque les cookies sont g\u00e9r\u00e9s depuis le terminal ou domaine du m\u00eame \u00e9diteur, alors qu&#8217;ils sont tiers, lorsqu&#8217;ils ne sont pas \u00e9mis par l&#8217;\u00e9diteur lui-m\u00eame, mais par une autre entit\u00e9.<\/span><\/p>\n<p><strong><span>Dur\u00e9e &#8211;\u00a0<\/span><\/strong><span>Cookies de\u00a0<strong>session et persistants :\u00a0<\/strong><\/span><span>concernant les cookies de session, les donn\u00e9es collect\u00e9es ne seront conserv\u00e9es que pendant la navigation de l&#8217;utilisateur sur le site.\u00a0Dans le cas de donn\u00e9es persistantes, les donn\u00e9es sont toujours stock\u00e9es dans le terminal et peuvent \u00eatre consult\u00e9es pendant une p\u00e9riode de temps sp\u00e9cifi\u00e9e.<\/span><\/p>\n<p><strong><span>Finalit\u00e9 &#8211; Cookies techniques \/ de personnalisation \/ d&#8217;analyse \/ publicitaires :<\/span><\/strong><span>Les cookies techniques sont ceux qui permettent de contr\u00f4ler le trafic et la communication des donn\u00e9es ;\u00a0Les cookies de personnalisation, ceux qui permettent aux utilisateurs d&#8217;acc\u00e9der en fonction de certaines de leurs propres caract\u00e9ristiques collect\u00e9es (navigateur, langue, etc.), comme par exemple la personnalisation de la page d&#8217;accueil du moteur de recherche.\u00a0Les cookies d&#8217;analyse collectent des donn\u00e9es sur le comportement des utilisateurs et permettent la cr\u00e9ation d&#8217;un profil d&#8217;utilisateur.\u00a0De cette fa\u00e7on, les habitudes de navigation peuvent \u00eatre analys\u00e9es et d\u00e9tect\u00e9es et le Web, le blog ou le commerce \u00e9lectronique am\u00e9lior\u00e9s pour s&#8217;adapter aux besoins de navigation des utilisateurs.\u00a0Enfin, les r\u00e9gies publicitaires collectent des donn\u00e9es sur la gestion des espaces publicitaires.\u00a0Ces types de cookies permettent, par exemple, d&#8217;afficher aux utilisateurs des banni\u00e8res publicitaires susceptibles de les int\u00e9resser.<\/span><\/p>\n<p><span>En particulier, PAZ Y ESPERANZA utilise les cookies suivants pour les finalit\u00e9s suivantes :<\/span><\/p>\n<p><strong><span>Cookies strictement n\u00e9cessaires<\/span><\/strong><\/p>\n<p><span>Ces cookies sont n\u00e9cessaires au fonctionnement du site Web et ne peuvent pas \u00eatre d\u00e9sactiv\u00e9s dans nos syst\u00e8mes.\u00a0Ils ne sont g\u00e9n\u00e9ralement d\u00e9finis qu&#8217;en r\u00e9ponse \u00e0 vos actions lors de la demande de services, telles que la d\u00e9finition de vos pr\u00e9f\u00e9rences de confidentialit\u00e9, la connexion ou le remplissage de formulaires.\u00a0Vous pouvez configurer votre navigateur pour bloquer ou alerter sur ces cookies, mais certaines zones du site ne fonctionneront pas.\u00a0Ces cookies ne stockent aucune information personnellement identifiable.<\/span><\/p>\n<p><strong><span>Cookies de performances<\/span><\/strong><\/p>\n<p><span>Ces cookies nous permettent de comptabiliser les visites et les sources de trafic afin d&#8217;\u00e9valuer les performances de notre site et de l&#8217;am\u00e9liorer.\u00a0Ils nous aident \u00e0 savoir quelles pages sont les plus ou les moins visit\u00e9es, et comment les visiteurs naviguent sur le site.\u00a0Toutes les informations que ces cookies collectent sont agr\u00e9g\u00e9es et, par cons\u00e9quent, anonymes.\u00a0Si vous n&#8217;autorisez pas l&#8217;utilisation de ces cookies, nous ne saurons pas quand vous avez visit\u00e9 notre site et nous ne pourrons pas \u00e9valuer s&#8217;il a fonctionn\u00e9 correctement.<\/span><\/p>\n<p><strong><span>Cookies fonctionnels<\/span><\/strong><\/p>\n<p><span>Ces cookies permettent au site Web de fournir une meilleure fonctionnalit\u00e9 et une meilleure personnalisation.\u00a0Ils peuvent \u00eatre \u00e9tablis par notre soci\u00e9t\u00e9 ou par des prestataires externes dont nous avons ajout\u00e9 les services \u00e0 nos pages.\u00a0Si vous n&#8217;autorisez pas l&#8217;utilisation de ces cookies, il est possible que certains de ces services ne fonctionnent pas correctement.<\/span><\/p>\n<p><strong><span>Cookies cibl\u00e9s<\/span><\/strong><\/p>\n<p><span>Ces cookies peuvent \u00eatre install\u00e9s via notre site par nos partenaires publicitaires.\u00a0Ils peuvent \u00eatre utilis\u00e9s par ces soci\u00e9t\u00e9s pour cr\u00e9er un profil de vos int\u00e9r\u00eats et vous montrer des publicit\u00e9s pertinentes sur d&#8217;autres sites.\u00a0Ils ne stockent pas directement d&#8217;informations personnelles, mais sont bas\u00e9s sur l&#8217;identification unique de votre navigateur et de votre appareil Internet.\u00a0Si vous n&#8217;autorisez pas l&#8217;utilisation de ces cookies, vous verrez des publicit\u00e9s moins cibl\u00e9es.<\/span><\/p>\n<p><strong><span>Cookies utilis\u00e9s<\/span><\/strong><\/p>\n<p><span>_gid<\/span><br \/>\n<span>_ga<\/span><br \/>\n<span>charitable_session<\/span><\/p>\n<p><strong><span>D\u00e9sactivation des cookies<\/span><\/strong><\/p>\n<p><span>Vous pouvez d\u00e9sactiver les cookies utilis\u00e9s sur ce site sans affecter son fonctionnement ;\u00a0Cependant, les informations capt\u00e9es par ces cookies sur l&#8217;utilisation de notre site internet et sur le succ\u00e8s des publicit\u00e9s qui y sont affich\u00e9es nous permettent d&#8217;am\u00e9liorer nos services et d&#8217;obtenir des revenus qui nous permettent de vous proposer gratuitement de nombreux contenus.<\/span><\/p>\n<p><span>L&#8217;utilisateur peut d\u00e9sactiver \u00e0 la fois l&#8217;installation des cookies et leur utilisation.\u00a0Pour d\u00e9sactiver l&#8217;installation et l&#8217;utilisation des cookies, l&#8217;utilisateur doit effectuer la proc\u00e9dure par navigateur comme indiqu\u00e9 ci-dessous :<\/span><\/p>\n<p><em><span>Internet Explorer :<\/span><\/em><span>\u00a0Outils -&gt; Options Internet -&gt; Confidentialit\u00e9 -&gt; Param\u00e8tres.<\/span><\/p>\n<p><span>Pour plus d&#8217;informations, vous pouvez consulter le support Microsoft ou l&#8217;aide du navigateur.<\/span><\/p>\n<p><em><span>Firefox :<\/span><\/em><span>\u00a0Outils -&gt; Options -&gt; Confidentialit\u00e9 -&gt; Historique -&gt; Param\u00e8tres personnalis\u00e9s.\u00a0Pour plus d&#8217;informations, vous pouvez consulter le support Mozilla ou l&#8217;aide du navigateur.<\/span><\/p>\n<p><em><span>Chrome\u00a0:<\/span><\/em><span>\u00a0Param\u00e8tres -&gt; Afficher les options avanc\u00e9es -&gt; Confidentialit\u00e9 -&gt; Param\u00e8tres de contenu.\u00a0Pour plus d&#8217;informations, vous pouvez consulter l&#8217;assistance Google ou l&#8217;aide du navigateur.<\/span><\/p>\n<p><em><span>Safari :<\/span><\/em><span>\u00a0Pr\u00e9f\u00e9rences -&gt; S\u00e9curit\u00e9.\u00a0Pour plus d&#8217;informations, vous pouvez consulter l&#8217;assistance Apple ou l&#8217;aide du navigateur.<\/span><\/p>\n<p style=\"text-align: center;\"><strong><span>Cette politique entre en vigueur le 20 mai 2021<\/span><\/strong><\/p>\n","protected":false},"excerpt":{"rendered":"Lorsque vous visitez un site Web, vous pouvez stocker ou r\u00e9cup\u00e9rer des informations dans votre navigateur, principalement sous la forme de cookies.\u00a0Ces informations peuvent concerner vous, vos pr\u00e9f\u00e9rences ou votre appareil et sont principalement utilis\u00e9es pour que le site fonctionne comme vous le souhaitez.\u00a0Les informations ne vous identifient g\u00e9n\u00e9ralement pas directement, mais elles peuvent vous offrir une exp\u00e9rience Web plus personnalis\u00e9e.\u00a0Parce que nous respectons votre droit \u00e0 la vie priv\u00e9e, vous pouvez choisir de ne pas autoriser l&#8217;utilisation de cookies, cependant cette action peut affecter votre exp\u00e9rience sur le site et les services que nous pouvons offrir. D\u00e9finition et types de cookies Un cookie est un petit fichier d&#8217;informations qui est t\u00e9l\u00e9charg\u00e9 sur l&#8217;ordinateur, le smartphone ou la tablette de l&#8217;utilisateur lors de l&#8217;acc\u00e8s \u00e0 certaines pages Web pour stocker et r\u00e9cup\u00e9rer des informations sur la navigation effectu\u00e9e \u00e0 partir dudit \u00e9quipement.\u00a0Gr\u00e2ce aux cookies, les pages Web m\u00e9morisent des informations sur la visite des utilisateurs, ce qui permet de fournir une exp\u00e9rience de navigation meilleure et plus s\u00fbre.\u00a0Les cookies sont associ\u00e9s \u00e0 la fois aux utilisateurs anonymes, c&#8217;est-\u00e0-dire \u00e0 ceux qui visitent les portails sans s&#8217;identifier ni s&#8217;inscrire, et \u00e0 ceux qui le font. D&#8217;autre part, les cookies ne sont pas un virus ou tout autre type de programme malveillant pouvant endommager les appareils des utilisateurs.\u00a0Les cookies ne peuvent pas effacer ou lire les informations des ordinateurs ou appareils des utilisateurs. Les cookies sont cr\u00e9\u00e9s ou mis \u00e0 jour automatiquement sur l&#8217;ordinateur ou l&#8217;appareil de l&#8217;utilisateur, lorsque l&#8217;utilisateur acc\u00e8de au site Web PAZ Y ESPERANZA, qui permet aux m\u00eames ou \u00e0 des tiers qu&#8217;il engage, de suivre les cookies de l&#8217;utilisateur et donc les informations que ces cookies contiennent ou obtenir de l&#8217;utilisateur.\u00a0Il est important de pr\u00e9ciser que les cookies ne sont lus que par le site Web qui les a cr\u00e9\u00e9s. PAZ Y ESPERANZA peut partager des informations obtenues par le biais de cookies avec des personnes externes ou des tiers li\u00e9s \u00e0 PAZ Y ESPERANZA, qui peuvent \u00eatre situ\u00e9s au P\u00e9rou ou \u00e0 l&#8217;\u00e9tranger afin d&#8217;am\u00e9liorer les services aux utilisateurs.\u00a0De m\u00eame, les informations re\u00e7ues par le biais des cookies seront utilis\u00e9es par PAZ Y ESPERANZA et des tiers, aux fins d\u00e9crites dans ce document, et toutes ses mises \u00e0 jour. Il existe diff\u00e9rents types de cookies, qui peuvent \u00eatre class\u00e9s en fonction de leur auteur, de leur dur\u00e9e de vie et de leur finalit\u00e9. Cr\u00e9ation &#8211;\u00a0Cookies\u00a0propres ou tiers : ils\u00a0sont propres lorsque les cookies sont g\u00e9r\u00e9s depuis le terminal ou domaine du m\u00eame \u00e9diteur, alors qu&#8217;ils sont tiers, lorsqu&#8217;ils ne sont pas \u00e9mis par l&#8217;\u00e9diteur lui-m\u00eame, mais par une autre entit\u00e9. Dur\u00e9e &#8211;\u00a0Cookies de\u00a0session et persistants :\u00a0concernant les cookies de session, les donn\u00e9es collect\u00e9es ne seront conserv\u00e9es que pendant la navigation de l&#8217;utilisateur sur le site.\u00a0Dans le cas de donn\u00e9es persistantes, les donn\u00e9es sont toujours stock\u00e9es dans le terminal et peuvent \u00eatre consult\u00e9es pendant une p\u00e9riode de temps sp\u00e9cifi\u00e9e. Finalit\u00e9 &#8211; Cookies techniques \/ de personnalisation \/ d&#8217;analyse \/ publicitaires :Les cookies techniques sont ceux qui permettent de contr\u00f4ler le trafic et la communication des donn\u00e9es ;\u00a0Les cookies de personnalisation, ceux qui permettent aux utilisateurs d&#8217;acc\u00e9der en fonction [&hellip;]","protected":false},"author":2,"featured_media":0,"parent":0,"menu_order":0,"comment_status":"closed","ping_status":"closed","template":"","meta":{"_monsterinsights_skip_tracking":false,"_monsterinsights_sitenote_active":false,"_monsterinsights_sitenote_note":"","_monsterinsights_sitenote_category":0,"footnotes":""},"class_list":["post-1677","page","type-page","status-publish","hentry"],"yoast_head":"<!-- This site is optimized with the Yoast SEO plugin v16.3 - https:\/\/yoast.com\/wordpress\/plugins\/seo\/ -->\n<title>Politique de cookies - Paz y Esperanza France<\/title>\n<meta name=\"robots\" content=\"index, follow, max-snippet:-1, max-image-preview:large, max-video-preview:-1\" \/>\n<link rel=\"canonical\" href=\"https:\/\/www.pazyesperanza.org\/fr\/politique-de-cookies\/\" \/>\n<meta property=\"og:locale\" content=\"en_US\" \/>\n<meta property=\"og:type\" content=\"article\" \/>\n<meta property=\"og:title\" content=\"Politique de cookies - Paz y Esperanza France\" \/>\n<meta property=\"og:description\" content=\"Lorsque vous visitez un site Web, vous pouvez stocker ou r\u00e9cup\u00e9rer des informations dans votre navigateur, principalement sous la forme de cookies.\u00a0Ces informations peuvent concerner vous, vos pr\u00e9f\u00e9rences ou votre appareil et sont principalement utilis\u00e9es pour que le site fonctionne comme vous le souhaitez.\u00a0Les informations ne vous identifient g\u00e9n\u00e9ralement pas directement, mais elles peuvent vous offrir une exp\u00e9rience Web plus personnalis\u00e9e.\u00a0Parce que nous respectons votre droit \u00e0 la vie priv\u00e9e, vous pouvez choisir de ne pas autoriser l&#8217;utilisation de cookies, cependant cette action peut affecter votre exp\u00e9rience sur le site et les services que nous pouvons offrir. D\u00e9finition et types de cookies Un cookie est un petit fichier d&#8217;informations qui est t\u00e9l\u00e9charg\u00e9 sur l&#8217;ordinateur, le smartphone ou la tablette de l&#8217;utilisateur lors de l&#8217;acc\u00e8s \u00e0 certaines pages Web pour stocker et r\u00e9cup\u00e9rer des informations sur la navigation effectu\u00e9e \u00e0 partir dudit \u00e9quipement.\u00a0Gr\u00e2ce aux cookies, les pages Web m\u00e9morisent des informations sur la visite des utilisateurs, ce qui permet de fournir une exp\u00e9rience de navigation meilleure et plus s\u00fbre.\u00a0Les cookies sont associ\u00e9s \u00e0 la fois aux utilisateurs anonymes, c&#8217;est-\u00e0-dire \u00e0 ceux qui visitent les portails sans s&#8217;identifier ni s&#8217;inscrire, et \u00e0 ceux qui le font. D&#8217;autre part, les cookies ne sont pas un virus ou tout autre type de programme malveillant pouvant endommager les appareils des utilisateurs.\u00a0Les cookies ne peuvent pas effacer ou lire les informations des ordinateurs ou appareils des utilisateurs. Les cookies sont cr\u00e9\u00e9s ou mis \u00e0 jour automatiquement sur l&#8217;ordinateur ou l&#8217;appareil de l&#8217;utilisateur, lorsque l&#8217;utilisateur acc\u00e8de au site Web PAZ Y ESPERANZA, qui permet aux m\u00eames ou \u00e0 des tiers qu&#8217;il engage, de suivre les cookies de l&#8217;utilisateur et donc les informations que ces cookies contiennent ou obtenir de l&#8217;utilisateur.\u00a0Il est important de pr\u00e9ciser que les cookies ne sont lus que par le site Web qui les a cr\u00e9\u00e9s. PAZ Y ESPERANZA peut partager des informations obtenues par le biais de cookies avec des personnes externes ou des tiers li\u00e9s \u00e0 PAZ Y ESPERANZA, qui peuvent \u00eatre situ\u00e9s au P\u00e9rou ou \u00e0 l&#8217;\u00e9tranger afin d&#8217;am\u00e9liorer les services aux utilisateurs.\u00a0De m\u00eame, les informations re\u00e7ues par le biais des cookies seront utilis\u00e9es par PAZ Y ESPERANZA et des tiers, aux fins d\u00e9crites dans ce document, et toutes ses mises \u00e0 jour. Il existe diff\u00e9rents types de cookies, qui peuvent \u00eatre class\u00e9s en fonction de leur auteur, de leur dur\u00e9e de vie et de leur finalit\u00e9. Cr\u00e9ation &#8211;\u00a0Cookies\u00a0propres ou tiers : ils\u00a0sont propres lorsque les cookies sont g\u00e9r\u00e9s depuis le terminal ou domaine du m\u00eame \u00e9diteur, alors qu&#8217;ils sont tiers, lorsqu&#8217;ils ne sont pas \u00e9mis par l&#8217;\u00e9diteur lui-m\u00eame, mais par une autre entit\u00e9. Dur\u00e9e &#8211;\u00a0Cookies de\u00a0session et persistants :\u00a0concernant les cookies de session, les donn\u00e9es collect\u00e9es ne seront conserv\u00e9es que pendant la navigation de l&#8217;utilisateur sur le site.\u00a0Dans le cas de donn\u00e9es persistantes, les donn\u00e9es sont toujours stock\u00e9es dans le terminal et peuvent \u00eatre consult\u00e9es pendant une p\u00e9riode de temps sp\u00e9cifi\u00e9e. Finalit\u00e9 &#8211; Cookies techniques \/ de personnalisation \/ d&#8217;analyse \/ publicitaires :Les cookies techniques sont ceux qui permettent de contr\u00f4ler le trafic et la communication des donn\u00e9es ;\u00a0Les cookies de personnalisation, ceux qui permettent aux utilisateurs d&#8217;acc\u00e9der en fonction [&hellip;]\" \/>\n<meta property=\"og:url\" content=\"https:\/\/www.pazyesperanza.org\/fr\/politique-de-cookies\/\" \/>\n<meta property=\"og:site_name\" content=\"Paz y Esperanza France\" \/>\n<meta property=\"article:modified_time\" content=\"2021-07-08T22:47:40+00:00\" \/>\n<meta name=\"twitter:card\" content=\"summary_large_image\" \/>\n<meta name=\"twitter:label1\" content=\"Est. reading time\">\n\t<meta name=\"twitter:data1\" content=\"5 minutes\">\n<script type=\"application\/ld+json\" class=\"yoast-schema-graph\">{\"@context\":\"https:\/\/schema.org\",\"@graph\":[{\"@type\":\"WebSite\",\"@id\":\"https:\/\/www.pazyesperanza.org\/fr\/#website\",\"url\":\"https:\/\/www.pazyesperanza.org\/fr\/\",\"name\":\"Paz y Esperanza France\",\"description\":\"Passionate about justice\",\"potentialAction\":[{\"@type\":\"SearchAction\",\"target\":\"https:\/\/www.pazyesperanza.org\/fr\/?s={search_term_string}\",\"query-input\":\"required name=search_term_string\"}],\"inLanguage\":\"en-US\"},{\"@type\":\"WebPage\",\"@id\":\"https:\/\/www.pazyesperanza.org\/fr\/politique-de-cookies\/#webpage\",\"url\":\"https:\/\/www.pazyesperanza.org\/fr\/politique-de-cookies\/\",\"name\":\"Politique de cookies - Paz y Esperanza France\",\"isPartOf\":{\"@id\":\"https:\/\/www.pazyesperanza.org\/fr\/#website\"},\"datePublished\":\"2021-05-21T22:46:27+00:00\",\"dateModified\":\"2021-07-08T22:47:40+00:00\",\"breadcrumb\":{\"@id\":\"https:\/\/www.pazyesperanza.org\/fr\/politique-de-cookies\/#breadcrumb\"},\"inLanguage\":\"en-US\",\"potentialAction\":[{\"@type\":\"ReadAction\",\"target\":[\"https:\/\/www.pazyesperanza.org\/fr\/politique-de-cookies\/\"]}]},{\"@type\":\"BreadcrumbList\",\"@id\":\"https:\/\/www.pazyesperanza.org\/fr\/politique-de-cookies\/#breadcrumb\",\"itemListElement\":[{\"@type\":\"ListItem\",\"position\":1,\"item\":{\"@type\":\"WebPage\",\"@id\":\"https:\/\/www.pazyesperanza.org\/fr\/\",\"url\":\"https:\/\/www.pazyesperanza.org\/fr\/\",\"name\":\"Portada\"}},{\"@type\":\"ListItem\",\"position\":2,\"item\":{\"@id\":\"https:\/\/www.pazyesperanza.org\/fr\/politique-de-cookies\/#webpage\"}}]}]}<\/script>\n<!-- \/ Yoast SEO plugin. -->","_links":{"self":[{"href":"https:\/\/www.pazyesperanza.org\/fr\/wp-json\/wp\/v2\/pages\/1677","targetHints":{"allow":["GET"]}}],"collection":[{"href":"https:\/\/www.pazyesperanza.org\/fr\/wp-json\/wp\/v2\/pages"}],"about":[{"href":"https:\/\/www.pazyesperanza.org\/fr\/wp-json\/wp\/v2\/types\/page"}],"author":[{"embeddable":true,"href":"https:\/\/www.pazyesperanza.org\/fr\/wp-json\/wp\/v2\/users\/2"}],"replies":[{"embeddable":true,"href":"https:\/\/www.pazyesperanza.org\/fr\/wp-json\/wp\/v2\/comments?post=1677"}],"version-history":[{"count":1,"href":"https:\/\/www.pazyesperanza.org\/fr\/wp-json\/wp\/v2\/pages\/1677\/revisions"}],"predecessor-version":[{"id":1678,"href":"https:\/\/www.pazyesperanza.org\/fr\/wp-json\/wp\/v2\/pages\/1677\/revisions\/1678"}],"wp:attachment":[{"href":"https:\/\/www.pazyesperanza.org\/fr\/wp-json\/wp\/v2\/media?parent=1677"}],"curies":[{"name":"wp","href":"https:\/\/api.w.org\/{rel}","templated":true}]}}