{"id":1575,"date":"2017-08-29T17:38:14","date_gmt":"2017-08-29T17:38:14","guid":{"rendered":"http:\/\/nuevo.pazyesperanza.org\/uk\/?page_id=1575"},"modified":"2019-09-24T03:17:08","modified_gmt":"2019-09-24T03:17:08","slug":"instituto-paz-y-esperanza","status":"publish","type":"page","link":"https:\/\/www.pazyesperanza.org\/fr\/how-we-work\/instituto-paz-y-esperanza\/","title":{"rendered":"Instituto Paz y Esperanza"},"content":{"rendered":"<p>[vc_row][vc_column width=&#8221;1\/3&#8243;][vc_single_image image=&#8221;1578&#8243; img_size=&#8221;large&#8221; alignment=&#8221;center&#8221; onclick=&#8221;custom_link&#8221; link=&#8221;http:\/\/institutopaz.net\/&#8221;][\/vc_column][vc_column width=&#8221;2\/3&#8243;][vc_column_text]<\/p>\n<h2>El Instituto Paz y Esperanza<\/h2>\n<p><a href=\"http:\/\/institutopaz.net\/\" target=\"_blank\" rel=\"noopener\">Instituto Paz y Esperanza &#8211; IPE<\/a>\u00a0est une instance de recherche et de formation de la fraternit\u00e9 des organisations de Paz y Esperanza, dont le but est la formation acad\u00e9mique, la recherche, la production d\u2019espaces de dialogue et de publication autour des th\u00e8mes et des exp\u00e9riences en lien avec la mission int\u00e9grale pour le d\u00e9veloppement, l\u2019\u00e9thique chr\u00e9tienne pour la dignit\u00e9 humaine, la culture de la paix pour la justice et pour les droits de l\u2019Homme.[\/vc_column_text][vc_btn title=&#8221;Visitez le site web&#8221; style=&#8221;flat&#8221; shape=&#8221;round&#8221; color=&#8221;green&#8221; align=&#8221;center&#8221; link=&#8221;url:http%3A%2F%2Finstitutopaz.net%2F||target:%20_blank|&#8221;][\/vc_column][\/vc_row]<\/p>\n","protected":false},"excerpt":{"rendered":"[vc_row][vc_column width=&#8221;1\/3&#8243;][vc_single_image image=&#8221;1578&#8243; img_size=&#8221;large&#8221; alignment=&#8221;center&#8221; onclick=&#8221;custom_link&#8221; link=&#8221;http:\/\/institutopaz.net\/&#8221;][\/vc_column][vc_column width=&#8221;2\/3&#8243;][vc_column_text] El Instituto Paz y Esperanza Instituto Paz y Esperanza &#8211; IPE\u00a0est une instance de recherche et de formation de la fraternit\u00e9 des organisations de Paz y Esperanza, dont le but est la formation acad\u00e9mique, la recherche, la production d\u2019espaces de dialogue et de publication autour des th\u00e8mes et des exp\u00e9riences en lien avec la mission int\u00e9grale pour le d\u00e9veloppement, l\u2019\u00e9thique chr\u00e9tienne pour la dignit\u00e9 humaine, la culture de la paix pour la justice et pour les droits de l\u2019Homme.[\/vc_column_text][vc_btn title=&#8221;Visitez le site web&#8221; style=&#8221;flat&#8221; shape=&#8221;round&#8221; color=&#8221;green&#8221; align=&#8221;center&#8221; link=&#8221;url:http%3A%2F%2Finstitutopaz.net%2F||target:%20_blank|&#8221;][\/vc_column][\/vc_row]","protected":false},"author":1,"featured_media":0,"parent":10,"menu_order":9,"comment_status":"closed","ping_status":"closed","template":"","meta":{"_monsterinsights_skip_tracking":false,"_monsterinsights_sitenote_active":false,"_monsterinsights_sitenote_note":"","_monsterinsights_sitenote_category":0,"footnotes":""},"class_list":["post-1575","page","type-page","status-publish","hentry"],"yoast_head":"<!-- This site is optimized with the Yoast SEO plugin v16.3 - https:\/\/yoast.com\/wordpress\/plugins\/seo\/ -->\n<title>Instituto Paz y Esperanza - Paz y Esperanza France<\/title>\n<meta name=\"robots\" content=\"index, follow, max-snippet:-1, max-image-preview:large, max-video-preview:-1\" \/>\n<link rel=\"canonical\" href=\"https:\/\/www.pazyesperanza.org\/fr\/how-we-work\/instituto-paz-y-esperanza\/\" \/>\n<meta property=\"og:locale\" content=\"en_US\" \/>\n<meta property=\"og:type\" content=\"article\" \/>\n<meta property=\"og:title\" content=\"Instituto Paz y Esperanza - Paz y Esperanza France\" \/>\n<meta property=\"og:description\" content=\"[vc_row][vc_column width=&#8221;1\/3&#8243;][vc_single_image image=&#8221;1578&#8243; img_size=&#8221;large&#8221; alignment=&#8221;center&#8221; onclick=&#8221;custom_link&#8221; link=&#8221;http:\/\/institutopaz.net\/&#8221;][\/vc_column][vc_column width=&#8221;2\/3&#8243;][vc_column_text] El Instituto Paz y Esperanza Instituto Paz y Esperanza &#8211; IPE\u00a0est une instance de recherche et de formation de la fraternit\u00e9 des organisations de Paz y Esperanza, dont le but est la formation acad\u00e9mique, la recherche, la production d\u2019espaces de dialogue et de publication autour des th\u00e8mes et des exp\u00e9riences en lien avec la mission int\u00e9grale pour le d\u00e9veloppement, l\u2019\u00e9thique chr\u00e9tienne pour la dignit\u00e9 humaine, la culture de la paix pour la justice et pour les droits de l\u2019Homme.[\/vc_column_text][vc_btn title=&#8221;Visitez le site web&#8221; style=&#8221;flat&#8221; shape=&#8221;round&#8221; color=&#8221;green&#8221; align=&#8221;center&#8221; link=&#8221;url:http%3A%2F%2Finstitutopaz.net%2F||target:%20_blank|&#8221;][\/vc_column][\/vc_row]\" \/>\n<meta property=\"og:url\" content=\"https:\/\/www.pazyesperanza.org\/fr\/how-we-work\/instituto-paz-y-esperanza\/\" \/>\n<meta property=\"og:site_name\" content=\"Paz y Esperanza France\" \/>\n<meta property=\"article:modified_time\" content=\"2019-09-24T03:17:08+00:00\" \/>\n<meta name=\"twitter:card\" content=\"summary_large_image\" \/>\n<meta name=\"twitter:label1\" content=\"Est. reading time\">\n\t<meta name=\"twitter:data1\" content=\"1 minute\">\n<script type=\"application\/ld+json\" class=\"yoast-schema-graph\">{\"@context\":\"https:\/\/schema.org\",\"@graph\":[{\"@type\":\"WebSite\",\"@id\":\"https:\/\/www.pazyesperanza.org\/fr\/#website\",\"url\":\"https:\/\/www.pazyesperanza.org\/fr\/\",\"name\":\"Paz y Esperanza France\",\"description\":\"Passionate about justice\",\"potentialAction\":[{\"@type\":\"SearchAction\",\"target\":\"https:\/\/www.pazyesperanza.org\/fr\/?s={search_term_string}\",\"query-input\":\"required name=search_term_string\"}],\"inLanguage\":\"en-US\"},{\"@type\":\"WebPage\",\"@id\":\"https:\/\/www.pazyesperanza.org\/fr\/how-we-work\/instituto-paz-y-esperanza\/#webpage\",\"url\":\"https:\/\/www.pazyesperanza.org\/fr\/how-we-work\/instituto-paz-y-esperanza\/\",\"name\":\"Instituto Paz y Esperanza - Paz y Esperanza France\",\"isPartOf\":{\"@id\":\"https:\/\/www.pazyesperanza.org\/fr\/#website\"},\"datePublished\":\"2017-08-29T17:38:14+00:00\",\"dateModified\":\"2019-09-24T03:17:08+00:00\",\"breadcrumb\":{\"@id\":\"https:\/\/www.pazyesperanza.org\/fr\/how-we-work\/instituto-paz-y-esperanza\/#breadcrumb\"},\"inLanguage\":\"en-US\",\"potentialAction\":[{\"@type\":\"ReadAction\",\"target\":[\"https:\/\/www.pazyesperanza.org\/fr\/how-we-work\/instituto-paz-y-esperanza\/\"]}]},{\"@type\":\"BreadcrumbList\",\"@id\":\"https:\/\/www.pazyesperanza.org\/fr\/how-we-work\/instituto-paz-y-esperanza\/#breadcrumb\",\"itemListElement\":[{\"@type\":\"ListItem\",\"position\":1,\"item\":{\"@type\":\"WebPage\",\"@id\":\"https:\/\/www.pazyesperanza.org\/fr\/\",\"url\":\"https:\/\/www.pazyesperanza.org\/fr\/\",\"name\":\"Portada\"}},{\"@type\":\"ListItem\",\"position\":2,\"item\":{\"@type\":\"WebPage\",\"@id\":\"https:\/\/www.pazyesperanza.org\/fr\/how-we-work\/\",\"url\":\"https:\/\/www.pazyesperanza.org\/fr\/how-we-work\/\",\"name\":\"How We Work\"}},{\"@type\":\"ListItem\",\"position\":3,\"item\":{\"@id\":\"https:\/\/www.pazyesperanza.org\/fr\/how-we-work\/instituto-paz-y-esperanza\/#webpage\"}}]}]}<\/script>\n<!-- \/ Yoast SEO plugin. -->","_links":{"self":[{"href":"https:\/\/www.pazyesperanza.org\/fr\/wp-json\/wp\/v2\/pages\/1575","targetHints":{"allow":["GET"]}}],"collection":[{"href":"https:\/\/www.pazyesperanza.org\/fr\/wp-json\/wp\/v2\/pages"}],"about":[{"href":"https:\/\/www.pazyesperanza.org\/fr\/wp-json\/wp\/v2\/types\/page"}],"author":[{"embeddable":true,"href":"https:\/\/www.pazyesperanza.org\/fr\/wp-json\/wp\/v2\/users\/1"}],"replies":[{"embeddable":true,"href":"https:\/\/www.pazyesperanza.org\/fr\/wp-json\/wp\/v2\/comments?post=1575"}],"version-history":[{"count":5,"href":"https:\/\/www.pazyesperanza.org\/fr\/wp-json\/wp\/v2\/pages\/1575\/revisions"}],"predecessor-version":[{"id":1664,"href":"https:\/\/www.pazyesperanza.org\/fr\/wp-json\/wp\/v2\/pages\/1575\/revisions\/1664"}],"up":[{"embeddable":true,"href":"https:\/\/www.pazyesperanza.org\/fr\/wp-json\/wp\/v2\/pages\/10"}],"wp:attachment":[{"href":"https:\/\/www.pazyesperanza.org\/fr\/wp-json\/wp\/v2\/media?parent=1575"}],"curies":[{"name":"wp","href":"https:\/\/api.w.org\/{rel}","templated":true}]}}