{"id":14,"date":"2016-10-24T14:55:19","date_gmt":"2016-10-24T14:55:19","guid":{"rendered":"http:\/\/nuevo.pazyesperanza.org\/uk\/?page_id=14"},"modified":"2024-10-01T18:56:15","modified_gmt":"2024-10-01T18:56:15","slug":"get-involved","status":"publish","type":"page","link":"https:\/\/www.pazyesperanza.org\/fr\/get-involved\/","title":{"rendered":"Participer"},"content":{"rendered":"<p>[vc_row full_width=&#8221;stretch_row_content&#8221; el_class=&#8221;green-blocks&#8221; css=&#8221;.vc_custom_1480615728564{margin-top: -60px !important;margin-bottom: 50px !important;padding-top: 0px !important;}&#8221;][vc_column width=&#8221;1\/4&#8243; css=&#8221;.vc_custom_1480615369160{background-color: #21c38c !important;}&#8221;][vc_icon icon_fontawesome=&#8221;fa fa-users&#8221; color=&#8221;custom&#8221; background_style=&#8221;rounded&#8221; background_color=&#8221;white&#8221; size=&#8221;xl&#8221; align=&#8221;center&#8221; custom_color=&#8221;#21c38c&#8221; link=&#8221;url:%23volunteer|||&#8221;][vc_custom_heading text=&#8221;Volontariat&#8221; font_container=&#8221;tag:h3|text_align:center|color:%23ffffff&#8221; link=&#8221;url:%23volunteer|||&#8221;][\/vc_column][vc_column width=&#8221;1\/4&#8243; css=&#8221;.vc_custom_1504032147399{background-color: #13a457 !important;}&#8221;][vc_icon icon_fontawesome=&#8221;fa fa-newspaper-o&#8221; color=&#8221;custom&#8221; background_style=&#8221;rounded&#8221; background_color=&#8221;white&#8221; size=&#8221;xl&#8221; align=&#8221;center&#8221; custom_color=&#8221;#13a457&#8243; link=&#8221;url:%23volunteer|||&#8221;][vc_custom_heading text=&#8221;En savoir plus&#8221; font_container=&#8221;tag:h3|text_align:center|color:%23ffffff&#8221; link=&#8221;url:%23informed|||&#8221;][\/vc_column][vc_column width=&#8221;1\/4&#8243; css=&#8221;.vc_custom_1480615565324{background-color: #007233 !important;}&#8221;][vc_icon icon_fontawesome=&#8221;fa fa-heart&#8221; color=&#8221;custom&#8221; background_style=&#8221;rounded&#8221; background_color=&#8221;white&#8221; size=&#8221;xl&#8221; align=&#8221;center&#8221; custom_color=&#8221;#007233&#8243; link=&#8221;|||&#8221;][vc_custom_heading text=&#8221;La pri\u00e8re&#8221; font_container=&#8221;tag:h3|text_align:center|color:%23ffffff&#8221; link=&#8221;|||&#8221;][\/vc_column][vc_column width=&#8221;1\/4&#8243; css=&#8221;.vc_custom_1504032120383{background-color: #005416 !important;}&#8221;][vc_icon icon_fontawesome=&#8221;fa fa-money&#8221; color=&#8221;custom&#8221; background_style=&#8221;rounded&#8221; background_color=&#8221;white&#8221; size=&#8221;xl&#8221; align=&#8221;center&#8221; custom_color=&#8221;#005416&#8243; link=&#8221;url:%23donate|||&#8221;][vc_custom_heading text=&#8221;Donner&#8221; font_container=&#8221;tag:h3|text_align:center|color:%23ffffff&#8221;][\/vc_column][\/vc_row][vc_row el_id=&#8221;volunteer&#8221;][vc_column width=&#8221;1\/3&#8243;][vc_single_image image=&#8221;1689&#8243; img_size=&#8221;full&#8221; alignment=&#8221;center&#8221; onclick=&#8221;custom_link&#8221; img_link_target=&#8221;_blank&#8221; link=&#8221;https:\/\/andemos.peaceandhopeinternational.org\/&#8221;][\/vc_column][vc_column width=&#8221;2\/3&#8243;][vc_column_text]Paz y Esperanza propose un programme stimulant pour ses volontaires des pays \u00e9trangers (Etats-Unis, Europe, Asie, Afrique) baptise ANDEMOS. Des centaines de volontaires \u00e9trangers d\u2019universit\u00e9 comme Wheaton College, Pepperdine Univresity, Judson University ou autres ont investis du temps, court ou long, dans nos locaux. Pour plus d\u2019information et d\u2019opportunit\u00e9s de volontariat international visitez le site web:\u00a0<a href=\"https:\/\/andemos.peaceandhopeinternational.org\/\">https:\/\/andemos.peaceandhopeinternational.org\/<\/a>[\/vc_column_text][vc_btn title=&#8221;Visitez le site web&#8221; style=&#8221;flat&#8221; shape=&#8221;round&#8221; color=&#8221;green&#8221; align=&#8221;left&#8221; link=&#8221;url:https%3A%2F%2Fandemos.peaceandhopeinternational.org%2F||target:%20_blank|&#8221;][\/vc_column][\/vc_row][vc_row full_width=&#8221;stretch_row&#8221; el_id=&#8221;informed&#8221; css=&#8221;.vc_custom_1504032508201{background-color: #f6f6f6 !important;}&#8221;][vc_column width=&#8221;1\/3&#8243;][vc_single_image image=&#8221;1578&#8243; img_size=&#8221;full&#8221; alignment=&#8221;center&#8221; onclick=&#8221;custom_link&#8221; img_link_target=&#8221;_blank&#8221; link=&#8221;http:\/\/institutopaz.net\/&#8221;][\/vc_column][vc_column width=&#8221;2\/3&#8243;][vc_column_text]<strong>Instituto Paz y Esperanza<\/strong>\u00a0(IPE) iest une instance de recherche et de formation de la fraternit\u00e9 des organisations de Paz y Esperanza, dont le but est la formation acad\u00e9mique, la recherche, la production d\u2019espaces de dialogue et de publication autour des th\u00e8mes et des exp\u00e9riences en lien avec la mission int\u00e9grale pour le d\u00e9veloppement, l\u2019\u00e9thique chr\u00e9tienne pour la dignit\u00e9 humaine, la culture de la paix pour la justice et pour les droits de l\u2019Homme.<\/p>\n<p>In IPE most of our publications were written in Spanish, here you find some publications in English:<\/p>\n<ul>\n<li><a href=\"http:\/\/institutopaz.net\/recursos\/how-to-face-disasters-bible-studies\">How to face disasters &#8211; Serie of Bible Studies<\/a><\/li>\n<li><a href=\"http:\/\/institutopaz.net\/recursos\/within-the-four-walls-evangelicals-and-domestic-violence-in-peru-eng\">Within four walls &#8211; Evangelicals and domestic violence in Peru (Summary)<\/a><\/li>\n<li><a href=\"http:\/\/institutopaz.net\/recursos\/within-the-four-walls-evangelicals-and-domestic-violence-in-peru\">Within four walls &#8211; Evangelicals and domestic violence in Peru (Abreviated version)<\/a><\/li>\n<li><a href=\"http:\/\/institutopaz.net\/recursos\/within-the-four-walls-evangelicals-and-domestic-violence-in-ecuador\">Within four walls &#8211; Evangelicals and domestic violence in Ecuador (Abreviated version)<\/a><\/li>\n<li><a href=\"http:\/\/institutopaz.net\/sistema\/data\/files\/folleto_infografia_argentina-ing.pdf\">Within four walls &#8211; Evangelicals and domestic violence in Cordova, Argentina (Summary)<\/a><\/li>\n<\/ul>\n<p>[\/vc_column_text][vc_btn title=&#8221;Visit website&#8221; style=&#8221;flat&#8221; shape=&#8221;round&#8221; color=&#8221;green&#8221; align=&#8221;left&#8221; link=&#8221;url:http%3A%2F%2Finstitutopaz.net%2F||target:%20_blank|&#8221;][\/vc_column][\/vc_row][vc_row full_width=&#8221;stretch_row&#8221; parallax=&#8221;content-moving&#8221; parallax_image=&#8221;1216&#8243; el_id=&#8221;donate&#8221;][vc_column width=&#8221;1\/3&#8243;][\/vc_column][vc_column width=&#8221;1\/3&#8243;][\/vc_column][vc_column width=&#8221;1\/3&#8243; css=&#8221;.vc_custom_1479306860227{margin-top: 40px !important;margin-bottom: 40px !important;background-color: #ffffff !important;}&#8221;][vc_column_text]<\/p>\n<h1>Donner<\/h1>\n<p>Les dons des personnes, fondations et des Eglises sont vitales afin de r\u00e9aliser nos divers programmes et projets. Nous vous encourageons \u00e0 prendre contact avec notre bureau national pour tout don en nature ou en esp\u00e8ces.[\/vc_column_text][vc_btn title=&#8221;Make an online donation&#8221; style=&#8221;flat&#8221; shape=&#8221;round&#8221; color=&#8221;green&#8221; size=&#8221;lg&#8221; align=&#8221;center&#8221; button_block=&#8221;true&#8221; link=&#8221;||target:%20_blank|&#8221;][\/vc_column][\/vc_row][vc_row][vc_column][vc_column_text]<\/p>\n<h2><strong>Mail a Cheque or Charity Voucher:<\/strong><\/h2>\n<p>Please make your cheque or voucher payable to Paz y Esperanza France and send it to:[\/vc_column_text][\/vc_column][\/vc_row][vc_row][vc_column][vc_column_text]<em>Paz y Esperanza France\u00a0<\/em>[\/vc_column_text][\/vc_column][\/vc_row]<\/p>\n","protected":false},"excerpt":{"rendered":"[vc_row full_width=&#8221;stretch_row_content&#8221; el_class=&#8221;green-blocks&#8221; css=&#8221;.vc_custom_1480615728564{margin-top: -60px !important;margin-bottom: 50px !important;padding-top: 0px !important;}&#8221;][vc_column width=&#8221;1\/4&#8243; css=&#8221;.vc_custom_1480615369160{background-color: #21c38c !important;}&#8221;][vc_icon icon_fontawesome=&#8221;fa fa-users&#8221; color=&#8221;custom&#8221; background_style=&#8221;rounded&#8221; background_color=&#8221;white&#8221; size=&#8221;xl&#8221; align=&#8221;center&#8221; custom_color=&#8221;#21c38c&#8221; link=&#8221;url:%23volunteer|||&#8221;][vc_custom_heading text=&#8221;Volontariat&#8221; font_container=&#8221;tag:h3|text_align:center|color:%23ffffff&#8221; link=&#8221;url:%23volunteer|||&#8221;][\/vc_column][vc_column width=&#8221;1\/4&#8243; css=&#8221;.vc_custom_1504032147399{background-color: #13a457 !important;}&#8221;][vc_icon icon_fontawesome=&#8221;fa fa-newspaper-o&#8221; color=&#8221;custom&#8221; background_style=&#8221;rounded&#8221; background_color=&#8221;white&#8221; size=&#8221;xl&#8221; align=&#8221;center&#8221; custom_color=&#8221;#13a457&#8243; link=&#8221;url:%23volunteer|||&#8221;][vc_custom_heading text=&#8221;En savoir plus&#8221; font_container=&#8221;tag:h3|text_align:center|color:%23ffffff&#8221; link=&#8221;url:%23informed|||&#8221;][\/vc_column][vc_column width=&#8221;1\/4&#8243; css=&#8221;.vc_custom_1480615565324{background-color: #007233 !important;}&#8221;][vc_icon icon_fontawesome=&#8221;fa fa-heart&#8221; color=&#8221;custom&#8221; background_style=&#8221;rounded&#8221; background_color=&#8221;white&#8221; size=&#8221;xl&#8221; align=&#8221;center&#8221; custom_color=&#8221;#007233&#8243; link=&#8221;|||&#8221;][vc_custom_heading text=&#8221;La pri\u00e8re&#8221; font_container=&#8221;tag:h3|text_align:center|color:%23ffffff&#8221; link=&#8221;|||&#8221;][\/vc_column][vc_column width=&#8221;1\/4&#8243; css=&#8221;.vc_custom_1504032120383{background-color: #005416 !important;}&#8221;][vc_icon icon_fontawesome=&#8221;fa fa-money&#8221; color=&#8221;custom&#8221; background_style=&#8221;rounded&#8221; background_color=&#8221;white&#8221; size=&#8221;xl&#8221; align=&#8221;center&#8221; custom_color=&#8221;#005416&#8243; link=&#8221;url:%23donate|||&#8221;][vc_custom_heading text=&#8221;Donner&#8221; font_container=&#8221;tag:h3|text_align:center|color:%23ffffff&#8221;][\/vc_column][\/vc_row][vc_row el_id=&#8221;volunteer&#8221;][vc_column width=&#8221;1\/3&#8243;][vc_single_image image=&#8221;1689&#8243; img_size=&#8221;full&#8221; alignment=&#8221;center&#8221; onclick=&#8221;custom_link&#8221; img_link_target=&#8221;_blank&#8221; link=&#8221;https:\/\/andemos.peaceandhopeinternational.org\/&#8221;][\/vc_column][vc_column width=&#8221;2\/3&#8243;][vc_column_text]Paz y Esperanza propose un programme stimulant pour ses volontaires des pays \u00e9trangers (Etats-Unis, Europe, Asie, Afrique) baptise ANDEMOS. Des centaines de volontaires \u00e9trangers d\u2019universit\u00e9 comme Wheaton College, Pepperdine Univresity, Judson University ou autres ont investis du temps, court ou long, dans nos locaux. Pour plus d\u2019information et d\u2019opportunit\u00e9s de volontariat international visitez le site web:\u00a0https:\/\/andemos.peaceandhopeinternational.org\/[\/vc_column_text][vc_btn title=&#8221;Visitez le site web&#8221; style=&#8221;flat&#8221; shape=&#8221;round&#8221; color=&#8221;green&#8221; align=&#8221;left&#8221; link=&#8221;url:https%3A%2F%2Fandemos.peaceandhopeinternational.org%2F||target:%20_blank|&#8221;][\/vc_column][\/vc_row][vc_row full_width=&#8221;stretch_row&#8221; el_id=&#8221;informed&#8221; css=&#8221;.vc_custom_1504032508201{background-color: #f6f6f6 !important;}&#8221;][vc_column width=&#8221;1\/3&#8243;][vc_single_image image=&#8221;1578&#8243; img_size=&#8221;full&#8221; alignment=&#8221;center&#8221; onclick=&#8221;custom_link&#8221; img_link_target=&#8221;_blank&#8221; link=&#8221;http:\/\/institutopaz.net\/&#8221;][\/vc_column][vc_column width=&#8221;2\/3&#8243;][vc_column_text]Instituto Paz y Esperanza\u00a0(IPE) iest une instance de recherche et de formation de la fraternit\u00e9 des organisations de Paz y Esperanza, dont le but est la formation acad\u00e9mique, la recherche, la production d\u2019espaces de dialogue et de publication autour des th\u00e8mes et des exp\u00e9riences en lien avec la mission int\u00e9grale pour le d\u00e9veloppement, l\u2019\u00e9thique chr\u00e9tienne pour la dignit\u00e9 humaine, la culture de la paix pour la justice et pour les droits de l\u2019Homme. In IPE most of our publications were written in Spanish, here you find some publications in English: How to face disasters &#8211; Serie of Bible Studies Within four walls &#8211; Evangelicals and domestic violence in Peru (Summary) Within four walls &#8211; Evangelicals and domestic violence in Peru (Abreviated version) Within four walls &#8211; Evangelicals and domestic violence in Ecuador (Abreviated version) Within four walls &#8211; Evangelicals and domestic violence in Cordova, Argentina (Summary) [\/vc_column_text][vc_btn title=&#8221;Visit website&#8221; style=&#8221;flat&#8221; shape=&#8221;round&#8221; color=&#8221;green&#8221; align=&#8221;left&#8221; link=&#8221;url:http%3A%2F%2Finstitutopaz.net%2F||target:%20_blank|&#8221;][\/vc_column][\/vc_row][vc_row full_width=&#8221;stretch_row&#8221; parallax=&#8221;content-moving&#8221; parallax_image=&#8221;1216&#8243; el_id=&#8221;donate&#8221;][vc_column width=&#8221;1\/3&#8243;][\/vc_column][vc_column width=&#8221;1\/3&#8243;][\/vc_column][vc_column width=&#8221;1\/3&#8243; css=&#8221;.vc_custom_1479306860227{margin-top: 40px !important;margin-bottom: 40px !important;background-color: #ffffff !important;}&#8221;][vc_column_text] Donner Les dons des personnes, fondations et des Eglises sont vitales afin de r\u00e9aliser nos divers programmes et projets. Nous vous encourageons \u00e0 prendre contact avec notre bureau national pour tout don en nature ou en esp\u00e8ces.[\/vc_column_text][vc_btn title=&#8221;Make an online donation&#8221; style=&#8221;flat&#8221; shape=&#8221;round&#8221; color=&#8221;green&#8221; size=&#8221;lg&#8221; align=&#8221;center&#8221; button_block=&#8221;true&#8221; link=&#8221;||target:%20_blank|&#8221;][\/vc_column][\/vc_row][vc_row][vc_column][vc_column_text] Mail a Cheque or Charity Voucher: Please make your cheque or voucher payable to Paz y Esperanza France and send it to:[\/vc_column_text][\/vc_column][\/vc_row][vc_row][vc_column][vc_column_text]Paz y Esperanza France\u00a0[\/vc_column_text][\/vc_column][\/vc_row]","protected":false},"author":1,"featured_media":0,"parent":0,"menu_order":6,"comment_status":"closed","ping_status":"closed","template":"","meta":{"_monsterinsights_skip_tracking":false,"_monsterinsights_sitenote_active":false,"_monsterinsights_sitenote_note":"","_monsterinsights_sitenote_category":0,"footnotes":""},"class_list":["post-14","page","type-page","status-publish","hentry"],"yoast_head":"<!-- This site is optimized with the Yoast SEO plugin v16.3 - https:\/\/yoast.com\/wordpress\/plugins\/seo\/ -->\n<title>Participer - Paz y Esperanza France<\/title>\n<meta name=\"robots\" content=\"index, follow, max-snippet:-1, max-image-preview:large, max-video-preview:-1\" \/>\n<link rel=\"canonical\" href=\"https:\/\/www.pazyesperanza.org\/fr\/get-involved\/\" \/>\n<meta property=\"og:locale\" content=\"en_US\" \/>\n<meta property=\"og:type\" content=\"article\" \/>\n<meta property=\"og:title\" content=\"Participer - Paz y Esperanza France\" \/>\n<meta property=\"og:description\" content=\"[vc_row full_width=&#8221;stretch_row_content&#8221; el_class=&#8221;green-blocks&#8221; css=&#8221;.vc_custom_1480615728564{margin-top: -60px !important;margin-bottom: 50px !important;padding-top: 0px !important;}&#8221;][vc_column width=&#8221;1\/4&#8243; css=&#8221;.vc_custom_1480615369160{background-color: #21c38c !important;}&#8221;][vc_icon icon_fontawesome=&#8221;fa fa-users&#8221; color=&#8221;custom&#8221; background_style=&#8221;rounded&#8221; background_color=&#8221;white&#8221; size=&#8221;xl&#8221; align=&#8221;center&#8221; custom_color=&#8221;#21c38c&#8221; link=&#8221;url:%23volunteer|||&#8221;][vc_custom_heading text=&#8221;Volontariat&#8221; font_container=&#8221;tag:h3|text_align:center|color:%23ffffff&#8221; link=&#8221;url:%23volunteer|||&#8221;][\/vc_column][vc_column width=&#8221;1\/4&#8243; css=&#8221;.vc_custom_1504032147399{background-color: #13a457 !important;}&#8221;][vc_icon icon_fontawesome=&#8221;fa fa-newspaper-o&#8221; color=&#8221;custom&#8221; background_style=&#8221;rounded&#8221; background_color=&#8221;white&#8221; size=&#8221;xl&#8221; align=&#8221;center&#8221; custom_color=&#8221;#13a457&#8243; link=&#8221;url:%23volunteer|||&#8221;][vc_custom_heading text=&#8221;En savoir plus&#8221; font_container=&#8221;tag:h3|text_align:center|color:%23ffffff&#8221; link=&#8221;url:%23informed|||&#8221;][\/vc_column][vc_column width=&#8221;1\/4&#8243; css=&#8221;.vc_custom_1480615565324{background-color: #007233 !important;}&#8221;][vc_icon icon_fontawesome=&#8221;fa fa-heart&#8221; color=&#8221;custom&#8221; background_style=&#8221;rounded&#8221; background_color=&#8221;white&#8221; size=&#8221;xl&#8221; align=&#8221;center&#8221; custom_color=&#8221;#007233&#8243; link=&#8221;|||&#8221;][vc_custom_heading text=&#8221;La pri\u00e8re&#8221; font_container=&#8221;tag:h3|text_align:center|color:%23ffffff&#8221; link=&#8221;|||&#8221;][\/vc_column][vc_column width=&#8221;1\/4&#8243; css=&#8221;.vc_custom_1504032120383{background-color: #005416 !important;}&#8221;][vc_icon icon_fontawesome=&#8221;fa fa-money&#8221; color=&#8221;custom&#8221; background_style=&#8221;rounded&#8221; background_color=&#8221;white&#8221; size=&#8221;xl&#8221; align=&#8221;center&#8221; custom_color=&#8221;#005416&#8243; link=&#8221;url:%23donate|||&#8221;][vc_custom_heading text=&#8221;Donner&#8221; font_container=&#8221;tag:h3|text_align:center|color:%23ffffff&#8221;][\/vc_column][\/vc_row][vc_row el_id=&#8221;volunteer&#8221;][vc_column width=&#8221;1\/3&#8243;][vc_single_image image=&#8221;1689&#8243; img_size=&#8221;full&#8221; alignment=&#8221;center&#8221; onclick=&#8221;custom_link&#8221; img_link_target=&#8221;_blank&#8221; link=&#8221;https:\/\/andemos.peaceandhopeinternational.org\/&#8221;][\/vc_column][vc_column width=&#8221;2\/3&#8243;][vc_column_text]Paz y Esperanza propose un programme stimulant pour ses volontaires des pays \u00e9trangers (Etats-Unis, Europe, Asie, Afrique) baptise ANDEMOS. Des centaines de volontaires \u00e9trangers d\u2019universit\u00e9 comme Wheaton College, Pepperdine Univresity, Judson University ou autres ont investis du temps, court ou long, dans nos locaux. Pour plus d\u2019information et d\u2019opportunit\u00e9s de volontariat international visitez le site web:\u00a0https:\/\/andemos.peaceandhopeinternational.org\/[\/vc_column_text][vc_btn title=&#8221;Visitez le site web&#8221; style=&#8221;flat&#8221; shape=&#8221;round&#8221; color=&#8221;green&#8221; align=&#8221;left&#8221; link=&#8221;url:https%3A%2F%2Fandemos.peaceandhopeinternational.org%2F||target:%20_blank|&#8221;][\/vc_column][\/vc_row][vc_row full_width=&#8221;stretch_row&#8221; el_id=&#8221;informed&#8221; css=&#8221;.vc_custom_1504032508201{background-color: #f6f6f6 !important;}&#8221;][vc_column width=&#8221;1\/3&#8243;][vc_single_image image=&#8221;1578&#8243; img_size=&#8221;full&#8221; alignment=&#8221;center&#8221; onclick=&#8221;custom_link&#8221; img_link_target=&#8221;_blank&#8221; link=&#8221;http:\/\/institutopaz.net\/&#8221;][\/vc_column][vc_column width=&#8221;2\/3&#8243;][vc_column_text]Instituto Paz y Esperanza\u00a0(IPE) iest une instance de recherche et de formation de la fraternit\u00e9 des organisations de Paz y Esperanza, dont le but est la formation acad\u00e9mique, la recherche, la production d\u2019espaces de dialogue et de publication autour des th\u00e8mes et des exp\u00e9riences en lien avec la mission int\u00e9grale pour le d\u00e9veloppement, l\u2019\u00e9thique chr\u00e9tienne pour la dignit\u00e9 humaine, la culture de la paix pour la justice et pour les droits de l\u2019Homme. In IPE most of our publications were written in Spanish, here you find some publications in English: How to face disasters &#8211; Serie of Bible Studies Within four walls &#8211; Evangelicals and domestic violence in Peru (Summary) Within four walls &#8211; Evangelicals and domestic violence in Peru (Abreviated version) Within four walls &#8211; Evangelicals and domestic violence in Ecuador (Abreviated version) Within four walls &#8211; Evangelicals and domestic violence in Cordova, Argentina (Summary) [\/vc_column_text][vc_btn title=&#8221;Visit website&#8221; style=&#8221;flat&#8221; shape=&#8221;round&#8221; color=&#8221;green&#8221; align=&#8221;left&#8221; link=&#8221;url:http%3A%2F%2Finstitutopaz.net%2F||target:%20_blank|&#8221;][\/vc_column][\/vc_row][vc_row full_width=&#8221;stretch_row&#8221; parallax=&#8221;content-moving&#8221; parallax_image=&#8221;1216&#8243; el_id=&#8221;donate&#8221;][vc_column width=&#8221;1\/3&#8243;][\/vc_column][vc_column width=&#8221;1\/3&#8243;][\/vc_column][vc_column width=&#8221;1\/3&#8243; css=&#8221;.vc_custom_1479306860227{margin-top: 40px !important;margin-bottom: 40px !important;background-color: #ffffff !important;}&#8221;][vc_column_text] Donner Les dons des personnes, fondations et des Eglises sont vitales afin de r\u00e9aliser nos divers programmes et projets. Nous vous encourageons \u00e0 prendre contact avec notre bureau national pour tout don en nature ou en esp\u00e8ces.[\/vc_column_text][vc_btn title=&#8221;Make an online donation&#8221; style=&#8221;flat&#8221; shape=&#8221;round&#8221; color=&#8221;green&#8221; size=&#8221;lg&#8221; align=&#8221;center&#8221; button_block=&#8221;true&#8221; link=&#8221;||target:%20_blank|&#8221;][\/vc_column][\/vc_row][vc_row][vc_column][vc_column_text] Mail a Cheque or Charity Voucher: Please make your cheque or voucher payable to Paz y Esperanza France and send it to:[\/vc_column_text][\/vc_column][\/vc_row][vc_row][vc_column][vc_column_text]Paz y Esperanza France\u00a0[\/vc_column_text][\/vc_column][\/vc_row]\" \/>\n<meta property=\"og:url\" content=\"https:\/\/www.pazyesperanza.org\/fr\/get-involved\/\" \/>\n<meta property=\"og:site_name\" content=\"Paz y Esperanza France\" \/>\n<meta property=\"article:modified_time\" content=\"2024-10-01T18:56:15+00:00\" \/>\n<meta name=\"twitter:card\" content=\"summary_large_image\" \/>\n<meta name=\"twitter:label1\" content=\"Est. reading time\">\n\t<meta name=\"twitter:data1\" content=\"4 minutes\">\n<script type=\"application\/ld+json\" class=\"yoast-schema-graph\">{\"@context\":\"https:\/\/schema.org\",\"@graph\":[{\"@type\":\"WebSite\",\"@id\":\"https:\/\/www.pazyesperanza.org\/fr\/#website\",\"url\":\"https:\/\/www.pazyesperanza.org\/fr\/\",\"name\":\"Paz y Esperanza France\",\"description\":\"Passionate about justice\",\"potentialAction\":[{\"@type\":\"SearchAction\",\"target\":\"https:\/\/www.pazyesperanza.org\/fr\/?s={search_term_string}\",\"query-input\":\"required name=search_term_string\"}],\"inLanguage\":\"en-US\"},{\"@type\":\"WebPage\",\"@id\":\"https:\/\/www.pazyesperanza.org\/fr\/get-involved\/#webpage\",\"url\":\"https:\/\/www.pazyesperanza.org\/fr\/get-involved\/\",\"name\":\"Participer - Paz y Esperanza France\",\"isPartOf\":{\"@id\":\"https:\/\/www.pazyesperanza.org\/fr\/#website\"},\"datePublished\":\"2016-10-24T14:55:19+00:00\",\"dateModified\":\"2024-10-01T18:56:15+00:00\",\"breadcrumb\":{\"@id\":\"https:\/\/www.pazyesperanza.org\/fr\/get-involved\/#breadcrumb\"},\"inLanguage\":\"en-US\",\"potentialAction\":[{\"@type\":\"ReadAction\",\"target\":[\"https:\/\/www.pazyesperanza.org\/fr\/get-involved\/\"]}]},{\"@type\":\"BreadcrumbList\",\"@id\":\"https:\/\/www.pazyesperanza.org\/fr\/get-involved\/#breadcrumb\",\"itemListElement\":[{\"@type\":\"ListItem\",\"position\":1,\"item\":{\"@type\":\"WebPage\",\"@id\":\"https:\/\/www.pazyesperanza.org\/fr\/\",\"url\":\"https:\/\/www.pazyesperanza.org\/fr\/\",\"name\":\"Portada\"}},{\"@type\":\"ListItem\",\"position\":2,\"item\":{\"@id\":\"https:\/\/www.pazyesperanza.org\/fr\/get-involved\/#webpage\"}}]}]}<\/script>\n<!-- \/ Yoast SEO plugin. -->","_links":{"self":[{"href":"https:\/\/www.pazyesperanza.org\/fr\/wp-json\/wp\/v2\/pages\/14","targetHints":{"allow":["GET"]}}],"collection":[{"href":"https:\/\/www.pazyesperanza.org\/fr\/wp-json\/wp\/v2\/pages"}],"about":[{"href":"https:\/\/www.pazyesperanza.org\/fr\/wp-json\/wp\/v2\/types\/page"}],"author":[{"embeddable":true,"href":"https:\/\/www.pazyesperanza.org\/fr\/wp-json\/wp\/v2\/users\/1"}],"replies":[{"embeddable":true,"href":"https:\/\/www.pazyesperanza.org\/fr\/wp-json\/wp\/v2\/comments?post=14"}],"version-history":[{"count":30,"href":"https:\/\/www.pazyesperanza.org\/fr\/wp-json\/wp\/v2\/pages\/14\/revisions"}],"predecessor-version":[{"id":1690,"href":"https:\/\/www.pazyesperanza.org\/fr\/wp-json\/wp\/v2\/pages\/14\/revisions\/1690"}],"wp:attachment":[{"href":"https:\/\/www.pazyesperanza.org\/fr\/wp-json\/wp\/v2\/media?parent=14"}],"curies":[{"name":"wp","href":"https:\/\/api.w.org\/{rel}","templated":true}]}}