{"id":2247,"date":"2022-10-03T17:04:54","date_gmt":"2022-10-03T22:04:54","guid":{"rendered":"https:\/\/www.pazyesperanza.org\/ec\/?page_id=2247"},"modified":"2022-11-10T15:54:28","modified_gmt":"2022-11-10T20:54:28","slug":"corre-por-la-justicia-iii-edicion","status":"publish","type":"page","link":"https:\/\/www.pazyesperanza.org\/ec\/participar\/corre-por-la-justicia-iii-edicion\/","title":{"rendered":"Corre por la Justicia III Edici\u00f3n"},"content":{"rendered":"<p>[vc_row][vc_column][vc_column_text]<\/p>\n<p style=\"text-align: center\"><span style=\"font-size: 18pt\"><em><strong>\u00a1Gracias por tu inter\u00e9s en Corre por la Justicia III Edici\u00f3n! <\/strong><\/em><\/span><\/p>\n<p><b><i><img loading=\"lazy\" decoding=\"async\" class=\"wp-image-2249 size-medium aligncenter\" src=\"https:\/\/www.pazyesperanza.org\/ec\/wp-content\/uploads\/sites\/6\/2022\/10\/Corre-300x289.png\" alt=\"\" width=\"300\" height=\"289\" srcset=\"https:\/\/www.pazyesperanza.org\/ec\/wp-content\/uploads\/sites\/6\/2022\/10\/Corre-300x289.png 300w, https:\/\/www.pazyesperanza.org\/ec\/wp-content\/uploads\/sites\/6\/2022\/10\/Corre-768x741.png 768w, https:\/\/www.pazyesperanza.org\/ec\/wp-content\/uploads\/sites\/6\/2022\/10\/Corre.png 814w\" sizes=\"auto, (max-width: 300px) 100vw, 300px\" \/><\/i><\/b><\/p>\n<p style=\"text-align: center\">D\u00eda: el s\u00e1bado 10 de diciembre de 2022<\/p>\n<p style=\"text-align: center\">Hora:\u00a0 08:30 am a 12:00 pm<\/p>\n<p style=\"text-align: center\"><span style=\"font-size: 18pt\"><strong><a href=\"https:\/\/www.pazyesperanza.org\/ec\/2022\/10\/03\/informacion-corre-justicia-iii\/\" target=\"_blank\" rel=\"noopener\">Da clic aqu\u00ed para la informaci\u00f3n de la carrera. <\/a><\/strong><\/span><\/p>\n<p style=\"text-align: center\">Haz clic abajo para registrarte como un corredor o <b>un grupo de corredores <\/b>(familia\/iglesia\/organizaci\u00f3n), o para registrarte como un patrocinador.<\/p>\n<p>[\/vc_column_text][\/vc_column][\/vc_row][vc_row][vc_column width=&#8221;1\/3&#8243;][vc_btn title=&#8221;Quiero registrarme&#8221; style=&#8221;flat&#8221; shape=&#8221;round&#8221; color=&#8221;green&#8221; size=&#8221;lg&#8221; link=&#8221;url:https%3A%2F%2Fdocs.google.com%2Fforms%2Fd%2Fe%2F1FAIpQLSfq93JmNOGy5kwqiIzzE3WQ2_a0h-Y2yb18kATBinlXpLQRSw%2Fviewform%3Fusp%3Dsharing||target:%20_blank|&#8221;][\/vc_column][vc_column width=&#8221;1\/3&#8243;][vc_btn title=&#8221;QUIERO REGISTRAR UN GRUPO&#8221; style=&#8221;flat&#8221; shape=&#8221;round&#8221; color=&#8221;inverse&#8221; size=&#8221;lg&#8221; link=&#8221;url:https%3A%2F%2Fdocs.google.com%2Fforms%2Fd%2Fe%2F1FAIpQLSdc7M8vghu6TZEX6hyepNvgEqi1CPfhotFhiPjz63x6WFqa4w%2Fviewform%3Fusp%3Dsharing||target:%20_blank|&#8221;][\/vc_column][vc_column width=&#8221;1\/3&#8243;][vc_btn title=&#8221;Quiero patrocinar a un corredor\/a&#8221; style=&#8221;flat&#8221; shape=&#8221;round&#8221; color=&#8221;green&#8221; size=&#8221;lg&#8221; link=&#8221;url:https%3A%2F%2Fdocs.google.com%2Fforms%2Fd%2Fe%2F1FAIpQLSdmcf_DwpiBfHcsjlz0rR6qHlBdwwmUyCCjwwtBoYGDleJ_4Q%2Fviewform%3Fusp%3Dsharing||target:%20_blank|&#8221;][\/vc_column][\/vc_row][vc_row][vc_column][vc_column_text]<\/p>\n<p style=\"text-align: center\">Si quieres saber m\u00e1s sobre<strong> como promocionar o ser auspiciante de la carrera<\/strong><br \/>\nescr\u00edbanos por correo: ecuador@pazyesperanza.org; correporlajusticia@gmail.com; o al whatsapp: +593 985800098<\/p>\n<p style=\"text-align: center\">Tambi\u00e9n puedes hacer una <a href=\"https:\/\/www.pazyesperanza.org\/ec\/donar\/\">donaci\u00f3n directamente al proyecto<\/a>. <em>(Por favor env\u00edanos una captura de su donaci\u00f3n indicando que es a favor de la carrera: +593 985800098)<\/em><\/p>\n<p>[\/vc_column_text][\/vc_column][\/vc_row][vc_row][vc_column][vc_column_text]<img loading=\"lazy\" decoding=\"async\" width=\"1640\" height=\"924\" class=\"alignnone size-full wp-image-2290 aligncenter\" src=\"https:\/\/www.pazyesperanza.org\/ec\/wp-content\/uploads\/sites\/6\/2022\/11\/Corre-por-la-justicia-Logo-Banner-para-Google-Formularios.png\" alt=\"\" srcset=\"https:\/\/www.pazyesperanza.org\/ec\/wp-content\/uploads\/sites\/6\/2022\/11\/Corre-por-la-justicia-Logo-Banner-para-Google-Formularios.png 1640w, https:\/\/www.pazyesperanza.org\/ec\/wp-content\/uploads\/sites\/6\/2022\/11\/Corre-por-la-justicia-Logo-Banner-para-Google-Formularios-300x169.png 300w, https:\/\/www.pazyesperanza.org\/ec\/wp-content\/uploads\/sites\/6\/2022\/11\/Corre-por-la-justicia-Logo-Banner-para-Google-Formularios-1024x577.png 1024w, https:\/\/www.pazyesperanza.org\/ec\/wp-content\/uploads\/sites\/6\/2022\/11\/Corre-por-la-justicia-Logo-Banner-para-Google-Formularios-768x433.png 768w, https:\/\/www.pazyesperanza.org\/ec\/wp-content\/uploads\/sites\/6\/2022\/11\/Corre-por-la-justicia-Logo-Banner-para-Google-Formularios-1536x865.png 1536w, https:\/\/www.pazyesperanza.org\/ec\/wp-content\/uploads\/sites\/6\/2022\/11\/Corre-por-la-justicia-Logo-Banner-para-Google-Formularios-958x540.png 958w\" sizes=\"auto, (max-width: 1640px) 100vw, 1640px\" \/>[\/vc_column_text][\/vc_column][\/vc_row]<\/p>\n","protected":false},"excerpt":{"rendered":"[vc_row][vc_column][vc_column_text] \u00a1Gracias por tu inter\u00e9s en Corre por la Justicia III Edici\u00f3n! D\u00eda: el s\u00e1bado 10 de diciembre de 2022 Hora:\u00a0 08:30 am a 12:00 pm Da clic aqu\u00ed para la informaci\u00f3n de la carrera. Haz clic abajo para registrarte como un corredor o un grupo de corredores (familia\/iglesia\/organizaci\u00f3n), o para registrarte como un patrocinador. [\/vc_column_text][\/vc_column][\/vc_row][vc_row][vc_column width=&#8221;1\/3&#8243;][vc_btn title=&#8221;Quiero registrarme&#8221; style=&#8221;flat&#8221; shape=&#8221;round&#8221; color=&#8221;green&#8221; size=&#8221;lg&#8221; link=&#8221;url:https%3A%2F%2Fdocs.google.com%2Fforms%2Fd%2Fe%2F1FAIpQLSfq93JmNOGy5kwqiIzzE3WQ2_a0h-Y2yb18kATBinlXpLQRSw%2Fviewform%3Fusp%3Dsharing||target:%20_blank|&#8221;][\/vc_column][vc_column width=&#8221;1\/3&#8243;][vc_btn title=&#8221;QUIERO REGISTRAR UN GRUPO&#8221; style=&#8221;flat&#8221; shape=&#8221;round&#8221; color=&#8221;inverse&#8221; size=&#8221;lg&#8221; link=&#8221;url:https%3A%2F%2Fdocs.google.com%2Fforms%2Fd%2Fe%2F1FAIpQLSdc7M8vghu6TZEX6hyepNvgEqi1CPfhotFhiPjz63x6WFqa4w%2Fviewform%3Fusp%3Dsharing||target:%20_blank|&#8221;][\/vc_column][vc_column width=&#8221;1\/3&#8243;][vc_btn title=&#8221;Quiero patrocinar a un corredor\/a&#8221; style=&#8221;flat&#8221; shape=&#8221;round&#8221; color=&#8221;green&#8221; size=&#8221;lg&#8221; link=&#8221;url:https%3A%2F%2Fdocs.google.com%2Fforms%2Fd%2Fe%2F1FAIpQLSdmcf_DwpiBfHcsjlz0rR6qHlBdwwmUyCCjwwtBoYGDleJ_4Q%2Fviewform%3Fusp%3Dsharing||target:%20_blank|&#8221;][\/vc_column][\/vc_row][vc_row][vc_column][vc_column_text] Si quieres saber m\u00e1s sobre como promocionar o ser auspiciante de la carrera escr\u00edbanos por correo: ecuador@pazyesperanza.org; correporlajusticia@gmail.com; o al whatsapp: +593 985800098 Tambi\u00e9n puedes hacer una donaci\u00f3n directamente al proyecto. (Por favor env\u00edanos una captura de su donaci\u00f3n indicando que es a favor de la carrera: +593 985800098) [\/vc_column_text][\/vc_column][\/vc_row][vc_row][vc_column][vc_column_text][\/vc_column_text][\/vc_column][\/vc_row]","protected":false},"author":13,"featured_media":2249,"parent":14,"menu_order":1,"comment_status":"closed","ping_status":"closed","template":"","meta":{"_monsterinsights_skip_tracking":false,"_monsterinsights_sitenote_active":false,"_monsterinsights_sitenote_note":"","_monsterinsights_sitenote_category":0,"footnotes":""},"class_list":["post-2247","page","type-page","status-publish","has-post-thumbnail","hentry"],"yoast_head":"<!-- This site is optimized with the Yoast SEO plugin v16.3 - https:\/\/yoast.com\/wordpress\/plugins\/seo\/ -->\n<title>Corre por la Justicia III Edici\u00f3n - Paz y Esperanza Ecuador<\/title>\n<meta name=\"robots\" content=\"index, follow, max-snippet:-1, max-image-preview:large, max-video-preview:-1\" \/>\n<link rel=\"canonical\" href=\"https:\/\/www.pazyesperanza.org\/ec\/participar\/corre-por-la-justicia-iii-edicion\/\" \/>\n<meta property=\"og:locale\" content=\"en_US\" \/>\n<meta property=\"og:type\" content=\"article\" \/>\n<meta property=\"og:title\" content=\"Corre por la Justicia III Edici\u00f3n - Paz y Esperanza Ecuador\" \/>\n<meta property=\"og:description\" content=\"[vc_row][vc_column][vc_column_text] \u00a1Gracias por tu inter\u00e9s en Corre por la Justicia III Edici\u00f3n! D\u00eda: el s\u00e1bado 10 de diciembre de 2022 Hora:\u00a0 08:30 am a 12:00 pm Da clic aqu\u00ed para la informaci\u00f3n de la carrera. Haz clic abajo para registrarte como un corredor o un grupo de corredores (familia\/iglesia\/organizaci\u00f3n), o para registrarte como un patrocinador. [\/vc_column_text][\/vc_column][\/vc_row][vc_row][vc_column width=&#8221;1\/3&#8243;][vc_btn title=&#8221;Quiero registrarme&#8221; style=&#8221;flat&#8221; shape=&#8221;round&#8221; color=&#8221;green&#8221; size=&#8221;lg&#8221; link=&#8221;url:https%3A%2F%2Fdocs.google.com%2Fforms%2Fd%2Fe%2F1FAIpQLSfq93JmNOGy5kwqiIzzE3WQ2_a0h-Y2yb18kATBinlXpLQRSw%2Fviewform%3Fusp%3Dsharing||target:%20_blank|&#8221;][\/vc_column][vc_column width=&#8221;1\/3&#8243;][vc_btn title=&#8221;QUIERO REGISTRAR UN GRUPO&#8221; style=&#8221;flat&#8221; shape=&#8221;round&#8221; color=&#8221;inverse&#8221; size=&#8221;lg&#8221; link=&#8221;url:https%3A%2F%2Fdocs.google.com%2Fforms%2Fd%2Fe%2F1FAIpQLSdc7M8vghu6TZEX6hyepNvgEqi1CPfhotFhiPjz63x6WFqa4w%2Fviewform%3Fusp%3Dsharing||target:%20_blank|&#8221;][\/vc_column][vc_column width=&#8221;1\/3&#8243;][vc_btn title=&#8221;Quiero patrocinar a un corredor\/a&#8221; style=&#8221;flat&#8221; shape=&#8221;round&#8221; color=&#8221;green&#8221; size=&#8221;lg&#8221; link=&#8221;url:https%3A%2F%2Fdocs.google.com%2Fforms%2Fd%2Fe%2F1FAIpQLSdmcf_DwpiBfHcsjlz0rR6qHlBdwwmUyCCjwwtBoYGDleJ_4Q%2Fviewform%3Fusp%3Dsharing||target:%20_blank|&#8221;][\/vc_column][\/vc_row][vc_row][vc_column][vc_column_text] Si quieres saber m\u00e1s sobre como promocionar o ser auspiciante de la carrera escr\u00edbanos por correo: ecuador@pazyesperanza.org; correporlajusticia@gmail.com; o al whatsapp: +593 985800098 Tambi\u00e9n puedes hacer una donaci\u00f3n directamente al proyecto. (Por favor env\u00edanos una captura de su donaci\u00f3n indicando que es a favor de la carrera: +593 985800098) [\/vc_column_text][\/vc_column][\/vc_row][vc_row][vc_column][vc_column_text][\/vc_column_text][\/vc_column][\/vc_row]\" \/>\n<meta property=\"og:url\" content=\"https:\/\/www.pazyesperanza.org\/ec\/participar\/corre-por-la-justicia-iii-edicion\/\" \/>\n<meta property=\"og:site_name\" content=\"Paz y Esperanza Ecuador\" \/>\n<meta property=\"article:modified_time\" content=\"2022-11-10T20:54:28+00:00\" \/>\n<meta property=\"og:image\" content=\"https:\/\/www.pazyesperanza.org\/ec\/wp-content\/uploads\/sites\/6\/2022\/10\/Corre.png\" \/>\n\t<meta property=\"og:image:width\" content=\"814\" \/>\n\t<meta property=\"og:image:height\" content=\"785\" \/>\n<meta name=\"twitter:card\" content=\"summary_large_image\" \/>\n<meta name=\"twitter:label1\" content=\"Est. reading time\">\n\t<meta name=\"twitter:data1\" content=\"1 minute\">\n<script type=\"application\/ld+json\" class=\"yoast-schema-graph\">{\"@context\":\"https:\/\/schema.org\",\"@graph\":[{\"@type\":\"WebSite\",\"@id\":\"https:\/\/www.pazyesperanza.org\/ec\/#website\",\"url\":\"https:\/\/www.pazyesperanza.org\/ec\/\",\"name\":\"Paz y Esperanza Ecuador\",\"description\":\"Apasionados por la justicia\",\"potentialAction\":[{\"@type\":\"SearchAction\",\"target\":\"https:\/\/www.pazyesperanza.org\/ec\/?s={search_term_string}\",\"query-input\":\"required name=search_term_string\"}],\"inLanguage\":\"en-US\"},{\"@type\":\"ImageObject\",\"@id\":\"https:\/\/www.pazyesperanza.org\/ec\/participar\/corre-por-la-justicia-iii-edicion\/#primaryimage\",\"inLanguage\":\"en-US\",\"url\":\"https:\/\/www.pazyesperanza.org\/ec\/wp-content\/uploads\/sites\/6\/2022\/10\/Corre.png\",\"contentUrl\":\"https:\/\/www.pazyesperanza.org\/ec\/wp-content\/uploads\/sites\/6\/2022\/10\/Corre.png\",\"width\":814,\"height\":785},{\"@type\":\"WebPage\",\"@id\":\"https:\/\/www.pazyesperanza.org\/ec\/participar\/corre-por-la-justicia-iii-edicion\/#webpage\",\"url\":\"https:\/\/www.pazyesperanza.org\/ec\/participar\/corre-por-la-justicia-iii-edicion\/\",\"name\":\"Corre por la Justicia III Edici\\u00f3n - Paz y Esperanza Ecuador\",\"isPartOf\":{\"@id\":\"https:\/\/www.pazyesperanza.org\/ec\/#website\"},\"primaryImageOfPage\":{\"@id\":\"https:\/\/www.pazyesperanza.org\/ec\/participar\/corre-por-la-justicia-iii-edicion\/#primaryimage\"},\"datePublished\":\"2022-10-03T22:04:54+00:00\",\"dateModified\":\"2022-11-10T20:54:28+00:00\",\"breadcrumb\":{\"@id\":\"https:\/\/www.pazyesperanza.org\/ec\/participar\/corre-por-la-justicia-iii-edicion\/#breadcrumb\"},\"inLanguage\":\"en-US\",\"potentialAction\":[{\"@type\":\"ReadAction\",\"target\":[\"https:\/\/www.pazyesperanza.org\/ec\/participar\/corre-por-la-justicia-iii-edicion\/\"]}]},{\"@type\":\"BreadcrumbList\",\"@id\":\"https:\/\/www.pazyesperanza.org\/ec\/participar\/corre-por-la-justicia-iii-edicion\/#breadcrumb\",\"itemListElement\":[{\"@type\":\"ListItem\",\"position\":1,\"item\":{\"@type\":\"WebPage\",\"@id\":\"https:\/\/www.pazyesperanza.org\/ec\/\",\"url\":\"https:\/\/www.pazyesperanza.org\/ec\/\",\"name\":\"Portada\"}},{\"@type\":\"ListItem\",\"position\":2,\"item\":{\"@type\":\"WebPage\",\"@id\":\"https:\/\/www.pazyesperanza.org\/ec\/participar\/\",\"url\":\"https:\/\/www.pazyesperanza.org\/ec\/participar\/\",\"name\":\"Participar\"}},{\"@type\":\"ListItem\",\"position\":3,\"item\":{\"@id\":\"https:\/\/www.pazyesperanza.org\/ec\/participar\/corre-por-la-justicia-iii-edicion\/#webpage\"}}]}]}<\/script>\n<!-- \/ Yoast SEO plugin. -->","_links":{"self":[{"href":"https:\/\/www.pazyesperanza.org\/ec\/wp-json\/wp\/v2\/pages\/2247","targetHints":{"allow":["GET"]}}],"collection":[{"href":"https:\/\/www.pazyesperanza.org\/ec\/wp-json\/wp\/v2\/pages"}],"about":[{"href":"https:\/\/www.pazyesperanza.org\/ec\/wp-json\/wp\/v2\/types\/page"}],"author":[{"embeddable":true,"href":"https:\/\/www.pazyesperanza.org\/ec\/wp-json\/wp\/v2\/users\/13"}],"replies":[{"embeddable":true,"href":"https:\/\/www.pazyesperanza.org\/ec\/wp-json\/wp\/v2\/comments?post=2247"}],"version-history":[{"count":19,"href":"https:\/\/www.pazyesperanza.org\/ec\/wp-json\/wp\/v2\/pages\/2247\/revisions"}],"predecessor-version":[{"id":2291,"href":"https:\/\/www.pazyesperanza.org\/ec\/wp-json\/wp\/v2\/pages\/2247\/revisions\/2291"}],"up":[{"embeddable":true,"href":"https:\/\/www.pazyesperanza.org\/ec\/wp-json\/wp\/v2\/pages\/14"}],"wp:featuredmedia":[{"embeddable":true,"href":"https:\/\/www.pazyesperanza.org\/ec\/wp-json\/wp\/v2\/media\/2249"}],"wp:attachment":[{"href":"https:\/\/www.pazyesperanza.org\/ec\/wp-json\/wp\/v2\/media?parent=2247"}],"curies":[{"name":"wp","href":"https:\/\/api.w.org\/{rel}","templated":true}]}}