{"id":2230,"date":"2022-08-26T10:04:59","date_gmt":"2022-08-26T15:04:59","guid":{"rendered":"https:\/\/www.pazyesperanza.org\/ec\/?page_id=2230"},"modified":"2022-08-26T10:47:13","modified_gmt":"2022-08-26T15:47:13","slug":"voluntariado-nacional","status":"publish","type":"page","link":"https:\/\/www.pazyesperanza.org\/ec\/participar\/voluntariado-nacional\/","title":{"rendered":"Voluntariado Nacional"},"content":{"rendered":"<p style=\"text-align: center\"><span style=\"font-family: arial, helvetica, sans-serif\"><em>Paz y Esperanza es una organizaci\u00f3n cristiana de derechos humanos que trabaja en la promoci\u00f3n de la vida y la defensa integral de personas, familias y comunidades vulnerables, contribuyendo a su transformaci\u00f3n y a alcanzar una mejor calidad de vida.<\/em><\/span><\/p>\n<p style=\"text-align: center\"><span style=\"font-family: arial, helvetica, sans-serif\"><em>Dentro de nuestros beneficiarios se encuentran ni\u00f1os, ni\u00f1as, adolescentes, y mujeres v\u00edctimas de violencia sexual e intrafamiliar, damnificados de desastres, y familias viviendo en contexto <\/em><em>de movilidad humana y afrontando otras injusticias.<\/em><\/span><\/p>\n<p>&nbsp;<\/p>\n<p><span style=\"font-family: arial, helvetica, sans-serif\">Desde sus inicios en Per\u00fa, Paz y Esperanza se ha caracterizado por ser una instituci\u00f3n que recibe voluntarios y voluntarias con el fin de ampliar su desarrollo profesional y espiritual y al mismo tiempo dar sus conocimientos y habilidades en las localidades donde realizan su voluntariado.\u00a0<\/span><\/p>\n<p><span style=\"font-family: arial, helvetica, sans-serif\">Trabajamos en diversos sectores y con varias tem\u00e1ticas, tanto presencial como online en todo Guayaquil y Ecuador. Somos un equipo multidisciplinario de abogados, psic\u00f3logas, pastores, trabajadores sociales, y voluntarios, pero, sobre todo, personas apasionadas por la justicia.<\/span><\/p>\n<p><span style=\"font-family: arial, helvetica, sans-serif\">Esos son algunos de las \u00e1reas en cuales recibimos voluntarios:<\/span><\/p>\n<p><img loading=\"lazy\" decoding=\"async\" width=\"800\" height=\"800\" class=\"size-full wp-image-2231 aligncenter\" src=\"https:\/\/www.pazyesperanza.org\/ec\/wp-content\/uploads\/sites\/6\/2022\/08\/Temas-del-voluntariado.png\" alt=\"\" srcset=\"https:\/\/www.pazyesperanza.org\/ec\/wp-content\/uploads\/sites\/6\/2022\/08\/Temas-del-voluntariado.png 800w, https:\/\/www.pazyesperanza.org\/ec\/wp-content\/uploads\/sites\/6\/2022\/08\/Temas-del-voluntariado-300x300.png 300w, https:\/\/www.pazyesperanza.org\/ec\/wp-content\/uploads\/sites\/6\/2022\/08\/Temas-del-voluntariado-150x150.png 150w, https:\/\/www.pazyesperanza.org\/ec\/wp-content\/uploads\/sites\/6\/2022\/08\/Temas-del-voluntariado-768x768.png 768w, https:\/\/www.pazyesperanza.org\/ec\/wp-content\/uploads\/sites\/6\/2022\/08\/Temas-del-voluntariado-70x70.png 70w\" sizes=\"auto, (max-width: 800px) 100vw, 800px\" \/><\/p>\n<p>Buscamos voluntarios y voluntarias de corta o larga duraci\u00f3n, profesionales o j\u00f3venes abiertos a crecer y aprender. As\u00ed que si quieres ayudar con una sola actividad por unas horas, buscas una fundaci\u00f3n para tus pr\u00e1cticas, o quieres comprometerte a un proyecto por un a\u00f1o, Paz y Esperanza Ecuador tiene un lugar para ti.<\/p>\n<p>Si te interesar\u00eda hacer un voluntariado con nosotros, puedes llenar este formulario de solicitud: <a href=\"https:\/\/forms.gle\/x2gmgt95jPdXJQmj6\">https:\/\/forms.gle\/x2gmgt95jPdXJQmj6<\/a><\/p>\n<p>Si tienes preguntas, no dudas en comunicarte con nuestra coordinadora del programa de voluntariados por correo electr\u00f3nico: <a href=\"mailto:pazecuadorvoluntariado@gmail.com\">pazecuadorvoluntariado@gmail.com<\/a><\/p>\n<p>\u00bfNo est\u00e1s convencida? <a href=\"https:\/\/www.pazyesperanza.org\/ec\/2022\/03\/04\/de-participante-a-voluntaria\/\">\u00a1Lee este art\u00edculo sobre una de nuestras voluntarias!<\/a><\/p>\n","protected":false},"excerpt":{"rendered":"Paz y Esperanza es una organizaci\u00f3n cristiana de derechos humanos que trabaja en la promoci\u00f3n de la vida y la defensa integral de personas, familias y comunidades vulnerables, contribuyendo a su transformaci\u00f3n y a alcanzar una mejor calidad de vida. Dentro de nuestros beneficiarios se encuentran ni\u00f1os, ni\u00f1as, adolescentes, y mujeres v\u00edctimas de violencia sexual e intrafamiliar, damnificados de desastres, y familias viviendo en contexto de movilidad humana y afrontando otras injusticias. &nbsp; Desde sus inicios en Per\u00fa, Paz y Esperanza se ha caracterizado por ser una instituci\u00f3n que recibe voluntarios y voluntarias con el fin de ampliar su desarrollo profesional y espiritual y al mismo tiempo dar sus conocimientos y habilidades en las localidades donde realizan su voluntariado.\u00a0 Trabajamos en diversos sectores y con varias tem\u00e1ticas, tanto presencial como online en todo Guayaquil y Ecuador. Somos un equipo multidisciplinario de abogados, psic\u00f3logas, pastores, trabajadores sociales, y voluntarios, pero, sobre todo, personas apasionadas por la justicia. Esos son algunos de las \u00e1reas en cuales recibimos voluntarios: Buscamos voluntarios y voluntarias de corta o larga duraci\u00f3n, profesionales o j\u00f3venes abiertos a crecer y aprender. As\u00ed que si quieres ayudar con una sola actividad por unas horas, buscas una fundaci\u00f3n para tus pr\u00e1cticas, o quieres comprometerte a un proyecto por un a\u00f1o, Paz y Esperanza Ecuador tiene un lugar para ti. Si te interesar\u00eda hacer un voluntariado con nosotros, puedes llenar este formulario de solicitud: https:\/\/forms.gle\/x2gmgt95jPdXJQmj6 Si tienes preguntas, no dudas en comunicarte con nuestra coordinadora del programa de voluntariados por correo electr\u00f3nico: pazecuadorvoluntariado@gmail.com \u00bfNo est\u00e1s convencida? \u00a1Lee este art\u00edculo sobre una de nuestras voluntarias!","protected":false},"author":13,"featured_media":0,"parent":14,"menu_order":0,"comment_status":"closed","ping_status":"closed","template":"","meta":{"_monsterinsights_skip_tracking":false,"_monsterinsights_sitenote_active":false,"_monsterinsights_sitenote_note":"","_monsterinsights_sitenote_category":0,"footnotes":""},"class_list":["post-2230","page","type-page","status-publish","hentry"],"yoast_head":"<!-- This site is optimized with the Yoast SEO plugin v16.3 - https:\/\/yoast.com\/wordpress\/plugins\/seo\/ -->\n<title>Voluntariado Nacional - Paz y Esperanza Ecuador<\/title>\n<meta name=\"robots\" content=\"index, follow, max-snippet:-1, max-image-preview:large, max-video-preview:-1\" \/>\n<link rel=\"canonical\" href=\"https:\/\/www.pazyesperanza.org\/ec\/participar\/voluntariado-nacional\/\" \/>\n<meta property=\"og:locale\" content=\"en_US\" \/>\n<meta property=\"og:type\" content=\"article\" \/>\n<meta property=\"og:title\" content=\"Voluntariado Nacional - Paz y Esperanza Ecuador\" \/>\n<meta property=\"og:description\" content=\"Paz y Esperanza es una organizaci\u00f3n cristiana de derechos humanos que trabaja en la promoci\u00f3n de la vida y la defensa integral de personas, familias y comunidades vulnerables, contribuyendo a su transformaci\u00f3n y a alcanzar una mejor calidad de vida. Dentro de nuestros beneficiarios se encuentran ni\u00f1os, ni\u00f1as, adolescentes, y mujeres v\u00edctimas de violencia sexual e intrafamiliar, damnificados de desastres, y familias viviendo en contexto de movilidad humana y afrontando otras injusticias. &nbsp; Desde sus inicios en Per\u00fa, Paz y Esperanza se ha caracterizado por ser una instituci\u00f3n que recibe voluntarios y voluntarias con el fin de ampliar su desarrollo profesional y espiritual y al mismo tiempo dar sus conocimientos y habilidades en las localidades donde realizan su voluntariado.\u00a0 Trabajamos en diversos sectores y con varias tem\u00e1ticas, tanto presencial como online en todo Guayaquil y Ecuador. Somos un equipo multidisciplinario de abogados, psic\u00f3logas, pastores, trabajadores sociales, y voluntarios, pero, sobre todo, personas apasionadas por la justicia. Esos son algunos de las \u00e1reas en cuales recibimos voluntarios: Buscamos voluntarios y voluntarias de corta o larga duraci\u00f3n, profesionales o j\u00f3venes abiertos a crecer y aprender. As\u00ed que si quieres ayudar con una sola actividad por unas horas, buscas una fundaci\u00f3n para tus pr\u00e1cticas, o quieres comprometerte a un proyecto por un a\u00f1o, Paz y Esperanza Ecuador tiene un lugar para ti. Si te interesar\u00eda hacer un voluntariado con nosotros, puedes llenar este formulario de solicitud: https:\/\/forms.gle\/x2gmgt95jPdXJQmj6 Si tienes preguntas, no dudas en comunicarte con nuestra coordinadora del programa de voluntariados por correo electr\u00f3nico: pazecuadorvoluntariado@gmail.com \u00bfNo est\u00e1s convencida? \u00a1Lee este art\u00edculo sobre una de nuestras voluntarias!\" \/>\n<meta property=\"og:url\" content=\"https:\/\/www.pazyesperanza.org\/ec\/participar\/voluntariado-nacional\/\" \/>\n<meta property=\"og:site_name\" content=\"Paz y Esperanza Ecuador\" \/>\n<meta property=\"article:modified_time\" content=\"2022-08-26T15:47:13+00:00\" \/>\n<meta property=\"og:image\" content=\"https:\/\/www.pazyesperanza.org\/ec\/wp-content\/uploads\/sites\/6\/2022\/08\/Temas-del-voluntariado.png\" \/>\n<meta name=\"twitter:card\" content=\"summary_large_image\" \/>\n<meta name=\"twitter:label1\" content=\"Est. reading time\">\n\t<meta name=\"twitter:data1\" content=\"2 minutes\">\n<script type=\"application\/ld+json\" class=\"yoast-schema-graph\">{\"@context\":\"https:\/\/schema.org\",\"@graph\":[{\"@type\":\"WebSite\",\"@id\":\"https:\/\/www.pazyesperanza.org\/ec\/#website\",\"url\":\"https:\/\/www.pazyesperanza.org\/ec\/\",\"name\":\"Paz y Esperanza Ecuador\",\"description\":\"Apasionados por la justicia\",\"potentialAction\":[{\"@type\":\"SearchAction\",\"target\":\"https:\/\/www.pazyesperanza.org\/ec\/?s={search_term_string}\",\"query-input\":\"required name=search_term_string\"}],\"inLanguage\":\"en-US\"},{\"@type\":\"ImageObject\",\"@id\":\"https:\/\/www.pazyesperanza.org\/ec\/participar\/voluntariado-nacional\/#primaryimage\",\"inLanguage\":\"en-US\",\"url\":\"https:\/\/www.pazyesperanza.org\/ec\/wp-content\/uploads\/sites\/6\/2022\/08\/Temas-del-voluntariado.png\",\"contentUrl\":\"https:\/\/www.pazyesperanza.org\/ec\/wp-content\/uploads\/sites\/6\/2022\/08\/Temas-del-voluntariado.png\",\"width\":800,\"height\":800},{\"@type\":\"WebPage\",\"@id\":\"https:\/\/www.pazyesperanza.org\/ec\/participar\/voluntariado-nacional\/#webpage\",\"url\":\"https:\/\/www.pazyesperanza.org\/ec\/participar\/voluntariado-nacional\/\",\"name\":\"Voluntariado Nacional - Paz y Esperanza Ecuador\",\"isPartOf\":{\"@id\":\"https:\/\/www.pazyesperanza.org\/ec\/#website\"},\"primaryImageOfPage\":{\"@id\":\"https:\/\/www.pazyesperanza.org\/ec\/participar\/voluntariado-nacional\/#primaryimage\"},\"datePublished\":\"2022-08-26T15:04:59+00:00\",\"dateModified\":\"2022-08-26T15:47:13+00:00\",\"breadcrumb\":{\"@id\":\"https:\/\/www.pazyesperanza.org\/ec\/participar\/voluntariado-nacional\/#breadcrumb\"},\"inLanguage\":\"en-US\",\"potentialAction\":[{\"@type\":\"ReadAction\",\"target\":[\"https:\/\/www.pazyesperanza.org\/ec\/participar\/voluntariado-nacional\/\"]}]},{\"@type\":\"BreadcrumbList\",\"@id\":\"https:\/\/www.pazyesperanza.org\/ec\/participar\/voluntariado-nacional\/#breadcrumb\",\"itemListElement\":[{\"@type\":\"ListItem\",\"position\":1,\"item\":{\"@type\":\"WebPage\",\"@id\":\"https:\/\/www.pazyesperanza.org\/ec\/\",\"url\":\"https:\/\/www.pazyesperanza.org\/ec\/\",\"name\":\"Portada\"}},{\"@type\":\"ListItem\",\"position\":2,\"item\":{\"@type\":\"WebPage\",\"@id\":\"https:\/\/www.pazyesperanza.org\/ec\/participar\/\",\"url\":\"https:\/\/www.pazyesperanza.org\/ec\/participar\/\",\"name\":\"Participar\"}},{\"@type\":\"ListItem\",\"position\":3,\"item\":{\"@id\":\"https:\/\/www.pazyesperanza.org\/ec\/participar\/voluntariado-nacional\/#webpage\"}}]}]}<\/script>\n<!-- \/ Yoast SEO plugin. -->","_links":{"self":[{"href":"https:\/\/www.pazyesperanza.org\/ec\/wp-json\/wp\/v2\/pages\/2230","targetHints":{"allow":["GET"]}}],"collection":[{"href":"https:\/\/www.pazyesperanza.org\/ec\/wp-json\/wp\/v2\/pages"}],"about":[{"href":"https:\/\/www.pazyesperanza.org\/ec\/wp-json\/wp\/v2\/types\/page"}],"author":[{"embeddable":true,"href":"https:\/\/www.pazyesperanza.org\/ec\/wp-json\/wp\/v2\/users\/13"}],"replies":[{"embeddable":true,"href":"https:\/\/www.pazyesperanza.org\/ec\/wp-json\/wp\/v2\/comments?post=2230"}],"version-history":[{"count":6,"href":"https:\/\/www.pazyesperanza.org\/ec\/wp-json\/wp\/v2\/pages\/2230\/revisions"}],"predecessor-version":[{"id":2240,"href":"https:\/\/www.pazyesperanza.org\/ec\/wp-json\/wp\/v2\/pages\/2230\/revisions\/2240"}],"up":[{"embeddable":true,"href":"https:\/\/www.pazyesperanza.org\/ec\/wp-json\/wp\/v2\/pages\/14"}],"wp:attachment":[{"href":"https:\/\/www.pazyesperanza.org\/ec\/wp-json\/wp\/v2\/media?parent=2230"}],"curies":[{"name":"wp","href":"https:\/\/api.w.org\/{rel}","templated":true}]}}