{"id":2139,"date":"2022-06-02T07:53:36","date_gmt":"2022-06-02T12:53:36","guid":{"rendered":"https:\/\/www.pazyesperanza.org\/ec\/?page_id=2139"},"modified":"2023-01-09T15:23:05","modified_gmt":"2023-01-09T20:23:05","slug":"boletines-mensuales","status":"publish","type":"page","link":"https:\/\/www.pazyesperanza.org\/ec\/como-trabajamos\/boletines-mensuales\/","title":{"rendered":"Boletines Mensuales"},"content":{"rendered":"<p>[vc_row][vc_column][vc_column_text]Haz clic para ver nuestros boletines de cada mes.<\/p>\n<ul>\n<li><a href=\"https:\/\/www.pazyesperanza.org\/ec\/conocenos\/boletines-mensuales\/boletin-de-enero-y-febrero-de-2022\/\">Bolet\u00edn de Enero y Febrero de 2022<\/a><\/li>\n<li><a href=\"https:\/\/www.pazyesperanza.org\/ec\/conocenos\/boletines-mensuales\/boletin-de-marzo-de-2022\/\">Bolet\u00edn de Marzo de 2022<\/a><\/li>\n<li><a href=\"https:\/\/www.pazyesperanza.org\/ec\/conocenos\/boletines-mensuales\/boletin-de-abril-de-2022\/\">Bolet\u00edn de Abril de 2022<\/a><\/li>\n<li><a href=\"https:\/\/www.pazyesperanza.org\/ec\/conocenos\/boletines-mensuales\/boletin-de-mayo-de-2022\/\">Bolet\u00edn de Mayo de 2022<\/a><\/li>\n<li><a href=\"https:\/\/www.pazyesperanza.org\/ec\/como-trabajamos\/boletines-mensuales\/boletin-de-junio-de-2022\/\">Bolet\u00edn de Junio de 2022<\/a><\/li>\n<li><a href=\"https:\/\/www.pazyesperanza.org\/ec\/como-trabajamos\/boletines-mensuales\/boletin-de-julio-de-2022\/\">Bolet\u00edn de Julio de 2022<\/a><\/li>\n<li><a href=\"https:\/\/www.pazyesperanza.org\/ec\/como-trabajamos\/boletines-mensuales\/boletin-de-augusto-y-septiembre-de-2022\/\">Bolet\u00edn de Augusto y Septiembre de 2022<\/a><\/li>\n<li><a href=\"https:\/\/www.pazyesperanza.org\/ec\/como-trabajamos\/boletines-mensuales\/boletin-del-fin-de-ano-de-2022\/\">Bolet\u00edn de Octubre, Noviembre, y Diciembre de 2022<\/a><\/li>\n<\/ul>\n<p>[\/vc_column_text][\/vc_column][\/vc_row]<\/p>\n","protected":false},"excerpt":{"rendered":"[vc_row][vc_column][vc_column_text]Haz clic para ver nuestros boletines de cada mes. Bolet\u00edn de Enero y Febrero de 2022 Bolet\u00edn de Marzo de 2022 Bolet\u00edn de Abril de 2022 Bolet\u00edn de Mayo de 2022 Bolet\u00edn de Junio de 2022 Bolet\u00edn de Julio de 2022 Bolet\u00edn de Augusto y Septiembre de 2022 Bolet\u00edn de Octubre, Noviembre, y Diciembre de 2022 [\/vc_column_text][\/vc_column][\/vc_row]","protected":false},"author":13,"featured_media":0,"parent":10,"menu_order":14,"comment_status":"closed","ping_status":"closed","template":"","meta":{"_monsterinsights_skip_tracking":false,"_monsterinsights_sitenote_active":false,"_monsterinsights_sitenote_note":"","_monsterinsights_sitenote_category":0,"footnotes":""},"class_list":["post-2139","page","type-page","status-publish","hentry"],"yoast_head":"<!-- This site is optimized with the Yoast SEO plugin v16.3 - https:\/\/yoast.com\/wordpress\/plugins\/seo\/ -->\n<title>Boletines Mensuales - Paz y Esperanza Ecuador<\/title>\n<meta name=\"robots\" content=\"index, follow, max-snippet:-1, max-image-preview:large, max-video-preview:-1\" \/>\n<link rel=\"canonical\" href=\"https:\/\/www.pazyesperanza.org\/ec\/como-trabajamos\/boletines-mensuales\/\" \/>\n<meta property=\"og:locale\" content=\"en_US\" \/>\n<meta property=\"og:type\" content=\"article\" \/>\n<meta property=\"og:title\" content=\"Boletines Mensuales - Paz y Esperanza Ecuador\" \/>\n<meta property=\"og:description\" content=\"[vc_row][vc_column][vc_column_text]Haz clic para ver nuestros boletines de cada mes. Bolet\u00edn de Enero y Febrero de 2022 Bolet\u00edn de Marzo de 2022 Bolet\u00edn de Abril de 2022 Bolet\u00edn de Mayo de 2022 Bolet\u00edn de Junio de 2022 Bolet\u00edn de Julio de 2022 Bolet\u00edn de Augusto y Septiembre de 2022 Bolet\u00edn de Octubre, Noviembre, y Diciembre de 2022 [\/vc_column_text][\/vc_column][\/vc_row]\" \/>\n<meta property=\"og:url\" content=\"https:\/\/www.pazyesperanza.org\/ec\/como-trabajamos\/boletines-mensuales\/\" \/>\n<meta property=\"og:site_name\" content=\"Paz y Esperanza Ecuador\" \/>\n<meta property=\"article:modified_time\" content=\"2023-01-09T20:23:05+00:00\" \/>\n<meta name=\"twitter:card\" content=\"summary_large_image\" \/>\n<meta name=\"twitter:label1\" content=\"Est. reading time\">\n\t<meta name=\"twitter:data1\" content=\"1 minute\">\n<script type=\"application\/ld+json\" class=\"yoast-schema-graph\">{\"@context\":\"https:\/\/schema.org\",\"@graph\":[{\"@type\":\"WebSite\",\"@id\":\"https:\/\/www.pazyesperanza.org\/ec\/#website\",\"url\":\"https:\/\/www.pazyesperanza.org\/ec\/\",\"name\":\"Paz y Esperanza Ecuador\",\"description\":\"Apasionados por la justicia\",\"potentialAction\":[{\"@type\":\"SearchAction\",\"target\":\"https:\/\/www.pazyesperanza.org\/ec\/?s={search_term_string}\",\"query-input\":\"required name=search_term_string\"}],\"inLanguage\":\"en-US\"},{\"@type\":\"WebPage\",\"@id\":\"https:\/\/www.pazyesperanza.org\/ec\/como-trabajamos\/boletines-mensuales\/#webpage\",\"url\":\"https:\/\/www.pazyesperanza.org\/ec\/como-trabajamos\/boletines-mensuales\/\",\"name\":\"Boletines Mensuales - Paz y Esperanza Ecuador\",\"isPartOf\":{\"@id\":\"https:\/\/www.pazyesperanza.org\/ec\/#website\"},\"datePublished\":\"2022-06-02T12:53:36+00:00\",\"dateModified\":\"2023-01-09T20:23:05+00:00\",\"breadcrumb\":{\"@id\":\"https:\/\/www.pazyesperanza.org\/ec\/como-trabajamos\/boletines-mensuales\/#breadcrumb\"},\"inLanguage\":\"en-US\",\"potentialAction\":[{\"@type\":\"ReadAction\",\"target\":[\"https:\/\/www.pazyesperanza.org\/ec\/como-trabajamos\/boletines-mensuales\/\"]}]},{\"@type\":\"BreadcrumbList\",\"@id\":\"https:\/\/www.pazyesperanza.org\/ec\/como-trabajamos\/boletines-mensuales\/#breadcrumb\",\"itemListElement\":[{\"@type\":\"ListItem\",\"position\":1,\"item\":{\"@type\":\"WebPage\",\"@id\":\"https:\/\/www.pazyesperanza.org\/ec\/\",\"url\":\"https:\/\/www.pazyesperanza.org\/ec\/\",\"name\":\"Portada\"}},{\"@type\":\"ListItem\",\"position\":2,\"item\":{\"@type\":\"WebPage\",\"@id\":\"https:\/\/www.pazyesperanza.org\/ec\/como-trabajamos\/\",\"url\":\"https:\/\/www.pazyesperanza.org\/ec\/como-trabajamos\/\",\"name\":\"C\\u00f3mo trabajamos\"}},{\"@type\":\"ListItem\",\"position\":3,\"item\":{\"@id\":\"https:\/\/www.pazyesperanza.org\/ec\/como-trabajamos\/boletines-mensuales\/#webpage\"}}]}]}<\/script>\n<!-- \/ Yoast SEO plugin. -->","_links":{"self":[{"href":"https:\/\/www.pazyesperanza.org\/ec\/wp-json\/wp\/v2\/pages\/2139","targetHints":{"allow":["GET"]}}],"collection":[{"href":"https:\/\/www.pazyesperanza.org\/ec\/wp-json\/wp\/v2\/pages"}],"about":[{"href":"https:\/\/www.pazyesperanza.org\/ec\/wp-json\/wp\/v2\/types\/page"}],"author":[{"embeddable":true,"href":"https:\/\/www.pazyesperanza.org\/ec\/wp-json\/wp\/v2\/users\/13"}],"replies":[{"embeddable":true,"href":"https:\/\/www.pazyesperanza.org\/ec\/wp-json\/wp\/v2\/comments?post=2139"}],"version-history":[{"count":7,"href":"https:\/\/www.pazyesperanza.org\/ec\/wp-json\/wp\/v2\/pages\/2139\/revisions"}],"predecessor-version":[{"id":2326,"href":"https:\/\/www.pazyesperanza.org\/ec\/wp-json\/wp\/v2\/pages\/2139\/revisions\/2326"}],"up":[{"embeddable":true,"href":"https:\/\/www.pazyesperanza.org\/ec\/wp-json\/wp\/v2\/pages\/10"}],"wp:attachment":[{"href":"https:\/\/www.pazyesperanza.org\/ec\/wp-json\/wp\/v2\/media?parent=2139"}],"curies":[{"name":"wp","href":"https:\/\/api.w.org\/{rel}","templated":true}]}}