{"id":1802,"date":"2017-07-14T17:24:59","date_gmt":"2017-07-14T17:24:59","guid":{"rendered":"http:\/\/nuevo.pazyesperanza.org\/ec\/?page_id=1802"},"modified":"2017-10-27T18:08:27","modified_gmt":"2017-10-27T18:08:27","slug":"logros","status":"publish","type":"page","link":"https:\/\/www.pazyesperanza.org\/ec\/como-trabajamos\/logros\/","title":{"rendered":"Logros"},"content":{"rendered":"<p>[vc_row][vc_column width=&#8221;1\/3&#8243;][vc_single_image image=&#8221;1995&#8243; img_size=&#8221;medium&#8221;][\/vc_column][vc_column width=&#8221;2\/3&#8243;][vc_column_text]<span style=\"font-size: 24pt;font-family: 'times new roman', times, serif\">La Justicia<\/span><\/p>\n<ul style=\"list-style-type: disc\">\n<li><span style=\"font-family: 'times new roman', times, serif\">Desde 2009, Paz y Esperanza Ecuador ha patrocinado 208 casos de Abuso Sexual Infantil<\/span><\/li>\n<li><span style=\"font-family: 'times new roman', times, serif\">75 agresores sexuales fueron condenados desde 4 a 35 a\u00f1os en la prisi\u00f3n\u00a0\u00a0<\/span><\/li>\n<li><span style=\"font-family: 'times new roman', times, serif\">M\u00e1s que 120 ni\u00f1os y ni\u00f1as han recibidos tratamiento con un plan de rehabilitaci\u00f3n emocional<\/span><\/li>\n<\/ul>\n<p>[\/vc_column_text][\/vc_column][\/vc_row][vc_row][vc_column width=&#8221;1\/3&#8243;][\/vc_column][vc_column width=&#8221;1\/3&#8243;][vc_single_image image=&#8221;1991&#8243; img_size=&#8221;large&#8221;][\/vc_column][vc_column width=&#8221;1\/3&#8243;][vc_single_image image=&#8221;1993&#8243; img_size=&#8221;large&#8221;][\/vc_column][\/vc_row][vc_row][vc_column width=&#8221;1\/3&#8243;][vc_single_image image=&#8221;1997&#8243; img_size=&#8221;medium&#8221;][\/vc_column][vc_column width=&#8221;2\/3&#8243;][vc_column_text]<span style=\"font-size: 24pt;font-family: 'times new roman', times, serif\">La Iglesia<\/span><\/p>\n<ul style=\"list-style-type: disc\">\n<li><span style=\"font-family: 'times new roman', times, serif\">Desde 2009, m\u00e1s que 1.200 leaders han sido entrenados por Paz y Esperanza en programas instructivos de buen trato en situaciones de violencia intrafamiliar, abuso sexual infantil, misi\u00f3n integral y el tr\u00e1fico de personas<\/span><\/li>\n<li><span style=\"font-family: 'times new roman', times, serif\">M\u00e1s que 3.700 l\u00edderes de la iglesia fueron ayudado indirectamente por ferias de informaci\u00f3n, los foros, los congresos y otros eventos p\u00fablicos sobre violencia sexual y intrafamiliar<\/span><\/li>\n<\/ul>\n<p>[\/vc_column_text][\/vc_column][\/vc_row][vc_row][vc_column width=&#8221;1\/3&#8243;][vc_single_image image=&#8221;1996&#8243; img_size=&#8221;medium&#8221;][\/vc_column][vc_column width=&#8221;2\/3&#8243;][vc_column_text]<span style=\"font-size: 24pt;font-family: 'times new roman', times, serif\">La Comunidad<\/span><\/p>\n<ul>\n<li><span style=\"font-family: 'times new roman', times, serif\">En 2016 y 2017, a trav\u00e9s del proyecto Familias Saludables Libres de Violencia, m\u00e1s que 550 habitantes de la comunidad conocieron los derechos de las mujeres, ni\u00f1os, ni\u00f1as y adolescentes, como mecanismo para enfrentar el maltrato intrafamiliar\u00a0<\/span><\/li>\n<li><span style=\"font-family: 'times new roman', times, serif\">Despu\u00e9s del terremoto en abril de 2016:<\/span>\n<ul>\n<li><span style=\"font-family: 'times new roman', times, serif\">792 v\u00edctimas recibieron apoyo post trauma<\/span><\/li>\n<li><span style=\"font-family: 'times new roman', times, serif\">1156 ni\u00f1os y ni\u00f1as viviendo en albergues oficiales fueron capacitados en prevenci\u00f3n de violencia sexual post desastre<\/span><\/li>\n<li><span style=\"font-family: 'times new roman', times, serif\">14.800 damnificados recibieron alimentos<\/span><\/li>\n<li><span style=\"font-family: 'times new roman', times, serif\">Se repartieron 2.500 kits de higiene<\/span><span style=\"font-family: 'times new roman', times, serif\">\u00a0<\/span><\/li>\n<\/ul>\n<\/li>\n<\/ul>\n<p>[\/vc_column_text][\/vc_column][\/vc_row][vc_row][vc_column width=&#8221;1\/3&#8243;][\/vc_column][vc_column width=&#8221;2\/3&#8243;][vc_btn title=&#8221;Video del Terremoto en Ecuador&#8221; color=&#8221;success&#8221; link=&#8221;url:https%3A%2F%2Fwww.youtube.com%2Fwatch%3Fv%3DW5ah8yDISNI|||&#8221;][\/vc_column][\/vc_row]<\/p>\n","protected":false},"excerpt":{"rendered":"[vc_row][vc_column width=&#8221;1\/3&#8243;][vc_single_image image=&#8221;1995&#8243; img_size=&#8221;medium&#8221;][\/vc_column][vc_column width=&#8221;2\/3&#8243;][vc_column_text]La Justicia Desde 2009, Paz y Esperanza Ecuador ha patrocinado 208 casos de Abuso Sexual Infantil 75 agresores sexuales fueron condenados desde 4 a 35 a\u00f1os en la prisi\u00f3n\u00a0\u00a0 M\u00e1s que 120 ni\u00f1os y ni\u00f1as han recibidos tratamiento con un plan de rehabilitaci\u00f3n emocional [\/vc_column_text][\/vc_column][\/vc_row][vc_row][vc_column width=&#8221;1\/3&#8243;][\/vc_column][vc_column width=&#8221;1\/3&#8243;][vc_single_image image=&#8221;1991&#8243; img_size=&#8221;large&#8221;][\/vc_column][vc_column width=&#8221;1\/3&#8243;][vc_single_image image=&#8221;1993&#8243; img_size=&#8221;large&#8221;][\/vc_column][\/vc_row][vc_row][vc_column width=&#8221;1\/3&#8243;][vc_single_image image=&#8221;1997&#8243; img_size=&#8221;medium&#8221;][\/vc_column][vc_column width=&#8221;2\/3&#8243;][vc_column_text]La Iglesia Desde 2009, m\u00e1s que 1.200 leaders han sido entrenados por Paz y Esperanza en programas instructivos de buen trato en situaciones de violencia intrafamiliar, abuso sexual infantil, misi\u00f3n integral y el tr\u00e1fico de personas M\u00e1s que 3.700 l\u00edderes de la iglesia fueron ayudado indirectamente por ferias de informaci\u00f3n, los foros, los congresos y otros eventos p\u00fablicos sobre violencia sexual y intrafamiliar [\/vc_column_text][\/vc_column][\/vc_row][vc_row][vc_column width=&#8221;1\/3&#8243;][vc_single_image image=&#8221;1996&#8243; img_size=&#8221;medium&#8221;][\/vc_column][vc_column width=&#8221;2\/3&#8243;][vc_column_text]La Comunidad En 2016 y 2017, a trav\u00e9s del proyecto Familias Saludables Libres de Violencia, m\u00e1s que 550 habitantes de la comunidad conocieron los derechos de las mujeres, ni\u00f1os, ni\u00f1as y adolescentes, como mecanismo para enfrentar el maltrato intrafamiliar\u00a0 Despu\u00e9s del terremoto en abril de 2016: 792 v\u00edctimas recibieron apoyo post trauma 1156 ni\u00f1os y ni\u00f1as viviendo en albergues oficiales fueron capacitados en prevenci\u00f3n de violencia sexual post desastre 14.800 damnificados recibieron alimentos Se repartieron 2.500 kits de higiene\u00a0 [\/vc_column_text][\/vc_column][\/vc_row][vc_row][vc_column width=&#8221;1\/3&#8243;][\/vc_column][vc_column width=&#8221;2\/3&#8243;][vc_btn title=&#8221;Video del Terremoto en Ecuador&#8221; color=&#8221;success&#8221; link=&#8221;url:https%3A%2F%2Fwww.youtube.com%2Fwatch%3Fv%3DW5ah8yDISNI|||&#8221;][\/vc_column][\/vc_row]","protected":false},"author":1,"featured_media":0,"parent":10,"menu_order":19,"comment_status":"closed","ping_status":"closed","template":"","meta":{"_monsterinsights_skip_tracking":false,"_monsterinsights_sitenote_active":false,"_monsterinsights_sitenote_note":"","_monsterinsights_sitenote_category":0,"footnotes":""},"class_list":["post-1802","page","type-page","status-publish","hentry"],"yoast_head":"<!-- This site is optimized with the Yoast SEO plugin v16.3 - https:\/\/yoast.com\/wordpress\/plugins\/seo\/ -->\n<title>Logros - Paz y Esperanza Ecuador<\/title>\n<meta name=\"robots\" content=\"index, follow, max-snippet:-1, max-image-preview:large, max-video-preview:-1\" \/>\n<link rel=\"canonical\" href=\"https:\/\/www.pazyesperanza.org\/ec\/como-trabajamos\/logros\/\" \/>\n<meta property=\"og:locale\" content=\"en_US\" \/>\n<meta property=\"og:type\" content=\"article\" \/>\n<meta property=\"og:title\" content=\"Logros - Paz y Esperanza Ecuador\" \/>\n<meta property=\"og:description\" content=\"[vc_row][vc_column width=&#8221;1\/3&#8243;][vc_single_image image=&#8221;1995&#8243; img_size=&#8221;medium&#8221;][\/vc_column][vc_column width=&#8221;2\/3&#8243;][vc_column_text]La Justicia Desde 2009, Paz y Esperanza Ecuador ha patrocinado 208 casos de Abuso Sexual Infantil 75 agresores sexuales fueron condenados desde 4 a 35 a\u00f1os en la prisi\u00f3n\u00a0\u00a0 M\u00e1s que 120 ni\u00f1os y ni\u00f1as han recibidos tratamiento con un plan de rehabilitaci\u00f3n emocional [\/vc_column_text][\/vc_column][\/vc_row][vc_row][vc_column width=&#8221;1\/3&#8243;][\/vc_column][vc_column width=&#8221;1\/3&#8243;][vc_single_image image=&#8221;1991&#8243; img_size=&#8221;large&#8221;][\/vc_column][vc_column width=&#8221;1\/3&#8243;][vc_single_image image=&#8221;1993&#8243; img_size=&#8221;large&#8221;][\/vc_column][\/vc_row][vc_row][vc_column width=&#8221;1\/3&#8243;][vc_single_image image=&#8221;1997&#8243; img_size=&#8221;medium&#8221;][\/vc_column][vc_column width=&#8221;2\/3&#8243;][vc_column_text]La Iglesia Desde 2009, m\u00e1s que 1.200 leaders han sido entrenados por Paz y Esperanza en programas instructivos de buen trato en situaciones de violencia intrafamiliar, abuso sexual infantil, misi\u00f3n integral y el tr\u00e1fico de personas M\u00e1s que 3.700 l\u00edderes de la iglesia fueron ayudado indirectamente por ferias de informaci\u00f3n, los foros, los congresos y otros eventos p\u00fablicos sobre violencia sexual y intrafamiliar [\/vc_column_text][\/vc_column][\/vc_row][vc_row][vc_column width=&#8221;1\/3&#8243;][vc_single_image image=&#8221;1996&#8243; img_size=&#8221;medium&#8221;][\/vc_column][vc_column width=&#8221;2\/3&#8243;][vc_column_text]La Comunidad En 2016 y 2017, a trav\u00e9s del proyecto Familias Saludables Libres de Violencia, m\u00e1s que 550 habitantes de la comunidad conocieron los derechos de las mujeres, ni\u00f1os, ni\u00f1as y adolescentes, como mecanismo para enfrentar el maltrato intrafamiliar\u00a0 Despu\u00e9s del terremoto en abril de 2016: 792 v\u00edctimas recibieron apoyo post trauma 1156 ni\u00f1os y ni\u00f1as viviendo en albergues oficiales fueron capacitados en prevenci\u00f3n de violencia sexual post desastre 14.800 damnificados recibieron alimentos Se repartieron 2.500 kits de higiene\u00a0 [\/vc_column_text][\/vc_column][\/vc_row][vc_row][vc_column width=&#8221;1\/3&#8243;][\/vc_column][vc_column width=&#8221;2\/3&#8243;][vc_btn title=&#8221;Video del Terremoto en Ecuador&#8221; color=&#8221;success&#8221; link=&#8221;url:https%3A%2F%2Fwww.youtube.com%2Fwatch%3Fv%3DW5ah8yDISNI|||&#8221;][\/vc_column][\/vc_row]\" \/>\n<meta property=\"og:url\" content=\"https:\/\/www.pazyesperanza.org\/ec\/como-trabajamos\/logros\/\" \/>\n<meta property=\"og:site_name\" content=\"Paz y Esperanza Ecuador\" \/>\n<meta property=\"article:modified_time\" content=\"2017-10-27T18:08:27+00:00\" \/>\n<meta name=\"twitter:card\" content=\"summary_large_image\" \/>\n<meta name=\"twitter:label1\" content=\"Est. reading time\">\n\t<meta name=\"twitter:data1\" content=\"2 minutes\">\n<script type=\"application\/ld+json\" class=\"yoast-schema-graph\">{\"@context\":\"https:\/\/schema.org\",\"@graph\":[{\"@type\":\"WebSite\",\"@id\":\"https:\/\/www.pazyesperanza.org\/ec\/#website\",\"url\":\"https:\/\/www.pazyesperanza.org\/ec\/\",\"name\":\"Paz y Esperanza Ecuador\",\"description\":\"Apasionados por la justicia\",\"potentialAction\":[{\"@type\":\"SearchAction\",\"target\":\"https:\/\/www.pazyesperanza.org\/ec\/?s={search_term_string}\",\"query-input\":\"required name=search_term_string\"}],\"inLanguage\":\"en-US\"},{\"@type\":\"WebPage\",\"@id\":\"https:\/\/www.pazyesperanza.org\/ec\/como-trabajamos\/logros\/#webpage\",\"url\":\"https:\/\/www.pazyesperanza.org\/ec\/como-trabajamos\/logros\/\",\"name\":\"Logros - Paz y Esperanza Ecuador\",\"isPartOf\":{\"@id\":\"https:\/\/www.pazyesperanza.org\/ec\/#website\"},\"datePublished\":\"2017-07-14T17:24:59+00:00\",\"dateModified\":\"2017-10-27T18:08:27+00:00\",\"breadcrumb\":{\"@id\":\"https:\/\/www.pazyesperanza.org\/ec\/como-trabajamos\/logros\/#breadcrumb\"},\"inLanguage\":\"en-US\",\"potentialAction\":[{\"@type\":\"ReadAction\",\"target\":[\"https:\/\/www.pazyesperanza.org\/ec\/como-trabajamos\/logros\/\"]}]},{\"@type\":\"BreadcrumbList\",\"@id\":\"https:\/\/www.pazyesperanza.org\/ec\/como-trabajamos\/logros\/#breadcrumb\",\"itemListElement\":[{\"@type\":\"ListItem\",\"position\":1,\"item\":{\"@type\":\"WebPage\",\"@id\":\"https:\/\/www.pazyesperanza.org\/ec\/\",\"url\":\"https:\/\/www.pazyesperanza.org\/ec\/\",\"name\":\"Portada\"}},{\"@type\":\"ListItem\",\"position\":2,\"item\":{\"@type\":\"WebPage\",\"@id\":\"https:\/\/www.pazyesperanza.org\/ec\/como-trabajamos\/\",\"url\":\"https:\/\/www.pazyesperanza.org\/ec\/como-trabajamos\/\",\"name\":\"C\\u00f3mo trabajamos\"}},{\"@type\":\"ListItem\",\"position\":3,\"item\":{\"@id\":\"https:\/\/www.pazyesperanza.org\/ec\/como-trabajamos\/logros\/#webpage\"}}]}]}<\/script>\n<!-- \/ Yoast SEO plugin. -->","_links":{"self":[{"href":"https:\/\/www.pazyesperanza.org\/ec\/wp-json\/wp\/v2\/pages\/1802","targetHints":{"allow":["GET"]}}],"collection":[{"href":"https:\/\/www.pazyesperanza.org\/ec\/wp-json\/wp\/v2\/pages"}],"about":[{"href":"https:\/\/www.pazyesperanza.org\/ec\/wp-json\/wp\/v2\/types\/page"}],"author":[{"embeddable":true,"href":"https:\/\/www.pazyesperanza.org\/ec\/wp-json\/wp\/v2\/users\/1"}],"replies":[{"embeddable":true,"href":"https:\/\/www.pazyesperanza.org\/ec\/wp-json\/wp\/v2\/comments?post=1802"}],"version-history":[{"count":10,"href":"https:\/\/www.pazyesperanza.org\/ec\/wp-json\/wp\/v2\/pages\/1802\/revisions"}],"predecessor-version":[{"id":2005,"href":"https:\/\/www.pazyesperanza.org\/ec\/wp-json\/wp\/v2\/pages\/1802\/revisions\/2005"}],"up":[{"embeddable":true,"href":"https:\/\/www.pazyesperanza.org\/ec\/wp-json\/wp\/v2\/pages\/10"}],"wp:attachment":[{"href":"https:\/\/www.pazyesperanza.org\/ec\/wp-json\/wp\/v2\/media?parent=1802"}],"curies":[{"name":"wp","href":"https:\/\/api.w.org\/{rel}","templated":true}]}}