{"id":1733,"date":"2017-07-03T21:24:50","date_gmt":"2017-07-03T21:24:50","guid":{"rendered":"http:\/\/nuevo.pazyesperanza.org\/ec\/?page_id=1733"},"modified":"2023-01-09T14:03:07","modified_gmt":"2023-01-09T19:03:07","slug":"campanas","status":"publish","type":"page","link":"https:\/\/www.pazyesperanza.org\/ec\/como-trabajamos\/campanas\/","title":{"rendered":"Campa\u00f1as"},"content":{"rendered":"<p>[vc_row][vc_column]<div class=\"causes-list\"><ul><\/ul><\/div>[\/vc_column][\/vc_row][vc_row][vc_column width=&#8221;1\/3&#8243;][vc_single_image image=&#8221;2293&#8243; img_size=&#8221;medium&#8221;][\/vc_column][vc_column width=&#8221;2\/3&#8243;][vc_column_text]<span style=\"font-family: 'times new roman', times, serif;font-size: 24pt\">Comunidades Resilientes, Fortalecidas y Promotoras de Paz<\/span><\/p>\n<p><span style=\"font-family: 'times new roman', times, serif\">Seis a\u00f1os del programa \u201cFamilias Saludables, Libres de Violencia\u201d formaron el base para este programa aun m\u00e1s impactante. La meta de este proyecto, lanzado en conjunto con nuestro socio estrat\u00e9gico Misi\u00f3n Alianza Noruega, es usar incidencia para crear una cultura del buen trato en las familias de San Francisco y Flor de Basti\u00f3n. Este programa busca reducir la violencia f\u00edsica, psicol\u00f3gica y sexual hacia mujeres, ni\u00f1os y ni\u00f1as del noroeste de Guayaquil. Utiliza talleres e incidencia con mujeres, hombres, y ni\u00f1os y ni\u00f1as de este sector para empoderarlos a ejercer su derecho a una vida libre de violencia. Informa a los hombres para que formen parte de la construcci\u00f3n de nuevas masculinidades, basadas en el respeto y la cultura de paz.\u00a0Empodera a mujeres a ejecutar acciones ciudadanas de incidencia para la defensa de los derechos humanos y la creaci\u00f3n de una red de promotoras de los derechos de la mujer. Adem\u00e1s, sensibiliza a la pr\u00f3xima generaci\u00f3n, los ni\u00f1os, ni\u00f1as y adolescentes, sobre sus derechos en situaciones de violencia.<\/span>[\/vc_column_text][vc_btn title=&#8221;Descubre m\u00e1s&#8221; style=&#8221;flat&#8221; color=&#8221;green&#8221; size=&#8221;lg&#8221; align=&#8221;center&#8221; link=&#8221;url:https%3A%2F%2Fwww.pazyesperanza.org%2Fec%2F2022%2F08%2F01%2Fel-informe-de-consultoria-de-linea-base%2F|title:Descrubre%20m%C3%A1s|target:%20_blank|&#8221;][\/vc_column][\/vc_row][vc_row][vc_column][vc_empty_space][\/vc_column][\/vc_row][vc_row][vc_column width=&#8221;1\/3&#8243;][vc_single_image image=&#8221;2126&#8243; img_size=&#8221;medium&#8221;][\/vc_column][vc_column width=&#8221;2\/3&#8243;][vc_column_text]<span style=\"font-family: 'times new roman', times, serif;font-size: 24pt\">Yo Te Escucho Ecuador<\/span><\/p>\n<p><span style=\"font-family: 'times new roman', times, serif\">Esta l\u00ednea de ayuda psicoemocional y espiritual naci\u00f3 a ra\u00edz de la emergencia sanitaria del Covid-19. Los servicios que se brindan son tanto para nacionales como personas de movilidad humana dentro de nuestro pa\u00eds. En solo dos a\u00f1os desde de su lanzamiento en mayo 2020, nuestros voluntarios capacitados han respondido a m\u00e1s que 4,200 llamadas, proveyendo acompa\u00f1amiento emocional, informativo y espiritual a nivel nacional.<\/span>[\/vc_column_text][vc_btn title=&#8221;Descubre m\u00e1s&#8221; style=&#8221;flat&#8221; color=&#8221;green&#8221; size=&#8221;lg&#8221; align=&#8221;center&#8221; link=&#8221;url:https%3A%2F%2Fwww.pazyesperanza.org%2Fec%2F2022%2F02%2F14%2Fyo-te-escucho-ecuador%2F|title:Descrubre%20m%C3%A1s|target:%20_blank|&#8221;][\/vc_column][\/vc_row][vc_row][vc_column][vc_empty_space][\/vc_column][\/vc_row][vc_row][vc_column width=&#8221;1\/3&#8243; css=&#8221;.vc_custom_1656090554251{margin-right: 10px !important;}&#8221;][vc_single_image image=&#8221;2114&#8243; img_size=&#8221;medium&#8221; alignment=&#8221;center&#8221; css=&#8221;.vc_custom_1656090937393{margin-right: 53px !important;}&#8221;][\/vc_column][vc_column width=&#8221;2\/3&#8243;][vc_column_text]<span style=\"font-family: 'times new roman', times, serif\"><span style=\"font-size: 32px\">Conf\u00edo en Ti #PorEsoMeVacuno<\/span><\/span><\/p>\n<p><span style=\"font-family: 'times new roman', times, serif\">Conf\u00edo en Ti #PorEsoMeVacuno es una campa\u00f1a internacional para promover la verdad sobre las vacunas. Paz y Esperanza impulsa esta campa\u00f1a con la finalidad de brindar acompa\u00f1amiento a la amada iglesia durante el proceso de vacunaci\u00f3n. Esta iniciativa busca desarrollar diversas acciones de la mano con las comunidades eclesiales de Bolivia, Colombia, Ecuador, Per\u00fa; adem\u00e1s de facilitar espacios de di\u00e1logo y brindar informaci\u00f3n valiosa sobre la vacunaci\u00f3n contra la COVID-19.<\/span>[\/vc_column_text][vc_btn title=&#8221;Videos de la compa\u00f1a&#8221; style=&#8221;flat&#8221; color=&#8221;green&#8221; size=&#8221;lg&#8221; align=&#8221;center&#8221; link=&#8221;url:https%3A%2F%2Fwww.youtube.com%2Fplaylist%3Flist%3DPLWfFL-3QiFKCEeLxN_EbrEZDz9t3De2b2|title:Videos%20de%20la%20compa%C3%B1a|target:%20_blank|&#8221;][\/vc_column][\/vc_row]<\/p>\n","protected":false},"excerpt":{"rendered":"[vc_row][vc_column][\/vc_column][\/vc_row][vc_row][vc_column width=&#8221;1\/3&#8243;][vc_single_image image=&#8221;2293&#8243; img_size=&#8221;medium&#8221;][\/vc_column][vc_column width=&#8221;2\/3&#8243;][vc_column_text]Comunidades Resilientes, Fortalecidas y Promotoras de Paz Seis a\u00f1os del programa \u201cFamilias Saludables, Libres de Violencia\u201d formaron el base para este programa aun m\u00e1s impactante. La meta de este proyecto, lanzado en conjunto con nuestro socio estrat\u00e9gico Misi\u00f3n Alianza Noruega, es usar incidencia para crear una cultura del buen trato en las familias de San Francisco y Flor de Basti\u00f3n. Este programa busca reducir la violencia f\u00edsica, psicol\u00f3gica y sexual hacia mujeres, ni\u00f1os y ni\u00f1as del noroeste de Guayaquil. Utiliza talleres e incidencia con mujeres, hombres, y ni\u00f1os y ni\u00f1as de este sector para empoderarlos a ejercer su derecho a una vida libre de violencia. Informa a los hombres para que formen parte de la construcci\u00f3n de nuevas masculinidades, basadas en el respeto y la cultura de paz.\u00a0Empodera a mujeres a ejecutar acciones ciudadanas de incidencia para la defensa de los derechos humanos y la creaci\u00f3n de una red de promotoras de los derechos de la mujer. Adem\u00e1s, sensibiliza a la pr\u00f3xima generaci\u00f3n, los ni\u00f1os, ni\u00f1as y adolescentes, sobre sus derechos en situaciones de violencia.[\/vc_column_text][vc_btn title=&#8221;Descubre m\u00e1s&#8221; style=&#8221;flat&#8221; color=&#8221;green&#8221; size=&#8221;lg&#8221; align=&#8221;center&#8221; link=&#8221;url:https%3A%2F%2Fwww.pazyesperanza.org%2Fec%2F2022%2F08%2F01%2Fel-informe-de-consultoria-de-linea-base%2F|title:Descrubre%20m%C3%A1s|target:%20_blank|&#8221;][\/vc_column][\/vc_row][vc_row][vc_column][vc_empty_space][\/vc_column][\/vc_row][vc_row][vc_column width=&#8221;1\/3&#8243;][vc_single_image image=&#8221;2126&#8243; img_size=&#8221;medium&#8221;][\/vc_column][vc_column width=&#8221;2\/3&#8243;][vc_column_text]Yo Te Escucho Ecuador Esta l\u00ednea de ayuda psicoemocional y espiritual naci\u00f3 a ra\u00edz de la emergencia sanitaria del Covid-19. Los servicios que se brindan son tanto para nacionales como personas de movilidad humana dentro de nuestro pa\u00eds. En solo dos a\u00f1os desde de su lanzamiento en mayo 2020, nuestros voluntarios capacitados han respondido a m\u00e1s que 4,200 llamadas, proveyendo acompa\u00f1amiento emocional, informativo y espiritual a nivel nacional.[\/vc_column_text][vc_btn title=&#8221;Descubre m\u00e1s&#8221; style=&#8221;flat&#8221; color=&#8221;green&#8221; size=&#8221;lg&#8221; align=&#8221;center&#8221; link=&#8221;url:https%3A%2F%2Fwww.pazyesperanza.org%2Fec%2F2022%2F02%2F14%2Fyo-te-escucho-ecuador%2F|title:Descrubre%20m%C3%A1s|target:%20_blank|&#8221;][\/vc_column][\/vc_row][vc_row][vc_column][vc_empty_space][\/vc_column][\/vc_row][vc_row][vc_column width=&#8221;1\/3&#8243; css=&#8221;.vc_custom_1656090554251{margin-right: 10px !important;}&#8221;][vc_single_image image=&#8221;2114&#8243; img_size=&#8221;medium&#8221; alignment=&#8221;center&#8221; css=&#8221;.vc_custom_1656090937393{margin-right: 53px !important;}&#8221;][\/vc_column][vc_column width=&#8221;2\/3&#8243;][vc_column_text]Conf\u00edo en Ti #PorEsoMeVacuno Conf\u00edo en Ti #PorEsoMeVacuno es una campa\u00f1a internacional para promover la verdad sobre las vacunas. Paz y Esperanza impulsa esta campa\u00f1a con la finalidad de brindar acompa\u00f1amiento a la amada iglesia durante el proceso de vacunaci\u00f3n. Esta iniciativa busca desarrollar diversas acciones de la mano con las comunidades eclesiales de Bolivia, Colombia, Ecuador, Per\u00fa; adem\u00e1s de facilitar espacios de di\u00e1logo y brindar informaci\u00f3n valiosa sobre la vacunaci\u00f3n contra la COVID-19.[\/vc_column_text][vc_btn title=&#8221;Videos de la compa\u00f1a&#8221; style=&#8221;flat&#8221; color=&#8221;green&#8221; size=&#8221;lg&#8221; align=&#8221;center&#8221; link=&#8221;url:https%3A%2F%2Fwww.youtube.com%2Fplaylist%3Flist%3DPLWfFL-3QiFKCEeLxN_EbrEZDz9t3De2b2|title:Videos%20de%20la%20compa%C3%B1a|target:%20_blank|&#8221;][\/vc_column][\/vc_row]","protected":false},"author":1,"featured_media":0,"parent":10,"menu_order":21,"comment_status":"closed","ping_status":"closed","template":"","meta":{"_monsterinsights_skip_tracking":false,"_monsterinsights_sitenote_active":false,"_monsterinsights_sitenote_note":"","_monsterinsights_sitenote_category":0,"footnotes":""},"class_list":["post-1733","page","type-page","status-publish","hentry"],"yoast_head":"<!-- This site is optimized with the Yoast SEO plugin v16.3 - https:\/\/yoast.com\/wordpress\/plugins\/seo\/ -->\n<title>Campa\u00f1as - Paz y Esperanza Ecuador<\/title>\n<meta name=\"robots\" content=\"index, follow, max-snippet:-1, max-image-preview:large, max-video-preview:-1\" \/>\n<link rel=\"canonical\" href=\"https:\/\/www.pazyesperanza.org\/ec\/como-trabajamos\/campanas\/\" \/>\n<meta property=\"og:locale\" content=\"en_US\" \/>\n<meta property=\"og:type\" content=\"article\" \/>\n<meta property=\"og:title\" content=\"Campa\u00f1as - Paz y Esperanza Ecuador\" \/>\n<meta property=\"og:description\" content=\"[vc_row][vc_column][\/vc_column][\/vc_row][vc_row][vc_column width=&#8221;1\/3&#8243;][vc_single_image image=&#8221;2293&#8243; img_size=&#8221;medium&#8221;][\/vc_column][vc_column width=&#8221;2\/3&#8243;][vc_column_text]Comunidades Resilientes, Fortalecidas y Promotoras de Paz Seis a\u00f1os del programa \u201cFamilias Saludables, Libres de Violencia\u201d formaron el base para este programa aun m\u00e1s impactante. La meta de este proyecto, lanzado en conjunto con nuestro socio estrat\u00e9gico Misi\u00f3n Alianza Noruega, es usar incidencia para crear una cultura del buen trato en las familias de San Francisco y Flor de Basti\u00f3n. Este programa busca reducir la violencia f\u00edsica, psicol\u00f3gica y sexual hacia mujeres, ni\u00f1os y ni\u00f1as del noroeste de Guayaquil. Utiliza talleres e incidencia con mujeres, hombres, y ni\u00f1os y ni\u00f1as de este sector para empoderarlos a ejercer su derecho a una vida libre de violencia. Informa a los hombres para que formen parte de la construcci\u00f3n de nuevas masculinidades, basadas en el respeto y la cultura de paz.\u00a0Empodera a mujeres a ejecutar acciones ciudadanas de incidencia para la defensa de los derechos humanos y la creaci\u00f3n de una red de promotoras de los derechos de la mujer. Adem\u00e1s, sensibiliza a la pr\u00f3xima generaci\u00f3n, los ni\u00f1os, ni\u00f1as y adolescentes, sobre sus derechos en situaciones de violencia.[\/vc_column_text][vc_btn title=&#8221;Descubre m\u00e1s&#8221; style=&#8221;flat&#8221; color=&#8221;green&#8221; size=&#8221;lg&#8221; align=&#8221;center&#8221; link=&#8221;url:https%3A%2F%2Fwww.pazyesperanza.org%2Fec%2F2022%2F08%2F01%2Fel-informe-de-consultoria-de-linea-base%2F|title:Descrubre%20m%C3%A1s|target:%20_blank|&#8221;][\/vc_column][\/vc_row][vc_row][vc_column][vc_empty_space][\/vc_column][\/vc_row][vc_row][vc_column width=&#8221;1\/3&#8243;][vc_single_image image=&#8221;2126&#8243; img_size=&#8221;medium&#8221;][\/vc_column][vc_column width=&#8221;2\/3&#8243;][vc_column_text]Yo Te Escucho Ecuador Esta l\u00ednea de ayuda psicoemocional y espiritual naci\u00f3 a ra\u00edz de la emergencia sanitaria del Covid-19. Los servicios que se brindan son tanto para nacionales como personas de movilidad humana dentro de nuestro pa\u00eds. En solo dos a\u00f1os desde de su lanzamiento en mayo 2020, nuestros voluntarios capacitados han respondido a m\u00e1s que 4,200 llamadas, proveyendo acompa\u00f1amiento emocional, informativo y espiritual a nivel nacional.[\/vc_column_text][vc_btn title=&#8221;Descubre m\u00e1s&#8221; style=&#8221;flat&#8221; color=&#8221;green&#8221; size=&#8221;lg&#8221; align=&#8221;center&#8221; link=&#8221;url:https%3A%2F%2Fwww.pazyesperanza.org%2Fec%2F2022%2F02%2F14%2Fyo-te-escucho-ecuador%2F|title:Descrubre%20m%C3%A1s|target:%20_blank|&#8221;][\/vc_column][\/vc_row][vc_row][vc_column][vc_empty_space][\/vc_column][\/vc_row][vc_row][vc_column width=&#8221;1\/3&#8243; css=&#8221;.vc_custom_1656090554251{margin-right: 10px !important;}&#8221;][vc_single_image image=&#8221;2114&#8243; img_size=&#8221;medium&#8221; alignment=&#8221;center&#8221; css=&#8221;.vc_custom_1656090937393{margin-right: 53px !important;}&#8221;][\/vc_column][vc_column width=&#8221;2\/3&#8243;][vc_column_text]Conf\u00edo en Ti #PorEsoMeVacuno Conf\u00edo en Ti #PorEsoMeVacuno es una campa\u00f1a internacional para promover la verdad sobre las vacunas. Paz y Esperanza impulsa esta campa\u00f1a con la finalidad de brindar acompa\u00f1amiento a la amada iglesia durante el proceso de vacunaci\u00f3n. Esta iniciativa busca desarrollar diversas acciones de la mano con las comunidades eclesiales de Bolivia, Colombia, Ecuador, Per\u00fa; adem\u00e1s de facilitar espacios de di\u00e1logo y brindar informaci\u00f3n valiosa sobre la vacunaci\u00f3n contra la COVID-19.[\/vc_column_text][vc_btn title=&#8221;Videos de la compa\u00f1a&#8221; style=&#8221;flat&#8221; color=&#8221;green&#8221; size=&#8221;lg&#8221; align=&#8221;center&#8221; link=&#8221;url:https%3A%2F%2Fwww.youtube.com%2Fplaylist%3Flist%3DPLWfFL-3QiFKCEeLxN_EbrEZDz9t3De2b2|title:Videos%20de%20la%20compa%C3%B1a|target:%20_blank|&#8221;][\/vc_column][\/vc_row]\" \/>\n<meta property=\"og:url\" content=\"https:\/\/www.pazyesperanza.org\/ec\/como-trabajamos\/campanas\/\" \/>\n<meta property=\"og:site_name\" content=\"Paz y Esperanza Ecuador\" \/>\n<meta property=\"article:modified_time\" content=\"2023-01-09T19:03:07+00:00\" \/>\n<meta name=\"twitter:card\" content=\"summary_large_image\" \/>\n<meta name=\"twitter:label1\" content=\"Est. reading time\">\n\t<meta name=\"twitter:data1\" content=\"2 minutes\">\n<script type=\"application\/ld+json\" class=\"yoast-schema-graph\">{\"@context\":\"https:\/\/schema.org\",\"@graph\":[{\"@type\":\"WebSite\",\"@id\":\"https:\/\/www.pazyesperanza.org\/ec\/#website\",\"url\":\"https:\/\/www.pazyesperanza.org\/ec\/\",\"name\":\"Paz y Esperanza Ecuador\",\"description\":\"Apasionados por la justicia\",\"potentialAction\":[{\"@type\":\"SearchAction\",\"target\":\"https:\/\/www.pazyesperanza.org\/ec\/?s={search_term_string}\",\"query-input\":\"required name=search_term_string\"}],\"inLanguage\":\"en-US\"},{\"@type\":\"WebPage\",\"@id\":\"https:\/\/www.pazyesperanza.org\/ec\/como-trabajamos\/campanas\/#webpage\",\"url\":\"https:\/\/www.pazyesperanza.org\/ec\/como-trabajamos\/campanas\/\",\"name\":\"Campa\\u00f1as - Paz y Esperanza Ecuador\",\"isPartOf\":{\"@id\":\"https:\/\/www.pazyesperanza.org\/ec\/#website\"},\"datePublished\":\"2017-07-03T21:24:50+00:00\",\"dateModified\":\"2023-01-09T19:03:07+00:00\",\"breadcrumb\":{\"@id\":\"https:\/\/www.pazyesperanza.org\/ec\/como-trabajamos\/campanas\/#breadcrumb\"},\"inLanguage\":\"en-US\",\"potentialAction\":[{\"@type\":\"ReadAction\",\"target\":[\"https:\/\/www.pazyesperanza.org\/ec\/como-trabajamos\/campanas\/\"]}]},{\"@type\":\"BreadcrumbList\",\"@id\":\"https:\/\/www.pazyesperanza.org\/ec\/como-trabajamos\/campanas\/#breadcrumb\",\"itemListElement\":[{\"@type\":\"ListItem\",\"position\":1,\"item\":{\"@type\":\"WebPage\",\"@id\":\"https:\/\/www.pazyesperanza.org\/ec\/\",\"url\":\"https:\/\/www.pazyesperanza.org\/ec\/\",\"name\":\"Portada\"}},{\"@type\":\"ListItem\",\"position\":2,\"item\":{\"@type\":\"WebPage\",\"@id\":\"https:\/\/www.pazyesperanza.org\/ec\/como-trabajamos\/\",\"url\":\"https:\/\/www.pazyesperanza.org\/ec\/como-trabajamos\/\",\"name\":\"C\\u00f3mo trabajamos\"}},{\"@type\":\"ListItem\",\"position\":3,\"item\":{\"@id\":\"https:\/\/www.pazyesperanza.org\/ec\/como-trabajamos\/campanas\/#webpage\"}}]}]}<\/script>\n<!-- \/ Yoast SEO plugin. -->","_links":{"self":[{"href":"https:\/\/www.pazyesperanza.org\/ec\/wp-json\/wp\/v2\/pages\/1733","targetHints":{"allow":["GET"]}}],"collection":[{"href":"https:\/\/www.pazyesperanza.org\/ec\/wp-json\/wp\/v2\/pages"}],"about":[{"href":"https:\/\/www.pazyesperanza.org\/ec\/wp-json\/wp\/v2\/types\/page"}],"author":[{"embeddable":true,"href":"https:\/\/www.pazyesperanza.org\/ec\/wp-json\/wp\/v2\/users\/1"}],"replies":[{"embeddable":true,"href":"https:\/\/www.pazyesperanza.org\/ec\/wp-json\/wp\/v2\/comments?post=1733"}],"version-history":[{"count":28,"href":"https:\/\/www.pazyesperanza.org\/ec\/wp-json\/wp\/v2\/pages\/1733\/revisions"}],"predecessor-version":[{"id":2294,"href":"https:\/\/www.pazyesperanza.org\/ec\/wp-json\/wp\/v2\/pages\/1733\/revisions\/2294"}],"up":[{"embeddable":true,"href":"https:\/\/www.pazyesperanza.org\/ec\/wp-json\/wp\/v2\/pages\/10"}],"wp:attachment":[{"href":"https:\/\/www.pazyesperanza.org\/ec\/wp-json\/wp\/v2\/media?parent=1733"}],"curies":[{"name":"wp","href":"https:\/\/api.w.org\/{rel}","templated":true}]}}