{"id":16,"date":"2016-10-24T14:55:43","date_gmt":"2016-10-24T14:55:43","guid":{"rendered":"http:\/\/nuevo.pazyesperanza.org\/usa\/?page_id=16"},"modified":"2022-08-01T09:01:25","modified_gmt":"2022-08-01T14:01:25","slug":"conocenos","status":"publish","type":"page","link":"https:\/\/www.pazyesperanza.org\/ec\/conocenos\/","title":{"rendered":"Con\u00f3cenos"},"content":{"rendered":"<p>[vc_row el_id=&#8221;quienes-somos &#8220;][vc_column][vc_column_text]Desde 2009, la oficina de Paz y Esperanza en Ecuador ha brindado atenci\u00f3n integral a personas y comunidades que han sufrido violaciones directas a sus derechos. Se brindan defensa legal, rehabilitaci\u00f3n integral, asistencia humanitaria e incidencia publica ante las autoridades en favor de v\u00edctimas de violencia y violaci\u00f3n de sus derechos. A trav\u00e9s de la educaci\u00f3n, materiales educativos, investigaciones, vigilancia, comunicaci\u00f3n y redes, el equipo multidisciplinario de Paz y Esperanza Ecuador promueve una cultura de paz y justicia entre una ciudad marcada por la inseguridad y la violencia.<\/p>\n<h3>Principios y Valores<\/h3>\n<p>Paz y Esperanza suscribe los principios doctrinales hist\u00f3ricos del cristianismo, tal como lo recoge la Red Miqueas, a la que estamos afiliados (<a href=\"http:\/\/www.micahnetwork.org\/sites\/default\/files\/doc\/page\/rm_nuestro_credo-sp.pdf\" target=\"_blank\" rel=\"noopener\"><u>v<\/u><u>er aqu\u00ed<\/u><\/a>)[\/vc_column_text][\/vc_column][\/vc_row][vc_row css=&#8221;.vc_custom_1500056052269{padding-top: 60px !important;padding-bottom: 60px !important;}&#8221; el_id=&#8221;principios&#8221;][vc_column][vc_custom_heading text=&#8221;Principios Operativos y Financieros&#8221;][vc_column_text]<\/p>\n<h3>PRINCIPIOS OPERATIVOS<\/h3>\n<ul>\n<li>Respeto a la vida en plenitud.<\/li>\n<li>No a la discriminaci\u00f3n.<\/li>\n<li>Respeto a las culturas.<\/li>\n<li>Rechazo de la violencia de cualquier tipo.<\/li>\n<li>Condena de los grupos terroristas y a la violencia indiscriminada de agentes del Estado.<\/li>\n<li>Independencia frente al Estado y a los partidos pol\u00edticos.<\/li>\n<li>Opci\u00f3n de una sociedad democr\u00e1tica como valor para la convivencia humana.<\/li>\n<li>Promoci\u00f3n y defensa de la mayordom\u00eda y el respeto a la creaci\u00f3n.<\/li>\n<\/ul>\n<p>&nbsp;<\/p>\n<h3>PRINCIPIOS FINANCIEROS<\/h3>\n<ul>\n<li>Reducir al m\u00ednimo los costos indirectos para asegurar que la mayor cantidad de fondos levantados sean en beneficio de las personas a quienes servimos.<\/li>\n<li>Uso de los fondos para los fines que se han conseguido.<\/li>\n<li>Cumplir las normas legales y contables que cada pa\u00eds tiene para las organizaciones sin fines de lucro.<\/li>\n<li>Estar abiertos a evaluaciones y auditor\u00edas de los programas y proyectos realizados por los otros miembros de la fraternidad.<\/li>\n<li>Los fondos que se reciban de los gobiernos locales, nacionales y de las agencias multilaterales no comprometan nuestra visi\u00f3n, valores y principios.<\/li>\n<li>Generaci\u00f3n de recursos locales.<\/li>\n<\/ul>\n<p>[\/vc_column_text][\/vc_column][\/vc_row][vc_row full_width=&#8221;stretch_row&#8221; parallax=&#8221;content-moving&#8221; parallax_image=&#8221;1318&#8243; el_id=&#8221;valores&#8221; css=&#8221;.vc_custom_1502810842853{background-image: url(http:\/\/www.pazyesperanza.org\/ec\/wp-content\/uploads\/sites\/6\/2017\/08\/IMG_0397.jpg?id=1913) !important;background-position: center;background-repeat: no-repeat !important;background-size: cover !important;}&#8221;][vc_column width=&#8221;1\/2&#8243; css=&#8221;.vc_custom_1478209085538{padding-top: 60px !important;padding-bottom: 60px !important;}&#8221;][\/vc_column][vc_column width=&#8221;1\/2&#8243;][vc_column_text css=&#8221;.vc_custom_1488982818988{padding-top: 20px !important;padding-right: 20px !important;padding-bottom: 20px !important;padding-left: 20px !important;background-color: rgba(255,255,255,0.85) !important;*background-color: rgb(255,255,255) !important;}&#8221;]<\/p>\n<div class=\"vc_custom_heading text_align_left\">\n<h2 style=\"text-align: left;font-family: Abril Fatface;font-weight: 400;font-style: normal\">Valores<\/h2>\n<\/div>\n<ul>\n<li><em>Amor:<\/em> El amor nos impulsa a la b\u00fasqueda continua del bienestar integral de los y las dem\u00e1s.<\/li>\n<li><em>Integridad y ejemplaridad personal:<\/em> Somos coherentes en lo que somos, lo que decimos y lo que hacemos.<\/li>\n<li><em>Profesionalismo: <\/em>Desempe\u00f1amos el servicio con calidad, eficiencia y responsabilidad.<\/li>\n<li><em>Compromiso<\/em>: Asumimos con respeto, pasi\u00f3n y entrega nuestro servicio a quienes acompa\u00f1amos.<\/li>\n<li><em>Misericodia:<\/em> Nos relacionamos humildemente con nuestros pr\u00f3jimos y asumimos el sufrimiento de ellos y ellas.<\/li>\n<li><em>Integraci\u00f3n y cooperaci\u00f3n:<\/em> Compartimos y vivimos la visi\u00f3n y principios institucionales en comuni\u00f3n, confianza y transparencia.<\/li>\n<li><em>Paz:<\/em> Creemos que Dios nos llama a ser agentes de reconciliaci\u00f3n y que la vida plena es fruto de la justicia y la verdad.<\/li>\n<\/ul>\n<p>[\/vc_column_text][\/vc_column][\/vc_row][vc_row][vc_column][vc_column_text]<span style=\"font-size: 20px;font-weight: bold\">Contacto<\/span><\/p>\n<p>Director: Jos\u00e9 Vinces Rodr\u00edguez<br \/>\n<i class=\"fa fa-map-marker\"><\/i>Urbanizaci\u00f3n Metr\u00f3polis IIE, Mz. 1360, Villa 30<br \/>\nGuayaquil, Ecuador.<br \/>\n042 471670; (593 0) 98 580 0098<br \/>\n<i class=\"fa fa-envelope-o\"><\/i> <a href=\"mailto:ecuador@pazyesperanza.org\" target=\"_blank\" rel=\"noopener\">ecuador@pazyesperanza.org<\/a>[\/vc_column_text][\/vc_column][\/vc_row]<\/p>\n","protected":false},"excerpt":{"rendered":"[vc_row el_id=&#8221;quienes-somos &#8220;][vc_column][vc_column_text]Desde 2009, la oficina de Paz y Esperanza en Ecuador ha brindado atenci\u00f3n integral a personas y comunidades que han sufrido violaciones directas a sus derechos. Se brindan defensa legal, rehabilitaci\u00f3n integral, asistencia humanitaria e incidencia publica ante las autoridades en favor de v\u00edctimas de violencia y violaci\u00f3n de sus derechos. A trav\u00e9s de la educaci\u00f3n, materiales educativos, investigaciones, vigilancia, comunicaci\u00f3n y redes, el equipo multidisciplinario de Paz y Esperanza Ecuador promueve una cultura de paz y justicia entre una ciudad marcada por la inseguridad y la violencia. Principios y Valores Paz y Esperanza suscribe los principios doctrinales hist\u00f3ricos del cristianismo, tal como lo recoge la Red Miqueas, a la que estamos afiliados (ver aqu\u00ed)[\/vc_column_text][\/vc_column][\/vc_row][vc_row css=&#8221;.vc_custom_1500056052269{padding-top: 60px !important;padding-bottom: 60px !important;}&#8221; el_id=&#8221;principios&#8221;][vc_column][vc_custom_heading text=&#8221;Principios Operativos y Financieros&#8221;][vc_column_text] PRINCIPIOS OPERATIVOS Respeto a la vida en plenitud. No a la discriminaci\u00f3n. Respeto a las culturas. Rechazo de la violencia de cualquier tipo. Condena de los grupos terroristas y a la violencia indiscriminada de agentes del Estado. Independencia frente al Estado y a los partidos pol\u00edticos. Opci\u00f3n de una sociedad democr\u00e1tica como valor para la convivencia humana. Promoci\u00f3n y defensa de la mayordom\u00eda y el respeto a la creaci\u00f3n. &nbsp; PRINCIPIOS FINANCIEROS Reducir al m\u00ednimo los costos indirectos para asegurar que la mayor cantidad de fondos levantados sean en beneficio de las personas a quienes servimos. Uso de los fondos para los fines que se han conseguido. Cumplir las normas legales y contables que cada pa\u00eds tiene para las organizaciones sin fines de lucro. Estar abiertos a evaluaciones y auditor\u00edas de los programas y proyectos realizados por los otros miembros de la fraternidad. Los fondos que se reciban de los gobiernos locales, nacionales y de las agencias multilaterales no comprometan nuestra visi\u00f3n, valores y principios. Generaci\u00f3n de recursos locales. [\/vc_column_text][\/vc_column][\/vc_row][vc_row full_width=&#8221;stretch_row&#8221; parallax=&#8221;content-moving&#8221; parallax_image=&#8221;1318&#8243; el_id=&#8221;valores&#8221; css=&#8221;.vc_custom_1502810842853{background-image: url(http:\/\/www.pazyesperanza.org\/ec\/wp-content\/uploads\/sites\/6\/2017\/08\/IMG_0397.jpg?id=1913) !important;background-position: center;background-repeat: no-repeat !important;background-size: cover !important;}&#8221;][vc_column width=&#8221;1\/2&#8243; css=&#8221;.vc_custom_1478209085538{padding-top: 60px !important;padding-bottom: 60px !important;}&#8221;][\/vc_column][vc_column width=&#8221;1\/2&#8243;][vc_column_text css=&#8221;.vc_custom_1488982818988{padding-top: 20px !important;padding-right: 20px !important;padding-bottom: 20px !important;padding-left: 20px !important;background-color: rgba(255,255,255,0.85) !important;*background-color: rgb(255,255,255) !important;}&#8221;] Valores Amor: El amor nos impulsa a la b\u00fasqueda continua del bienestar integral de los y las dem\u00e1s. Integridad y ejemplaridad personal: Somos coherentes en lo que somos, lo que decimos y lo que hacemos. Profesionalismo: Desempe\u00f1amos el servicio con calidad, eficiencia y responsabilidad. Compromiso: Asumimos con respeto, pasi\u00f3n y entrega nuestro servicio a quienes acompa\u00f1amos. Misericodia: Nos relacionamos humildemente con nuestros pr\u00f3jimos y asumimos el sufrimiento de ellos y ellas. Integraci\u00f3n y cooperaci\u00f3n: Compartimos y vivimos la visi\u00f3n y principios institucionales en comuni\u00f3n, confianza y transparencia. Paz: Creemos que Dios nos llama a ser agentes de reconciliaci\u00f3n y que la vida plena es fruto de la justicia y la verdad. [\/vc_column_text][\/vc_column][\/vc_row][vc_row][vc_column][vc_column_text]Contacto Director: Jos\u00e9 Vinces Rodr\u00edguez Urbanizaci\u00f3n Metr\u00f3polis IIE, Mz. 1360, Villa 30 Guayaquil, Ecuador. 042 471670; (593 0) 98 580 0098 ecuador@pazyesperanza.org[\/vc_column_text][\/vc_column][\/vc_row]","protected":false},"author":1,"featured_media":0,"parent":0,"menu_order":7,"comment_status":"closed","ping_status":"closed","template":"","meta":{"_monsterinsights_skip_tracking":false,"_monsterinsights_sitenote_active":false,"_monsterinsights_sitenote_note":"","_monsterinsights_sitenote_category":0,"footnotes":""},"class_list":["post-16","page","type-page","status-publish","hentry"],"yoast_head":"<!-- This site is optimized with the Yoast SEO plugin v16.3 - https:\/\/yoast.com\/wordpress\/plugins\/seo\/ -->\n<title>Con\u00f3cenos - Paz y Esperanza Ecuador<\/title>\n<meta name=\"robots\" content=\"index, follow, max-snippet:-1, max-image-preview:large, max-video-preview:-1\" \/>\n<link rel=\"canonical\" href=\"https:\/\/www.pazyesperanza.org\/ec\/conocenos\/\" \/>\n<meta property=\"og:locale\" content=\"en_US\" \/>\n<meta property=\"og:type\" content=\"article\" \/>\n<meta property=\"og:title\" content=\"Con\u00f3cenos - Paz y Esperanza Ecuador\" \/>\n<meta property=\"og:description\" content=\"[vc_row el_id=&#8221;quienes-somos &#8220;][vc_column][vc_column_text]Desde 2009, la oficina de Paz y Esperanza en Ecuador ha brindado atenci\u00f3n integral a personas y comunidades que han sufrido violaciones directas a sus derechos. Se brindan defensa legal, rehabilitaci\u00f3n integral, asistencia humanitaria e incidencia publica ante las autoridades en favor de v\u00edctimas de violencia y violaci\u00f3n de sus derechos. A trav\u00e9s de la educaci\u00f3n, materiales educativos, investigaciones, vigilancia, comunicaci\u00f3n y redes, el equipo multidisciplinario de Paz y Esperanza Ecuador promueve una cultura de paz y justicia entre una ciudad marcada por la inseguridad y la violencia. Principios y Valores Paz y Esperanza suscribe los principios doctrinales hist\u00f3ricos del cristianismo, tal como lo recoge la Red Miqueas, a la que estamos afiliados (ver aqu\u00ed)[\/vc_column_text][\/vc_column][\/vc_row][vc_row css=&#8221;.vc_custom_1500056052269{padding-top: 60px !important;padding-bottom: 60px !important;}&#8221; el_id=&#8221;principios&#8221;][vc_column][vc_custom_heading text=&#8221;Principios Operativos y Financieros&#8221;][vc_column_text] PRINCIPIOS OPERATIVOS Respeto a la vida en plenitud. No a la discriminaci\u00f3n. Respeto a las culturas. Rechazo de la violencia de cualquier tipo. Condena de los grupos terroristas y a la violencia indiscriminada de agentes del Estado. Independencia frente al Estado y a los partidos pol\u00edticos. Opci\u00f3n de una sociedad democr\u00e1tica como valor para la convivencia humana. Promoci\u00f3n y defensa de la mayordom\u00eda y el respeto a la creaci\u00f3n. &nbsp; PRINCIPIOS FINANCIEROS Reducir al m\u00ednimo los costos indirectos para asegurar que la mayor cantidad de fondos levantados sean en beneficio de las personas a quienes servimos. Uso de los fondos para los fines que se han conseguido. Cumplir las normas legales y contables que cada pa\u00eds tiene para las organizaciones sin fines de lucro. Estar abiertos a evaluaciones y auditor\u00edas de los programas y proyectos realizados por los otros miembros de la fraternidad. Los fondos que se reciban de los gobiernos locales, nacionales y de las agencias multilaterales no comprometan nuestra visi\u00f3n, valores y principios. Generaci\u00f3n de recursos locales. [\/vc_column_text][\/vc_column][\/vc_row][vc_row full_width=&#8221;stretch_row&#8221; parallax=&#8221;content-moving&#8221; parallax_image=&#8221;1318&#8243; el_id=&#8221;valores&#8221; css=&#8221;.vc_custom_1502810842853{background-image: url(http:\/\/www.pazyesperanza.org\/ec\/wp-content\/uploads\/sites\/6\/2017\/08\/IMG_0397.jpg?id=1913) !important;background-position: center;background-repeat: no-repeat !important;background-size: cover !important;}&#8221;][vc_column width=&#8221;1\/2&#8243; css=&#8221;.vc_custom_1478209085538{padding-top: 60px !important;padding-bottom: 60px !important;}&#8221;][\/vc_column][vc_column width=&#8221;1\/2&#8243;][vc_column_text css=&#8221;.vc_custom_1488982818988{padding-top: 20px !important;padding-right: 20px !important;padding-bottom: 20px !important;padding-left: 20px !important;background-color: rgba(255,255,255,0.85) !important;*background-color: rgb(255,255,255) !important;}&#8221;] Valores Amor: El amor nos impulsa a la b\u00fasqueda continua del bienestar integral de los y las dem\u00e1s. Integridad y ejemplaridad personal: Somos coherentes en lo que somos, lo que decimos y lo que hacemos. Profesionalismo: Desempe\u00f1amos el servicio con calidad, eficiencia y responsabilidad. Compromiso: Asumimos con respeto, pasi\u00f3n y entrega nuestro servicio a quienes acompa\u00f1amos. Misericodia: Nos relacionamos humildemente con nuestros pr\u00f3jimos y asumimos el sufrimiento de ellos y ellas. Integraci\u00f3n y cooperaci\u00f3n: Compartimos y vivimos la visi\u00f3n y principios institucionales en comuni\u00f3n, confianza y transparencia. Paz: Creemos que Dios nos llama a ser agentes de reconciliaci\u00f3n y que la vida plena es fruto de la justicia y la verdad. [\/vc_column_text][\/vc_column][\/vc_row][vc_row][vc_column][vc_column_text]Contacto Director: Jos\u00e9 Vinces Rodr\u00edguez Urbanizaci\u00f3n Metr\u00f3polis IIE, Mz. 1360, Villa 30 Guayaquil, Ecuador. 042 471670; (593 0) 98 580 0098 ecuador@pazyesperanza.org[\/vc_column_text][\/vc_column][\/vc_row]\" \/>\n<meta property=\"og:url\" content=\"https:\/\/www.pazyesperanza.org\/ec\/conocenos\/\" \/>\n<meta property=\"og:site_name\" content=\"Paz y Esperanza Ecuador\" \/>\n<meta property=\"article:modified_time\" content=\"2022-08-01T14:01:25+00:00\" \/>\n<meta name=\"twitter:card\" content=\"summary_large_image\" \/>\n<meta name=\"twitter:label1\" content=\"Est. reading time\">\n\t<meta name=\"twitter:data1\" content=\"3 minutes\">\n<script type=\"application\/ld+json\" class=\"yoast-schema-graph\">{\"@context\":\"https:\/\/schema.org\",\"@graph\":[{\"@type\":\"WebSite\",\"@id\":\"https:\/\/www.pazyesperanza.org\/ec\/#website\",\"url\":\"https:\/\/www.pazyesperanza.org\/ec\/\",\"name\":\"Paz y Esperanza Ecuador\",\"description\":\"Apasionados por la justicia\",\"potentialAction\":[{\"@type\":\"SearchAction\",\"target\":\"https:\/\/www.pazyesperanza.org\/ec\/?s={search_term_string}\",\"query-input\":\"required name=search_term_string\"}],\"inLanguage\":\"en-US\"},{\"@type\":\"WebPage\",\"@id\":\"https:\/\/www.pazyesperanza.org\/ec\/conocenos\/#webpage\",\"url\":\"https:\/\/www.pazyesperanza.org\/ec\/conocenos\/\",\"name\":\"Con\\u00f3cenos - Paz y Esperanza Ecuador\",\"isPartOf\":{\"@id\":\"https:\/\/www.pazyesperanza.org\/ec\/#website\"},\"datePublished\":\"2016-10-24T14:55:43+00:00\",\"dateModified\":\"2022-08-01T14:01:25+00:00\",\"breadcrumb\":{\"@id\":\"https:\/\/www.pazyesperanza.org\/ec\/conocenos\/#breadcrumb\"},\"inLanguage\":\"en-US\",\"potentialAction\":[{\"@type\":\"ReadAction\",\"target\":[\"https:\/\/www.pazyesperanza.org\/ec\/conocenos\/\"]}]},{\"@type\":\"BreadcrumbList\",\"@id\":\"https:\/\/www.pazyesperanza.org\/ec\/conocenos\/#breadcrumb\",\"itemListElement\":[{\"@type\":\"ListItem\",\"position\":1,\"item\":{\"@type\":\"WebPage\",\"@id\":\"https:\/\/www.pazyesperanza.org\/ec\/\",\"url\":\"https:\/\/www.pazyesperanza.org\/ec\/\",\"name\":\"Portada\"}},{\"@type\":\"ListItem\",\"position\":2,\"item\":{\"@id\":\"https:\/\/www.pazyesperanza.org\/ec\/conocenos\/#webpage\"}}]}]}<\/script>\n<!-- \/ Yoast SEO plugin. -->","_links":{"self":[{"href":"https:\/\/www.pazyesperanza.org\/ec\/wp-json\/wp\/v2\/pages\/16","targetHints":{"allow":["GET"]}}],"collection":[{"href":"https:\/\/www.pazyesperanza.org\/ec\/wp-json\/wp\/v2\/pages"}],"about":[{"href":"https:\/\/www.pazyesperanza.org\/ec\/wp-json\/wp\/v2\/types\/page"}],"author":[{"embeddable":true,"href":"https:\/\/www.pazyesperanza.org\/ec\/wp-json\/wp\/v2\/users\/1"}],"replies":[{"embeddable":true,"href":"https:\/\/www.pazyesperanza.org\/ec\/wp-json\/wp\/v2\/comments?post=16"}],"version-history":[{"count":18,"href":"https:\/\/www.pazyesperanza.org\/ec\/wp-json\/wp\/v2\/pages\/16\/revisions"}],"predecessor-version":[{"id":2177,"href":"https:\/\/www.pazyesperanza.org\/ec\/wp-json\/wp\/v2\/pages\/16\/revisions\/2177"}],"wp:attachment":[{"href":"https:\/\/www.pazyesperanza.org\/ec\/wp-json\/wp\/v2\/media?parent=16"}],"curies":[{"name":"wp","href":"https:\/\/api.w.org\/{rel}","templated":true}]}}