{"id":1387,"date":"2016-11-04T14:12:39","date_gmt":"2016-11-04T14:12:39","guid":{"rendered":"http:\/\/nuevo.pazyesperanza.org\/usa\/?page_id=1387"},"modified":"2017-10-26T19:55:37","modified_gmt":"2017-10-26T19:55:37","slug":"lideres","status":"publish","type":"page","link":"https:\/\/www.pazyesperanza.org\/ec\/conocenos\/lideres\/","title":{"rendered":"L\u00edderes"},"content":{"rendered":"<p>[vc_row el_id=&#8221;team&#8221;][vc_column][vc_raw_js]JTNDc2NyaXB0JTNFJTIwJTBBalF1ZXJ5Lm5vQ29uZmxpY3QlMjglMjklM0IlMEFqUXVlcnklMjhkb2N1bWVudCUyOS5mb3VuZGF0aW9uJTI4JTI5JTNCJTBBJTNDJTJGc2NyaXB0JTNFJTIwJTBBJTNDc2NyaXB0JTNFJTIwJTBBZG9jdW1lbnQuZ2V0RWxlbWVudHNCeVRhZ05hbWUlMjglMjJhJTIyJTI5JTVCMCU1RC5yZW1vdmVBdHRyaWJ1dGUlMjglMjJocmVmJTIyJTI5JTNCJTBBJTNDJTJGc2NyaXB0JTNFJTIw[\/vc_raw_js][vc_custom_heading text=&#8221;Consejo Directivo&#8221; font_container=&#8221;tag:h2|text_align:center&#8221;]<ul class=\"isotope-grid team-custom-grid\"><li class=\"grid-item team-custom-grid-item format-standard\" style=\"width:22%\">\r\r\n\t\t<div class=\"grid-staff-item \">\r\r\n                     \t<div class=\"grid-item-inner\"><div class=\"media-box\"><img decoding=\"async\" src=\"https:\/\/www.pazyesperanza.org\/ec\/wp-content\/uploads\/sites\/6\/2017\/10\/WhatsApp-Image-2025-10-17-at-2.43.55-PM-958x958.jpeg\" class=\"attachment-post-thumbnail size-post-thumbnail wp-post-image\" alt=\"\" srcset=\"https:\/\/www.pazyesperanza.org\/ec\/wp-content\/uploads\/sites\/6\/2017\/10\/WhatsApp-Image-2025-10-17-at-2.43.55-PM-958x958.jpeg 958w, https:\/\/www.pazyesperanza.org\/ec\/wp-content\/uploads\/sites\/6\/2017\/10\/WhatsApp-Image-2025-10-17-at-2.43.55-PM-300x300.jpeg 300w, https:\/\/www.pazyesperanza.org\/ec\/wp-content\/uploads\/sites\/6\/2017\/10\/WhatsApp-Image-2025-10-17-at-2.43.55-PM-1024x1024.jpeg 1024w, https:\/\/www.pazyesperanza.org\/ec\/wp-content\/uploads\/sites\/6\/2017\/10\/WhatsApp-Image-2025-10-17-at-2.43.55-PM-150x150.jpeg 150w, https:\/\/www.pazyesperanza.org\/ec\/wp-content\/uploads\/sites\/6\/2017\/10\/WhatsApp-Image-2025-10-17-at-2.43.55-PM-768x768.jpeg 768w, https:\/\/www.pazyesperanza.org\/ec\/wp-content\/uploads\/sites\/6\/2017\/10\/WhatsApp-Image-2025-10-17-at-2.43.55-PM-1536x1536.jpeg 1536w, https:\/\/www.pazyesperanza.org\/ec\/wp-content\/uploads\/sites\/6\/2017\/10\/WhatsApp-Image-2025-10-17-at-2.43.55-PM-70x70.jpeg 70w, https:\/\/www.pazyesperanza.org\/ec\/wp-content\/uploads\/sites\/6\/2017\/10\/WhatsApp-Image-2025-10-17-at-2.43.55-PM.jpeg 1600w\" sizes=\"(max-width: 958px) 100vw, 958px\" \/><\/div><div class=\"grid-item-content\">\r\r\n                                \t<h3 class=\"margin-5\">Paulina Ortega Villalba<\/h3><span class=\"meta-data margin-20\">presidenta<\/span><p>Psic\u00f3loga especializada en intervenci\u00f3n comunitaria, Salud mental y desarrollo de estrategias en contextos de crisis. M\u00e1ster en psicolog\u00eda cl\u00ednica de atenci\u00f3n en emergencias y desastres. Ella tiene experiencia en el trabajo con mujeres l\u00edderes de la comunidad, adem\u00e1s de trabajar con poblaciones vulnerables en los temas de prevenci\u00f3n del abuso sexual infantil y prevenci\u00f3n de la violencia basada en g\u00e9nero.<a href=\"https:\/\/www.pazyesperanza.org\/ec\/team\/danny-diaz-alvarez\/\"><\/a><\/p><\/div><\/div><\/div><\/li><li class=\"grid-item team-custom-grid-item format-standard\" style=\"width:22%\">\r\r\n\t\t<div class=\"grid-staff-item \">\r\r\n                     \t<div class=\"grid-item-inner\"><div class=\"media-box\"><img decoding=\"async\" src=\"https:\/\/www.pazyesperanza.org\/ec\/wp-content\/uploads\/sites\/6\/2017\/08\/WhatsApp-Image-2025-10-17-at-4.38.08-PM-958x965.jpeg\" class=\"attachment-post-thumbnail size-post-thumbnail wp-post-image\" alt=\"\" srcset=\"https:\/\/www.pazyesperanza.org\/ec\/wp-content\/uploads\/sites\/6\/2017\/08\/WhatsApp-Image-2025-10-17-at-4.38.08-PM-958x965.jpeg 958w, https:\/\/www.pazyesperanza.org\/ec\/wp-content\/uploads\/sites\/6\/2017\/08\/WhatsApp-Image-2025-10-17-at-4.38.08-PM-298x300.jpeg 298w, https:\/\/www.pazyesperanza.org\/ec\/wp-content\/uploads\/sites\/6\/2017\/08\/WhatsApp-Image-2025-10-17-at-4.38.08-PM-1016x1024.jpeg 1016w, https:\/\/www.pazyesperanza.org\/ec\/wp-content\/uploads\/sites\/6\/2017\/08\/WhatsApp-Image-2025-10-17-at-4.38.08-PM-150x150.jpeg 150w, https:\/\/www.pazyesperanza.org\/ec\/wp-content\/uploads\/sites\/6\/2017\/08\/WhatsApp-Image-2025-10-17-at-4.38.08-PM-768x774.jpeg 768w, https:\/\/www.pazyesperanza.org\/ec\/wp-content\/uploads\/sites\/6\/2017\/08\/WhatsApp-Image-2025-10-17-at-4.38.08-PM-70x70.jpeg 70w, https:\/\/www.pazyesperanza.org\/ec\/wp-content\/uploads\/sites\/6\/2017\/08\/WhatsApp-Image-2025-10-17-at-4.38.08-PM.jpeg 1080w\" sizes=\"(max-width: 958px) 100vw, 958px\" \/><\/div><div class=\"grid-item-content\">\r\r\n                                \t<h3 class=\"margin-5\">Senia Pilco Tarira<\/h3><span class=\"meta-data margin-20\">Tesorera<\/span><p>Graduada de la Universidad B\u00edblica latinoamericana. Estudi\u00f3 en la Universidad de Guayaquil, capacitadora de comunidades de alta vulnerabilidad en el tema de prevenci\u00f3n de la violencia intrafamiliar. Docente del Instituto Superior tecnol\u00f3gico Liceo Cristiano de Guayaquil, y del seminario b\u00edblico Alianza, trabaj\u00f3 en atenci\u00f3n a v\u00edctimas de abuso y violencia desde la mirada pastoral y restauraci\u00f3n espiritual.<a href=\"https:\/\/www.pazyesperanza.org\/ec\/team\/yesenia-elizabeth-salinas-zavala\/\"><\/a><\/p><\/div><\/div><\/div><\/li><li class=\"grid-item team-custom-grid-item format-standard\" style=\"width:22%\">\r\r\n\t\t<div class=\"grid-staff-item \">\r\r\n                     \t<div class=\"grid-item-inner\"><div class=\"media-box\"><img decoding=\"async\" src=\"https:\/\/www.pazyesperanza.org\/ec\/wp-content\/uploads\/sites\/6\/2017\/10\/M.jpg\" class=\"attachment-post-thumbnail size-post-thumbnail wp-post-image\" alt=\"\" srcset=\"https:\/\/www.pazyesperanza.org\/ec\/wp-content\/uploads\/sites\/6\/2017\/10\/M.jpg 331w, https:\/\/www.pazyesperanza.org\/ec\/wp-content\/uploads\/sites\/6\/2017\/10\/M-150x150.jpg 150w, https:\/\/www.pazyesperanza.org\/ec\/wp-content\/uploads\/sites\/6\/2017\/10\/M-300x300.jpg 300w, https:\/\/www.pazyesperanza.org\/ec\/wp-content\/uploads\/sites\/6\/2017\/10\/M-70x70.jpg 70w\" sizes=\"(max-width: 331px) 100vw, 331px\" \/><\/div><div class=\"grid-item-content\">\r\r\n                                \t<h3 class=\"margin-5\">Mar\u00eda Eugenia Carriel Espinoza<\/h3><span class=\"meta-data margin-20\">Secretaria<\/span><p>Ecuatoriana. Ella estudi\u00f3 en la Universidad de Guayaquil y recibi\u00f3 un titulo de Maestra de Segunda Ense\u00f1anza. Ella es presidenta de la Empresa Ecuadorian Trade C. Ltda. Es miembro del Ministerio Gedeones Internacionales y es Capellana Nacional de las Auxiliares. Es una l\u00edder espiritual en su iglesia llamada Alianza Samborond\u00f3n. Est\u00e1 casada y tiene tres hijos j\u00f3venes.<a href=\"https:\/\/www.pazyesperanza.org\/ec\/team\/maria-eugenia-carriel-espinoza\/\"><\/a><\/p><\/div><\/div><\/div><\/li><\/ul>[vc_custom_heading text=&#8221;Liderazgo&#8221; font_container=&#8221;tag:h2|text_align:center&#8221;]<ul class=\"isotope-grid team-custom-grid\"><li class=\"grid-item team-custom-grid-item format-standard\" style=\"width:22%\">\r\r\n\t\t<div class=\"grid-staff-item \">\r\r\n                     \t<div class=\"grid-item-inner\"><div class=\"media-box\"><img decoding=\"async\" src=\"https:\/\/www.pazyesperanza.org\/ec\/wp-content\/uploads\/sites\/6\/2017\/08\/JVR-2.jpg\" class=\"attachment-post-thumbnail size-post-thumbnail wp-post-image\" alt=\"\" srcset=\"https:\/\/www.pazyesperanza.org\/ec\/wp-content\/uploads\/sites\/6\/2017\/08\/JVR-2.jpg 757w, https:\/\/www.pazyesperanza.org\/ec\/wp-content\/uploads\/sites\/6\/2017\/08\/JVR-2-150x150.jpg 150w, https:\/\/www.pazyesperanza.org\/ec\/wp-content\/uploads\/sites\/6\/2017\/08\/JVR-2-300x300.jpg 300w, https:\/\/www.pazyesperanza.org\/ec\/wp-content\/uploads\/sites\/6\/2017\/08\/JVR-2-70x70.jpg 70w\" sizes=\"(max-width: 757px) 100vw, 757px\" \/><\/div><div class=\"grid-item-content\">\r\r\n                                \t<h3 class=\"margin-5\">Jos\u00e9 Vinces Rodr\u00edguez<\/h3><span class=\"meta-data margin-20\">Director Ejecutivo<\/span><p>Peruano residente en Ecuador. Trabaja con grupos vulnerables por m\u00e1s de 20 a\u00f1os. Abogado por la Universidad San Mart\u00edn de Porres de Lima y Magister en Derechos Humanos en el Mundo Contempor\u00e1neo por la Universidad Internacional de Andaluc\u00eda-Espa\u00f1a. Cuenta con estudios de maestr\u00eda en Misionologia, realizados en la Facultad Evang\u00e9lica Orlando Costas-CEMAA, Per\u00fa. Es fundador de la REDI \u2013 Red Evang\u00e9lica Diaconal Interinstitucional, (Guayaquil-Ecuador). Docente del Seminario B\u00edblico Alianza del Ecuador. Articulista y conferencista internacional. Est\u00e1 casado con Loida Carriel, tienen tres hijos.<a href=\"https:\/\/www.pazyesperanza.org\/ec\/team\/jose-vinces-rodriguez\/\"><\/a><\/p><\/div><\/div><\/div><\/li><\/ul>[\/vc_column][\/vc_row]<\/p>\n","protected":false},"excerpt":{"rendered":"[vc_row el_id=&#8221;team&#8221;][vc_column][vc_raw_js]JTNDc2NyaXB0JTNFJTIwJTBBalF1ZXJ5Lm5vQ29uZmxpY3QlMjglMjklM0IlMEFqUXVlcnklMjhkb2N1bWVudCUyOS5mb3VuZGF0aW9uJTI4JTI5JTNCJTBBJTNDJTJGc2NyaXB0JTNFJTIwJTBBJTNDc2NyaXB0JTNFJTIwJTBBZG9jdW1lbnQuZ2V0RWxlbWVudHNCeVRhZ05hbWUlMjglMjJhJTIyJTI5JTVCMCU1RC5yZW1vdmVBdHRyaWJ1dGUlMjglMjJocmVmJTIyJTI5JTNCJTBBJTNDJTJGc2NyaXB0JTNFJTIw[\/vc_raw_js][vc_custom_heading text=&#8221;Consejo Directivo&#8221; font_container=&#8221;tag:h2|text_align:center&#8221;][vc_custom_heading text=&#8221;Liderazgo&#8221; font_container=&#8221;tag:h2|text_align:center&#8221;][\/vc_column][\/vc_row]","protected":false},"author":1,"featured_media":0,"parent":16,"menu_order":10,"comment_status":"closed","ping_status":"closed","template":"","meta":{"_monsterinsights_skip_tracking":false,"_monsterinsights_sitenote_active":false,"_monsterinsights_sitenote_note":"","_monsterinsights_sitenote_category":0,"footnotes":""},"class_list":["post-1387","page","type-page","status-publish","hentry"],"yoast_head":"<!-- This site is optimized with the Yoast SEO plugin v16.3 - https:\/\/yoast.com\/wordpress\/plugins\/seo\/ -->\n<title>L\u00edderes - Paz y Esperanza Ecuador<\/title>\n<meta name=\"robots\" content=\"index, follow, max-snippet:-1, max-image-preview:large, max-video-preview:-1\" \/>\n<link rel=\"canonical\" href=\"https:\/\/www.pazyesperanza.org\/ec\/conocenos\/lideres\/\" \/>\n<meta property=\"og:locale\" content=\"en_US\" \/>\n<meta property=\"og:type\" content=\"article\" \/>\n<meta property=\"og:title\" content=\"L\u00edderes - Paz y Esperanza Ecuador\" \/>\n<meta property=\"og:description\" content=\"[vc_row el_id=&#8221;team&#8221;][vc_column][vc_raw_js]JTNDc2NyaXB0JTNFJTIwJTBBalF1ZXJ5Lm5vQ29uZmxpY3QlMjglMjklM0IlMEFqUXVlcnklMjhkb2N1bWVudCUyOS5mb3VuZGF0aW9uJTI4JTI5JTNCJTBBJTNDJTJGc2NyaXB0JTNFJTIwJTBBJTNDc2NyaXB0JTNFJTIwJTBBZG9jdW1lbnQuZ2V0RWxlbWVudHNCeVRhZ05hbWUlMjglMjJhJTIyJTI5JTVCMCU1RC5yZW1vdmVBdHRyaWJ1dGUlMjglMjJocmVmJTIyJTI5JTNCJTBBJTNDJTJGc2NyaXB0JTNFJTIw[\/vc_raw_js][vc_custom_heading text=&#8221;Consejo Directivo&#8221; font_container=&#8221;tag:h2|text_align:center&#8221;][vc_custom_heading text=&#8221;Liderazgo&#8221; font_container=&#8221;tag:h2|text_align:center&#8221;][\/vc_column][\/vc_row]\" \/>\n<meta property=\"og:url\" content=\"https:\/\/www.pazyesperanza.org\/ec\/conocenos\/lideres\/\" \/>\n<meta property=\"og:site_name\" content=\"Paz y Esperanza Ecuador\" \/>\n<meta property=\"article:modified_time\" content=\"2017-10-26T19:55:37+00:00\" \/>\n<meta name=\"twitter:card\" content=\"summary_large_image\" \/>\n<meta name=\"twitter:label1\" content=\"Est. reading time\">\n\t<meta name=\"twitter:data1\" content=\"1 minute\">\n<script type=\"application\/ld+json\" class=\"yoast-schema-graph\">{\"@context\":\"https:\/\/schema.org\",\"@graph\":[{\"@type\":\"WebSite\",\"@id\":\"https:\/\/www.pazyesperanza.org\/ec\/#website\",\"url\":\"https:\/\/www.pazyesperanza.org\/ec\/\",\"name\":\"Paz y Esperanza Ecuador\",\"description\":\"Apasionados por la justicia\",\"potentialAction\":[{\"@type\":\"SearchAction\",\"target\":\"https:\/\/www.pazyesperanza.org\/ec\/?s={search_term_string}\",\"query-input\":\"required name=search_term_string\"}],\"inLanguage\":\"en-US\"},{\"@type\":\"WebPage\",\"@id\":\"https:\/\/www.pazyesperanza.org\/ec\/conocenos\/lideres\/#webpage\",\"url\":\"https:\/\/www.pazyesperanza.org\/ec\/conocenos\/lideres\/\",\"name\":\"L\\u00edderes - Paz y Esperanza Ecuador\",\"isPartOf\":{\"@id\":\"https:\/\/www.pazyesperanza.org\/ec\/#website\"},\"datePublished\":\"2016-11-04T14:12:39+00:00\",\"dateModified\":\"2017-10-26T19:55:37+00:00\",\"breadcrumb\":{\"@id\":\"https:\/\/www.pazyesperanza.org\/ec\/conocenos\/lideres\/#breadcrumb\"},\"inLanguage\":\"en-US\",\"potentialAction\":[{\"@type\":\"ReadAction\",\"target\":[\"https:\/\/www.pazyesperanza.org\/ec\/conocenos\/lideres\/\"]}]},{\"@type\":\"BreadcrumbList\",\"@id\":\"https:\/\/www.pazyesperanza.org\/ec\/conocenos\/lideres\/#breadcrumb\",\"itemListElement\":[{\"@type\":\"ListItem\",\"position\":1,\"item\":{\"@type\":\"WebPage\",\"@id\":\"https:\/\/www.pazyesperanza.org\/ec\/\",\"url\":\"https:\/\/www.pazyesperanza.org\/ec\/\",\"name\":\"Portada\"}},{\"@type\":\"ListItem\",\"position\":2,\"item\":{\"@type\":\"WebPage\",\"@id\":\"https:\/\/www.pazyesperanza.org\/ec\/conocenos\/\",\"url\":\"https:\/\/www.pazyesperanza.org\/ec\/conocenos\/\",\"name\":\"Con\\u00f3cenos\"}},{\"@type\":\"ListItem\",\"position\":3,\"item\":{\"@id\":\"https:\/\/www.pazyesperanza.org\/ec\/conocenos\/lideres\/#webpage\"}}]}]}<\/script>\n<!-- \/ Yoast SEO plugin. -->","_links":{"self":[{"href":"https:\/\/www.pazyesperanza.org\/ec\/wp-json\/wp\/v2\/pages\/1387","targetHints":{"allow":["GET"]}}],"collection":[{"href":"https:\/\/www.pazyesperanza.org\/ec\/wp-json\/wp\/v2\/pages"}],"about":[{"href":"https:\/\/www.pazyesperanza.org\/ec\/wp-json\/wp\/v2\/types\/page"}],"author":[{"embeddable":true,"href":"https:\/\/www.pazyesperanza.org\/ec\/wp-json\/wp\/v2\/users\/1"}],"replies":[{"embeddable":true,"href":"https:\/\/www.pazyesperanza.org\/ec\/wp-json\/wp\/v2\/comments?post=1387"}],"version-history":[{"count":10,"href":"https:\/\/www.pazyesperanza.org\/ec\/wp-json\/wp\/v2\/pages\/1387\/revisions"}],"predecessor-version":[{"id":1975,"href":"https:\/\/www.pazyesperanza.org\/ec\/wp-json\/wp\/v2\/pages\/1387\/revisions\/1975"}],"up":[{"embeddable":true,"href":"https:\/\/www.pazyesperanza.org\/ec\/wp-json\/wp\/v2\/pages\/16"}],"wp:attachment":[{"href":"https:\/\/www.pazyesperanza.org\/ec\/wp-json\/wp\/v2\/media?parent=1387"}],"curies":[{"name":"wp","href":"https:\/\/api.w.org\/{rel}","templated":true}]}}