{"id":1291,"date":"2016-10-25T14:08:12","date_gmt":"2016-10-25T14:08:12","guid":{"rendered":"http:\/\/nuevo.pazyesperanza.org\/usa\/?page_id=1291"},"modified":"2017-08-15T15:02:16","modified_gmt":"2017-08-15T15:02:16","slug":"programas","status":"publish","type":"page","link":"https:\/\/www.pazyesperanza.org\/ec\/como-trabajamos\/programas\/","title":{"rendered":"Programas"},"content":{"rendered":"<p>[vc_row][vc_column]<div class=\"causes-list\"><ul><style type=\"text\/css\" media=\"screen\">\n@media only screen and (max-width: 768px) {\n\t.campaign-loop.campaign-grid.masonry { -moz-column-count: 1; -webkit-column-count: 1; column-count: 1; }\n\t.campaign-loop.campaign-grid .campaign,.campaign-loop.campaign-grid .campaign.hentry { width: 100% !important; }\n}\n<\/style>\n\t\t<ul class=\"sort-destination causes-list cause-page-listing\" data-sort-id=\"gallery\"><li id=\"campaign-1908\" class=\"causes-list-item cause-item grid-item post-1908 campaign type-campaign status-publish has-post-thumbnail hentry campaign_category-programas campaign-has-no-goal campaign-is-endless\">\r\n<div class=\"list-item-inner\">    <a href=\"https:\/\/www.pazyesperanza.org\/ec\/programas\/derechos-de-los-ninos-ninas-y-adolescentes\/\" class=\"media-box\"> \r\n        <img decoding=\"async\" src=\"https:\/\/www.pazyesperanza.org\/ec\/wp-content\/uploads\/sites\/6\/2022\/04\/IMG_20220616_114951-1-600x400.jpg\" class=\"attachment-borntogive-600x400 size-borntogive-600x400 wp-post-image\" alt=\"\" \/>\r\n            <\/a>\r\n    <div class=\"cause-item-container\"><div class=\"campaign-description-wrapper\">\r\n  <h3><a href=\"https:\/\/www.pazyesperanza.org\/ec\/programas\/derechos-de-los-ninos-ninas-y-adolescentes\/\"> Derechos de los ni\u00f1os, ni\u00f1as y adolescentes<\/a><\/h3>\r\n  <div class=\"campaign-description\">\r\n      Los Nin\u0303os, Nin\u0303as y Adolescentes (NNA) ha sido un grupo extremadamente vulnerable en Ecuador. En nuestro trabajo con ellos, ponemos \u00e9nfasis en tres aspectos: Establecimiento de un Sistema de Protecci\u00f3n, empoderamiento y ejercicio de derechos, y actori\u0301a social. Sabemos que muchos NNA son afectados por diversas formas de violencia y vulnerabilidad y querremos ver el ejercicio pleno de sus derechos.  <\/div>\r\n<\/div>\r\n<div class=\"campaign-donation-stats\">  \r\n    <span class=\"amount\">&#36;0.00<\/span> donated<\/div><div class=\"campaign-donation\">\n\t<a data-trigger-modal=\"charitable-donation-form-modal-loop\"\n\t\tdata-campaign-id=\"1908\"\n\t\tclass=\"button charitable-button donate-button button-primary\"\n\t\thref=\"https:\/\/www.pazyesperanza.org\/ec\/programas\/derechos-de-los-ninos-ninas-y-adolescentes\/donate\/\"\n\t\taria-label=\"Make a donation to Derechos de los ni\u00f1os, ni\u00f1as y adolescentes\">\n\t\tDonate\t<\/a>\n<\/div>\n<\/div><\/div><\/li><li id=\"campaign-1915\" class=\"causes-list-item cause-item grid-item post-1915 campaign type-campaign status-publish has-post-thumbnail hentry campaign_category-programas campaign-has-no-goal campaign-is-endless\">\r\n<div class=\"list-item-inner\">    <a href=\"https:\/\/www.pazyesperanza.org\/ec\/programas\/cuidadania-e-igualdad-de-genero\/\" class=\"media-box\"> \r\n        <img decoding=\"async\" src=\"https:\/\/www.pazyesperanza.org\/ec\/wp-content\/uploads\/sites\/6\/2017\/08\/WhatsApp-Image-2022-06-24-at-4.21.06-PM-600x400.jpeg\" class=\"attachment-borntogive-600x400 size-borntogive-600x400 wp-post-image\" alt=\"\" \/>\r\n            <\/a>\r\n    <div class=\"cause-item-container\"><div class=\"campaign-description-wrapper\">\r\n  <h3><a href=\"https:\/\/www.pazyesperanza.org\/ec\/programas\/cuidadania-e-igualdad-de-genero\/\"> Ciudadan\u00eda e igualdad de g\u00e9nero<\/a><\/h3>\r\n  <div class=\"campaign-description\">\r\n      En los u\u0301ltimos 100 an\u0303os, la accio\u0301n poli\u0301tica de las mujeres ha contribuido al reconocimiento de los derechos o al ejercicio de ciudadani\u0301a de las mujeres, creando y reforzando las relaciones de igualdad de ge\u0301nero. Como fundaci\u00f3n contribuimos a la ciudadani\u0301a, empoderamiento y ejercicio de derechos de mujeres afectadas por la violencia y la vulnerabilidad a trave\u0301s del fortalecimiento de su acceso a la justicia.  <\/div>\r\n<\/div>\r\n<div class=\"campaign-donation-stats\">  \r\n    <span class=\"amount\">&#36;0.00<\/span> donated<\/div><div class=\"campaign-donation\">\n\t<a data-trigger-modal=\"charitable-donation-form-modal-loop\"\n\t\tdata-campaign-id=\"1915\"\n\t\tclass=\"button charitable-button donate-button button-primary\"\n\t\thref=\"https:\/\/www.pazyesperanza.org\/ec\/programas\/cuidadania-e-igualdad-de-genero\/donate\/\"\n\t\taria-label=\"Make a donation to Ciudadan\u00eda e igualdad de g\u00e9nero\">\n\t\tDonate\t<\/a>\n<\/div>\n<\/div><\/div><\/li><li id=\"campaign-1911\" class=\"causes-list-item cause-item grid-item post-1911 campaign type-campaign status-publish has-post-thumbnail hentry campaign_category-programas campaign-has-no-goal campaign-is-endless\">\r\n<div class=\"list-item-inner\">    <a href=\"https:\/\/www.pazyesperanza.org\/ec\/programas\/respuesta-humanitaria-y-movilidad-humana\/\" class=\"media-box\"> \r\n        <img decoding=\"async\" src=\"https:\/\/www.pazyesperanza.org\/ec\/wp-content\/uploads\/sites\/6\/2017\/08\/WhatsApp-Image-2022-06-24-at-4.17.40-PM-600x400.jpeg\" class=\"attachment-borntogive-600x400 size-borntogive-600x400 wp-post-image\" alt=\"\" \/>\r\n            <\/a>\r\n    <div class=\"cause-item-container\"><div class=\"campaign-description-wrapper\">\r\n  <h3><a href=\"https:\/\/www.pazyesperanza.org\/ec\/programas\/respuesta-humanitaria-y-movilidad-humana\/\"> Respuesta Humanitaria y Movilidad Humana<\/a><\/h3>\r\n  <div class=\"campaign-description\">\r\n      Otras poblacions en situacion de vulnerabilidad son las personas en situaci\u00f3n de movilidad humana y las comunidades enfrentando crisis. Vemos la importancia de la ayuda multifacetica para esas poblaciones y por eso servimos a comunidades afectadas por desastres y en situaci\u00f3n de movilidad humana de las provincias del Guayas, Manab\u00ed y Esmeraldas.  <\/div>\r\n<\/div>\r\n<div class=\"campaign-donation-stats\">  \r\n    <span class=\"amount\">&#36;0.00<\/span> donated<\/div><div class=\"campaign-donation\">\n\t<a data-trigger-modal=\"charitable-donation-form-modal-loop\"\n\t\tdata-campaign-id=\"1911\"\n\t\tclass=\"button charitable-button donate-button button-primary\"\n\t\thref=\"https:\/\/www.pazyesperanza.org\/ec\/programas\/respuesta-humanitaria-y-movilidad-humana\/donate\/\"\n\t\taria-label=\"Make a donation to Respuesta Humanitaria y Movilidad Humana\">\n\t\tDonate\t<\/a>\n<\/div>\n<\/div><\/div><\/li><li id=\"campaign-1910\" class=\"causes-list-item cause-item grid-item post-1910 campaign type-campaign status-publish has-post-thumbnail hentry campaign_category-programas campaign-has-no-goal campaign-is-endless\">\r\n<div class=\"list-item-inner\">    <a href=\"https:\/\/www.pazyesperanza.org\/ec\/programas\/mujeres-sin-violencia-mujeres-en-desarrollo\/\" class=\"media-box\"> \r\n        <img decoding=\"async\" src=\"https:\/\/www.pazyesperanza.org\/ec\/wp-content\/uploads\/sites\/6\/2017\/08\/foto-600x400.jpg\" class=\"attachment-borntogive-600x400 size-borntogive-600x400 wp-post-image\" alt=\"\" srcset=\"https:\/\/www.pazyesperanza.org\/ec\/wp-content\/uploads\/sites\/6\/2017\/08\/foto-600x400.jpg 600w, https:\/\/www.pazyesperanza.org\/ec\/wp-content\/uploads\/sites\/6\/2017\/08\/foto-300x200.jpg 300w, https:\/\/www.pazyesperanza.org\/ec\/wp-content\/uploads\/sites\/6\/2017\/08\/foto-768x512.jpg 768w, https:\/\/www.pazyesperanza.org\/ec\/wp-content\/uploads\/sites\/6\/2017\/08\/foto-958x639.jpg 958w, https:\/\/www.pazyesperanza.org\/ec\/wp-content\/uploads\/sites\/6\/2017\/08\/foto.jpg 1000w\" sizes=\"(max-width: 600px) 100vw, 600px\" \/>\r\n            <\/a>\r\n    <div class=\"cause-item-container\"><div class=\"campaign-description-wrapper\">\r\n  <h3><a href=\"https:\/\/www.pazyesperanza.org\/ec\/programas\/mujeres-sin-violencia-mujeres-en-desarrollo\/\"> Mujeres sin violencia, mujeres en desarrollo<\/a><\/h3>\r\n  <div class=\"campaign-description\">\r\n      El proyecto busca contribuir a mejorar la calidad de vida de las mujeres en los bloques 6, 7 y 21 de Flor de Basti\u00f3n, zona perif\u00e9rica de la ciudad de Guayaquil, la misma que se encuentra convulsionada por la violencia sexual y familiar. El logro del objetivo indicado ser\u00e1 posible en la medida en que las mujeres de las zonas descritas adquieran mayores capacidades para el ejercicio de sus derechos, tales como la integridad f\u00edsica, psicol\u00f3gica y sexual, la participaci\u00f3n ciudadana e incidencia con actores locales. Por otro lado, se busca trabajar desde la sociedad civil en el fortalecimiento de los sistemas de vigilancia a las autoridades p\u00fablicas encargadas de prestar atenci\u00f3n y protecci\u00f3n a las mujeres, as\u00ed como garantizar la equidad de g\u00e9nero.  <\/div>\r\n<\/div>\r\n<div class=\"campaign-donation-stats\">  \r\n    <span class=\"amount\">&#36;0.00<\/span> donated<\/div><div class=\"campaign-donation\">\n\t<a data-trigger-modal=\"charitable-donation-form-modal-loop\"\n\t\tdata-campaign-id=\"1910\"\n\t\tclass=\"button charitable-button donate-button button-primary\"\n\t\thref=\"https:\/\/www.pazyesperanza.org\/ec\/programas\/mujeres-sin-violencia-mujeres-en-desarrollo\/donate\/\"\n\t\taria-label=\"Make a donation to Mujeres sin violencia, mujeres en desarrollo\">\n\t\tDonate\t<\/a>\n<\/div>\n<\/div><\/div><\/li><li id=\"campaign-1909\" class=\"causes-list-item cause-item grid-item post-1909 campaign type-campaign status-publish has-post-thumbnail hentry campaign_category-programas campaign-has-no-goal campaign-is-endless\">\r\n<div class=\"list-item-inner\">    <a href=\"https:\/\/www.pazyesperanza.org\/ec\/programas\/de-la-violencia-a-la-ternura-de-dios\/\" class=\"media-box\"> \r\n        <img decoding=\"async\" src=\"https:\/\/www.pazyesperanza.org\/ec\/wp-content\/uploads\/sites\/6\/2017\/08\/foto-inicio4-600x400.jpeg\" class=\"attachment-borntogive-600x400 size-borntogive-600x400 wp-post-image\" alt=\"\" \/>\r\n            <\/a>\r\n    <div class=\"cause-item-container\"><div class=\"campaign-description-wrapper\">\r\n  <h3><a href=\"https:\/\/www.pazyesperanza.org\/ec\/programas\/de-la-violencia-a-la-ternura-de-dios\/\"> De la violencia a la ternura de Dios<\/a><\/h3>\r\n  <div class=\"campaign-description\">\r\n      El proyecto se enfoca en trabajar con l\u00edderes y lideresas de iglesias evang\u00e9licas dot\u00e1ndolas, desde su fe, con herramientas de prevenci\u00f3n y atenci\u00f3n a las v\u00edctimas, a fin de que fortalezcan su participaci\u00f3n comunitaria. Haci\u00e9ndolas reflexionar desde la Biblia en el proyecto de vida que Dios quiere para el ser humano y la demanda del reino de Dios y su justicia. Es un proyecto con el cual se pretende movilizar a la comunidad eclesial a acciones concretas de sensibilizaci\u00f3n en la comunidad y al interior de las iglesias, adem\u00e1s de promover los derechos de las mujeres, acompa\u00f1ar a las v\u00edctimas a hacer las denuncias y apoyarles espiritualmente en el proceso.  <\/div>\r\n<\/div>\r\n<div class=\"campaign-donation-stats\">  \r\n    <span class=\"amount\">&#36;0.00<\/span> donated<\/div><div class=\"campaign-donation\">\n\t<a data-trigger-modal=\"charitable-donation-form-modal-loop\"\n\t\tdata-campaign-id=\"1909\"\n\t\tclass=\"button charitable-button donate-button button-primary\"\n\t\thref=\"https:\/\/www.pazyesperanza.org\/ec\/programas\/de-la-violencia-a-la-ternura-de-dios\/donate\/\"\n\t\taria-label=\"Make a donation to De la violencia a la ternura de Dios\">\n\t\tDonate\t<\/a>\n<\/div>\n<\/div><\/div><\/li><li id=\"campaign-2113\" class=\"causes-list-item cause-item grid-item post-2113 campaign type-campaign status-publish has-post-thumbnail hentry campaign-has-no-goal campaign-is-endless\">\r\n<div class=\"list-item-inner\">    <a href=\"https:\/\/www.pazyesperanza.org\/ec\/programas\/justicia-para-crecer-con-dignidad\/\" class=\"media-box\"> \r\n        <img decoding=\"async\" src=\"https:\/\/www.pazyesperanza.org\/ec\/wp-content\/uploads\/sites\/6\/2017\/08\/foto-inicio3-600x400.jpeg\" class=\"attachment-borntogive-600x400 size-borntogive-600x400 wp-post-image\" alt=\"\" \/>\r\n            <\/a>\r\n    <div class=\"cause-item-container\"><div class=\"campaign-description-wrapper\">\r\n  <h3><a href=\"https:\/\/www.pazyesperanza.org\/ec\/programas\/justicia-para-crecer-con-dignidad\/\"> Justicia para crecer con dignidad<\/a><\/h3>\r\n  <div class=\"campaign-description\">\r\n      El proyecto busca contribuir a la reducci\u00f3n del abuso sexual y la violencia intrafamiliar en zonas marginales de Guayaquil \u2013 Ecuador, ciudad con mayores \u00edndices de abuso sexual infantil y violencia intrafamiliar hacia las mujeres. Este proyecto busca que ni\u00f1os, ni\u00f1as, adolescentes y mujeres v\u00edctimas de estos delitos, alcancen la justicia y conozcan al Dios de justicia, qui\u00e9n es el primer interesado en sus vidas. El proyecto trabaja con profesionales del derecho, psicolog\u00eda, investigaciones, trabajo social y comunicaciones.  <\/div>\r\n<\/div>\r\n<div class=\"campaign-donation-stats\">  \r\n    <span class=\"amount\">&#36;0.00<\/span> donated<\/div><div class=\"campaign-donation\">\n\t<a data-trigger-modal=\"charitable-donation-form-modal-loop\"\n\t\tdata-campaign-id=\"2113\"\n\t\tclass=\"button charitable-button donate-button button-primary\"\n\t\thref=\"https:\/\/www.pazyesperanza.org\/ec\/programas\/justicia-para-crecer-con-dignidad\/donate\/\"\n\t\taria-label=\"Make a donation to Justicia para crecer con dignidad\">\n\t\tDonate\t<\/a>\n<\/div>\n<\/div><\/div><\/li><\/ul><\/ul><\/div>[\/vc_column][\/vc_row]<\/p>\n","protected":false},"excerpt":{"rendered":"[vc_row][vc_column][\/vc_column][\/vc_row]","protected":false},"author":1,"featured_media":0,"parent":10,"menu_order":23,"comment_status":"closed","ping_status":"closed","template":"","meta":{"_monsterinsights_skip_tracking":false,"_monsterinsights_sitenote_active":false,"_monsterinsights_sitenote_note":"","_monsterinsights_sitenote_category":0,"footnotes":""},"class_list":["post-1291","page","type-page","status-publish","hentry","campaign-has-no-goal","campaign-is-endless"],"yoast_head":"<!-- This site is optimized with the Yoast SEO plugin v16.3 - https:\/\/yoast.com\/wordpress\/plugins\/seo\/ -->\n<title>Programas - Paz y Esperanza Ecuador<\/title>\n<meta name=\"robots\" content=\"index, follow, max-snippet:-1, max-image-preview:large, max-video-preview:-1\" \/>\n<link rel=\"canonical\" href=\"https:\/\/www.pazyesperanza.org\/ec\/como-trabajamos\/programas\/\" \/>\n<meta property=\"og:locale\" content=\"en_US\" \/>\n<meta property=\"og:type\" content=\"article\" \/>\n<meta property=\"og:title\" content=\"Programas - Paz y Esperanza Ecuador\" \/>\n<meta property=\"og:description\" content=\"[vc_row][vc_column][\/vc_column][\/vc_row]\" \/>\n<meta property=\"og:url\" content=\"https:\/\/www.pazyesperanza.org\/ec\/como-trabajamos\/programas\/\" \/>\n<meta property=\"og:site_name\" content=\"Paz y Esperanza Ecuador\" \/>\n<meta property=\"article:modified_time\" content=\"2017-08-15T15:02:16+00:00\" \/>\n<meta name=\"twitter:card\" content=\"summary_large_image\" \/>\n<script type=\"application\/ld+json\" class=\"yoast-schema-graph\">{\"@context\":\"https:\/\/schema.org\",\"@graph\":[{\"@type\":\"WebSite\",\"@id\":\"https:\/\/www.pazyesperanza.org\/ec\/#website\",\"url\":\"https:\/\/www.pazyesperanza.org\/ec\/\",\"name\":\"Paz y Esperanza Ecuador\",\"description\":\"Apasionados por la justicia\",\"potentialAction\":[{\"@type\":\"SearchAction\",\"target\":\"https:\/\/www.pazyesperanza.org\/ec\/?s={search_term_string}\",\"query-input\":\"required name=search_term_string\"}],\"inLanguage\":\"en-US\"},{\"@type\":\"WebPage\",\"@id\":\"https:\/\/www.pazyesperanza.org\/ec\/como-trabajamos\/programas\/#webpage\",\"url\":\"https:\/\/www.pazyesperanza.org\/ec\/como-trabajamos\/programas\/\",\"name\":\"Programas - Paz y Esperanza Ecuador\",\"isPartOf\":{\"@id\":\"https:\/\/www.pazyesperanza.org\/ec\/#website\"},\"datePublished\":\"2016-10-25T14:08:12+00:00\",\"dateModified\":\"2017-08-15T15:02:16+00:00\",\"breadcrumb\":{\"@id\":\"https:\/\/www.pazyesperanza.org\/ec\/como-trabajamos\/programas\/#breadcrumb\"},\"inLanguage\":\"en-US\",\"potentialAction\":[{\"@type\":\"ReadAction\",\"target\":[\"https:\/\/www.pazyesperanza.org\/ec\/como-trabajamos\/programas\/\"]}]},{\"@type\":\"BreadcrumbList\",\"@id\":\"https:\/\/www.pazyesperanza.org\/ec\/como-trabajamos\/programas\/#breadcrumb\",\"itemListElement\":[{\"@type\":\"ListItem\",\"position\":1,\"item\":{\"@type\":\"WebPage\",\"@id\":\"https:\/\/www.pazyesperanza.org\/ec\/\",\"url\":\"https:\/\/www.pazyesperanza.org\/ec\/\",\"name\":\"Portada\"}},{\"@type\":\"ListItem\",\"position\":2,\"item\":{\"@type\":\"WebPage\",\"@id\":\"https:\/\/www.pazyesperanza.org\/ec\/como-trabajamos\/\",\"url\":\"https:\/\/www.pazyesperanza.org\/ec\/como-trabajamos\/\",\"name\":\"C\\u00f3mo trabajamos\"}},{\"@type\":\"ListItem\",\"position\":3,\"item\":{\"@id\":\"https:\/\/www.pazyesperanza.org\/ec\/como-trabajamos\/programas\/#webpage\"}}]}]}<\/script>\n<!-- \/ Yoast SEO plugin. -->","_links":{"self":[{"href":"https:\/\/www.pazyesperanza.org\/ec\/wp-json\/wp\/v2\/pages\/1291","targetHints":{"allow":["GET"]}}],"collection":[{"href":"https:\/\/www.pazyesperanza.org\/ec\/wp-json\/wp\/v2\/pages"}],"about":[{"href":"https:\/\/www.pazyesperanza.org\/ec\/wp-json\/wp\/v2\/types\/page"}],"author":[{"embeddable":true,"href":"https:\/\/www.pazyesperanza.org\/ec\/wp-json\/wp\/v2\/users\/1"}],"replies":[{"embeddable":true,"href":"https:\/\/www.pazyesperanza.org\/ec\/wp-json\/wp\/v2\/comments?post=1291"}],"version-history":[{"count":4,"href":"https:\/\/www.pazyesperanza.org\/ec\/wp-json\/wp\/v2\/pages\/1291\/revisions"}],"predecessor-version":[{"id":1921,"href":"https:\/\/www.pazyesperanza.org\/ec\/wp-json\/wp\/v2\/pages\/1291\/revisions\/1921"}],"up":[{"embeddable":true,"href":"https:\/\/www.pazyesperanza.org\/ec\/wp-json\/wp\/v2\/pages\/10"}],"wp:attachment":[{"href":"https:\/\/www.pazyesperanza.org\/ec\/wp-json\/wp\/v2\/media?parent=1291"}],"curies":[{"name":"wp","href":"https:\/\/api.w.org\/{rel}","templated":true}]}}