{"id":12,"date":"2016-10-24T14:55:00","date_gmt":"2016-10-24T14:55:00","guid":{"rendered":"http:\/\/nuevo.pazyesperanza.org\/usa\/?page_id=12"},"modified":"2025-02-03T09:35:34","modified_gmt":"2025-02-03T14:35:34","slug":"donde-estamos","status":"publish","type":"page","link":"https:\/\/www.pazyesperanza.org\/ec\/donde-estamos\/","title":{"rendered":"D\u00f3nde Estamos"},"content":{"rendered":"<p>[vc_row css=&#8221;.vc_custom_1502809654400{margin-top: 5% !important;}&#8221; el_id=&#8221;bolivia-map&#8221;][vc_column width=&#8221;1\/2&#8243;][vc_column_text css=&#8221;.vc_custom_1501088300755{margin-top: 0px !important;padding-top: 0px !important;}&#8221;]<!-- Map Generated CSS --> \n <style>\n.iwm_map_canvas { overflow:hidden; }#map_canvas_1 path:not([id]) { stroke:#ffffff; }#map_canvas_1 path:not([id]) { stroke-width:1; }#map_canvas_1 { background-repeat:no-repeat; background-size: 100% 100%; }<\/style><div class='iwm_map_canvas'><div id='map_canvas_1' class='i_world_map ' class='iwm_map_canvas'><div class='iwm_placeholder'><img width='32px' alt='Ecuador Placeholder' title='Ecuador' src='https:\/\/www.pazyesperanza.org\/ec\/wp-content\/plugins\/interactive-world-maps\/imgs\/placeholder.png'><br>Ecuador<\/div><\/div><\/div><div id='imap1message'><\/div>[\/vc_column_text][\/vc_column][vc_column width=&#8221;1\/2&#8243;][vc_column_text]<\/p>\n<h2>Guayaquil, Ecuador<\/h2>\n<h4>Historia<\/h4>\n<p>Paz y Esperanza es una organizaci\u00f3n cristiana internacional que trabaja en Ecuador desde al a\u00f1o 2009 y est\u00e1 conformada por profesionales, pastores y l\u00edderes que contribuyen a la transformaci\u00f3n de las personas y la sociedad para alcanzar una calidad de vida de acuerdo a los prop\u00f3sitos de Dios.<\/p>\n<h4>Proyectos Actuales<\/h4>\n<p>Familias Saludables, Libres de Violencia<\/p>\n<p>Proyecto Esteban<\/p>\n<p>Programa Iglesia en Prevenci\u00f3n de Violencia Intrafamiliar<\/p>\n<h4>Contacto<\/h4>\n<p>Director: Jos\u00e9 Vinces Rodr\u00edguez<br \/>\nAv. Los R\u00edos #609, entre Quisquis y Primero de Mayo.<\/p>\n<p>Piso 2, oficina 3.<\/p>\n<p>Parroquia Tarqui, Guayaquil, Ecuador<br \/>\n042 471670; (593 0) 98 580 0098<br \/>\n<i class=\"fa fa-envelope-o\"><\/i> <a href=\"mailto:ecuador@pazyesperanza.org\" target=\"_blank\" rel=\"noopener\">ecuador@pazyesperanza.org<\/a>[\/vc_column_text][\/vc_column][\/vc_row]<\/p>\n","protected":false},"excerpt":{"rendered":"[vc_row css=&#8221;.vc_custom_1502809654400{margin-top: 5% !important;}&#8221; el_id=&#8221;bolivia-map&#8221;][vc_column width=&#8221;1\/2&#8243;][vc_column_text css=&#8221;.vc_custom_1501088300755{margin-top: 0px !important;padding-top: 0px !important;}&#8221;][\/vc_column_text][\/vc_column][vc_column width=&#8221;1\/2&#8243;][vc_column_text] Guayaquil, Ecuador Historia Paz y Esperanza es una organizaci\u00f3n cristiana internacional que trabaja en Ecuador desde al a\u00f1o 2009 y est\u00e1 conformada por profesionales, pastores y l\u00edderes que contribuyen a la transformaci\u00f3n de las personas y la sociedad para alcanzar una calidad de vida de acuerdo a los prop\u00f3sitos de Dios. Proyectos Actuales Familias Saludables, Libres de Violencia Proyecto Esteban Programa Iglesia en Prevenci\u00f3n de Violencia Intrafamiliar Contacto Director: Jos\u00e9 Vinces Rodr\u00edguez Av. Los R\u00edos #609, entre Quisquis y Primero de Mayo. Piso 2, oficina 3. Parroquia Tarqui, Guayaquil, Ecuador 042 471670; (593 0) 98 580 0098 ecuador@pazyesperanza.org[\/vc_column_text][\/vc_column][\/vc_row]","protected":false},"author":1,"featured_media":0,"parent":0,"menu_order":5,"comment_status":"closed","ping_status":"closed","template":"","meta":{"_monsterinsights_skip_tracking":false,"_monsterinsights_sitenote_active":false,"_monsterinsights_sitenote_note":"","_monsterinsights_sitenote_category":0,"footnotes":""},"class_list":["post-12","page","type-page","status-publish","hentry"],"yoast_head":"<!-- This site is optimized with the Yoast SEO plugin v16.3 - https:\/\/yoast.com\/wordpress\/plugins\/seo\/ -->\n<title>D\u00f3nde Estamos - Paz y Esperanza Ecuador<\/title>\n<meta name=\"robots\" content=\"index, follow, max-snippet:-1, max-image-preview:large, max-video-preview:-1\" \/>\n<link rel=\"canonical\" href=\"https:\/\/www.pazyesperanza.org\/ec\/donde-estamos\/\" \/>\n<meta property=\"og:locale\" content=\"en_US\" \/>\n<meta property=\"og:type\" content=\"article\" \/>\n<meta property=\"og:title\" content=\"D\u00f3nde Estamos - Paz y Esperanza Ecuador\" \/>\n<meta property=\"og:description\" content=\"[vc_row css=&#8221;.vc_custom_1502809654400{margin-top: 5% !important;}&#8221; el_id=&#8221;bolivia-map&#8221;][vc_column width=&#8221;1\/2&#8243;][vc_column_text css=&#8221;.vc_custom_1501088300755{margin-top: 0px !important;padding-top: 0px !important;}&#8221;][\/vc_column_text][\/vc_column][vc_column width=&#8221;1\/2&#8243;][vc_column_text] Guayaquil, Ecuador Historia Paz y Esperanza es una organizaci\u00f3n cristiana internacional que trabaja en Ecuador desde al a\u00f1o 2009 y est\u00e1 conformada por profesionales, pastores y l\u00edderes que contribuyen a la transformaci\u00f3n de las personas y la sociedad para alcanzar una calidad de vida de acuerdo a los prop\u00f3sitos de Dios. Proyectos Actuales Familias Saludables, Libres de Violencia Proyecto Esteban Programa Iglesia en Prevenci\u00f3n de Violencia Intrafamiliar Contacto Director: Jos\u00e9 Vinces Rodr\u00edguez Av. Los R\u00edos #609, entre Quisquis y Primero de Mayo. Piso 2, oficina 3. Parroquia Tarqui, Guayaquil, Ecuador 042 471670; (593 0) 98 580 0098 ecuador@pazyesperanza.org[\/vc_column_text][\/vc_column][\/vc_row]\" \/>\n<meta property=\"og:url\" content=\"https:\/\/www.pazyesperanza.org\/ec\/donde-estamos\/\" \/>\n<meta property=\"og:site_name\" content=\"Paz y Esperanza Ecuador\" \/>\n<meta property=\"article:modified_time\" content=\"2025-02-03T14:35:34+00:00\" \/>\n<meta name=\"twitter:card\" content=\"summary_large_image\" \/>\n<meta name=\"twitter:label1\" content=\"Est. reading time\">\n\t<meta name=\"twitter:data1\" content=\"1 minute\">\n<script type=\"application\/ld+json\" class=\"yoast-schema-graph\">{\"@context\":\"https:\/\/schema.org\",\"@graph\":[{\"@type\":\"WebSite\",\"@id\":\"https:\/\/www.pazyesperanza.org\/ec\/#website\",\"url\":\"https:\/\/www.pazyesperanza.org\/ec\/\",\"name\":\"Paz y Esperanza Ecuador\",\"description\":\"Apasionados por la justicia\",\"potentialAction\":[{\"@type\":\"SearchAction\",\"target\":\"https:\/\/www.pazyesperanza.org\/ec\/?s={search_term_string}\",\"query-input\":\"required name=search_term_string\"}],\"inLanguage\":\"en-US\"},{\"@type\":\"WebPage\",\"@id\":\"https:\/\/www.pazyesperanza.org\/ec\/donde-estamos\/#webpage\",\"url\":\"https:\/\/www.pazyesperanza.org\/ec\/donde-estamos\/\",\"name\":\"D\\u00f3nde Estamos - Paz y Esperanza Ecuador\",\"isPartOf\":{\"@id\":\"https:\/\/www.pazyesperanza.org\/ec\/#website\"},\"datePublished\":\"2016-10-24T14:55:00+00:00\",\"dateModified\":\"2025-02-03T14:35:34+00:00\",\"breadcrumb\":{\"@id\":\"https:\/\/www.pazyesperanza.org\/ec\/donde-estamos\/#breadcrumb\"},\"inLanguage\":\"en-US\",\"potentialAction\":[{\"@type\":\"ReadAction\",\"target\":[\"https:\/\/www.pazyesperanza.org\/ec\/donde-estamos\/\"]}]},{\"@type\":\"BreadcrumbList\",\"@id\":\"https:\/\/www.pazyesperanza.org\/ec\/donde-estamos\/#breadcrumb\",\"itemListElement\":[{\"@type\":\"ListItem\",\"position\":1,\"item\":{\"@type\":\"WebPage\",\"@id\":\"https:\/\/www.pazyesperanza.org\/ec\/\",\"url\":\"https:\/\/www.pazyesperanza.org\/ec\/\",\"name\":\"Portada\"}},{\"@type\":\"ListItem\",\"position\":2,\"item\":{\"@id\":\"https:\/\/www.pazyesperanza.org\/ec\/donde-estamos\/#webpage\"}}]}]}<\/script>\n<!-- \/ Yoast SEO plugin. -->","_links":{"self":[{"href":"https:\/\/www.pazyesperanza.org\/ec\/wp-json\/wp\/v2\/pages\/12","targetHints":{"allow":["GET"]}}],"collection":[{"href":"https:\/\/www.pazyesperanza.org\/ec\/wp-json\/wp\/v2\/pages"}],"about":[{"href":"https:\/\/www.pazyesperanza.org\/ec\/wp-json\/wp\/v2\/types\/page"}],"author":[{"embeddable":true,"href":"https:\/\/www.pazyesperanza.org\/ec\/wp-json\/wp\/v2\/users\/1"}],"replies":[{"embeddable":true,"href":"https:\/\/www.pazyesperanza.org\/ec\/wp-json\/wp\/v2\/comments?post=12"}],"version-history":[{"count":25,"href":"https:\/\/www.pazyesperanza.org\/ec\/wp-json\/wp\/v2\/pages\/12\/revisions"}],"predecessor-version":[{"id":2380,"href":"https:\/\/www.pazyesperanza.org\/ec\/wp-json\/wp\/v2\/pages\/12\/revisions\/2380"}],"wp:attachment":[{"href":"https:\/\/www.pazyesperanza.org\/ec\/wp-json\/wp\/v2\/media?parent=12"}],"curies":[{"name":"wp","href":"https:\/\/api.w.org\/{rel}","templated":true}]}}