{"id":1136,"date":"2025-04-27T08:48:48","date_gmt":"2025-04-27T13:48:48","guid":{"rendered":"http:\/\/localhost\/btg\/?page_id=2"},"modified":"2026-03-27T11:44:03","modified_gmt":"2026-03-27T16:44:03","slug":"home-2","status":"publish","type":"page","link":"https:\/\/www.pazyesperanza.org\/ec\/","title":{"rendered":"Inicio"},"content":{"rendered":"<p>[vc_row css=&#8221;.vc_custom_1614212196410{margin-top: -300px !important;}&#8221;][vc_column][vc_empty_space][\/vc_column][\/vc_row][vc_row full_width=&#8221;stretch_row_content_no_spaces&#8221;][vc_column width=&#8221;1\/3&#8243;]<a href=\"\/ec\/2017\/08\/15\/una-sentencia-para-la-gloria-de-dios\/\"  class=\"featured-link\" style=\"background:#21c38c; color:#ffffff;\">\r\r\n        \t<span>Nuestra historia de<\/span>\r\r\n        \t<strong>Transformaci\u00f3n<\/strong><\/a>[\/vc_column][vc_column width=&#8221;1\/3&#8243;]<a href=\"\/ec\/como-trabajamos\/programas\/\"  class=\"featured-link\" style=\"background:#13a457; color:#ffffff;\">\r\r\n        \t<span>Nuestros Programas<\/span>\r\r\n        \t<strong>Que Hacemos<\/strong><\/a>[\/vc_column][vc_column width=&#8221;1\/3&#8243;]<a href=\"\/ec\/participar\/\"  class=\"featured-link\" style=\"background:#007233; color:#ffffff;\">\r\r\n        \t<span>Necesitamos tu apoyo<\/span>\r\r\n        \t<strong>Como participar<\/strong><\/a>[\/vc_column][\/vc_row][vc_row full_width=&#8221;stretch_row&#8221; css=&#8221;.vc_custom_1477326815713{background-color: #ffffff !important;}&#8221;][vc_column][vc_empty_space][vc_row_inner][vc_column_inner width=&#8221;1\/3&#8243;][vc_column_text]<\/p>\n<h2>Se parte del cambio<\/h2>\n<p>[\/vc_column_text][vc_btn title=&#8221;Dona ahora&#8221; style=&#8221;flat&#8221; shape=&#8221;square&#8221; color=&#8221;green&#8221; size=&#8221;lg&#8221; align=&#8221;center&#8221; button_block=&#8221;true&#8221; link=&#8221;url:https%3A%2F%2Fwww.pazyesperanza.org%2Fec%2Fdonar%2F|title:Donar||&#8221;][\/vc_column_inner][vc_column_inner width=&#8221;2\/3&#8243;][vc_column_text]Somos una organizaci\u00f3n que trabaja junto a las poblaciones marginadas en Latino Am\u00e9rica, para que sean libres de distintas formas de violencia e injusticia.[\/vc_column_text][\/vc_column_inner][\/vc_row_inner][vc_empty_space][\/vc_column][\/vc_row][vc_row full_width=&#8221;stretch_row&#8221; css=&#8221;.vc_custom_1499114570399{background-color: #f7f7f7 !important;}&#8221; el_id=&#8221;z-index&#8221;][vc_column][vc_empty_space][vc_row_inner][vc_column_inner][vc_column_text]<\/p>\n<h2 class=\"block-title block-title-center\" style=\"text-align: center;\">Novedades<\/h2>\n<p>[\/vc_column_text]<div class=\"row\"><ul class=\"grid-holder isotope gallery-items\" data-sort-id=\"gallery\"><li class=\"col-md-6 col-sm-6 grid-item blog-grid-item format-standard\">\r\r\n                        <div class=\"grid-item-inner\"><a href=\"https:\/\/www.pazyesperanza.org\/ec\/2022\/10\/06\/10-recomendaciones-para-navegar-seguros-en-internet\/\" class=\"media-box\">\r\r\n                                <img decoding=\"async\" src=\"https:\/\/www.pazyesperanza.org\/ec\/wp-content\/uploads\/sites\/6\/2022\/10\/Screen-Shot-2022-10-06-at-08.04.16-600x400.png\" class=\"attachment-borntogive-600x400 size-borntogive-600x400 wp-post-image\" alt=\"\" \/>\r\r\n                            <\/a><div class=\"grid-item-content\">\r\r\n                                <h3 class=\"post-title\"><a href=\"https:\/\/www.pazyesperanza.org\/ec\/2022\/10\/06\/10-recomendaciones-para-navegar-seguros-en-internet\/\">10 Recomendaciones para Navegar Seguros en Internet<\/a><\/h3><p>En esa e\u0301poca, casi todos tienen acceso al internet, y&hellip;<a href=\"https:\/\/www.pazyesperanza.org\/ec\/2022\/10\/06\/10-recomendaciones-para-navegar-seguros-en-internet\/\"><\/a><\/p><\/div>\r\r\n                        <\/div>\r\r\n                    <\/li><li class=\"col-md-6 col-sm-6 grid-item blog-grid-item format-standard\">\r\r\n                        <div class=\"grid-item-inner\"><a href=\"https:\/\/www.pazyesperanza.org\/ec\/2025\/04\/27\/proyecto-prevencion-y-cultura-de-paz\/\" class=\"media-box\">\r\r\n                                <img decoding=\"async\" src=\"https:\/\/www.pazyesperanza.org\/ec\/wp-content\/uploads\/sites\/6\/2025\/04\/WhatsApp-Image-2024-12-28-at-12.36.22-600x400.jpeg\" class=\"attachment-borntogive-600x400 size-borntogive-600x400 wp-post-image\" alt=\"\" \/>\r\r\n                            <\/a><div class=\"grid-item-content\">\r\r\n                                <h3 class=\"post-title\"><a href=\"https:\/\/www.pazyesperanza.org\/ec\/2025\/04\/27\/proyecto-prevencion-y-cultura-de-paz\/\">Proyecto &#8220;Prevenci\u00f3n y Cultura de Paz&#8221;<\/a><\/h3><p>Este lunes 16 de diciembre del 2024, se capacit\u00f3 a&hellip;<a href=\"https:\/\/www.pazyesperanza.org\/ec\/2025\/04\/27\/proyecto-prevencion-y-cultura-de-paz\/\"><\/a><\/p><\/div>\r\r\n                        <\/div>\r\r\n                    <\/li><li class=\"col-md-6 col-sm-6 grid-item blog-grid-item format-standard\">\r\r\n                        <div class=\"grid-item-inner\"><div class=\"grid-item-content\">\r\r\n                                <h3 class=\"post-title\"><a href=\"https:\/\/www.pazyesperanza.org\/ec\/2025\/04\/26\/entrega-del-informe-voces-de-mujeres-del-noroeste\/\">Entrega del Informe &#8220;Voces de Mujeres del Noroeste&#8221;<\/a><\/h3><p>La Red Promotoras de los Derechos de la Mujer realiz\u00f3&hellip;<a href=\"https:\/\/www.pazyesperanza.org\/ec\/2025\/04\/26\/entrega-del-informe-voces-de-mujeres-del-noroeste\/\"><\/a><\/p><\/div>\r\r\n                        <\/div>\r\r\n                    <\/li><\/ul><\/div>[\/vc_column_inner][\/vc_row_inner][vc_empty_space height=&#8221;60px&#8221;][\/vc_column][\/vc_row][vc_row full_width=&#8221;stretch_row_content_no_spaces&#8221; el_class=&#8221;padding-tb45&#8243; css=&#8221;.vc_custom_1614212257937{background-position: center !important;background-repeat: no-repeat !important;background-size: cover !important;}&#8221; el_id=&#8221;acheivements&#8221;][vc_column width=&#8221;1\/3&#8243;][\/vc_column][vc_column width=&#8221;1\/3&#8243;][\/vc_column][vc_column width=&#8221;1\/3&#8243; el_class=&#8221;parallax-text-block&#8221;][vc_column_text]<\/p>\n<h6>Logros recientes<\/h6>\n<h3>Red de Pastores, pastoras e iglesias por la construcci\u00f3n de la paz y la reconciliaci\u00f3n de Am\u00e9rica Latina, Ecuador 2025.<\/h3>\n<p>En el marco del I encuentro de la Red de pastores e iglesias, se logr\u00f3 realizar un diagnostico situacional para alentar las medidas de prevenci\u00f3n dentro de las comunidades en el noroeste de la ciudad.<\/p>\n<p>Las ONG\u00b4s han venido transformando su servicio hacia acciones preventivas que ayuden a las comunidades que viven en estos sectores a manifestar sus preocupaciones para lograr un entendimiento y una planificaci\u00f3n de actividades que puedan promover una cultura de paz, de bienestar y reducir al m\u00ednimo las incidencias en las familias que habitan estos sectores.[\/vc_column_text][\/vc_column][\/vc_row][vc_row][vc_column width=&#8221;1\/3&#8243;][vc_empty_space][vc_column_text]<\/p>\n<h6>Este mes<\/h6>\n<h4>Nuestra gratitud a:<\/h4>\n<p>[\/vc_column_text][vc_empty_space][\/vc_column][vc_column width=&#8221;1\/6&#8243; el_class=&#8221;logo-carousel&#8221;][vc_single_image image=&#8221;1944&#8243;][\/vc_column][vc_column width=&#8221;1\/6&#8243;][vc_single_image image=&#8221;1945&#8243;][\/vc_column][vc_column width=&#8221;1\/6&#8243;][\/vc_column][vc_column width=&#8221;1\/6&#8243;][\/vc_column][\/vc_row][vc_row full_width=&#8221;stretch_row&#8221; el_class=&#8221;accent-bg&#8221;][vc_column][vc_column_text]<\/p>\n<div class=\"call-to-action\" style=\"margin-top: 30px; text-align: -webkit-center;\">\n<h2 style=\"text-align: center;\">Se parte del cambio <a class=\"button outline\" style=\"margin-left: 20px;\" href=\"\/ec\/participa\/\">Participa<\/a><\/h2>\n<\/div>\n<p>[\/vc_column_text][\/vc_column][\/vc_row]<\/p>\n","protected":false},"excerpt":{"rendered":"[vc_row css=&#8221;.vc_custom_1614212196410{margin-top: -300px !important;}&#8221;][vc_column][vc_empty_space][\/vc_column][\/vc_row][vc_row full_width=&#8221;stretch_row_content_no_spaces&#8221;][vc_column width=&#8221;1\/3&#8243;][\/vc_column][vc_column width=&#8221;1\/3&#8243;][\/vc_column][vc_column width=&#8221;1\/3&#8243;][\/vc_column][\/vc_row][vc_row full_width=&#8221;stretch_row&#8221; css=&#8221;.vc_custom_1477326815713{background-color: #ffffff !important;}&#8221;][vc_column][vc_empty_space][vc_row_inner][vc_column_inner width=&#8221;1\/3&#8243;][vc_column_text] Se parte del cambio [\/vc_column_text][vc_btn title=&#8221;Dona ahora&#8221; style=&#8221;flat&#8221; shape=&#8221;square&#8221; color=&#8221;green&#8221; size=&#8221;lg&#8221; align=&#8221;center&#8221; button_block=&#8221;true&#8221; link=&#8221;url:https%3A%2F%2Fwww.pazyesperanza.org%2Fec%2Fdonar%2F|title:Donar||&#8221;][\/vc_column_inner][vc_column_inner width=&#8221;2\/3&#8243;][vc_column_text]Somos una organizaci\u00f3n que trabaja junto a las poblaciones marginadas en Latino Am\u00e9rica, para que sean libres de distintas formas de violencia e injusticia.[\/vc_column_text][\/vc_column_inner][\/vc_row_inner][vc_empty_space][\/vc_column][\/vc_row][vc_row full_width=&#8221;stretch_row&#8221; css=&#8221;.vc_custom_1499114570399{background-color: #f7f7f7 !important;}&#8221; el_id=&#8221;z-index&#8221;][vc_column][vc_empty_space][vc_row_inner][vc_column_inner][vc_column_text] Novedades [\/vc_column_text][\/vc_column_inner][\/vc_row_inner][vc_empty_space height=&#8221;60px&#8221;][\/vc_column][\/vc_row][vc_row full_width=&#8221;stretch_row_content_no_spaces&#8221; el_class=&#8221;padding-tb45&#8243; css=&#8221;.vc_custom_1614212257937{background-position: center !important;background-repeat: no-repeat !important;background-size: cover !important;}&#8221; el_id=&#8221;acheivements&#8221;][vc_column width=&#8221;1\/3&#8243;][\/vc_column][vc_column width=&#8221;1\/3&#8243;][\/vc_column][vc_column width=&#8221;1\/3&#8243; el_class=&#8221;parallax-text-block&#8221;][vc_column_text] Logros recientes Red de Pastores, pastoras e iglesias por la construcci\u00f3n de la paz y la reconciliaci\u00f3n de Am\u00e9rica Latina, Ecuador 2025. En el marco del I encuentro de la Red de pastores e iglesias, se logr\u00f3 realizar un diagnostico situacional para alentar las medidas de prevenci\u00f3n dentro de las comunidades en el noroeste de la ciudad. Las ONG\u00b4s han venido transformando su servicio hacia acciones preventivas que ayuden a las comunidades que viven en estos sectores a manifestar sus preocupaciones para lograr un entendimiento y una planificaci\u00f3n de actividades que puedan promover una cultura de paz, de bienestar y reducir al m\u00ednimo las incidencias en las familias que habitan estos sectores.[\/vc_column_text][\/vc_column][\/vc_row][vc_row][vc_column width=&#8221;1\/3&#8243;][vc_empty_space][vc_column_text] Este mes Nuestra gratitud a: [\/vc_column_text][vc_empty_space][\/vc_column][vc_column width=&#8221;1\/6&#8243; el_class=&#8221;logo-carousel&#8221;][vc_single_image image=&#8221;1944&#8243;][\/vc_column][vc_column width=&#8221;1\/6&#8243;][vc_single_image image=&#8221;1945&#8243;][\/vc_column][vc_column width=&#8221;1\/6&#8243;][\/vc_column][vc_column width=&#8221;1\/6&#8243;][\/vc_column][\/vc_row][vc_row full_width=&#8221;stretch_row&#8221; el_class=&#8221;accent-bg&#8221;][vc_column][vc_column_text] Se parte del cambio Participa [\/vc_column_text][\/vc_column][\/vc_row]","protected":false},"author":1,"featured_media":0,"parent":0,"menu_order":26,"comment_status":"closed","ping_status":"open","template":"","meta":{"_monsterinsights_skip_tracking":false,"_monsterinsights_sitenote_active":false,"_monsterinsights_sitenote_note":"","_monsterinsights_sitenote_category":0,"footnotes":""},"class_list":["post-1136","page","type-page","status-publish","hentry"],"yoast_head":"<!-- This site is optimized with the Yoast SEO plugin v16.3 - https:\/\/yoast.com\/wordpress\/plugins\/seo\/ -->\n<title>Inicio - Paz y Esperanza Ecuador<\/title>\n<meta name=\"robots\" content=\"index, follow, max-snippet:-1, max-image-preview:large, max-video-preview:-1\" \/>\n<link rel=\"canonical\" href=\"https:\/\/www.pazyesperanza.org\/ec\/\" \/>\n<meta property=\"og:locale\" content=\"en_US\" \/>\n<meta property=\"og:type\" content=\"article\" \/>\n<meta property=\"og:title\" content=\"Inicio - Paz y Esperanza Ecuador\" \/>\n<meta property=\"og:description\" content=\"[vc_row css=&#8221;.vc_custom_1614212196410{margin-top: -300px !important;}&#8221;][vc_column][vc_empty_space][\/vc_column][\/vc_row][vc_row full_width=&#8221;stretch_row_content_no_spaces&#8221;][vc_column width=&#8221;1\/3&#8243;][\/vc_column][vc_column width=&#8221;1\/3&#8243;][\/vc_column][vc_column width=&#8221;1\/3&#8243;][\/vc_column][\/vc_row][vc_row full_width=&#8221;stretch_row&#8221; css=&#8221;.vc_custom_1477326815713{background-color: #ffffff !important;}&#8221;][vc_column][vc_empty_space][vc_row_inner][vc_column_inner width=&#8221;1\/3&#8243;][vc_column_text] Se parte del cambio [\/vc_column_text][vc_btn title=&#8221;Dona ahora&#8221; style=&#8221;flat&#8221; shape=&#8221;square&#8221; color=&#8221;green&#8221; size=&#8221;lg&#8221; align=&#8221;center&#8221; button_block=&#8221;true&#8221; link=&#8221;url:https%3A%2F%2Fwww.pazyesperanza.org%2Fec%2Fdonar%2F|title:Donar||&#8221;][\/vc_column_inner][vc_column_inner width=&#8221;2\/3&#8243;][vc_column_text]Somos una organizaci\u00f3n que trabaja junto a las poblaciones marginadas en Latino Am\u00e9rica, para que sean libres de distintas formas de violencia e injusticia.[\/vc_column_text][\/vc_column_inner][\/vc_row_inner][vc_empty_space][\/vc_column][\/vc_row][vc_row full_width=&#8221;stretch_row&#8221; css=&#8221;.vc_custom_1499114570399{background-color: #f7f7f7 !important;}&#8221; el_id=&#8221;z-index&#8221;][vc_column][vc_empty_space][vc_row_inner][vc_column_inner][vc_column_text] Novedades [\/vc_column_text][\/vc_column_inner][\/vc_row_inner][vc_empty_space height=&#8221;60px&#8221;][\/vc_column][\/vc_row][vc_row full_width=&#8221;stretch_row_content_no_spaces&#8221; el_class=&#8221;padding-tb45&#8243; css=&#8221;.vc_custom_1614212257937{background-position: center !important;background-repeat: no-repeat !important;background-size: cover !important;}&#8221; el_id=&#8221;acheivements&#8221;][vc_column width=&#8221;1\/3&#8243;][\/vc_column][vc_column width=&#8221;1\/3&#8243;][\/vc_column][vc_column width=&#8221;1\/3&#8243; el_class=&#8221;parallax-text-block&#8221;][vc_column_text] Logros recientes Red de Pastores, pastoras e iglesias por la construcci\u00f3n de la paz y la reconciliaci\u00f3n de Am\u00e9rica Latina, Ecuador 2025. En el marco del I encuentro de la Red de pastores e iglesias, se logr\u00f3 realizar un diagnostico situacional para alentar las medidas de prevenci\u00f3n dentro de las comunidades en el noroeste de la ciudad. Las ONG\u00b4s han venido transformando su servicio hacia acciones preventivas que ayuden a las comunidades que viven en estos sectores a manifestar sus preocupaciones para lograr un entendimiento y una planificaci\u00f3n de actividades que puedan promover una cultura de paz, de bienestar y reducir al m\u00ednimo las incidencias en las familias que habitan estos sectores.[\/vc_column_text][\/vc_column][\/vc_row][vc_row][vc_column width=&#8221;1\/3&#8243;][vc_empty_space][vc_column_text] Este mes Nuestra gratitud a: [\/vc_column_text][vc_empty_space][\/vc_column][vc_column width=&#8221;1\/6&#8243; el_class=&#8221;logo-carousel&#8221;][vc_single_image image=&#8221;1944&#8243;][\/vc_column][vc_column width=&#8221;1\/6&#8243;][vc_single_image image=&#8221;1945&#8243;][\/vc_column][vc_column width=&#8221;1\/6&#8243;][\/vc_column][vc_column width=&#8221;1\/6&#8243;][\/vc_column][\/vc_row][vc_row full_width=&#8221;stretch_row&#8221; el_class=&#8221;accent-bg&#8221;][vc_column][vc_column_text] Se parte del cambio Participa [\/vc_column_text][\/vc_column][\/vc_row]\" \/>\n<meta property=\"og:url\" content=\"https:\/\/www.pazyesperanza.org\/ec\/\" \/>\n<meta property=\"og:site_name\" content=\"Paz y Esperanza Ecuador\" \/>\n<meta property=\"article:modified_time\" content=\"2026-03-27T16:44:03+00:00\" \/>\n<meta name=\"twitter:card\" content=\"summary_large_image\" \/>\n<meta name=\"twitter:label1\" content=\"Est. reading time\">\n\t<meta name=\"twitter:data1\" content=\"1 minute\">\n<script type=\"application\/ld+json\" class=\"yoast-schema-graph\">{\"@context\":\"https:\/\/schema.org\",\"@graph\":[{\"@type\":\"WebSite\",\"@id\":\"https:\/\/www.pazyesperanza.org\/ec\/#website\",\"url\":\"https:\/\/www.pazyesperanza.org\/ec\/\",\"name\":\"Paz y Esperanza Ecuador\",\"description\":\"Apasionados por la justicia\",\"potentialAction\":[{\"@type\":\"SearchAction\",\"target\":\"https:\/\/www.pazyesperanza.org\/ec\/?s={search_term_string}\",\"query-input\":\"required name=search_term_string\"}],\"inLanguage\":\"en-US\"},{\"@type\":\"WebPage\",\"@id\":\"https:\/\/www.pazyesperanza.org\/ec\/#webpage\",\"url\":\"https:\/\/www.pazyesperanza.org\/ec\/\",\"name\":\"Inicio - Paz y Esperanza Ecuador\",\"isPartOf\":{\"@id\":\"https:\/\/www.pazyesperanza.org\/ec\/#website\"},\"datePublished\":\"2025-04-27T13:48:48+00:00\",\"dateModified\":\"2026-03-27T16:44:03+00:00\",\"breadcrumb\":{\"@id\":\"https:\/\/www.pazyesperanza.org\/ec\/#breadcrumb\"},\"inLanguage\":\"en-US\",\"potentialAction\":[{\"@type\":\"ReadAction\",\"target\":[\"https:\/\/www.pazyesperanza.org\/ec\/\"]}]},{\"@type\":\"BreadcrumbList\",\"@id\":\"https:\/\/www.pazyesperanza.org\/ec\/#breadcrumb\",\"itemListElement\":[{\"@type\":\"ListItem\",\"position\":1,\"item\":{\"@type\":\"WebPage\",\"@id\":\"https:\/\/www.pazyesperanza.org\/ec\/\",\"url\":\"https:\/\/www.pazyesperanza.org\/ec\/\",\"name\":\"Portada\"}},{\"@type\":\"ListItem\",\"position\":2,\"item\":{\"@id\":\"https:\/\/www.pazyesperanza.org\/ec\/#webpage\"}}]}]}<\/script>\n<!-- \/ Yoast SEO plugin. -->","_links":{"self":[{"href":"https:\/\/www.pazyesperanza.org\/ec\/wp-json\/wp\/v2\/pages\/1136","targetHints":{"allow":["GET"]}}],"collection":[{"href":"https:\/\/www.pazyesperanza.org\/ec\/wp-json\/wp\/v2\/pages"}],"about":[{"href":"https:\/\/www.pazyesperanza.org\/ec\/wp-json\/wp\/v2\/types\/page"}],"author":[{"embeddable":true,"href":"https:\/\/www.pazyesperanza.org\/ec\/wp-json\/wp\/v2\/users\/1"}],"replies":[{"embeddable":true,"href":"https:\/\/www.pazyesperanza.org\/ec\/wp-json\/wp\/v2\/comments?post=1136"}],"version-history":[{"count":44,"href":"https:\/\/www.pazyesperanza.org\/ec\/wp-json\/wp\/v2\/pages\/1136\/revisions"}],"predecessor-version":[{"id":2414,"href":"https:\/\/www.pazyesperanza.org\/ec\/wp-json\/wp\/v2\/pages\/1136\/revisions\/2414"}],"wp:attachment":[{"href":"https:\/\/www.pazyesperanza.org\/ec\/wp-json\/wp\/v2\/media?parent=1136"}],"curies":[{"name":"wp","href":"https:\/\/api.w.org\/{rel}","templated":true}]}}