{"id":2694,"date":"2021-03-30T23:08:50","date_gmt":"2021-03-30T23:08:50","guid":{"rendered":"https:\/\/www.pazyesperanza.org\/co\/?page_id=2694"},"modified":"2026-03-29T22:16:58","modified_gmt":"2026-03-29T22:16:58","slug":"regimen-especial","status":"publish","type":"page","link":"https:\/\/www.pazyesperanza.org\/co\/como-trabajamos\/regimen-especial\/","title":{"rendered":"R\u00e9gimen Especial"},"content":{"rendered":"<p>[vc_row][vc_column][vc_column_text]En cumplimiento de lo establecido en el Art\u00edculo 1.2.1.5.1.5 del Decreto 2150 del 20\/12\/2017, la ASOCIACI\u00d3N PAZ Y ESPERANZA COLOMBIA hace p\u00fablica la siguiente informaci\u00f3n para consideraci\u00f3n de la comunidad.[\/vc_column_text][vc_tta_accordion][vc_tta_section title=&#8221;Informaci\u00f3n Legal 2025&#8243; tab_id=&#8221;1617298503038-e5d0d13e-3cdd&#8221;][vc_column_text]<\/p>\n<ul>\n<li><a href=\"https:\/\/www.pazyesperanza.org\/co\/wp-content\/uploads\/sites\/10\/2023\/07\/4.-Certificado-de-los-Estados-Finacieros.pdf\" target=\"_blank\" rel=\"noopener\">Certificaci\u00f3n Requisitos<\/a><\/li>\n<li><a href=\"https:\/\/www.pazyesperanza.org\/co\/wp-content\/uploads\/sites\/10\/2023\/07\/7.-RUT-Paz-y-Esperanza.pdf\" target=\"_blank\" rel=\"noopener\">RUT Paz y Esperanza<\/a><\/li>\n<li><a href=\"https:\/\/www.pazyesperanza.org\/co\/wp-content\/uploads\/sites\/10\/2023\/07\/1.-Copia-de-Acta-de-Asamblea-General_compressed.pdf\" target=\"_blank\" rel=\"noopener\">Acta Asamblea<\/a><\/li>\n<li><a href=\"https:\/\/www.pazyesperanza.org\/co\/wp-content\/uploads\/sites\/10\/2023\/07\/2.-Acta_Constitucion_compressed.pdf\" target=\"_blank\" rel=\"noopener\">Acta de constituci\u00f3n<\/a><\/li>\n<li><a href=\"https:\/\/www.pazyesperanza.org\/co\/wp-content\/uploads\/sites\/10\/2023\/07\/8.-Certificado-Camara-de-Comercio_Existencia-y-de-Representacion-Legal-1.pdf\" target=\"_blank\" rel=\"noopener\">Certificado C\u00e1mara de Comercio<\/a><\/li>\n<li><a href=\"https:\/\/www.pazyesperanza.org\/co\/wp-content\/uploads\/sites\/10\/2021\/04\/CERTIFICACION-CARGOS-DIRECTIVOS.pdf\" target=\"_blank\" rel=\"noopener\">Certificaci\u00f3n Cargos Directivos<\/a><\/li>\n<li><a href=\"https:\/\/www.pazyesperanza.org\/co\/wp-content\/uploads\/sites\/10\/2023\/07\/3.-Estado-de-Situacion-Financiera-1.pdf\" target=\"_blank\" rel=\"noopener\">Ejecuci\u00f3n Presupuestal<\/a><\/li>\n<li><a href=\"https:\/\/www.pazyesperanza.org\/co\/wp-content\/uploads\/sites\/10\/2023\/07\/5.-Estatutos-debidamente-registrados-PyE-Col_compressed.pdf\" target=\"_blank\" rel=\"noopener\">Estatutos Paz y Esperanza<\/a><\/li>\n<li><a href=\"https:\/\/drive.google.com\/file\/d\/1rgILtzmeoz09ZCtLi9luXOMFWWddq_kk\/view?usp=drive_link\" target=\"_blank\" rel=\"noopener\">Informe de gesti\u00f3n 2025<\/a><\/li>\n<li><a href=\"https:\/\/drive.google.com\/file\/d\/1ftFy2tbX-WXb_IppZ-WlDbSS128kvl2K\/view?usp=drive_link\">Plan Estrat\u00e9gico Institucional 2026-2030<\/a><\/li>\n<\/ul>\n<p>[\/vc_column_text][\/vc_tta_section][\/vc_tta_accordion][\/vc_column][\/vc_row][vc_row][vc_column][\/vc_column][\/vc_row]<\/p>\n","protected":false},"excerpt":{"rendered":"[vc_row][vc_column][vc_column_text]En cumplimiento de lo establecido en el Art\u00edculo 1.2.1.5.1.5 del Decreto 2150 del 20\/12\/2017, la ASOCIACI\u00d3N PAZ Y ESPERANZA COLOMBIA hace p\u00fablica la siguiente informaci\u00f3n para consideraci\u00f3n de la comunidad.[\/vc_column_text][vc_tta_accordion][vc_tta_section title=&#8221;Informaci\u00f3n Legal 2025&#8243; tab_id=&#8221;1617298503038-e5d0d13e-3cdd&#8221;][vc_column_text] Certificaci\u00f3n Requisitos RUT Paz y Esperanza Acta Asamblea Acta de constituci\u00f3n Certificado C\u00e1mara de Comercio Certificaci\u00f3n Cargos Directivos Ejecuci\u00f3n Presupuestal Estatutos Paz y Esperanza Informe de gesti\u00f3n 2025 Plan Estrat\u00e9gico Institucional 2026-2030 [\/vc_column_text][\/vc_tta_section][\/vc_tta_accordion][\/vc_column][\/vc_row][vc_row][vc_column][\/vc_column][\/vc_row]","protected":false},"author":2,"featured_media":0,"parent":10,"menu_order":3,"comment_status":"closed","ping_status":"closed","template":"","meta":{"_monsterinsights_skip_tracking":false,"_monsterinsights_sitenote_active":false,"_monsterinsights_sitenote_note":"","_monsterinsights_sitenote_category":0,"footnotes":""},"class_list":["post-2694","page","type-page","status-publish","hentry"],"yoast_head":"<!-- This site is optimized with the Yoast SEO plugin v16.3 - https:\/\/yoast.com\/wordpress\/plugins\/seo\/ -->\n<title>R\u00e9gimen Especial - Paz y Esperanza Colombia<\/title>\n<meta name=\"robots\" content=\"index, follow, max-snippet:-1, max-image-preview:large, max-video-preview:-1\" \/>\n<link rel=\"canonical\" href=\"https:\/\/www.pazyesperanza.org\/co\/como-trabajamos\/regimen-especial\/\" \/>\n<meta property=\"og:locale\" content=\"es_ES\" \/>\n<meta property=\"og:type\" content=\"article\" \/>\n<meta property=\"og:title\" content=\"R\u00e9gimen Especial - Paz y Esperanza Colombia\" \/>\n<meta property=\"og:description\" content=\"[vc_row][vc_column][vc_column_text]En cumplimiento de lo establecido en el Art\u00edculo 1.2.1.5.1.5 del Decreto 2150 del 20\/12\/2017, la ASOCIACI\u00d3N PAZ Y ESPERANZA COLOMBIA hace p\u00fablica la siguiente informaci\u00f3n para consideraci\u00f3n de la comunidad.[\/vc_column_text][vc_tta_accordion][vc_tta_section title=&#8221;Informaci\u00f3n Legal 2025&#8243; tab_id=&#8221;1617298503038-e5d0d13e-3cdd&#8221;][vc_column_text] Certificaci\u00f3n Requisitos RUT Paz y Esperanza Acta Asamblea Acta de constituci\u00f3n Certificado C\u00e1mara de Comercio Certificaci\u00f3n Cargos Directivos Ejecuci\u00f3n Presupuestal Estatutos Paz y Esperanza Informe de gesti\u00f3n 2025 Plan Estrat\u00e9gico Institucional 2026-2030 [\/vc_column_text][\/vc_tta_section][\/vc_tta_accordion][\/vc_column][\/vc_row][vc_row][vc_column][\/vc_column][\/vc_row]\" \/>\n<meta property=\"og:url\" content=\"https:\/\/www.pazyesperanza.org\/co\/como-trabajamos\/regimen-especial\/\" \/>\n<meta property=\"og:site_name\" content=\"Paz y Esperanza Colombia\" \/>\n<meta property=\"article:modified_time\" content=\"2026-03-29T22:16:58+00:00\" \/>\n<meta name=\"twitter:card\" content=\"summary_large_image\" \/>\n<meta name=\"twitter:label1\" content=\"Tiempo de lectura\">\n\t<meta name=\"twitter:data1\" content=\"1 minuto\">\n<script type=\"application\/ld+json\" class=\"yoast-schema-graph\">{\"@context\":\"https:\/\/schema.org\",\"@graph\":[{\"@type\":\"WebSite\",\"@id\":\"https:\/\/www.pazyesperanza.org\/co\/#website\",\"url\":\"https:\/\/www.pazyesperanza.org\/co\/\",\"name\":\"Paz y Esperanza Colombia\",\"description\":\"Apasionados por la justicia\",\"potentialAction\":[{\"@type\":\"SearchAction\",\"target\":\"https:\/\/www.pazyesperanza.org\/co\/?s={search_term_string}\",\"query-input\":\"required name=search_term_string\"}],\"inLanguage\":\"es\"},{\"@type\":\"WebPage\",\"@id\":\"https:\/\/www.pazyesperanza.org\/co\/como-trabajamos\/regimen-especial\/#webpage\",\"url\":\"https:\/\/www.pazyesperanza.org\/co\/como-trabajamos\/regimen-especial\/\",\"name\":\"R\\u00e9gimen Especial - Paz y Esperanza Colombia\",\"isPartOf\":{\"@id\":\"https:\/\/www.pazyesperanza.org\/co\/#website\"},\"datePublished\":\"2021-03-30T23:08:50+00:00\",\"dateModified\":\"2026-03-29T22:16:58+00:00\",\"breadcrumb\":{\"@id\":\"https:\/\/www.pazyesperanza.org\/co\/como-trabajamos\/regimen-especial\/#breadcrumb\"},\"inLanguage\":\"es\",\"potentialAction\":[{\"@type\":\"ReadAction\",\"target\":[\"https:\/\/www.pazyesperanza.org\/co\/como-trabajamos\/regimen-especial\/\"]}]},{\"@type\":\"BreadcrumbList\",\"@id\":\"https:\/\/www.pazyesperanza.org\/co\/como-trabajamos\/regimen-especial\/#breadcrumb\",\"itemListElement\":[{\"@type\":\"ListItem\",\"position\":1,\"item\":{\"@type\":\"WebPage\",\"@id\":\"https:\/\/www.pazyesperanza.org\/co\/\",\"url\":\"https:\/\/www.pazyesperanza.org\/co\/\",\"name\":\"Portada\"}},{\"@type\":\"ListItem\",\"position\":2,\"item\":{\"@type\":\"WebPage\",\"@id\":\"https:\/\/www.pazyesperanza.org\/co\/como-trabajamos\/\",\"url\":\"https:\/\/www.pazyesperanza.org\/co\/como-trabajamos\/\",\"name\":\"C\\u00f3mo trabajamos\"}},{\"@type\":\"ListItem\",\"position\":3,\"item\":{\"@id\":\"https:\/\/www.pazyesperanza.org\/co\/como-trabajamos\/regimen-especial\/#webpage\"}}]}]}<\/script>\n<!-- \/ Yoast SEO plugin. -->","_links":{"self":[{"href":"https:\/\/www.pazyesperanza.org\/co\/wp-json\/wp\/v2\/pages\/2694","targetHints":{"allow":["GET"]}}],"collection":[{"href":"https:\/\/www.pazyesperanza.org\/co\/wp-json\/wp\/v2\/pages"}],"about":[{"href":"https:\/\/www.pazyesperanza.org\/co\/wp-json\/wp\/v2\/types\/page"}],"author":[{"embeddable":true,"href":"https:\/\/www.pazyesperanza.org\/co\/wp-json\/wp\/v2\/users\/2"}],"replies":[{"embeddable":true,"href":"https:\/\/www.pazyesperanza.org\/co\/wp-json\/wp\/v2\/comments?post=2694"}],"version-history":[{"count":14,"href":"https:\/\/www.pazyesperanza.org\/co\/wp-json\/wp\/v2\/pages\/2694\/revisions"}],"predecessor-version":[{"id":3143,"href":"https:\/\/www.pazyesperanza.org\/co\/wp-json\/wp\/v2\/pages\/2694\/revisions\/3143"}],"up":[{"embeddable":true,"href":"https:\/\/www.pazyesperanza.org\/co\/wp-json\/wp\/v2\/pages\/10"}],"wp:attachment":[{"href":"https:\/\/www.pazyesperanza.org\/co\/wp-json\/wp\/v2\/media?parent=2694"}],"curies":[{"name":"wp","href":"https:\/\/api.w.org\/{rel}","templated":true}]}}