{"id":1813,"date":"2017-07-14T18:24:35","date_gmt":"2017-07-14T18:24:35","guid":{"rendered":"http:\/\/nuevo.pazyesperanza.org\/pe\/?page_id=1813"},"modified":"2020-02-22T02:48:12","modified_gmt":"2020-02-22T02:48:12","slug":"afiliaciones","status":"publish","type":"page","link":"https:\/\/www.pazyesperanza.org\/co\/conocenos\/afiliaciones\/","title":{"rendered":"Afiliaciones e Inscripciones"},"content":{"rendered":"<p>[vc_row][vc_column][vc_column_text]<\/p>\n<h2>Afiliaciones e Inscripciones<\/h2>\n<p class=\"p1\"><span class=\"s1\">Paz y Esperanza Colombia establece y promueve alianzas con otras organizaciones de la sociedad civil y gubernamentales que favorezca la articulaci\u00f3n, la generaci\u00f3n de sinergias, la reducci\u00f3n de esfuerzos y optimizaci\u00f3n de recursos para lograr juntos un mejor resultado en nuestras acciones.<\/span><\/p>\n<p><strong><span style=\"font-size: 18pt\">Nacionales<\/span><\/strong><\/p>\n<p><a href=\"http:\/\/www.dipazcolombia.org\/\">Dipaz Colombia &#8211; Dialogo Intereclesial por la Paz<\/a><\/p>\n<p><a href=\"https:\/\/cedecol.net\/category\/comision-de-paz\/\">Comisi\u00f3n de Paz &#8211; Confederaci\u00f3n Evang\u00e9lica de Colombia (CEDECOL)<\/a><\/p>\n<p><a href=\"https:\/\/www.facebook.com\/MesaVocesdePaz\/\">Mesa Interinstitucional Voces de Paz<\/a><\/p>\n<p><span style=\"font-size: 18pt\"><strong>Internacionales<\/strong><\/span><\/p>\n<p><a href=\"http:\/\/www.micahnetwork.org\/es\" target=\"_blank\" rel=\"noopener noreferrer\">Miqueas Global<\/a><\/p>\n<p><a href=\"https:\/\/movimientonj.org\/\">Movimiento Juntos por la Ni\u00f1ez y la Juventud<\/a><\/p>\n<p>[\/vc_column_text][\/vc_column][\/vc_row]<\/p>\n","protected":false},"excerpt":{"rendered":"[vc_row][vc_column][vc_column_text] Afiliaciones e Inscripciones Paz y Esperanza Colombia establece y promueve alianzas con otras organizaciones de la sociedad civil y gubernamentales que favorezca la articulaci\u00f3n, la generaci\u00f3n de sinergias, la reducci\u00f3n de esfuerzos y optimizaci\u00f3n de recursos para lograr juntos un mejor resultado en nuestras acciones. Nacionales Dipaz Colombia &#8211; Dialogo Intereclesial por la Paz Comisi\u00f3n de Paz &#8211; Confederaci\u00f3n Evang\u00e9lica de Colombia (CEDECOL) Mesa Interinstitucional Voces de Paz Internacionales Miqueas Global Movimiento Juntos por la Ni\u00f1ez y la Juventud [\/vc_column_text][\/vc_column][\/vc_row]","protected":false},"author":1,"featured_media":0,"parent":16,"menu_order":0,"comment_status":"closed","ping_status":"closed","template":"","meta":{"_monsterinsights_skip_tracking":false,"_monsterinsights_sitenote_active":false,"_monsterinsights_sitenote_note":"","_monsterinsights_sitenote_category":0,"footnotes":""},"class_list":["post-1813","page","type-page","status-publish","hentry"],"yoast_head":"<!-- This site is optimized with the Yoast SEO plugin v16.3 - https:\/\/yoast.com\/wordpress\/plugins\/seo\/ -->\n<title>Afiliaciones e Inscripciones - Paz y Esperanza Colombia<\/title>\n<meta name=\"robots\" content=\"index, follow, max-snippet:-1, max-image-preview:large, max-video-preview:-1\" \/>\n<link rel=\"canonical\" href=\"https:\/\/www.pazyesperanza.org\/co\/conocenos\/afiliaciones\/\" \/>\n<meta property=\"og:locale\" content=\"es_ES\" \/>\n<meta property=\"og:type\" content=\"article\" \/>\n<meta property=\"og:title\" content=\"Afiliaciones e Inscripciones - Paz y Esperanza Colombia\" \/>\n<meta property=\"og:description\" content=\"[vc_row][vc_column][vc_column_text] Afiliaciones e Inscripciones Paz y Esperanza Colombia establece y promueve alianzas con otras organizaciones de la sociedad civil y gubernamentales que favorezca la articulaci\u00f3n, la generaci\u00f3n de sinergias, la reducci\u00f3n de esfuerzos y optimizaci\u00f3n de recursos para lograr juntos un mejor resultado en nuestras acciones. Nacionales Dipaz Colombia &#8211; Dialogo Intereclesial por la Paz Comisi\u00f3n de Paz &#8211; Confederaci\u00f3n Evang\u00e9lica de Colombia (CEDECOL) Mesa Interinstitucional Voces de Paz Internacionales Miqueas Global Movimiento Juntos por la Ni\u00f1ez y la Juventud [\/vc_column_text][\/vc_column][\/vc_row]\" \/>\n<meta property=\"og:url\" content=\"https:\/\/www.pazyesperanza.org\/co\/conocenos\/afiliaciones\/\" \/>\n<meta property=\"og:site_name\" content=\"Paz y Esperanza Colombia\" \/>\n<meta property=\"article:modified_time\" content=\"2020-02-22T02:48:12+00:00\" \/>\n<meta name=\"twitter:card\" content=\"summary_large_image\" \/>\n<meta name=\"twitter:label1\" content=\"Tiempo de lectura\">\n\t<meta name=\"twitter:data1\" content=\"1 minuto\">\n<script type=\"application\/ld+json\" class=\"yoast-schema-graph\">{\"@context\":\"https:\/\/schema.org\",\"@graph\":[{\"@type\":\"WebSite\",\"@id\":\"https:\/\/www.pazyesperanza.org\/co\/#website\",\"url\":\"https:\/\/www.pazyesperanza.org\/co\/\",\"name\":\"Paz y Esperanza Colombia\",\"description\":\"Apasionados por la justicia\",\"potentialAction\":[{\"@type\":\"SearchAction\",\"target\":\"https:\/\/www.pazyesperanza.org\/co\/?s={search_term_string}\",\"query-input\":\"required name=search_term_string\"}],\"inLanguage\":\"es\"},{\"@type\":\"WebPage\",\"@id\":\"https:\/\/www.pazyesperanza.org\/co\/conocenos\/afiliaciones\/#webpage\",\"url\":\"https:\/\/www.pazyesperanza.org\/co\/conocenos\/afiliaciones\/\",\"name\":\"Afiliaciones e Inscripciones - Paz y Esperanza Colombia\",\"isPartOf\":{\"@id\":\"https:\/\/www.pazyesperanza.org\/co\/#website\"},\"datePublished\":\"2017-07-14T18:24:35+00:00\",\"dateModified\":\"2020-02-22T02:48:12+00:00\",\"breadcrumb\":{\"@id\":\"https:\/\/www.pazyesperanza.org\/co\/conocenos\/afiliaciones\/#breadcrumb\"},\"inLanguage\":\"es\",\"potentialAction\":[{\"@type\":\"ReadAction\",\"target\":[\"https:\/\/www.pazyesperanza.org\/co\/conocenos\/afiliaciones\/\"]}]},{\"@type\":\"BreadcrumbList\",\"@id\":\"https:\/\/www.pazyesperanza.org\/co\/conocenos\/afiliaciones\/#breadcrumb\",\"itemListElement\":[{\"@type\":\"ListItem\",\"position\":1,\"item\":{\"@type\":\"WebPage\",\"@id\":\"https:\/\/www.pazyesperanza.org\/co\/\",\"url\":\"https:\/\/www.pazyesperanza.org\/co\/\",\"name\":\"Portada\"}},{\"@type\":\"ListItem\",\"position\":2,\"item\":{\"@type\":\"WebPage\",\"@id\":\"https:\/\/www.pazyesperanza.org\/co\/conocenos\/\",\"url\":\"https:\/\/www.pazyesperanza.org\/co\/conocenos\/\",\"name\":\"Con\\u00f3cenos\"}},{\"@type\":\"ListItem\",\"position\":3,\"item\":{\"@id\":\"https:\/\/www.pazyesperanza.org\/co\/conocenos\/afiliaciones\/#webpage\"}}]}]}<\/script>\n<!-- \/ Yoast SEO plugin. -->","_links":{"self":[{"href":"https:\/\/www.pazyesperanza.org\/co\/wp-json\/wp\/v2\/pages\/1813","targetHints":{"allow":["GET"]}}],"collection":[{"href":"https:\/\/www.pazyesperanza.org\/co\/wp-json\/wp\/v2\/pages"}],"about":[{"href":"https:\/\/www.pazyesperanza.org\/co\/wp-json\/wp\/v2\/types\/page"}],"author":[{"embeddable":true,"href":"https:\/\/www.pazyesperanza.org\/co\/wp-json\/wp\/v2\/users\/1"}],"replies":[{"embeddable":true,"href":"https:\/\/www.pazyesperanza.org\/co\/wp-json\/wp\/v2\/comments?post=1813"}],"version-history":[{"count":12,"href":"https:\/\/www.pazyesperanza.org\/co\/wp-json\/wp\/v2\/pages\/1813\/revisions"}],"predecessor-version":[{"id":2369,"href":"https:\/\/www.pazyesperanza.org\/co\/wp-json\/wp\/v2\/pages\/1813\/revisions\/2369"}],"up":[{"embeddable":true,"href":"https:\/\/www.pazyesperanza.org\/co\/wp-json\/wp\/v2\/pages\/16"}],"wp:attachment":[{"href":"https:\/\/www.pazyesperanza.org\/co\/wp-json\/wp\/v2\/media?parent=1813"}],"curies":[{"name":"wp","href":"https:\/\/api.w.org\/{rel}","templated":true}]}}