{"id":1802,"date":"2017-07-14T17:24:59","date_gmt":"2017-07-14T17:24:59","guid":{"rendered":"http:\/\/nuevo.pazyesperanza.org\/pe\/?page_id=1802"},"modified":"2026-04-28T09:34:30","modified_gmt":"2026-04-28T09:34:30","slug":"logros","status":"publish","type":"page","link":"https:\/\/www.pazyesperanza.org\/co\/como-trabajamos\/logros\/","title":{"rendered":"Logros"},"content":{"rendered":"<p>[vc_row][vc_column][vc_column_text]<\/p>\n<h2>Informe Anual 2025<\/h2>\n<p>Informe Institucional de Paz y Esperanza Colombia, acciones realizadas y logros obtenidos en el 2025. Agradecemos a nuestro equipo de trabajo, Junta Directiva, socios, aliados y actores en las comunidades con quienes trabajamos para transformar realidades de violencia e injusticia: cada logro y aprendizaje les pertenece tambi\u00e9n.[\/vc_column_text][\/vc_column][\/vc_row][vc_row][vc_column][vc_btn title=&#8221;Descarga el Informe de 2025&#8243; style=&#8221;flat&#8221; color=&#8221;green&#8221; size=&#8221;lg&#8221; align=&#8221;center&#8221; i_icon_fontawesome=&#8221;fa fa-cloud-download&#8221; add_icon=&#8221;true&#8221; link=&#8221;url:https%3A%2F%2Fdrive.google.com%2Ffile%2Fd%2F1rgILtzmeoz09ZCtLi9luXOMFWWddq_kk%2Fview%3Fusp%3Dsharing%20||target:%20_blank|&#8221;][\/vc_column][\/vc_row][vc_row][vc_column][vc_column_text]<\/p>\n<h2>Plan Estrat\u00e9tigo Institucional 2026-2030<\/h2>\n<p>La Asociaci\u00f3n Paz y Esperanza Colombia es una organizaci\u00f3n de derechos humanos, inspirada en principios y valores cristianos, que trabaja por la construcci\u00f3n de la paz justa para que personas, familias, Iglesias y comunidades vulneradas por distintas formas de violencia puedan vivir con dignidad, integridad y esperanza.<\/p>\n<p>Este quehacer misional se ha venido construyendo durante los \u00faltimos ocho a\u00f1os de la mano de un equipo de profesionales comprometidos con la justicia y el llamado de Jes\u00fas a \u201ctraer buenas noticias a los pobres, a sanar los corazones heridos\u201d, un llamado que moviliza y convoca a la vivencia de un evangelio integral que responda a los desaf\u00edos sociales y pol\u00edticos de Colombia.<\/p>\n<p>Es precisamente, el Plan Estrat\u00e9gico Institucional (PEI) 2026 \u2013 2030, un recurso organizacional que busca responder con estrategias concretas de acompa\u00f1amiento psicosocial y psicopastoral a varias de las problem\u00e1ticas m\u00e1s sentidas en el \u00e1rea Metropolitana de Medell\u00edn, como es la vereda de Granizal, el municipio de Turbo Antioquia y las comunidades ind\u00edgenas de la Sierra Nevada de Santa Marta.[\/vc_column_text][\/vc_column][\/vc_row][vc_row][vc_column][vc_btn title=&#8221;Descarga el PEI 26-30&#8243; style=&#8221;flat&#8221; color=&#8221;green&#8221; size=&#8221;lg&#8221; align=&#8221;center&#8221; i_icon_fontawesome=&#8221;fa fa-cloud-download&#8221; add_icon=&#8221;true&#8221; link=&#8221;url:https%3A%2F%2Fdrive.google.com%2Ffile%2Fd%2F1ftFy2tbX-WXb_IppZ-WlDbSS128kvl2K%2Fview||target:%20_blank|&#8221;][vc_column_text]<\/p>\n<h2>Bolet\u00edn de Comunicaciones 2025<\/h2>\n<p>Agradecemos a cada una de las personas que con su vida dejaron huellas de esperanza en el 2025. Que ante las tinieblas que enfrentan nuestras comunidades, la luz de Jes\u00fas alumbre con nuestras acciones de paz y justicia.<br \/>\n<em>Hagan brillar su luz delante de todos, para que ellos puedan ver las buenas obras de ustedes y alaben a su Padre que est\u00e1 en los cielos<\/em>. Mateo 5:14-16[\/vc_column_text][vc_btn title=&#8221;Descarga el Bolet\u00edn de Comunicaciones 2025&#8243; style=&#8221;flat&#8221; color=&#8221;green&#8221; size=&#8221;lg&#8221; align=&#8221;center&#8221; i_icon_fontawesome=&#8221;fa fa-cloud-download&#8221; add_icon=&#8221;true&#8221; link=&#8221;url:https%3A%2F%2Fdrive.google.com%2Ffile%2Fd%2F1keS5KBUPwx5rpffQX3L_dqd2z8HSkHL_%2Fview%3Fusp%3Dsharing||target:%20_blank|&#8221;][\/vc_column][\/vc_row]<\/p>\n","protected":false},"excerpt":{"rendered":"[vc_row][vc_column][vc_column_text] Informe Anual 2025 Informe Institucional de Paz y Esperanza Colombia, acciones realizadas y logros obtenidos en el 2025. Agradecemos a nuestro equipo de trabajo, Junta Directiva, socios, aliados y actores en las comunidades con quienes trabajamos para transformar realidades de violencia e injusticia: cada logro y aprendizaje les pertenece tambi\u00e9n.[\/vc_column_text][\/vc_column][\/vc_row][vc_row][vc_column][vc_btn title=&#8221;Descarga el Informe de 2025&#8243; style=&#8221;flat&#8221; color=&#8221;green&#8221; size=&#8221;lg&#8221; align=&#8221;center&#8221; i_icon_fontawesome=&#8221;fa fa-cloud-download&#8221; add_icon=&#8221;true&#8221; link=&#8221;url:https%3A%2F%2Fdrive.google.com%2Ffile%2Fd%2F1rgILtzmeoz09ZCtLi9luXOMFWWddq_kk%2Fview%3Fusp%3Dsharing%20||target:%20_blank|&#8221;][\/vc_column][\/vc_row][vc_row][vc_column][vc_column_text] Plan Estrat\u00e9tigo Institucional 2026-2030 La Asociaci\u00f3n Paz y Esperanza Colombia es una organizaci\u00f3n de derechos humanos, inspirada en principios y valores cristianos, que trabaja por la construcci\u00f3n de la paz justa para que personas, familias, Iglesias y comunidades vulneradas por distintas formas de violencia puedan vivir con dignidad, integridad y esperanza. Este quehacer misional se ha venido construyendo durante los \u00faltimos ocho a\u00f1os de la mano de un equipo de profesionales comprometidos con la justicia y el llamado de Jes\u00fas a \u201ctraer buenas noticias a los pobres, a sanar los corazones heridos\u201d, un llamado que moviliza y convoca a la vivencia de un evangelio integral que responda a los desaf\u00edos sociales y pol\u00edticos de Colombia. Es precisamente, el Plan Estrat\u00e9gico Institucional (PEI) 2026 \u2013 2030, un recurso organizacional que busca responder con estrategias concretas de acompa\u00f1amiento psicosocial y psicopastoral a varias de las problem\u00e1ticas m\u00e1s sentidas en el \u00e1rea Metropolitana de Medell\u00edn, como es la vereda de Granizal, el municipio de Turbo Antioquia y las comunidades ind\u00edgenas de la Sierra Nevada de Santa Marta.[\/vc_column_text][\/vc_column][\/vc_row][vc_row][vc_column][vc_btn title=&#8221;Descarga el PEI 26-30&#8243; style=&#8221;flat&#8221; color=&#8221;green&#8221; size=&#8221;lg&#8221; align=&#8221;center&#8221; i_icon_fontawesome=&#8221;fa fa-cloud-download&#8221; add_icon=&#8221;true&#8221; link=&#8221;url:https%3A%2F%2Fdrive.google.com%2Ffile%2Fd%2F1ftFy2tbX-WXb_IppZ-WlDbSS128kvl2K%2Fview||target:%20_blank|&#8221;][vc_column_text] Bolet\u00edn de Comunicaciones 2025 Agradecemos a cada una de las personas que con su vida dejaron huellas de esperanza en el 2025. Que ante las tinieblas que enfrentan nuestras comunidades, la luz de Jes\u00fas alumbre con nuestras acciones de paz y justicia. Hagan brillar su luz delante de todos, para que ellos puedan ver las buenas obras de ustedes y alaben a su Padre que est\u00e1 en los cielos. Mateo 5:14-16[\/vc_column_text][vc_btn title=&#8221;Descarga el Bolet\u00edn de Comunicaciones 2025&#8243; style=&#8221;flat&#8221; color=&#8221;green&#8221; size=&#8221;lg&#8221; align=&#8221;center&#8221; i_icon_fontawesome=&#8221;fa fa-cloud-download&#8221; add_icon=&#8221;true&#8221; link=&#8221;url:https%3A%2F%2Fdrive.google.com%2Ffile%2Fd%2F1keS5KBUPwx5rpffQX3L_dqd2z8HSkHL_%2Fview%3Fusp%3Dsharing||target:%20_blank|&#8221;][\/vc_column][\/vc_row]","protected":false},"author":1,"featured_media":0,"parent":10,"menu_order":0,"comment_status":"closed","ping_status":"closed","template":"","meta":{"_monsterinsights_skip_tracking":false,"_monsterinsights_sitenote_active":false,"_monsterinsights_sitenote_note":"","_monsterinsights_sitenote_category":0,"footnotes":""},"class_list":["post-1802","page","type-page","status-publish","hentry"],"yoast_head":"<!-- This site is optimized with the Yoast SEO plugin v16.3 - https:\/\/yoast.com\/wordpress\/plugins\/seo\/ -->\n<title>Logros - Paz y Esperanza Colombia<\/title>\n<meta name=\"robots\" content=\"index, follow, max-snippet:-1, max-image-preview:large, max-video-preview:-1\" \/>\n<link rel=\"canonical\" href=\"https:\/\/www.pazyesperanza.org\/co\/como-trabajamos\/logros\/\" \/>\n<meta property=\"og:locale\" content=\"es_ES\" \/>\n<meta property=\"og:type\" content=\"article\" \/>\n<meta property=\"og:title\" content=\"Logros - Paz y Esperanza Colombia\" \/>\n<meta property=\"og:description\" content=\"[vc_row][vc_column][vc_column_text] Informe Anual 2025 Informe Institucional de Paz y Esperanza Colombia, acciones realizadas y logros obtenidos en el 2025. Agradecemos a nuestro equipo de trabajo, Junta Directiva, socios, aliados y actores en las comunidades con quienes trabajamos para transformar realidades de violencia e injusticia: cada logro y aprendizaje les pertenece tambi\u00e9n.[\/vc_column_text][\/vc_column][\/vc_row][vc_row][vc_column][vc_btn title=&#8221;Descarga el Informe de 2025&#8243; style=&#8221;flat&#8221; color=&#8221;green&#8221; size=&#8221;lg&#8221; align=&#8221;center&#8221; i_icon_fontawesome=&#8221;fa fa-cloud-download&#8221; add_icon=&#8221;true&#8221; link=&#8221;url:https%3A%2F%2Fdrive.google.com%2Ffile%2Fd%2F1rgILtzmeoz09ZCtLi9luXOMFWWddq_kk%2Fview%3Fusp%3Dsharing%20||target:%20_blank|&#8221;][\/vc_column][\/vc_row][vc_row][vc_column][vc_column_text] Plan Estrat\u00e9tigo Institucional 2026-2030 La Asociaci\u00f3n Paz y Esperanza Colombia es una organizaci\u00f3n de derechos humanos, inspirada en principios y valores cristianos, que trabaja por la construcci\u00f3n de la paz justa para que personas, familias, Iglesias y comunidades vulneradas por distintas formas de violencia puedan vivir con dignidad, integridad y esperanza. Este quehacer misional se ha venido construyendo durante los \u00faltimos ocho a\u00f1os de la mano de un equipo de profesionales comprometidos con la justicia y el llamado de Jes\u00fas a \u201ctraer buenas noticias a los pobres, a sanar los corazones heridos\u201d, un llamado que moviliza y convoca a la vivencia de un evangelio integral que responda a los desaf\u00edos sociales y pol\u00edticos de Colombia. Es precisamente, el Plan Estrat\u00e9gico Institucional (PEI) 2026 \u2013 2030, un recurso organizacional que busca responder con estrategias concretas de acompa\u00f1amiento psicosocial y psicopastoral a varias de las problem\u00e1ticas m\u00e1s sentidas en el \u00e1rea Metropolitana de Medell\u00edn, como es la vereda de Granizal, el municipio de Turbo Antioquia y las comunidades ind\u00edgenas de la Sierra Nevada de Santa Marta.[\/vc_column_text][\/vc_column][\/vc_row][vc_row][vc_column][vc_btn title=&#8221;Descarga el PEI 26-30&#8243; style=&#8221;flat&#8221; color=&#8221;green&#8221; size=&#8221;lg&#8221; align=&#8221;center&#8221; i_icon_fontawesome=&#8221;fa fa-cloud-download&#8221; add_icon=&#8221;true&#8221; link=&#8221;url:https%3A%2F%2Fdrive.google.com%2Ffile%2Fd%2F1ftFy2tbX-WXb_IppZ-WlDbSS128kvl2K%2Fview||target:%20_blank|&#8221;][vc_column_text] Bolet\u00edn de Comunicaciones 2025 Agradecemos a cada una de las personas que con su vida dejaron huellas de esperanza en el 2025. Que ante las tinieblas que enfrentan nuestras comunidades, la luz de Jes\u00fas alumbre con nuestras acciones de paz y justicia. Hagan brillar su luz delante de todos, para que ellos puedan ver las buenas obras de ustedes y alaben a su Padre que est\u00e1 en los cielos. Mateo 5:14-16[\/vc_column_text][vc_btn title=&#8221;Descarga el Bolet\u00edn de Comunicaciones 2025&#8243; style=&#8221;flat&#8221; color=&#8221;green&#8221; size=&#8221;lg&#8221; align=&#8221;center&#8221; i_icon_fontawesome=&#8221;fa fa-cloud-download&#8221; add_icon=&#8221;true&#8221; link=&#8221;url:https%3A%2F%2Fdrive.google.com%2Ffile%2Fd%2F1keS5KBUPwx5rpffQX3L_dqd2z8HSkHL_%2Fview%3Fusp%3Dsharing||target:%20_blank|&#8221;][\/vc_column][\/vc_row]\" \/>\n<meta property=\"og:url\" content=\"https:\/\/www.pazyesperanza.org\/co\/como-trabajamos\/logros\/\" \/>\n<meta property=\"og:site_name\" content=\"Paz y Esperanza Colombia\" \/>\n<meta property=\"article:modified_time\" content=\"2026-04-28T09:34:30+00:00\" \/>\n<meta name=\"twitter:card\" content=\"summary_large_image\" \/>\n<meta name=\"twitter:label1\" content=\"Tiempo de lectura\">\n\t<meta name=\"twitter:data1\" content=\"1 minuto\">\n<script type=\"application\/ld+json\" class=\"yoast-schema-graph\">{\"@context\":\"https:\/\/schema.org\",\"@graph\":[{\"@type\":\"WebSite\",\"@id\":\"https:\/\/www.pazyesperanza.org\/co\/#website\",\"url\":\"https:\/\/www.pazyesperanza.org\/co\/\",\"name\":\"Paz y Esperanza Colombia\",\"description\":\"Apasionados por la justicia\",\"potentialAction\":[{\"@type\":\"SearchAction\",\"target\":\"https:\/\/www.pazyesperanza.org\/co\/?s={search_term_string}\",\"query-input\":\"required name=search_term_string\"}],\"inLanguage\":\"es\"},{\"@type\":\"WebPage\",\"@id\":\"https:\/\/www.pazyesperanza.org\/co\/como-trabajamos\/logros\/#webpage\",\"url\":\"https:\/\/www.pazyesperanza.org\/co\/como-trabajamos\/logros\/\",\"name\":\"Logros - Paz y Esperanza Colombia\",\"isPartOf\":{\"@id\":\"https:\/\/www.pazyesperanza.org\/co\/#website\"},\"datePublished\":\"2017-07-14T17:24:59+00:00\",\"dateModified\":\"2026-04-28T09:34:30+00:00\",\"breadcrumb\":{\"@id\":\"https:\/\/www.pazyesperanza.org\/co\/como-trabajamos\/logros\/#breadcrumb\"},\"inLanguage\":\"es\",\"potentialAction\":[{\"@type\":\"ReadAction\",\"target\":[\"https:\/\/www.pazyesperanza.org\/co\/como-trabajamos\/logros\/\"]}]},{\"@type\":\"BreadcrumbList\",\"@id\":\"https:\/\/www.pazyesperanza.org\/co\/como-trabajamos\/logros\/#breadcrumb\",\"itemListElement\":[{\"@type\":\"ListItem\",\"position\":1,\"item\":{\"@type\":\"WebPage\",\"@id\":\"https:\/\/www.pazyesperanza.org\/co\/\",\"url\":\"https:\/\/www.pazyesperanza.org\/co\/\",\"name\":\"Portada\"}},{\"@type\":\"ListItem\",\"position\":2,\"item\":{\"@type\":\"WebPage\",\"@id\":\"https:\/\/www.pazyesperanza.org\/co\/como-trabajamos\/\",\"url\":\"https:\/\/www.pazyesperanza.org\/co\/como-trabajamos\/\",\"name\":\"C\\u00f3mo trabajamos\"}},{\"@type\":\"ListItem\",\"position\":3,\"item\":{\"@id\":\"https:\/\/www.pazyesperanza.org\/co\/como-trabajamos\/logros\/#webpage\"}}]}]}<\/script>\n<!-- \/ Yoast SEO plugin. -->","_links":{"self":[{"href":"https:\/\/www.pazyesperanza.org\/co\/wp-json\/wp\/v2\/pages\/1802","targetHints":{"allow":["GET"]}}],"collection":[{"href":"https:\/\/www.pazyesperanza.org\/co\/wp-json\/wp\/v2\/pages"}],"about":[{"href":"https:\/\/www.pazyesperanza.org\/co\/wp-json\/wp\/v2\/types\/page"}],"author":[{"embeddable":true,"href":"https:\/\/www.pazyesperanza.org\/co\/wp-json\/wp\/v2\/users\/1"}],"replies":[{"embeddable":true,"href":"https:\/\/www.pazyesperanza.org\/co\/wp-json\/wp\/v2\/comments?post=1802"}],"version-history":[{"count":19,"href":"https:\/\/www.pazyesperanza.org\/co\/wp-json\/wp\/v2\/pages\/1802\/revisions"}],"predecessor-version":[{"id":3192,"href":"https:\/\/www.pazyesperanza.org\/co\/wp-json\/wp\/v2\/pages\/1802\/revisions\/3192"}],"up":[{"embeddable":true,"href":"https:\/\/www.pazyesperanza.org\/co\/wp-json\/wp\/v2\/pages\/10"}],"wp:attachment":[{"href":"https:\/\/www.pazyesperanza.org\/co\/wp-json\/wp\/v2\/media?parent=1802"}],"curies":[{"name":"wp","href":"https:\/\/api.w.org\/{rel}","templated":true}]}}