{"id":1791,"date":"2017-07-14T17:16:12","date_gmt":"2017-07-14T17:16:12","guid":{"rendered":"http:\/\/nuevo.pazyesperanza.org\/pe\/?page_id=1791"},"modified":"2017-07-14T17:19:04","modified_gmt":"2017-07-14T17:19:04","slug":"casa-buen-trato-hovde","status":"publish","type":"page","link":"https:\/\/www.pazyesperanza.org\/co\/como-trabajamos\/casa-buen-trato-hovde\/","title":{"rendered":"Casa Buen Trato Hovde"},"content":{"rendered":"<p>[vc_row][vc_column width=&#8221;1\/3&#8243;][vc_single_image image=&#8221;1637&#8243; img_size=&#8221;&#8221; alignment=&#8221;center&#8221;][\/vc_column][vc_column width=&#8221;2\/3&#8243;][vc_column_text]La Casa del Buen Trato \u201cHovde\u201d, es un Albergue y Casa Refugio, para ni\u00f1os, ni\u00f1as, adolescentes y mujeres que han sufrido violencia f\u00edsica y sexual; comprende dos proyectos: Albergue para ni\u00f1os, ni\u00f1as y adolescentes v\u00edctimas de maltrato y abuso sexual y la Casa Refugio para mujeres y sus hijos v\u00edctimas de violencia familiar.[\/vc_column_text][vc_btn title=&#8221;Visita el sitio web&#8221; shape=&#8221;round&#8221; color=&#8221;green&#8221; link=&#8221;url:http%3A%2F%2Fcasadelbuentrato.org%2F||target:%20_blank|&#8221;][\/vc_column][\/vc_row]<\/p>\n","protected":false},"excerpt":{"rendered":"[vc_row][vc_column width=&#8221;1\/3&#8243;][vc_single_image image=&#8221;1637&#8243; img_size=&#8221;&#8221; alignment=&#8221;center&#8221;][\/vc_column][vc_column width=&#8221;2\/3&#8243;][vc_column_text]La Casa del Buen Trato \u201cHovde\u201d, es un Albergue y Casa Refugio, para ni\u00f1os, ni\u00f1as, adolescentes y mujeres que han sufrido violencia f\u00edsica y sexual; comprende dos proyectos: Albergue para ni\u00f1os, ni\u00f1as y adolescentes v\u00edctimas de maltrato y abuso sexual y la Casa Refugio para mujeres y sus hijos v\u00edctimas de violencia familiar.[\/vc_column_text][vc_btn title=&#8221;Visita el sitio web&#8221; shape=&#8221;round&#8221; color=&#8221;green&#8221; link=&#8221;url:http%3A%2F%2Fcasadelbuentrato.org%2F||target:%20_blank|&#8221;][\/vc_column][\/vc_row]","protected":false},"author":1,"featured_media":0,"parent":10,"menu_order":0,"comment_status":"closed","ping_status":"closed","template":"","meta":{"_monsterinsights_skip_tracking":false,"_monsterinsights_sitenote_active":false,"_monsterinsights_sitenote_note":"","_monsterinsights_sitenote_category":0,"footnotes":""},"class_list":["post-1791","page","type-page","status-publish","hentry"],"yoast_head":"<!-- This site is optimized with the Yoast SEO plugin v16.3 - https:\/\/yoast.com\/wordpress\/plugins\/seo\/ -->\n<title>Casa Buen Trato Hovde - Paz y Esperanza Colombia<\/title>\n<meta name=\"robots\" content=\"index, follow, max-snippet:-1, max-image-preview:large, max-video-preview:-1\" \/>\n<link rel=\"canonical\" href=\"https:\/\/www.pazyesperanza.org\/co\/como-trabajamos\/casa-buen-trato-hovde\/\" \/>\n<meta property=\"og:locale\" content=\"es_ES\" \/>\n<meta property=\"og:type\" content=\"article\" \/>\n<meta property=\"og:title\" content=\"Casa Buen Trato Hovde - Paz y Esperanza Colombia\" \/>\n<meta property=\"og:description\" content=\"[vc_row][vc_column width=&#8221;1\/3&#8243;][vc_single_image image=&#8221;1637&#8243; img_size=&#8221;&#8221; alignment=&#8221;center&#8221;][\/vc_column][vc_column width=&#8221;2\/3&#8243;][vc_column_text]La Casa del Buen Trato \u201cHovde\u201d, es un Albergue y Casa Refugio, para ni\u00f1os, ni\u00f1as, adolescentes y mujeres que han sufrido violencia f\u00edsica y sexual; comprende dos proyectos: Albergue para ni\u00f1os, ni\u00f1as y adolescentes v\u00edctimas de maltrato y abuso sexual y la Casa Refugio para mujeres y sus hijos v\u00edctimas de violencia familiar.[\/vc_column_text][vc_btn title=&#8221;Visita el sitio web&#8221; shape=&#8221;round&#8221; color=&#8221;green&#8221; link=&#8221;url:http%3A%2F%2Fcasadelbuentrato.org%2F||target:%20_blank|&#8221;][\/vc_column][\/vc_row]\" \/>\n<meta property=\"og:url\" content=\"https:\/\/www.pazyesperanza.org\/co\/como-trabajamos\/casa-buen-trato-hovde\/\" \/>\n<meta property=\"og:site_name\" content=\"Paz y Esperanza Colombia\" \/>\n<meta property=\"article:modified_time\" content=\"2017-07-14T17:19:04+00:00\" \/>\n<meta name=\"twitter:card\" content=\"summary_large_image\" \/>\n<meta name=\"twitter:label1\" content=\"Tiempo de lectura\">\n\t<meta name=\"twitter:data1\" content=\"1 minuto\">\n<script type=\"application\/ld+json\" class=\"yoast-schema-graph\">{\"@context\":\"https:\/\/schema.org\",\"@graph\":[{\"@type\":\"WebSite\",\"@id\":\"https:\/\/www.pazyesperanza.org\/co\/#website\",\"url\":\"https:\/\/www.pazyesperanza.org\/co\/\",\"name\":\"Paz y Esperanza Colombia\",\"description\":\"Apasionados por la justicia\",\"potentialAction\":[{\"@type\":\"SearchAction\",\"target\":\"https:\/\/www.pazyesperanza.org\/co\/?s={search_term_string}\",\"query-input\":\"required name=search_term_string\"}],\"inLanguage\":\"es\"},{\"@type\":\"WebPage\",\"@id\":\"https:\/\/www.pazyesperanza.org\/co\/como-trabajamos\/casa-buen-trato-hovde\/#webpage\",\"url\":\"https:\/\/www.pazyesperanza.org\/co\/como-trabajamos\/casa-buen-trato-hovde\/\",\"name\":\"Casa Buen Trato Hovde - Paz y Esperanza Colombia\",\"isPartOf\":{\"@id\":\"https:\/\/www.pazyesperanza.org\/co\/#website\"},\"datePublished\":\"2017-07-14T17:16:12+00:00\",\"dateModified\":\"2017-07-14T17:19:04+00:00\",\"breadcrumb\":{\"@id\":\"https:\/\/www.pazyesperanza.org\/co\/como-trabajamos\/casa-buen-trato-hovde\/#breadcrumb\"},\"inLanguage\":\"es\",\"potentialAction\":[{\"@type\":\"ReadAction\",\"target\":[\"https:\/\/www.pazyesperanza.org\/co\/como-trabajamos\/casa-buen-trato-hovde\/\"]}]},{\"@type\":\"BreadcrumbList\",\"@id\":\"https:\/\/www.pazyesperanza.org\/co\/como-trabajamos\/casa-buen-trato-hovde\/#breadcrumb\",\"itemListElement\":[{\"@type\":\"ListItem\",\"position\":1,\"item\":{\"@type\":\"WebPage\",\"@id\":\"https:\/\/www.pazyesperanza.org\/co\/\",\"url\":\"https:\/\/www.pazyesperanza.org\/co\/\",\"name\":\"Portada\"}},{\"@type\":\"ListItem\",\"position\":2,\"item\":{\"@type\":\"WebPage\",\"@id\":\"https:\/\/www.pazyesperanza.org\/co\/como-trabajamos\/\",\"url\":\"https:\/\/www.pazyesperanza.org\/co\/como-trabajamos\/\",\"name\":\"C\\u00f3mo trabajamos\"}},{\"@type\":\"ListItem\",\"position\":3,\"item\":{\"@id\":\"https:\/\/www.pazyesperanza.org\/co\/como-trabajamos\/casa-buen-trato-hovde\/#webpage\"}}]}]}<\/script>\n<!-- \/ Yoast SEO plugin. -->","_links":{"self":[{"href":"https:\/\/www.pazyesperanza.org\/co\/wp-json\/wp\/v2\/pages\/1791","targetHints":{"allow":["GET"]}}],"collection":[{"href":"https:\/\/www.pazyesperanza.org\/co\/wp-json\/wp\/v2\/pages"}],"about":[{"href":"https:\/\/www.pazyesperanza.org\/co\/wp-json\/wp\/v2\/types\/page"}],"author":[{"embeddable":true,"href":"https:\/\/www.pazyesperanza.org\/co\/wp-json\/wp\/v2\/users\/1"}],"replies":[{"embeddable":true,"href":"https:\/\/www.pazyesperanza.org\/co\/wp-json\/wp\/v2\/comments?post=1791"}],"version-history":[{"count":3,"href":"https:\/\/www.pazyesperanza.org\/co\/wp-json\/wp\/v2\/pages\/1791\/revisions"}],"predecessor-version":[{"id":1798,"href":"https:\/\/www.pazyesperanza.org\/co\/wp-json\/wp\/v2\/pages\/1791\/revisions\/1798"}],"up":[{"embeddable":true,"href":"https:\/\/www.pazyesperanza.org\/co\/wp-json\/wp\/v2\/pages\/10"}],"wp:attachment":[{"href":"https:\/\/www.pazyesperanza.org\/co\/wp-json\/wp\/v2\/media?parent=1791"}],"curies":[{"name":"wp","href":"https:\/\/api.w.org\/{rel}","templated":true}]}}