{"id":1733,"date":"2017-07-03T21:24:50","date_gmt":"2017-07-03T21:24:50","guid":{"rendered":"http:\/\/nuevo.pazyesperanza.org\/pe\/?page_id=1733"},"modified":"2018-08-21T17:22:58","modified_gmt":"2018-08-21T17:22:58","slug":"campanas","status":"publish","type":"page","link":"https:\/\/www.pazyesperanza.org\/co\/como-trabajamos\/campanas\/","title":{"rendered":"Campa\u00f1as"},"content":{"rendered":"<p>[vc_row][vc_column]<div class=\"causes-list\"><ul><style type=\"text\/css\" media=\"screen\">\n@media only screen and (max-width: 768px) {\n\t.campaign-loop.campaign-grid.masonry { -moz-column-count: 1; -webkit-column-count: 1; column-count: 1; }\n\t.campaign-loop.campaign-grid .campaign,.campaign-loop.campaign-grid .campaign.hentry { width: 100% !important; }\n}\n<\/style>\n\t\t<ul class=\"sort-destination causes-list cause-page-listing\" data-sort-id=\"gallery\"><li id=\"campaign-2407\" class=\"causes-list-item cause-item grid-item post-2407 campaign type-campaign status-publish has-post-thumbnail hentry campaign_category-campanas campaign-has-no-goal campaign-is-endless\">\r\n<div class=\"list-item-inner\">    <a href=\"https:\/\/www.pazyesperanza.org\/co\/programas\/tus-manos-pueden-donar\/\" class=\"media-box\"> \r\n        <img decoding=\"async\" src=\"https:\/\/www.pazyesperanza.org\/co\/wp-content\/uploads\/sites\/10\/2020\/04\/TusManosPuedenDonar-PAZ-Colombia-600x400.jpg\" class=\"attachment-borntogive-600x400 size-borntogive-600x400 wp-post-image\" alt=\"\" \/>\r\n            <\/a>\r\n    <div class=\"cause-item-container\"><div class=\"campaign-description-wrapper\">\r\n  <h3><a href=\"https:\/\/www.pazyesperanza.org\/co\/programas\/tus-manos-pueden-donar\/\"> Tus manos pueden donar<\/a><\/h3>\r\n  <div class=\"campaign-description\">\r\n      Tus manos pueden donar es una campa\u00f1a de Paz y Esperanza Colombia para brindar ayuda humanitaria (viveres, medicina y acompa\u00f1amiento psicosocial) a familias afectadas por la contingencia sanitaria COVID-19 en la vereda Granizal, Bello.  <\/div>\r\n<\/div>\r\n<div class=\"campaign-donation-stats\">  \r\n    <span class=\"amount\">&#36;0.00<\/span> donados<\/div><div class=\"campaign-donation\">\n\t<a data-trigger-modal=\"charitable-donation-form-modal-loop\"\n\t\tdata-campaign-id=\"2407\"\n\t\tclass=\"button charitable-button donate-button button-primary\"\n\t\thref=\"https:\/\/www.pazyesperanza.org\/co\/programas\/tus-manos-pueden-donar\/donate\/\"\n\t\taria-label=\"Haz una donaci\u00f3n para Tus manos pueden donar\">\n\t\tDonar\t<\/a>\n<\/div>\n<\/div><\/div><\/li><li id=\"campaign-2324\" class=\"causes-list-item cause-item grid-item post-2324 campaign type-campaign status-publish has-post-thumbnail hentry campaign_category-campanas campaign-has-no-goal campaign-is-endless\">\r\n<div class=\"list-item-inner\">    <a href=\"https:\/\/www.pazyesperanza.org\/co\/programas\/como-nacido-entre-nosotros\/\" class=\"media-box\"> \r\n        <img decoding=\"async\" src=\"https:\/\/www.pazyesperanza.org\/co\/wp-content\/uploads\/sites\/10\/2019\/06\/Como-nacido-entre-nosotros-1-600x400.jpg\" class=\"attachment-borntogive-600x400 size-borntogive-600x400 wp-post-image\" alt=\"\" \/>\r\n            <\/a>\r\n    <div class=\"cause-item-container\"><div class=\"campaign-description-wrapper\">\r\n  <h3><a href=\"https:\/\/www.pazyesperanza.org\/co\/programas\/como-nacido-entre-nosotros\/\"> Como nacido entre nosotros<\/a><\/h3>\r\n  <div class=\"campaign-description\">\r\n      Como nacido entre nosotros (Lev\u00edtico 19: 33-34) es una campa\u00f1a de Iglesias y organizaciones cristianas de Am\u00e9rica Latina y Caribe que responden el llamado de Jes\u00fas de ser una comunidad de acogida, buen trato y protecci\u00f3n integral de las personas migrantes y refugiadas.  <\/div>\r\n<\/div>\r\n<div class=\"campaign-donation-stats\">  \r\n    <span class=\"amount\">&#36;0.00<\/span> donados<\/div><div class=\"campaign-donation\">\n\t<a data-trigger-modal=\"charitable-donation-form-modal-loop\"\n\t\tdata-campaign-id=\"2324\"\n\t\tclass=\"button charitable-button donate-button button-primary\"\n\t\thref=\"https:\/\/www.pazyesperanza.org\/co\/programas\/como-nacido-entre-nosotros\/donate\/\"\n\t\taria-label=\"Haz una donaci\u00f3n para Como nacido entre nosotros\">\n\t\tDonar\t<\/a>\n<\/div>\n<\/div><\/div><\/li><li id=\"campaign-2254\" class=\"causes-list-item cause-item grid-item post-2254 campaign type-campaign status-publish has-post-thumbnail hentry campaign_category-campanas campaign-has-no-goal campaign-is-endless\">\r\n<div class=\"list-item-inner\">    <a href=\"https:\/\/www.pazyesperanza.org\/co\/programas\/sos-nicaragua\/\" class=\"media-box\"> \r\n        <img decoding=\"async\" src=\"https:\/\/www.pazyesperanza.org\/co\/wp-content\/uploads\/sites\/10\/2018\/08\/FB_IMG_1534623582412-600x400.jpg\" class=\"attachment-borntogive-600x400 size-borntogive-600x400 wp-post-image\" alt=\"\" \/>\r\n            <\/a>\r\n    <div class=\"cause-item-container\"><div class=\"campaign-description-wrapper\">\r\n  <h3><a href=\"https:\/\/www.pazyesperanza.org\/co\/programas\/sos-nicaragua\/\"> SOS Nicaragua<\/a><\/h3>\r\n  <div class=\"campaign-description\">\r\n      Iglesias y l\u00edderes evang\u00e9licos del continente se pronuncian sobre crisis de Nicaragua. Demandan al gobierno de Daniel Ortega el cese de la violencia y respeto a los derechos humanos.  <\/div>\r\n<\/div>\r\n<div class=\"campaign-donation-stats\">  \r\n    <span class=\"amount\">&#36;0.00<\/span> donados<\/div><div class=\"campaign-donation\">\n\t<a data-trigger-modal=\"charitable-donation-form-modal-loop\"\n\t\tdata-campaign-id=\"2254\"\n\t\tclass=\"button charitable-button donate-button button-primary\"\n\t\thref=\"https:\/\/www.pazyesperanza.org\/co\/programas\/sos-nicaragua\/donate\/\"\n\t\taria-label=\"Haz una donaci\u00f3n para SOS Nicaragua\">\n\t\tDonar\t<\/a>\n<\/div>\n<\/div><\/div><\/li><\/ul><\/ul><\/div>[\/vc_column][\/vc_row]<\/p>\n","protected":false},"excerpt":{"rendered":"[vc_row][vc_column][\/vc_column][\/vc_row]","protected":false},"author":1,"featured_media":0,"parent":10,"menu_order":0,"comment_status":"closed","ping_status":"closed","template":"","meta":{"_monsterinsights_skip_tracking":false,"_monsterinsights_sitenote_active":false,"_monsterinsights_sitenote_note":"","_monsterinsights_sitenote_category":0,"footnotes":""},"class_list":["post-1733","page","type-page","status-publish","hentry","campaign-has-no-goal","campaign-is-endless"],"yoast_head":"<!-- This site is optimized with the Yoast SEO plugin v16.3 - https:\/\/yoast.com\/wordpress\/plugins\/seo\/ -->\n<title>Campa\u00f1as - Paz y Esperanza Colombia<\/title>\n<meta name=\"robots\" content=\"index, follow, max-snippet:-1, max-image-preview:large, max-video-preview:-1\" \/>\n<link rel=\"canonical\" href=\"https:\/\/www.pazyesperanza.org\/co\/como-trabajamos\/campanas\/\" \/>\n<meta property=\"og:locale\" content=\"es_ES\" \/>\n<meta property=\"og:type\" content=\"article\" \/>\n<meta property=\"og:title\" content=\"Campa\u00f1as - Paz y Esperanza Colombia\" \/>\n<meta property=\"og:description\" content=\"[vc_row][vc_column][\/vc_column][\/vc_row]\" \/>\n<meta property=\"og:url\" content=\"https:\/\/www.pazyesperanza.org\/co\/como-trabajamos\/campanas\/\" \/>\n<meta property=\"og:site_name\" content=\"Paz y Esperanza Colombia\" \/>\n<meta property=\"article:modified_time\" content=\"2018-08-21T17:22:58+00:00\" \/>\n<meta name=\"twitter:card\" content=\"summary_large_image\" \/>\n<script type=\"application\/ld+json\" class=\"yoast-schema-graph\">{\"@context\":\"https:\/\/schema.org\",\"@graph\":[{\"@type\":\"WebSite\",\"@id\":\"https:\/\/www.pazyesperanza.org\/co\/#website\",\"url\":\"https:\/\/www.pazyesperanza.org\/co\/\",\"name\":\"Paz y Esperanza Colombia\",\"description\":\"Apasionados por la justicia\",\"potentialAction\":[{\"@type\":\"SearchAction\",\"target\":\"https:\/\/www.pazyesperanza.org\/co\/?s={search_term_string}\",\"query-input\":\"required name=search_term_string\"}],\"inLanguage\":\"es\"},{\"@type\":\"WebPage\",\"@id\":\"https:\/\/www.pazyesperanza.org\/co\/como-trabajamos\/campanas\/#webpage\",\"url\":\"https:\/\/www.pazyesperanza.org\/co\/como-trabajamos\/campanas\/\",\"name\":\"Campa\\u00f1as - Paz y Esperanza Colombia\",\"isPartOf\":{\"@id\":\"https:\/\/www.pazyesperanza.org\/co\/#website\"},\"datePublished\":\"2017-07-03T21:24:50+00:00\",\"dateModified\":\"2018-08-21T17:22:58+00:00\",\"breadcrumb\":{\"@id\":\"https:\/\/www.pazyesperanza.org\/co\/como-trabajamos\/campanas\/#breadcrumb\"},\"inLanguage\":\"es\",\"potentialAction\":[{\"@type\":\"ReadAction\",\"target\":[\"https:\/\/www.pazyesperanza.org\/co\/como-trabajamos\/campanas\/\"]}]},{\"@type\":\"BreadcrumbList\",\"@id\":\"https:\/\/www.pazyesperanza.org\/co\/como-trabajamos\/campanas\/#breadcrumb\",\"itemListElement\":[{\"@type\":\"ListItem\",\"position\":1,\"item\":{\"@type\":\"WebPage\",\"@id\":\"https:\/\/www.pazyesperanza.org\/co\/\",\"url\":\"https:\/\/www.pazyesperanza.org\/co\/\",\"name\":\"Portada\"}},{\"@type\":\"ListItem\",\"position\":2,\"item\":{\"@type\":\"WebPage\",\"@id\":\"https:\/\/www.pazyesperanza.org\/co\/como-trabajamos\/\",\"url\":\"https:\/\/www.pazyesperanza.org\/co\/como-trabajamos\/\",\"name\":\"C\\u00f3mo trabajamos\"}},{\"@type\":\"ListItem\",\"position\":3,\"item\":{\"@id\":\"https:\/\/www.pazyesperanza.org\/co\/como-trabajamos\/campanas\/#webpage\"}}]}]}<\/script>\n<!-- \/ Yoast SEO plugin. -->","_links":{"self":[{"href":"https:\/\/www.pazyesperanza.org\/co\/wp-json\/wp\/v2\/pages\/1733","targetHints":{"allow":["GET"]}}],"collection":[{"href":"https:\/\/www.pazyesperanza.org\/co\/wp-json\/wp\/v2\/pages"}],"about":[{"href":"https:\/\/www.pazyesperanza.org\/co\/wp-json\/wp\/v2\/types\/page"}],"author":[{"embeddable":true,"href":"https:\/\/www.pazyesperanza.org\/co\/wp-json\/wp\/v2\/users\/1"}],"replies":[{"embeddable":true,"href":"https:\/\/www.pazyesperanza.org\/co\/wp-json\/wp\/v2\/comments?post=1733"}],"version-history":[{"count":10,"href":"https:\/\/www.pazyesperanza.org\/co\/wp-json\/wp\/v2\/pages\/1733\/revisions"}],"predecessor-version":[{"id":2265,"href":"https:\/\/www.pazyesperanza.org\/co\/wp-json\/wp\/v2\/pages\/1733\/revisions\/2265"}],"up":[{"embeddable":true,"href":"https:\/\/www.pazyesperanza.org\/co\/wp-json\/wp\/v2\/pages\/10"}],"wp:attachment":[{"href":"https:\/\/www.pazyesperanza.org\/co\/wp-json\/wp\/v2\/media?parent=1733"}],"curies":[{"name":"wp","href":"https:\/\/api.w.org\/{rel}","templated":true}]}}