{"id":1291,"date":"2016-10-25T14:08:12","date_gmt":"2016-10-25T14:08:12","guid":{"rendered":"http:\/\/nuevo.pazyesperanza.org\/usa\/?page_id=1291"},"modified":"2017-09-22T20:45:56","modified_gmt":"2017-09-22T20:45:56","slug":"programas","status":"publish","type":"page","link":"https:\/\/www.pazyesperanza.org\/co\/como-trabajamos\/programas\/","title":{"rendered":"Programas"},"content":{"rendered":"<p>[vc_row][vc_column]<div class=\"causes-list\"><ul><style type=\"text\/css\" media=\"screen\">\n@media only screen and (max-width: 768px) {\n\t.campaign-loop.campaign-grid.masonry { -moz-column-count: 1; -webkit-column-count: 1; column-count: 1; }\n\t.campaign-loop.campaign-grid .campaign,.campaign-loop.campaign-grid .campaign.hentry { width: 100% !important; }\n}\n<\/style>\n\t\t<ul class=\"sort-destination causes-list cause-page-listing\" data-sort-id=\"gallery\"><li id=\"campaign-2133\" class=\"causes-list-item cause-item grid-item post-2133 campaign type-campaign status-publish has-post-thumbnail hentry campaign_category-programas campaign-has-no-goal campaign-is-endless\">\r\n<div class=\"list-item-inner\">    <a href=\"https:\/\/www.pazyesperanza.org\/co\/programas\/iglesia-diaconia-y-mision-integral\/\" class=\"media-box\"> \r\n        <img decoding=\"async\" src=\"https:\/\/www.pazyesperanza.org\/co\/wp-content\/uploads\/sites\/10\/2018\/03\/clasped-hands-541849_640-600x400.jpg\" class=\"attachment-borntogive-600x400 size-borntogive-600x400 wp-post-image\" alt=\"\" \/>\r\n            <\/a>\r\n    <div class=\"cause-item-container\"><div class=\"campaign-description-wrapper\">\r\n  <h3><a href=\"https:\/\/www.pazyesperanza.org\/co\/programas\/iglesia-diaconia-y-mision-integral\/\"> Iglesia, diacon\u00eda y misi\u00f3n integral<\/a><\/h3>\r\n  <div class=\"campaign-description\">\r\n      Se ha contribuido a la movilizaci\u00f3n de la iglesia local desde un enfoque de misi\u00f3n integral, para facilitar procesos de cambio y desarrollo en comunidades urbanas y rurales que presentan condiciones de vulnerabilidad y pobreza.  <\/div>\r\n<\/div>\r\n<div class=\"campaign-donation-stats\">  \r\n    <span class=\"amount\">&#36;0.00<\/span> donados<\/div><div class=\"campaign-donation\">\n\t<a data-trigger-modal=\"charitable-donation-form-modal-loop\"\n\t\tdata-campaign-id=\"2133\"\n\t\tclass=\"button charitable-button donate-button button-primary\"\n\t\thref=\"https:\/\/www.pazyesperanza.org\/co\/programas\/iglesia-diaconia-y-mision-integral\/donate\/\"\n\t\taria-label=\"Haz una donaci\u00f3n para Iglesia, diacon\u00eda y misi\u00f3n integral\">\n\t\tDonar\t<\/a>\n<\/div>\n<\/div><\/div><\/li><li id=\"campaign-1959\" class=\"causes-list-item cause-item grid-item post-1959 campaign type-campaign status-publish has-post-thumbnail hentry campaign_category-programas campaign-has-no-goal campaign-is-endless\">\r\n<div class=\"list-item-inner\">    <a href=\"https:\/\/www.pazyesperanza.org\/co\/programas\/solidaridad-con-mexico\/\" class=\"media-box\"> \r\n        <img decoding=\"async\" src=\"https:\/\/www.pazyesperanza.org\/co\/wp-content\/uploads\/sites\/10\/2016\/10\/mujeres-600x400.png\" class=\"attachment-borntogive-600x400 size-borntogive-600x400 wp-post-image\" alt=\"\" \/>\r\n            <\/a>\r\n    <div class=\"cause-item-container\"><div class=\"campaign-description-wrapper\">\r\n  <h3><a href=\"https:\/\/www.pazyesperanza.org\/co\/programas\/solidaridad-con-mexico\/\"> Mujeres, ciudadan\u00eda y desarrollo sostenible<\/a><\/h3>\r\n  <div class=\"campaign-description\">\r\n      Se ha contribuido a la reducci\u00f3n de las desigualdades en la relaci\u00f3n hombre mujer para la construcci\u00f3n de territorios de paz, mediante la promoci\u00f3n de los derechos de la mujer, su participaci\u00f3n ciudadana y las relaciones basadas en el buen trato en el entorno familiar y comunitario.  <\/div>\r\n<\/div>\r\n<div class=\"campaign-donation-stats\">  \r\n    <span class=\"amount\">&#36;0.00<\/span> donados<\/div><div class=\"campaign-donation\">\n\t<a data-trigger-modal=\"charitable-donation-form-modal-loop\"\n\t\tdata-campaign-id=\"1959\"\n\t\tclass=\"button charitable-button donate-button button-primary\"\n\t\thref=\"https:\/\/www.pazyesperanza.org\/co\/programas\/solidaridad-con-mexico\/donate\/\"\n\t\taria-label=\"Haz una donaci\u00f3n para Mujeres, ciudadan\u00eda y desarrollo sostenible\">\n\t\tDonar\t<\/a>\n<\/div>\n<\/div><\/div><\/li><li id=\"campaign-1732\" class=\"causes-list-item cause-item grid-item post-1732 campaign type-campaign status-publish has-post-thumbnail hentry campaign_category-programas campaign-has-no-goal campaign-is-endless\">\r\n<div class=\"list-item-inner\">    <a href=\"https:\/\/www.pazyesperanza.org\/co\/programas\/puentes-de-amor\/\" class=\"media-box\"> \r\n        <img decoding=\"async\" src=\"https:\/\/www.pazyesperanza.org\/co\/wp-content\/uploads\/sites\/10\/2018\/03\/Que-cada-d\u00eda-crezca-600x400.jpg\" class=\"attachment-borntogive-600x400 size-borntogive-600x400 wp-post-image\" alt=\"\" \/>\r\n            <\/a>\r\n    <div class=\"cause-item-container\"><div class=\"campaign-description-wrapper\">\r\n  <h3><a href=\"https:\/\/www.pazyesperanza.org\/co\/programas\/puentes-de-amor\/\"> Protecci\u00f3n de los Ni\u00f1os, Ni\u00f1as y Adolescentes<\/a><\/h3>\r\n  <div class=\"campaign-description\">\r\n      Se ha contribuido al ejercicio pleno de derechos de los Ni\u00f1os, Ni\u00f1as y Adolescentes para la construcci\u00f3n de territorios de paz, mediante su protecci\u00f3n de diversas formas de violencia (sexual, intrafamiliar y explotaci\u00f3n sexual con fines comerciales), la promoci\u00f3n de sus derechos, el buen trato en el entorno familiar y su protagonismo social.  <\/div>\r\n<\/div>\r\n<div class=\"campaign-donation-stats\">  \r\n    <span class=\"amount\">&#36;0.00<\/span> donados<\/div><div class=\"campaign-donation\">\n\t<a data-trigger-modal=\"charitable-donation-form-modal-loop\"\n\t\tdata-campaign-id=\"1732\"\n\t\tclass=\"button charitable-button donate-button button-primary\"\n\t\thref=\"https:\/\/www.pazyesperanza.org\/co\/programas\/puentes-de-amor\/donate\/\"\n\t\taria-label=\"Haz una donaci\u00f3n para Protecci\u00f3n de los Ni\u00f1os, Ni\u00f1as y Adolescentes\">\n\t\tDonar\t<\/a>\n<\/div>\n<\/div><\/div><\/li><li id=\"campaign-1301\" class=\"causes-list-item cause-item grid-item post-1301 campaign type-campaign status-publish has-post-thumbnail hentry campaign_category-programas campaign-has-no-goal campaign-is-endless\">\r\n<div class=\"list-item-inner\">    <a href=\"https:\/\/www.pazyesperanza.org\/co\/programas\/ciudadania-e-igualdad-de-genero\/\" class=\"media-box\"> \r\n        <img decoding=\"async\" src=\"https:\/\/www.pazyesperanza.org\/co\/wp-content\/uploads\/sites\/10\/2016\/10\/peasants-2425936_1280-600x400.jpg\" class=\"attachment-borntogive-600x400 size-borntogive-600x400 wp-post-image\" alt=\"\" srcset=\"https:\/\/www.pazyesperanza.org\/co\/wp-content\/uploads\/sites\/10\/2016\/10\/peasants-2425936_1280-600x400.jpg 600w, https:\/\/www.pazyesperanza.org\/co\/wp-content\/uploads\/sites\/10\/2016\/10\/peasants-2425936_1280-300x199.jpg 300w\" sizes=\"(max-width: 600px) 100vw, 600px\" \/>\r\n            <\/a>\r\n    <div class=\"cause-item-container\"><div class=\"campaign-description-wrapper\">\r\n  <h3><a href=\"https:\/\/www.pazyesperanza.org\/co\/programas\/ciudadania-e-igualdad-de-genero\/\"> Posconflicto, reconciliaci\u00f3n y derechos de las v\u00edctimas<\/a><\/h3>\r\n  <div class=\"campaign-description\">\r\n      Se ha contribuido a la reconciliaci\u00f3n nacional y el cumplimiento de los derechos de las v\u00edctimas en el proceso de transici\u00f3n hacia el el posconflicto en Colombia, mediante el acompa\u00f1amiento, fortalecimiento y vigilancia al trabajo de la Comisi\u00f3n para el Esclarecimiento de la Verdad, la Convivencia y la No repetici\u00f3n.  <\/div>\r\n<\/div>\r\n<div class=\"campaign-donation-stats\">  \r\n    <span class=\"amount\">&#36;0.00<\/span> donados<\/div><div class=\"campaign-donation\">\n\t<a data-trigger-modal=\"charitable-donation-form-modal-loop\"\n\t\tdata-campaign-id=\"1301\"\n\t\tclass=\"button charitable-button donate-button button-primary\"\n\t\thref=\"https:\/\/www.pazyesperanza.org\/co\/programas\/ciudadania-e-igualdad-de-genero\/donate\/\"\n\t\taria-label=\"Haz una donaci\u00f3n para Posconflicto, reconciliaci\u00f3n y derechos de las v\u00edctimas\">\n\t\tDonar\t<\/a>\n<\/div>\n<\/div><\/div><\/li><\/ul><\/ul><\/div>[\/vc_column][\/vc_row]<\/p>\n","protected":false},"excerpt":{"rendered":"[vc_row][vc_column][\/vc_column][\/vc_row]","protected":false},"author":1,"featured_media":0,"parent":10,"menu_order":0,"comment_status":"closed","ping_status":"closed","template":"","meta":{"_monsterinsights_skip_tracking":false,"_monsterinsights_sitenote_active":false,"_monsterinsights_sitenote_note":"","_monsterinsights_sitenote_category":0,"footnotes":""},"class_list":["post-1291","page","type-page","status-publish","hentry","campaign-has-no-goal","campaign-is-endless"],"yoast_head":"<!-- This site is optimized with the Yoast SEO plugin v16.3 - https:\/\/yoast.com\/wordpress\/plugins\/seo\/ -->\n<title>Programas - Paz y Esperanza Colombia<\/title>\n<meta name=\"robots\" content=\"index, follow, max-snippet:-1, max-image-preview:large, max-video-preview:-1\" \/>\n<link rel=\"canonical\" href=\"https:\/\/www.pazyesperanza.org\/co\/como-trabajamos\/programas\/\" \/>\n<meta property=\"og:locale\" content=\"es_ES\" \/>\n<meta property=\"og:type\" content=\"article\" \/>\n<meta property=\"og:title\" content=\"Programas - Paz y Esperanza Colombia\" \/>\n<meta property=\"og:description\" content=\"[vc_row][vc_column][\/vc_column][\/vc_row]\" \/>\n<meta property=\"og:url\" content=\"https:\/\/www.pazyesperanza.org\/co\/como-trabajamos\/programas\/\" \/>\n<meta property=\"og:site_name\" content=\"Paz y Esperanza Colombia\" \/>\n<meta property=\"article:modified_time\" content=\"2017-09-22T20:45:56+00:00\" \/>\n<meta name=\"twitter:card\" content=\"summary_large_image\" \/>\n<script type=\"application\/ld+json\" class=\"yoast-schema-graph\">{\"@context\":\"https:\/\/schema.org\",\"@graph\":[{\"@type\":\"WebSite\",\"@id\":\"https:\/\/www.pazyesperanza.org\/co\/#website\",\"url\":\"https:\/\/www.pazyesperanza.org\/co\/\",\"name\":\"Paz y Esperanza Colombia\",\"description\":\"Apasionados por la justicia\",\"potentialAction\":[{\"@type\":\"SearchAction\",\"target\":\"https:\/\/www.pazyesperanza.org\/co\/?s={search_term_string}\",\"query-input\":\"required name=search_term_string\"}],\"inLanguage\":\"es\"},{\"@type\":\"WebPage\",\"@id\":\"https:\/\/www.pazyesperanza.org\/co\/como-trabajamos\/programas\/#webpage\",\"url\":\"https:\/\/www.pazyesperanza.org\/co\/como-trabajamos\/programas\/\",\"name\":\"Programas - Paz y Esperanza Colombia\",\"isPartOf\":{\"@id\":\"https:\/\/www.pazyesperanza.org\/co\/#website\"},\"datePublished\":\"2016-10-25T14:08:12+00:00\",\"dateModified\":\"2017-09-22T20:45:56+00:00\",\"breadcrumb\":{\"@id\":\"https:\/\/www.pazyesperanza.org\/co\/como-trabajamos\/programas\/#breadcrumb\"},\"inLanguage\":\"es\",\"potentialAction\":[{\"@type\":\"ReadAction\",\"target\":[\"https:\/\/www.pazyesperanza.org\/co\/como-trabajamos\/programas\/\"]}]},{\"@type\":\"BreadcrumbList\",\"@id\":\"https:\/\/www.pazyesperanza.org\/co\/como-trabajamos\/programas\/#breadcrumb\",\"itemListElement\":[{\"@type\":\"ListItem\",\"position\":1,\"item\":{\"@type\":\"WebPage\",\"@id\":\"https:\/\/www.pazyesperanza.org\/co\/\",\"url\":\"https:\/\/www.pazyesperanza.org\/co\/\",\"name\":\"Portada\"}},{\"@type\":\"ListItem\",\"position\":2,\"item\":{\"@type\":\"WebPage\",\"@id\":\"https:\/\/www.pazyesperanza.org\/co\/como-trabajamos\/\",\"url\":\"https:\/\/www.pazyesperanza.org\/co\/como-trabajamos\/\",\"name\":\"C\\u00f3mo trabajamos\"}},{\"@type\":\"ListItem\",\"position\":3,\"item\":{\"@id\":\"https:\/\/www.pazyesperanza.org\/co\/como-trabajamos\/programas\/#webpage\"}}]}]}<\/script>\n<!-- \/ Yoast SEO plugin. -->","_links":{"self":[{"href":"https:\/\/www.pazyesperanza.org\/co\/wp-json\/wp\/v2\/pages\/1291","targetHints":{"allow":["GET"]}}],"collection":[{"href":"https:\/\/www.pazyesperanza.org\/co\/wp-json\/wp\/v2\/pages"}],"about":[{"href":"https:\/\/www.pazyesperanza.org\/co\/wp-json\/wp\/v2\/types\/page"}],"author":[{"embeddable":true,"href":"https:\/\/www.pazyesperanza.org\/co\/wp-json\/wp\/v2\/users\/1"}],"replies":[{"embeddable":true,"href":"https:\/\/www.pazyesperanza.org\/co\/wp-json\/wp\/v2\/comments?post=1291"}],"version-history":[{"count":4,"href":"https:\/\/www.pazyesperanza.org\/co\/wp-json\/wp\/v2\/pages\/1291\/revisions"}],"predecessor-version":[{"id":2957,"href":"https:\/\/www.pazyesperanza.org\/co\/wp-json\/wp\/v2\/pages\/1291\/revisions\/2957"}],"up":[{"embeddable":true,"href":"https:\/\/www.pazyesperanza.org\/co\/wp-json\/wp\/v2\/pages\/10"}],"wp:attachment":[{"href":"https:\/\/www.pazyesperanza.org\/co\/wp-json\/wp\/v2\/media?parent=1291"}],"curies":[{"name":"wp","href":"https:\/\/api.w.org\/{rel}","templated":true}]}}