{"id":12,"date":"2016-10-24T14:55:00","date_gmt":"2016-10-24T14:55:00","guid":{"rendered":"http:\/\/nuevo.pazyesperanza.org\/usa\/?page_id=12"},"modified":"2026-03-28T06:29:22","modified_gmt":"2026-03-28T06:29:22","slug":"donde-estamos","status":"publish","type":"page","link":"https:\/\/www.pazyesperanza.org\/co\/donde-estamos\/","title":{"rendered":"D\u00f3nde Estamos"},"content":{"rendered":"<p>[vc_row full_width=&#8221;stretch_row&#8221; css=&#8221;.vc_custom_1478204241846{margin-top: 0px !important;margin-bottom: 0px !important;padding-top: 0px !important;background-color: #07ad55 !important;}&#8221;][vc_column][vc_column_text]<\/p>\n<h3 style=\"text-align: center;color: #fff\">Haga clic en un puntito abajo para leer nuestra historia en esa ciudad<\/h3>\n<p>[\/vc_column_text][\/vc_column][\/vc_row][vc_row css=&#8221;.vc_custom_1478206191816{margin-top: 0px !important;padding-top: 0px !important;}&#8221;][vc_column width=&#8221;1\/2&#8243;][vc_column_text css=&#8221;.vc_custom_1521425174208{margin-top: 0px !important;padding-top: 0px !important;}&#8221;]<\/p>\n<div id=\"map-crop\" style=\"text-align: center\"><!-- Map Generated CSS --> \n <style>\n.iwm_map_canvas { overflow:hidden; }#map_canvas_1 path:not([id]) { stroke:#ffffff; }#map_canvas_1 path:not([id]) { stroke-width:1; }#map_canvas_1 { background-repeat:no-repeat; background-size: 100% 100%; }<\/style><div class='iwm_map_canvas'><div id='map_canvas_1' class='i_world_map ' class='iwm_map_canvas'><div class='iwm_placeholder'><img width='32px' alt='Colombia Placeholder' title='Colombia' src='https:\/\/www.pazyesperanza.org\/co\/wp-content\/plugins\/interactive-world-maps\/imgs\/placeholder.png'><br>Colombia<\/div><\/div><\/div><div id='imap1message'><\/div><\/div>\n<p>[\/vc_column_text][\/vc_column][vc_column width=&#8221;1\/2&#8243;][vc_column_text]<\/p>\n<h4><span style=\"font-size: 18pt\">Medell\u00edn, Colombia<\/span><\/h4>\n<p>Paz y Esperanza trabaja en Colombia desde al a\u00f1o 2017. Actualmente tiene su sede en la ciudad de Medell\u00edn \u2013 Colombia.<\/p>\n<p>&nbsp;<\/p>\n<h4>Contacto<\/h4>\n<p>Director: Giovanny G\u00f3mez Molina<br \/>\n<img loading=\"lazy\" decoding=\"async\" class=\"alignnone wp-image-2163\" src=\"http:\/\/www.pazyesperanza.org\/co\/wp-content\/uploads\/sites\/10\/2016\/10\/ubicacion-de-marcador-de-posicion_318-39922-150x150.jpg\" alt=\"\" width=\"14\" height=\"14\" srcset=\"https:\/\/www.pazyesperanza.org\/co\/wp-content\/uploads\/sites\/10\/2016\/10\/ubicacion-de-marcador-de-posicion_318-39922-150x150.jpg 150w, https:\/\/www.pazyesperanza.org\/co\/wp-content\/uploads\/sites\/10\/2016\/10\/ubicacion-de-marcador-de-posicion_318-39922-300x300.jpg 300w, https:\/\/www.pazyesperanza.org\/co\/wp-content\/uploads\/sites\/10\/2016\/10\/ubicacion-de-marcador-de-posicion_318-39922-70x70.jpg 70w, https:\/\/www.pazyesperanza.org\/co\/wp-content\/uploads\/sites\/10\/2016\/10\/ubicacion-de-marcador-de-posicion_318-39922.jpg 626w\" sizes=\"auto, (max-width: 14px) 100vw, 14px\" \/>Carrera 68\u00aa #46\u00aa-104, Medell\u00edn\/Colombia<br \/>\n<img loading=\"lazy\" decoding=\"async\" class=\"alignnone wp-image-2164\" src=\"http:\/\/www.pazyesperanza.org\/co\/wp-content\/uploads\/sites\/10\/2016\/10\/llamar-respuesta-ios-7-simbolo-interfaz_318-34776-300x300.jpg\" alt=\"\" width=\"14\" height=\"14\" srcset=\"https:\/\/www.pazyesperanza.org\/co\/wp-content\/uploads\/sites\/10\/2016\/10\/llamar-respuesta-ios-7-simbolo-interfaz_318-34776-300x300.jpg 300w, https:\/\/www.pazyesperanza.org\/co\/wp-content\/uploads\/sites\/10\/2016\/10\/llamar-respuesta-ios-7-simbolo-interfaz_318-34776-150x150.jpg 150w, https:\/\/www.pazyesperanza.org\/co\/wp-content\/uploads\/sites\/10\/2016\/10\/llamar-respuesta-ios-7-simbolo-interfaz_318-34776-70x70.jpg 70w, https:\/\/www.pazyesperanza.org\/co\/wp-content\/uploads\/sites\/10\/2016\/10\/llamar-respuesta-ios-7-simbolo-interfaz_318-34776.jpg 626w\" sizes=\"auto, (max-width: 14px) 100vw, 14px\" \/>+57 305 4342734<br \/>\n<a href=\"mailto:ecuador@pazyesperanza.org\" target=\"_blank\" rel=\"noopener\">colombia@pazyesperanza.org; <\/a><a href=\"mailto:pqrsfpazcolombia@pazyesperanza.org\">pqrsfpazcolombia@pazyesperanza.org<\/a><a href=\"mailto:ecuador@pazyesperanza.org\" target=\"_blank\" rel=\"noopener\"><img loading=\"lazy\" decoding=\"async\" class=\"alignleft wp-image-2165\" src=\"http:\/\/www.pazyesperanza.org\/co\/wp-content\/uploads\/sites\/10\/2016\/10\/sobre-de-correo-electronico-ios-simbolo-interfaz-7_318-33550-300x300.jpg\" alt=\"\" width=\"15\" height=\"15\" srcset=\"https:\/\/www.pazyesperanza.org\/co\/wp-content\/uploads\/sites\/10\/2016\/10\/sobre-de-correo-electronico-ios-simbolo-interfaz-7_318-33550-300x300.jpg 300w, https:\/\/www.pazyesperanza.org\/co\/wp-content\/uploads\/sites\/10\/2016\/10\/sobre-de-correo-electronico-ios-simbolo-interfaz-7_318-33550-150x150.jpg 150w, https:\/\/www.pazyesperanza.org\/co\/wp-content\/uploads\/sites\/10\/2016\/10\/sobre-de-correo-electronico-ios-simbolo-interfaz-7_318-33550-70x70.jpg 70w, https:\/\/www.pazyesperanza.org\/co\/wp-content\/uploads\/sites\/10\/2016\/10\/sobre-de-correo-electronico-ios-simbolo-interfaz-7_318-33550.jpg 626w\" sizes=\"auto, (max-width: 15px) 100vw, 15px\" \/><\/a>[\/vc_column_text][\/vc_column][\/vc_row]<\/p>\n","protected":false},"excerpt":{"rendered":"[vc_row full_width=&#8221;stretch_row&#8221; css=&#8221;.vc_custom_1478204241846{margin-top: 0px !important;margin-bottom: 0px !important;padding-top: 0px !important;background-color: #07ad55 !important;}&#8221;][vc_column][vc_column_text] Haga clic en un puntito abajo para leer nuestra historia en esa ciudad [\/vc_column_text][\/vc_column][\/vc_row][vc_row css=&#8221;.vc_custom_1478206191816{margin-top: 0px !important;padding-top: 0px !important;}&#8221;][vc_column width=&#8221;1\/2&#8243;][vc_column_text css=&#8221;.vc_custom_1521425174208{margin-top: 0px !important;padding-top: 0px !important;}&#8221;] [\/vc_column_text][\/vc_column][vc_column width=&#8221;1\/2&#8243;][vc_column_text] Medell\u00edn, Colombia Paz y Esperanza trabaja en Colombia desde al a\u00f1o 2017. Actualmente tiene su sede en la ciudad de Medell\u00edn \u2013 Colombia. &nbsp; Contacto Director: Giovanny G\u00f3mez Molina Carrera 68\u00aa #46\u00aa-104, Medell\u00edn\/Colombia +57 305 4342734 colombia@pazyesperanza.org; pqrsfpazcolombia@pazyesperanza.org[\/vc_column_text][\/vc_column][\/vc_row]","protected":false},"author":1,"featured_media":0,"parent":0,"menu_order":0,"comment_status":"closed","ping_status":"closed","template":"","meta":{"_monsterinsights_skip_tracking":false,"_monsterinsights_sitenote_active":false,"_monsterinsights_sitenote_note":"","_monsterinsights_sitenote_category":0,"footnotes":""},"class_list":["post-12","page","type-page","status-publish","hentry"],"yoast_head":"<!-- This site is optimized with the Yoast SEO plugin v16.3 - https:\/\/yoast.com\/wordpress\/plugins\/seo\/ -->\n<title>D\u00f3nde Estamos - Paz y Esperanza Colombia<\/title>\n<meta name=\"robots\" content=\"index, follow, max-snippet:-1, max-image-preview:large, max-video-preview:-1\" \/>\n<link rel=\"canonical\" href=\"https:\/\/www.pazyesperanza.org\/co\/donde-estamos\/\" \/>\n<meta property=\"og:locale\" content=\"es_ES\" \/>\n<meta property=\"og:type\" content=\"article\" \/>\n<meta property=\"og:title\" content=\"D\u00f3nde Estamos - Paz y Esperanza Colombia\" \/>\n<meta property=\"og:description\" content=\"[vc_row full_width=&#8221;stretch_row&#8221; css=&#8221;.vc_custom_1478204241846{margin-top: 0px !important;margin-bottom: 0px !important;padding-top: 0px !important;background-color: #07ad55 !important;}&#8221;][vc_column][vc_column_text] Haga clic en un puntito abajo para leer nuestra historia en esa ciudad [\/vc_column_text][\/vc_column][\/vc_row][vc_row css=&#8221;.vc_custom_1478206191816{margin-top: 0px !important;padding-top: 0px !important;}&#8221;][vc_column width=&#8221;1\/2&#8243;][vc_column_text css=&#8221;.vc_custom_1521425174208{margin-top: 0px !important;padding-top: 0px !important;}&#8221;] [\/vc_column_text][\/vc_column][vc_column width=&#8221;1\/2&#8243;][vc_column_text] Medell\u00edn, Colombia Paz y Esperanza trabaja en Colombia desde al a\u00f1o 2017. Actualmente tiene su sede en la ciudad de Medell\u00edn \u2013 Colombia. &nbsp; Contacto Director: Giovanny G\u00f3mez Molina Carrera 68\u00aa #46\u00aa-104, Medell\u00edn\/Colombia +57 305 4342734 colombia@pazyesperanza.org; pqrsfpazcolombia@pazyesperanza.org[\/vc_column_text][\/vc_column][\/vc_row]\" \/>\n<meta property=\"og:url\" content=\"https:\/\/www.pazyesperanza.org\/co\/donde-estamos\/\" \/>\n<meta property=\"og:site_name\" content=\"Paz y Esperanza Colombia\" \/>\n<meta property=\"article:modified_time\" content=\"2026-03-28T06:29:22+00:00\" \/>\n<meta property=\"og:image\" content=\"http:\/\/www.pazyesperanza.org\/co\/wp-content\/uploads\/sites\/10\/2016\/10\/ubicacion-de-marcador-de-posicion_318-39922-150x150.jpg\" \/>\n<meta name=\"twitter:card\" content=\"summary_large_image\" \/>\n<meta name=\"twitter:label1\" content=\"Tiempo de lectura\">\n\t<meta name=\"twitter:data1\" content=\"1 minuto\">\n<script type=\"application\/ld+json\" class=\"yoast-schema-graph\">{\"@context\":\"https:\/\/schema.org\",\"@graph\":[{\"@type\":\"WebSite\",\"@id\":\"https:\/\/www.pazyesperanza.org\/co\/#website\",\"url\":\"https:\/\/www.pazyesperanza.org\/co\/\",\"name\":\"Paz y Esperanza Colombia\",\"description\":\"Apasionados por la justicia\",\"potentialAction\":[{\"@type\":\"SearchAction\",\"target\":\"https:\/\/www.pazyesperanza.org\/co\/?s={search_term_string}\",\"query-input\":\"required name=search_term_string\"}],\"inLanguage\":\"es\"},{\"@type\":\"ImageObject\",\"@id\":\"https:\/\/www.pazyesperanza.org\/co\/donde-estamos\/#primaryimage\",\"inLanguage\":\"es\",\"url\":\"http:\/\/www.pazyesperanza.org\/co\/wp-content\/uploads\/sites\/10\/2016\/10\/ubicacion-de-marcador-de-posicion_318-39922-150x150.jpg\",\"contentUrl\":\"http:\/\/www.pazyesperanza.org\/co\/wp-content\/uploads\/sites\/10\/2016\/10\/ubicacion-de-marcador-de-posicion_318-39922-150x150.jpg\"},{\"@type\":\"WebPage\",\"@id\":\"https:\/\/www.pazyesperanza.org\/co\/donde-estamos\/#webpage\",\"url\":\"https:\/\/www.pazyesperanza.org\/co\/donde-estamos\/\",\"name\":\"D\\u00f3nde Estamos - Paz y Esperanza Colombia\",\"isPartOf\":{\"@id\":\"https:\/\/www.pazyesperanza.org\/co\/#website\"},\"primaryImageOfPage\":{\"@id\":\"https:\/\/www.pazyesperanza.org\/co\/donde-estamos\/#primaryimage\"},\"datePublished\":\"2016-10-24T14:55:00+00:00\",\"dateModified\":\"2026-03-28T06:29:22+00:00\",\"breadcrumb\":{\"@id\":\"https:\/\/www.pazyesperanza.org\/co\/donde-estamos\/#breadcrumb\"},\"inLanguage\":\"es\",\"potentialAction\":[{\"@type\":\"ReadAction\",\"target\":[\"https:\/\/www.pazyesperanza.org\/co\/donde-estamos\/\"]}]},{\"@type\":\"BreadcrumbList\",\"@id\":\"https:\/\/www.pazyesperanza.org\/co\/donde-estamos\/#breadcrumb\",\"itemListElement\":[{\"@type\":\"ListItem\",\"position\":1,\"item\":{\"@type\":\"WebPage\",\"@id\":\"https:\/\/www.pazyesperanza.org\/co\/\",\"url\":\"https:\/\/www.pazyesperanza.org\/co\/\",\"name\":\"Portada\"}},{\"@type\":\"ListItem\",\"position\":2,\"item\":{\"@id\":\"https:\/\/www.pazyesperanza.org\/co\/donde-estamos\/#webpage\"}}]}]}<\/script>\n<!-- \/ Yoast SEO plugin. -->","_links":{"self":[{"href":"https:\/\/www.pazyesperanza.org\/co\/wp-json\/wp\/v2\/pages\/12","targetHints":{"allow":["GET"]}}],"collection":[{"href":"https:\/\/www.pazyesperanza.org\/co\/wp-json\/wp\/v2\/pages"}],"about":[{"href":"https:\/\/www.pazyesperanza.org\/co\/wp-json\/wp\/v2\/types\/page"}],"author":[{"embeddable":true,"href":"https:\/\/www.pazyesperanza.org\/co\/wp-json\/wp\/v2\/users\/1"}],"replies":[{"embeddable":true,"href":"https:\/\/www.pazyesperanza.org\/co\/wp-json\/wp\/v2\/comments?post=12"}],"version-history":[{"count":13,"href":"https:\/\/www.pazyesperanza.org\/co\/wp-json\/wp\/v2\/pages\/12\/revisions"}],"predecessor-version":[{"id":3131,"href":"https:\/\/www.pazyesperanza.org\/co\/wp-json\/wp\/v2\/pages\/12\/revisions\/3131"}],"wp:attachment":[{"href":"https:\/\/www.pazyesperanza.org\/co\/wp-json\/wp\/v2\/media?parent=12"}],"curies":[{"name":"wp","href":"https:\/\/api.w.org\/{rel}","templated":true}]}}