{"id":1136,"date":"2016-03-08T08:48:48","date_gmt":"2016-03-08T08:48:48","guid":{"rendered":"http:\/\/localhost\/btg\/?page_id=2"},"modified":"2026-03-27T16:48:58","modified_gmt":"2026-03-27T16:48:58","slug":"home-2","status":"publish","type":"page","link":"https:\/\/www.pazyesperanza.org\/co\/","title":{"rendered":"Inicio"},"content":{"rendered":"<p>[vc_row][vc_column][vc_empty_space][\/vc_column][\/vc_row][vc_row full_width=&#8221;stretch_row_content_no_spaces&#8221;][vc_column width=&#8221;1\/3&#8243;]<a href=\"\/co\/2020\/04\/unidos-en-lazos-de-amor-y-transformacion\/\"  class=\"featured-link\" style=\"background:#21c38c; color:#ffffff;\">\r\r\n        \t<span>Nuestra historia de<\/span>\r\r\n        \t<strong>Transformaci\u00f3n<\/strong><\/a>[\/vc_column][vc_column width=&#8221;1\/3&#8243;]<a href=\"http:\/\/www.pazyesperanza.org\/co\/como-trabajamos\/programas\/\"  class=\"featured-link\" style=\"background:#13a457; color:#ffffff;\">\r\r\n        \t<span>Nuestros Programas<\/span>\r\r\n        \t<strong>Qu\u00e9 Hacemos<\/strong><\/a>[\/vc_column][vc_column width=&#8221;1\/3&#8243;]<a href=\"\/co\/participar\/\"  class=\"featured-link\" style=\"background:#007233; color:#ffffff;\">\r\r\n        \t<span>Necesitamos tu apoyo<\/span>\r\r\n        \t<strong>C\u00f3mo Participar<\/strong><\/a>[\/vc_column][\/vc_row][vc_row full_width=&#8221;stretch_row&#8221; css=&#8221;.vc_custom_1477326815713{background-color: #ffffff !important;}&#8221;][vc_column][vc_empty_space][vc_row_inner][vc_column_inner width=&#8221;1\/3&#8243;][vc_column_text]<\/p>\n<h2>S\u00e9 parte del cambio<\/h2>\n<p>[\/vc_column_text][vc_btn title=&#8221;Dona ahora&#8221; style=&#8221;flat&#8221; shape=&#8221;square&#8221; color=&#8221;green&#8221; size=&#8221;lg&#8221; align=&#8221;center&#8221; button_block=&#8221;true&#8221; link=&#8221;url:%2Fco%2Fdonar%2F|||&#8221;][\/vc_column_inner][vc_column_inner width=&#8221;2\/3&#8243;][vc_column_text]Somos una organizaci\u00f3n que desde el a\u00f1o 2017\u00a0<span class=\"s1\">trabaja junto a los pobres en Colombia, para que sean libres de distintas formas de violencia e injusticia.<\/span>[\/vc_column_text][\/vc_column_inner][\/vc_row_inner][vc_empty_space][vc_column_text]<\/p>\n<h2 class=\"block-title block-title-center\" style=\"text-align: center;\">Novedades de Paz<\/h2>\n<p>[\/vc_column_text][vc_basic_grid post_type=&#8221;post&#8221; max_items=&#8221;4&#8243; element_width=&#8221;3&#8243; item=&#8221;2620&#8243; initial_loading_animation=&#8221;fadeInDown&#8221; grid_id=&#8221;vc_gid:1774630042616-2d614bfb-83ae-3&#8243;]<div class=\"row\"><ul class=\"grid-holder isotope gallery-items\" data-sort-id=\"gallery\"><li class=\"col-md-4 col-sm-6 grid-item blog-grid-item format-standard\">\r\r\n                        <div class=\"grid-item-inner\"><a href=\"https:\/\/www.pazyesperanza.org\/co\/2026\/03\/renovacion-del-rincon-de-la-memoria\/\" class=\"media-box\">\r\r\n                                <img decoding=\"async\" src=\"https:\/\/www.pazyesperanza.org\/co\/wp-content\/uploads\/sites\/10\/2026\/03\/Mujeres-memoria-low-1.jpg\" class=\"attachment-borntogive-600x400 size-borntogive-600x400 wp-post-image\" alt=\"\" \/>\r\r\n                            <\/a><div class=\"grid-item-content\">\r\r\n                                <h3 class=\"post-title\"><a href=\"https:\/\/www.pazyesperanza.org\/co\/2026\/03\/renovacion-del-rincon-de-la-memoria\/\">Renovaci\u00f3n del Rinc\u00f3n de la Memoria &#8211; Mujeres de la Memoria de Granizal<\/a><\/h3><p>El a\u00f1o 2025, inici\u00f3 para el grupo las Mujeres de la Memoria y la Esperanza , con la renovaci\u00f3n del Rinc\u00f3n de la Memoria tanto en su contenido como en&hellip;<a href=\"https:\/\/www.pazyesperanza.org\/co\/2026\/03\/renovacion-del-rincon-de-la-memoria\/\"><\/a><\/p><\/div>\r\r\n                        <\/div>\r\r\n                    <\/li><li class=\"col-md-4 col-sm-6 grid-item blog-grid-item format-standard\">\r\r\n                        <div class=\"grid-item-inner\"><a href=\"https:\/\/www.pazyesperanza.org\/co\/2026\/03\/intercambio-de-experiencias-mujeres-de-la-memoria-de-granizal\/\" class=\"media-box\">\r\r\n                                <img decoding=\"async\" src=\"https:\/\/www.pazyesperanza.org\/co\/wp-content\/uploads\/sites\/10\/2026\/03\/Intercambio-de-experiencias-600x400.jpg\" class=\"attachment-borntogive-600x400 size-borntogive-600x400 wp-post-image\" alt=\"\" \/>\r\r\n                            <\/a><div class=\"grid-item-content\">\r\r\n                                <h3 class=\"post-title\"><a href=\"https:\/\/www.pazyesperanza.org\/co\/2026\/03\/intercambio-de-experiencias-mujeres-de-la-memoria-de-granizal\/\">Intercambio de Experiencias &#8211; Mujeres de la Memoria de Granizal<\/a><\/h3><p>Las mujeres de Granizal desarrollaron diversos encuentros con otros grupos, uno de ellos fue el intercambio con las Mujeres Unidas de Girardota, quienes resaltaron la importancia del rol de las&hellip;<a href=\"https:\/\/www.pazyesperanza.org\/co\/2026\/03\/intercambio-de-experiencias-mujeres-de-la-memoria-de-granizal\/\"><\/a><\/p><\/div>\r\r\n                        <\/div>\r\r\n                    <\/li><li class=\"col-md-4 col-sm-6 grid-item blog-grid-item format-standard\">\r\r\n                        <div class=\"grid-item-inner\"><div class=\"grid-item-content\">\r\r\n                                <h3 class=\"post-title\"><a href=\"https:\/\/www.pazyesperanza.org\/co\/2026\/03\/kintsugi-restaurando-relaciones-para-la-vida-mujeres-de-la-memoria-de-nueva-jerusalen\/\">Kintsugi: Restaurando relaciones para la vida &#8211; Mujeres de la Memoria de Nueva Jerusal\u00e9n<\/a><\/h3><p>La t\u00e9cnica Kintsugi tiene un origen japon\u00e9s y aplicado al grupo de las mujeres de la memoria, consisti\u00f3 en personalizar una taza de cer\u00e1mica con las historias de vida. Tras&hellip;<a href=\"https:\/\/www.pazyesperanza.org\/co\/2026\/03\/kintsugi-restaurando-relaciones-para-la-vida-mujeres-de-la-memoria-de-nueva-jerusalen\/\"><\/a><\/p><\/div>\r\r\n                        <\/div>\r\r\n                    <\/li><\/ul><\/div>[\/vc_column][\/vc_row][vc_row full_width=&#8221;stretch_row_content_no_spaces&#8221; parallax=&#8221;content-moving&#8221; parallax_image=&#8221;2051&#8243; css_animation=&#8221;slideInDown&#8221; el_id=&#8221;acheivements&#8221; el_class=&#8221;padding-tb45&#8243; css=&#8221;.vc_custom_1585968606948{margin-right: 50px !important;border-right-width: 50px !important;padding-right: 100px !important;}&#8221;][vc_column width=&#8221;1\/3&#8243;][\/vc_column][vc_column width=&#8221;1\/3&#8243;][\/vc_column][vc_column width=&#8221;1\/3&#8243; css=&#8221;.vc_custom_1585968091623{margin-right: 50px !important;background-color: #ffffff !important;}&#8221;][vc_column_text css=&#8221;.vc_custom_1682777086178{margin-right: 30px !important;margin-left: 30px !important;border-right-width: 30px !important;border-left-width: 30px !important;padding-right: 30px !important;padding-left: 30px !important;}&#8221;]<\/p>\n<h6 style=\"text-align: left;\">Logros recientes<\/h6>\n<h3 style=\"text-align: left;\">Paz y Esperanza Colombia<\/h3>\n<p>Donde esta tu hermano\/a, es el llamado de la misi\u00f3n integral para estar en lugar y las personas donde Dios nos mueve acompa\u00f1ar, compartir y caminar, esto no ser\u00eda posible, si la comunidad en la vereda Granizal, Nueva Jerusal\u00e9n, Urab\u00e1 Antioque\u00f1o, Bajo Cauca y muchos otros lugares donde estamos y anhelamos estar, nos abriera sus vidas y corazones para construir juntos\/as, as\u00ed mismo, los\/as profesionales, los aliados\/as, la redes y las plataformas en lo que somos parte, adem\u00e1s, cada uno de los donadores, cooperadoras y asociados\/as porque su servicio y oraciones son vitales este arduo , por eso agradecemos por sus aportes fueron muy valiosos y ser\u00e1n primordiales para continuar en Cristo, con el prop\u00f3sito dado en este tiempo que tenemos.<\/p>\n<p>Por eso, falta mucho por hacer y somos parte de esa transformaci\u00f3n, tenemos el lema de apasionadas y apasionados por la justicia es parte de nuestra esencia dada por mandato b\u00edblico, adem\u00e1s, es la motivaci\u00f3n de saber y creer que lo que aportamos contribuye al cambio como semillas de esperanza en medio de la oscuridad de\u00a0las\u00a0violencias.<\/p>\n<p><a class=\"btn btn-primary\" href=\"http:\/\/www.pazyesperanza.org\/co\/como-trabajamos\/logros\/\" target=\"_blank\" rel=\"noopener noreferrer\">Informe Anual 2022<\/a>[\/vc_column_text][\/vc_column][\/vc_row][vc_row][vc_column width=&#8221;1\/4&#8243;][vc_empty_space][vc_column_text]<\/p>\n<h6>Este mes<\/h6>\n<h4>Nuestra gratitud a:<\/h4>\n<p>[\/vc_column_text][vc_empty_space][\/vc_column][vc_column width=&#8221;3\/4&#8243;][vc_images_carousel images=&#8221;2359,2355,2363,2361,2364&#8243; img_size=&#8221;full&#8221; onclick=&#8221;custom_link&#8221; slides_per_view=&#8221;4&#8243; hide_pagination_control=&#8221;yes&#8221; custom_links=&#8221;#E-8_aHR0cHMlM0ElMkYlMkZ3d3cuYnJvdC1mdWVyLWRpZS13ZWx0LmRlJTJGZXMlMkZwYW4tcGFyYS1lbC1tdW5kbyUyRiUyQ2h0dHAlM0ElMkYlMkZ3d3cua2lyY2hlbi1oZWxmZW4ta2lyY2hlbi5kZSUyQ2h0dHBzJTNBJTJGJTJGY2VkZWNvbC5uZXQlMkZjYXRlZ29yeSUyRmNvbWlzaW9uLWRlLXBheiUyRiUyQ2h0dHAlM0ElMkYlMkZ3d3cuZGlwYXpjb2xvbWJpYS5vcmclMkY=&#8221; el_class=&#8221;sponsors&#8221;][\/vc_column][\/vc_row][vc_row full_width=&#8221;stretch_row&#8221; el_class=&#8221;accent-bg&#8221;][vc_column][vc_column_text]<\/p>\n<div class=\"call-to-action\" style=\"margin-top: 30px; text-align: -webkit-center;\">\n<h2 style=\"text-align: center;\">S\u00e9 parte del cambio <a class=\"button outline\" style=\"margin-left: 20px;\" href=\"\/co\/participa\/\">Participa<\/a><\/h2>\n<\/div>\n<p>[\/vc_column_text][\/vc_column][\/vc_row][vc_row][vc_column][\/vc_column][\/vc_row]<\/p>\n","protected":false},"excerpt":{"rendered":"[vc_row][vc_column][vc_empty_space][\/vc_column][\/vc_row][vc_row full_width=&#8221;stretch_row_content_no_spaces&#8221;][vc_column width=&#8221;1\/3&#8243;][\/vc_column][vc_column width=&#8221;1\/3&#8243;][\/vc_column][vc_column width=&#8221;1\/3&#8243;][\/vc_column][\/vc_row][vc_row full_width=&#8221;stretch_row&#8221; css=&#8221;.vc_custom_1477326815713{background-color: #ffffff !important;}&#8221;][vc_column][vc_empty_space][vc_row_inner][vc_column_inner width=&#8221;1\/3&#8243;][vc_column_text] S\u00e9 parte del cambio [\/vc_column_text][vc_btn title=&#8221;Dona ahora&#8221; style=&#8221;flat&#8221; shape=&#8221;square&#8221; color=&#8221;green&#8221; size=&#8221;lg&#8221; align=&#8221;center&#8221; button_block=&#8221;true&#8221; link=&#8221;url:%2Fco%2Fdonar%2F|||&#8221;][\/vc_column_inner][vc_column_inner width=&#8221;2\/3&#8243;][vc_column_text]Somos una organizaci\u00f3n que desde el a\u00f1o 2017\u00a0trabaja junto a los pobres en Colombia, para que sean libres de distintas formas de violencia e injusticia.[\/vc_column_text][\/vc_column_inner][\/vc_row_inner][vc_empty_space][vc_column_text] Novedades de Paz [\/vc_column_text][vc_basic_grid post_type=&#8221;post&#8221; max_items=&#8221;4&#8243; element_width=&#8221;3&#8243; item=&#8221;2620&#8243; initial_loading_animation=&#8221;fadeInDown&#8221; grid_id=&#8221;vc_gid:1774630042616-2d614bfb-83ae-3&#8243;][\/vc_column][\/vc_row][vc_row full_width=&#8221;stretch_row_content_no_spaces&#8221; parallax=&#8221;content-moving&#8221; parallax_image=&#8221;2051&#8243; css_animation=&#8221;slideInDown&#8221; el_id=&#8221;acheivements&#8221; el_class=&#8221;padding-tb45&#8243; css=&#8221;.vc_custom_1585968606948{margin-right: 50px !important;border-right-width: 50px !important;padding-right: 100px !important;}&#8221;][vc_column width=&#8221;1\/3&#8243;][\/vc_column][vc_column width=&#8221;1\/3&#8243;][\/vc_column][vc_column width=&#8221;1\/3&#8243; css=&#8221;.vc_custom_1585968091623{margin-right: 50px !important;background-color: #ffffff !important;}&#8221;][vc_column_text css=&#8221;.vc_custom_1682777086178{margin-right: 30px !important;margin-left: 30px !important;border-right-width: 30px !important;border-left-width: 30px !important;padding-right: 30px !important;padding-left: 30px !important;}&#8221;] Logros recientes Paz y Esperanza Colombia Donde esta tu hermano\/a, es el llamado de la misi\u00f3n integral para estar en lugar y las personas donde Dios nos mueve acompa\u00f1ar, compartir y caminar, esto no ser\u00eda posible, si la comunidad en la vereda Granizal, Nueva Jerusal\u00e9n, Urab\u00e1 Antioque\u00f1o, Bajo Cauca y muchos otros lugares donde estamos y anhelamos estar, nos abriera sus vidas y corazones para construir juntos\/as, as\u00ed mismo, los\/as profesionales, los aliados\/as, la redes y las plataformas en lo que somos parte, adem\u00e1s, cada uno de los donadores, cooperadoras y asociados\/as porque su servicio y oraciones son vitales este arduo , por eso agradecemos por sus aportes fueron muy valiosos y ser\u00e1n primordiales para continuar en Cristo, con el prop\u00f3sito dado en este tiempo que tenemos. Por eso, falta mucho por hacer y somos parte de esa transformaci\u00f3n, tenemos el lema de apasionadas y apasionados por la justicia es parte de nuestra esencia dada por mandato b\u00edblico, adem\u00e1s, es la motivaci\u00f3n de saber y creer que lo que aportamos contribuye al cambio como semillas de esperanza en medio de la oscuridad de\u00a0las\u00a0violencias. Informe Anual 2022[\/vc_column_text][\/vc_column][\/vc_row][vc_row][vc_column width=&#8221;1\/4&#8243;][vc_empty_space][vc_column_text] Este mes Nuestra gratitud a: [\/vc_column_text][vc_empty_space][\/vc_column][vc_column width=&#8221;3\/4&#8243;][vc_images_carousel images=&#8221;2359,2355,2363,2361,2364&#8243; img_size=&#8221;full&#8221; onclick=&#8221;custom_link&#8221; slides_per_view=&#8221;4&#8243; hide_pagination_control=&#8221;yes&#8221; custom_links=&#8221;#E-8_aHR0cHMlM0ElMkYlMkZ3d3cuYnJvdC1mdWVyLWRpZS13ZWx0LmRlJTJGZXMlMkZwYW4tcGFyYS1lbC1tdW5kbyUyRiUyQ2h0dHAlM0ElMkYlMkZ3d3cua2lyY2hlbi1oZWxmZW4ta2lyY2hlbi5kZSUyQ2h0dHBzJTNBJTJGJTJGY2VkZWNvbC5uZXQlMkZjYXRlZ29yeSUyRmNvbWlzaW9uLWRlLXBheiUyRiUyQ2h0dHAlM0ElMkYlMkZ3d3cuZGlwYXpjb2xvbWJpYS5vcmclMkY=&#8221; el_class=&#8221;sponsors&#8221;][\/vc_column][\/vc_row][vc_row full_width=&#8221;stretch_row&#8221; el_class=&#8221;accent-bg&#8221;][vc_column][vc_column_text] S\u00e9 parte del cambio Participa [\/vc_column_text][\/vc_column][\/vc_row][vc_row][vc_column][\/vc_column][\/vc_row]","protected":false},"author":1,"featured_media":0,"parent":0,"menu_order":0,"comment_status":"closed","ping_status":"open","template":"","meta":{"_monsterinsights_skip_tracking":false,"_monsterinsights_sitenote_active":false,"_monsterinsights_sitenote_note":"","_monsterinsights_sitenote_category":0,"footnotes":""},"class_list":["post-1136","page","type-page","status-publish","hentry"],"yoast_head":"<!-- This site is optimized with the Yoast SEO plugin v16.3 - https:\/\/yoast.com\/wordpress\/plugins\/seo\/ -->\n<title>Inicio - Paz y Esperanza Colombia<\/title>\n<meta name=\"robots\" content=\"index, follow, max-snippet:-1, max-image-preview:large, max-video-preview:-1\" \/>\n<link rel=\"canonical\" href=\"https:\/\/www.pazyesperanza.org\/co\/\" \/>\n<meta property=\"og:locale\" content=\"es_ES\" \/>\n<meta property=\"og:type\" content=\"article\" \/>\n<meta property=\"og:title\" content=\"Inicio - Paz y Esperanza Colombia\" \/>\n<meta property=\"og:description\" content=\"[vc_row][vc_column][vc_empty_space][\/vc_column][\/vc_row][vc_row full_width=&#8221;stretch_row_content_no_spaces&#8221;][vc_column width=&#8221;1\/3&#8243;][\/vc_column][vc_column width=&#8221;1\/3&#8243;][\/vc_column][vc_column width=&#8221;1\/3&#8243;][\/vc_column][\/vc_row][vc_row full_width=&#8221;stretch_row&#8221; css=&#8221;.vc_custom_1477326815713{background-color: #ffffff !important;}&#8221;][vc_column][vc_empty_space][vc_row_inner][vc_column_inner width=&#8221;1\/3&#8243;][vc_column_text] S\u00e9 parte del cambio [\/vc_column_text][vc_btn title=&#8221;Dona ahora&#8221; style=&#8221;flat&#8221; shape=&#8221;square&#8221; color=&#8221;green&#8221; size=&#8221;lg&#8221; align=&#8221;center&#8221; button_block=&#8221;true&#8221; link=&#8221;url:%2Fco%2Fdonar%2F|||&#8221;][\/vc_column_inner][vc_column_inner width=&#8221;2\/3&#8243;][vc_column_text]Somos una organizaci\u00f3n que desde el a\u00f1o 2017\u00a0trabaja junto a los pobres en Colombia, para que sean libres de distintas formas de violencia e injusticia.[\/vc_column_text][\/vc_column_inner][\/vc_row_inner][vc_empty_space][vc_column_text] Novedades de Paz [\/vc_column_text][vc_basic_grid post_type=&#8221;post&#8221; max_items=&#8221;4&#8243; element_width=&#8221;3&#8243; item=&#8221;2620&#8243; initial_loading_animation=&#8221;fadeInDown&#8221; grid_id=&#8221;vc_gid:1774630042616-2d614bfb-83ae-3&#8243;][\/vc_column][\/vc_row][vc_row full_width=&#8221;stretch_row_content_no_spaces&#8221; parallax=&#8221;content-moving&#8221; parallax_image=&#8221;2051&#8243; css_animation=&#8221;slideInDown&#8221; el_id=&#8221;acheivements&#8221; el_class=&#8221;padding-tb45&#8243; css=&#8221;.vc_custom_1585968606948{margin-right: 50px !important;border-right-width: 50px !important;padding-right: 100px !important;}&#8221;][vc_column width=&#8221;1\/3&#8243;][\/vc_column][vc_column width=&#8221;1\/3&#8243;][\/vc_column][vc_column width=&#8221;1\/3&#8243; css=&#8221;.vc_custom_1585968091623{margin-right: 50px !important;background-color: #ffffff !important;}&#8221;][vc_column_text css=&#8221;.vc_custom_1682777086178{margin-right: 30px !important;margin-left: 30px !important;border-right-width: 30px !important;border-left-width: 30px !important;padding-right: 30px !important;padding-left: 30px !important;}&#8221;] Logros recientes Paz y Esperanza Colombia Donde esta tu hermano\/a, es el llamado de la misi\u00f3n integral para estar en lugar y las personas donde Dios nos mueve acompa\u00f1ar, compartir y caminar, esto no ser\u00eda posible, si la comunidad en la vereda Granizal, Nueva Jerusal\u00e9n, Urab\u00e1 Antioque\u00f1o, Bajo Cauca y muchos otros lugares donde estamos y anhelamos estar, nos abriera sus vidas y corazones para construir juntos\/as, as\u00ed mismo, los\/as profesionales, los aliados\/as, la redes y las plataformas en lo que somos parte, adem\u00e1s, cada uno de los donadores, cooperadoras y asociados\/as porque su servicio y oraciones son vitales este arduo , por eso agradecemos por sus aportes fueron muy valiosos y ser\u00e1n primordiales para continuar en Cristo, con el prop\u00f3sito dado en este tiempo que tenemos. Por eso, falta mucho por hacer y somos parte de esa transformaci\u00f3n, tenemos el lema de apasionadas y apasionados por la justicia es parte de nuestra esencia dada por mandato b\u00edblico, adem\u00e1s, es la motivaci\u00f3n de saber y creer que lo que aportamos contribuye al cambio como semillas de esperanza en medio de la oscuridad de\u00a0las\u00a0violencias. Informe Anual 2022[\/vc_column_text][\/vc_column][\/vc_row][vc_row][vc_column width=&#8221;1\/4&#8243;][vc_empty_space][vc_column_text] Este mes Nuestra gratitud a: [\/vc_column_text][vc_empty_space][\/vc_column][vc_column width=&#8221;3\/4&#8243;][vc_images_carousel images=&#8221;2359,2355,2363,2361,2364&#8243; img_size=&#8221;full&#8221; onclick=&#8221;custom_link&#8221; slides_per_view=&#8221;4&#8243; hide_pagination_control=&#8221;yes&#8221; custom_links=&#8221;#E-8_aHR0cHMlM0ElMkYlMkZ3d3cuYnJvdC1mdWVyLWRpZS13ZWx0LmRlJTJGZXMlMkZwYW4tcGFyYS1lbC1tdW5kbyUyRiUyQ2h0dHAlM0ElMkYlMkZ3d3cua2lyY2hlbi1oZWxmZW4ta2lyY2hlbi5kZSUyQ2h0dHBzJTNBJTJGJTJGY2VkZWNvbC5uZXQlMkZjYXRlZ29yeSUyRmNvbWlzaW9uLWRlLXBheiUyRiUyQ2h0dHAlM0ElMkYlMkZ3d3cuZGlwYXpjb2xvbWJpYS5vcmclMkY=&#8221; el_class=&#8221;sponsors&#8221;][\/vc_column][\/vc_row][vc_row full_width=&#8221;stretch_row&#8221; el_class=&#8221;accent-bg&#8221;][vc_column][vc_column_text] S\u00e9 parte del cambio Participa [\/vc_column_text][\/vc_column][\/vc_row][vc_row][vc_column][\/vc_column][\/vc_row]\" \/>\n<meta property=\"og:url\" content=\"https:\/\/www.pazyesperanza.org\/co\/\" \/>\n<meta property=\"og:site_name\" content=\"Paz y Esperanza Colombia\" \/>\n<meta property=\"article:modified_time\" content=\"2026-03-27T16:48:58+00:00\" \/>\n<meta name=\"twitter:card\" content=\"summary_large_image\" \/>\n<meta name=\"twitter:label1\" content=\"Tiempo de lectura\">\n\t<meta name=\"twitter:data1\" content=\"2 minutos\">\n<script type=\"application\/ld+json\" class=\"yoast-schema-graph\">{\"@context\":\"https:\/\/schema.org\",\"@graph\":[{\"@type\":\"WebSite\",\"@id\":\"https:\/\/www.pazyesperanza.org\/co\/#website\",\"url\":\"https:\/\/www.pazyesperanza.org\/co\/\",\"name\":\"Paz y Esperanza Colombia\",\"description\":\"Apasionados por la justicia\",\"potentialAction\":[{\"@type\":\"SearchAction\",\"target\":\"https:\/\/www.pazyesperanza.org\/co\/?s={search_term_string}\",\"query-input\":\"required name=search_term_string\"}],\"inLanguage\":\"es\"},{\"@type\":\"WebPage\",\"@id\":\"https:\/\/www.pazyesperanza.org\/co\/#webpage\",\"url\":\"https:\/\/www.pazyesperanza.org\/co\/\",\"name\":\"Inicio - Paz y Esperanza Colombia\",\"isPartOf\":{\"@id\":\"https:\/\/www.pazyesperanza.org\/co\/#website\"},\"datePublished\":\"2016-03-08T08:48:48+00:00\",\"dateModified\":\"2026-03-27T16:48:58+00:00\",\"breadcrumb\":{\"@id\":\"https:\/\/www.pazyesperanza.org\/co\/#breadcrumb\"},\"inLanguage\":\"es\",\"potentialAction\":[{\"@type\":\"ReadAction\",\"target\":[\"https:\/\/www.pazyesperanza.org\/co\/\"]}]},{\"@type\":\"BreadcrumbList\",\"@id\":\"https:\/\/www.pazyesperanza.org\/co\/#breadcrumb\",\"itemListElement\":[{\"@type\":\"ListItem\",\"position\":1,\"item\":{\"@type\":\"WebPage\",\"@id\":\"https:\/\/www.pazyesperanza.org\/co\/\",\"url\":\"https:\/\/www.pazyesperanza.org\/co\/\",\"name\":\"Portada\"}},{\"@type\":\"ListItem\",\"position\":2,\"item\":{\"@id\":\"https:\/\/www.pazyesperanza.org\/co\/#webpage\"}}]}]}<\/script>\n<!-- \/ Yoast SEO plugin. -->","_links":{"self":[{"href":"https:\/\/www.pazyesperanza.org\/co\/wp-json\/wp\/v2\/pages\/1136","targetHints":{"allow":["GET"]}}],"collection":[{"href":"https:\/\/www.pazyesperanza.org\/co\/wp-json\/wp\/v2\/pages"}],"about":[{"href":"https:\/\/www.pazyesperanza.org\/co\/wp-json\/wp\/v2\/types\/page"}],"author":[{"embeddable":true,"href":"https:\/\/www.pazyesperanza.org\/co\/wp-json\/wp\/v2\/users\/1"}],"replies":[{"embeddable":true,"href":"https:\/\/www.pazyesperanza.org\/co\/wp-json\/wp\/v2\/comments?post=1136"}],"version-history":[{"count":77,"href":"https:\/\/www.pazyesperanza.org\/co\/wp-json\/wp\/v2\/pages\/1136\/revisions"}],"predecessor-version":[{"id":3048,"href":"https:\/\/www.pazyesperanza.org\/co\/wp-json\/wp\/v2\/pages\/1136\/revisions\/3048"}],"wp:attachment":[{"href":"https:\/\/www.pazyesperanza.org\/co\/wp-json\/wp\/v2\/media?parent=1136"}],"curies":[{"name":"wp","href":"https:\/\/api.w.org\/{rel}","templated":true}]}}