{"id":1993,"date":"2021-05-31T19:43:38","date_gmt":"2021-05-31T19:43:38","guid":{"rendered":"https:\/\/www.pazyesperanza.org\/cl\/?page_id=1993"},"modified":"2021-05-31T19:43:38","modified_gmt":"2021-05-31T19:43:38","slug":"politica-de-cookies","status":"publish","type":"page","link":"https:\/\/www.pazyesperanza.org\/cl\/politica-de-cookies\/","title":{"rendered":"Pol\u00edtica de cookies"},"content":{"rendered":"<p>Cuando visita cualquier sitio web, puede almacenar o recuperar informaci\u00f3n en su navegador, principalmente en forma de cookies. Esta informaci\u00f3n puede ser sobre usted, sus preferencias o su dispositivo y se utiliza principalmente para hacer que el sitio funcione como espera. Por lo general, la informaci\u00f3n no lo identifica directamente, pero puede brindarle una experiencia web m\u00e1s personalizada. Debido a que respetamos su derecho a la privacidad, puede optar por no permitir el uso de cookies, sin embargo esta acci\u00f3n puede afectar su experiencia en el sitio y los servicios que podemos ofrecer.<\/p>\n<p><strong>Definici\u00f3n y tipos de cookies<\/strong><\/p>\n<p>Una cookie son peque\u00f1os archivos de informaci\u00f3n que se descargan en el ordenador, Smartphone o Tablet del usuario al acceder a determinadas p\u00e1ginas web para almacenar y recuperar informaci\u00f3n sobre la navegaci\u00f3n que se efect\u00faa desde dicho equipo. A trav\u00e9s de las cookies, las p\u00e1ginas web recuerdan informaci\u00f3n sobre la visita de los usuarios, lo que permite que se proporcione una mejor y m\u00e1s segura experiencia de navegaci\u00f3n en el mismo. Las cookies se asocian tanto a usuarios an\u00f3nimos, es decir, aquellos que visitan los Portales sin identificarse o registrarse, como aquellos que s\u00ed lo hacen.<\/p>\n<p>Por otro lado, las cookies no son un virus o cualquier otro tipo de programa malicioso que pueda da\u00f1ar dispositivos de los usuarios. Las cookies no pueden borrar ni leer informaci\u00f3n del computador o dispositivo de los usuarios.<\/p>\n<p>Las cookies se crean o actualizan en el computador o dispositivo del usuario de manera autom\u00e1tica, cuando \u00e9ste accede a las p\u00e1gina web de PAZ Y ESPERANZA, lo cual permite a la misma o a las terceras personas que esta contrate, realizar seguimiento a las cookies del usuario y por ende a la informaci\u00f3n que estas cookies contienen u obtienen del usuario. Es importante aclarar que las cookies s\u00f3lo son le\u00eddas por el sitio web que las cre\u00f3.<\/p>\n<p>PAZ Y ESPERANZA podr\u00e1 compartir informaci\u00f3n obtenida a trav\u00e9s de las cookies con personas externas o terceros vinculada a PAZ Y ESPERANZA, que podr\u00e1n estar localizadas dentro de Per\u00fa o en el exterior con el fin de mejorar los servicios al usuario. As\u00ed mismo, la informaci\u00f3n que se recibe a trav\u00e9s de las cookies ser\u00e1 utilizada por PAZ Y ESPERANZA y los terceros, para los fines descritos en el presente documento, y cualquiera de sus actualizaciones.<\/p>\n<p>Existen diferentes tipos de cookies, las cuales pueden ser clasificadas en funci\u00f3n a quien las ha creado, cuanto tiempo duran y qu\u00e9 finalidad tienen.<\/p>\n<p><strong>Creaci\u00f3n \u2013 Cookies propias o de terceros:<\/strong>\u00a0son propias cuando las cookies se gestionan desde el terminal o dominio de un mismo editor, mientras que son de terceros, cuando no las env\u00eda el propio editor, sino otra entidad.<\/p>\n<p><strong>Tiempo \u2013 Cookies de sesi\u00f3n y persistentes:<\/strong>\u00a0en cuanto a las cookies de sesi\u00f3n, los datos recolectados s\u00f3lo se almacenar\u00e1n mientras el usuario est\u00e9 navegando por la p\u00e1gina web. En el caso de las persistentes, los datos contin\u00faan almacenados en el terminal y se puede acceder a ellos durante un per\u00edodo de tiempo determinado.<\/p>\n<p><strong>Finalidad \u2013 Cookies t\u00e9cnicas\/personalizaci\u00f3n\/an\u00e1lisis\/publicitarias:<\/strong>\u00a0las cookies t\u00e9cnicas son aqu\u00e9llas que permiten controlar el tr\u00e1fico y la comunicaci\u00f3n de datos; las cookies de personalizaci\u00f3n, las que dejan a los usuarios acceder seg\u00fan algunas caracter\u00edsticas propias que se recogen (navegador, idioma, etc.), como por ejemplo, personalizar la p\u00e1gina de inicio del buscador. Las cookies de an\u00e1lisis recogen datos sobre el comportamiento de los usuarios y permiten elaborar un perfil de usuario. De este modo se pueden analizar y detectar h\u00e1bitos de navegaci\u00f3n y mejorar la web, blog o e-Commerce para adaptarse a las necesidades de navegaci\u00f3n de los usuarios. Por \u00faltimo, las publicitarias recogen datos sobre la gesti\u00f3n de los espacios publicitarios. Este tipo de cookies permiten, por ejemplo, mostrarle a los usuarios banners de publicidad de la que puedan estar potencialmente interesados.<\/p>\n<p>En particular, PAZ Y ESPERANZA utiliza las siguientes cookies con los siguientes prop\u00f3sitos o finalidades:<\/p>\n<p><strong>Cookies estrictamente necesarias<\/strong><\/p>\n<p>Estas cookies son necesarias para que el sitio web funcione y no se pueden desactivar en nuestros sistemas. Por lo general, solo se configuran en respuesta a sus acciones realizadas al solicitar servicios, como establecer sus preferencias de privacidad, iniciar sesi\u00f3n o completar formularios. Puede configurar su navegador para bloquear o alertar sobre estas cookies, pero algunas \u00e1reas del sitio no funcionar\u00e1n. Estas cookies no almacenan ninguna informaci\u00f3n de identificaci\u00f3n personal.<\/p>\n<p><strong>Cookies de rendimiento<\/strong><\/p>\n<p>Estas cookies nos permiten contar las visitas y fuentes de tr\u00e1fico para poder evaluar el rendimiento de nuestro sitio y mejorarlo. Nos ayudan a saber qu\u00e9 p\u00e1ginas son las m\u00e1s o las menos visitadas, y c\u00f3mo los visitantes navegan por el sitio. Toda la informaci\u00f3n que recogen estas cookies es agregada y, por lo tanto, es an\u00f3nima. Si no permite utilizar estas cookies, no sabremos cu\u00e1ndo visit\u00f3 nuestro sitio y no podremos evaluar si funcion\u00f3 correctamente.<\/p>\n<p><strong>Cookies funcionales<\/strong><\/p>\n<p>Estas cookies permiten que el sitio web proporcione una mejor funcionalidad y personalizaci\u00f3n. Pueden ser establecidas por nuestra empresa o por proveedores externos cuyos servicios hemos agregado a nuestras p\u00e1ginas. Si no permite utilizar estas cookies, es posible que algunos de estos servicios no funcionen correctamente.<\/p>\n<p><strong>Cookies dirigidas<\/strong><\/p>\n<p>Estas cookies pueden ser establecidas a trav\u00e9s de nuestro sitio por nuestros socios publicitarios. Pueden ser utilizadas por esas empresas para crear un perfil de sus intereses y mostrarle anuncios relevantes en otros sitios. No almacenan directamente informaci\u00f3n personal, sino que se basan en la identificaci\u00f3n \u00fanica de su navegador y dispositivo de Internet. Si no permite utilizar estas cookies, ver\u00e1 menos publicidad dirigida.<\/p>\n<p><strong>Cookies utilizadas<br \/>\n<\/strong>_gid<br \/>\n_ga<br \/>\ncharitable_session<\/p>\n<p><strong>Desactivaci\u00f3n de cookies<\/strong><\/p>\n<p>Puede desactivar las cookies utilizadas en este sitio web sin que afecte al funcionamiento del mismo; sin embargo, la informaci\u00f3n captada por estas cookies sobre el uso de nuestra web y sobre el \u00e9xito de los anuncios mostrados en ella permite mejorar nuestros servicios y obtener ingresos que nos permiten ofrecerle de forma gratuita muchos contenidos.<\/p>\n<p>El usuario puede deshabilitar tanto la instalaci\u00f3n de las cookies como el uso de las mismas. Para deshabilitar la instalaci\u00f3n y uso de cookies el usuario deber\u00e1 realizar el procedimiento por navegador tal como se indica a continuaci\u00f3n:<\/p>\n<p><em>Internet Explorer:<\/em>\u00a0Herramientas -&gt; Opciones de Internet -&gt; Privacidad -&gt; Configuraci\u00f3n.<\/p>\n<p>Para m\u00e1s informaci\u00f3n, puede consultar el Soporte de Microsoft o la Ayuda del navegador.<\/p>\n<p><em>Firefox:<\/em>\u00a0Herramientas -&gt; Opciones -&gt; Privacidad -&gt; Historial -&gt; Configuraci\u00f3n Personalizada. Para m\u00e1s informaci\u00f3n, puede consultar el Soporte de Mozilla o la Ayuda del navegador.<\/p>\n<p><em>Chrome:<\/em>\u00a0Configuraci\u00f3n -&gt; Mostrar opciones avanzadas -&gt; Privacidad -&gt; Configuraci\u00f3n de contenido. Para m\u00e1s informaci\u00f3n, puede consultar el Soporte de Google o la Ayuda del navegador.<\/p>\n<p><em>Safari:<\/em>\u00a0Preferencias -&gt; Seguridad. Para m\u00e1s informaci\u00f3n, puede consultar el soporte de Apple o la Ayuda del navegador.<\/p>\n<p><strong>Esta pol\u00edtica entra en vigencia a partir del 20 de mayo de 2021<\/strong><\/p>\n","protected":false},"excerpt":{"rendered":"Cuando visita cualquier sitio web, puede almacenar o recuperar informaci\u00f3n en su navegador, principalmente en forma de cookies. Esta informaci\u00f3n puede ser sobre usted, sus preferencias o su dispositivo y se utiliza principalmente para hacer que el sitio funcione como espera. Por lo general, la informaci\u00f3n no lo identifica directamente, pero puede brindarle una experiencia web m\u00e1s personalizada. Debido a que respetamos su derecho a la privacidad, puede optar por no permitir el uso de cookies, sin embargo esta acci\u00f3n puede afectar su experiencia en el sitio y los servicios que podemos ofrecer. Definici\u00f3n y tipos de cookies Una cookie son peque\u00f1os archivos de informaci\u00f3n que se descargan en el ordenador, Smartphone o Tablet del usuario al acceder a determinadas p\u00e1ginas web para almacenar y recuperar informaci\u00f3n sobre la navegaci\u00f3n que se efect\u00faa desde dicho equipo. A trav\u00e9s de las cookies, las p\u00e1ginas web recuerdan informaci\u00f3n sobre la visita de los usuarios, lo que permite que se proporcione una mejor y m\u00e1s segura experiencia de navegaci\u00f3n en el mismo. Las cookies se asocian tanto a usuarios an\u00f3nimos, es decir, aquellos que visitan los Portales sin identificarse o registrarse, como aquellos que s\u00ed lo hacen. Por otro lado, las cookies no son un virus o cualquier otro tipo de programa malicioso que pueda da\u00f1ar dispositivos de los usuarios. Las cookies no pueden borrar ni leer informaci\u00f3n del computador o dispositivo de los usuarios. Las cookies se crean o actualizan en el computador o dispositivo del usuario de manera autom\u00e1tica, cuando \u00e9ste accede a las p\u00e1gina web de PAZ Y ESPERANZA, lo cual permite a la misma o a las terceras personas que esta contrate, realizar seguimiento a las cookies del usuario y por ende a la informaci\u00f3n que estas cookies contienen u obtienen del usuario. Es importante aclarar que las cookies s\u00f3lo son le\u00eddas por el sitio web que las cre\u00f3. PAZ Y ESPERANZA podr\u00e1 compartir informaci\u00f3n obtenida a trav\u00e9s de las cookies con personas externas o terceros vinculada a PAZ Y ESPERANZA, que podr\u00e1n estar localizadas dentro de Per\u00fa o en el exterior con el fin de mejorar los servicios al usuario. As\u00ed mismo, la informaci\u00f3n que se recibe a trav\u00e9s de las cookies ser\u00e1 utilizada por PAZ Y ESPERANZA y los terceros, para los fines descritos en el presente documento, y cualquiera de sus actualizaciones. Existen diferentes tipos de cookies, las cuales pueden ser clasificadas en funci\u00f3n a quien las ha creado, cuanto tiempo duran y qu\u00e9 finalidad tienen. Creaci\u00f3n \u2013 Cookies propias o de terceros:\u00a0son propias cuando las cookies se gestionan desde el terminal o dominio de un mismo editor, mientras que son de terceros, cuando no las env\u00eda el propio editor, sino otra entidad. Tiempo \u2013 Cookies de sesi\u00f3n y persistentes:\u00a0en cuanto a las cookies de sesi\u00f3n, los datos recolectados s\u00f3lo se almacenar\u00e1n mientras el usuario est\u00e9 navegando por la p\u00e1gina web. En el caso de las persistentes, los datos contin\u00faan almacenados en el terminal y se puede acceder a ellos durante un per\u00edodo de tiempo determinado. Finalidad \u2013 Cookies t\u00e9cnicas\/personalizaci\u00f3n\/an\u00e1lisis\/publicitarias:\u00a0las cookies t\u00e9cnicas son aqu\u00e9llas que permiten controlar el tr\u00e1fico y la comunicaci\u00f3n de datos; las cookies [&hellip;]","protected":false},"author":2,"featured_media":0,"parent":0,"menu_order":0,"comment_status":"closed","ping_status":"closed","template":"","meta":{"_monsterinsights_skip_tracking":false,"_monsterinsights_sitenote_active":false,"_monsterinsights_sitenote_note":"","_monsterinsights_sitenote_category":0,"footnotes":""},"class_list":["post-1993","page","type-page","status-publish","hentry"],"yoast_head":"<!-- This site is optimized with the Yoast SEO plugin v16.3 - https:\/\/yoast.com\/wordpress\/plugins\/seo\/ -->\n<title>Pol\u00edtica de cookies - Paz y Esperanza Chile<\/title>\n<meta name=\"robots\" content=\"index, follow, max-snippet:-1, max-image-preview:large, max-video-preview:-1\" \/>\n<link rel=\"canonical\" href=\"https:\/\/www.pazyesperanza.org\/cl\/politica-de-cookies\/\" \/>\n<meta property=\"og:locale\" content=\"es_ES\" \/>\n<meta property=\"og:type\" content=\"article\" \/>\n<meta property=\"og:title\" content=\"Pol\u00edtica de cookies - Paz y Esperanza Chile\" \/>\n<meta property=\"og:description\" content=\"Cuando visita cualquier sitio web, puede almacenar o recuperar informaci\u00f3n en su navegador, principalmente en forma de cookies. Esta informaci\u00f3n puede ser sobre usted, sus preferencias o su dispositivo y se utiliza principalmente para hacer que el sitio funcione como espera. Por lo general, la informaci\u00f3n no lo identifica directamente, pero puede brindarle una experiencia web m\u00e1s personalizada. Debido a que respetamos su derecho a la privacidad, puede optar por no permitir el uso de cookies, sin embargo esta acci\u00f3n puede afectar su experiencia en el sitio y los servicios que podemos ofrecer. Definici\u00f3n y tipos de cookies Una cookie son peque\u00f1os archivos de informaci\u00f3n que se descargan en el ordenador, Smartphone o Tablet del usuario al acceder a determinadas p\u00e1ginas web para almacenar y recuperar informaci\u00f3n sobre la navegaci\u00f3n que se efect\u00faa desde dicho equipo. A trav\u00e9s de las cookies, las p\u00e1ginas web recuerdan informaci\u00f3n sobre la visita de los usuarios, lo que permite que se proporcione una mejor y m\u00e1s segura experiencia de navegaci\u00f3n en el mismo. Las cookies se asocian tanto a usuarios an\u00f3nimos, es decir, aquellos que visitan los Portales sin identificarse o registrarse, como aquellos que s\u00ed lo hacen. Por otro lado, las cookies no son un virus o cualquier otro tipo de programa malicioso que pueda da\u00f1ar dispositivos de los usuarios. Las cookies no pueden borrar ni leer informaci\u00f3n del computador o dispositivo de los usuarios. Las cookies se crean o actualizan en el computador o dispositivo del usuario de manera autom\u00e1tica, cuando \u00e9ste accede a las p\u00e1gina web de PAZ Y ESPERANZA, lo cual permite a la misma o a las terceras personas que esta contrate, realizar seguimiento a las cookies del usuario y por ende a la informaci\u00f3n que estas cookies contienen u obtienen del usuario. Es importante aclarar que las cookies s\u00f3lo son le\u00eddas por el sitio web que las cre\u00f3. PAZ Y ESPERANZA podr\u00e1 compartir informaci\u00f3n obtenida a trav\u00e9s de las cookies con personas externas o terceros vinculada a PAZ Y ESPERANZA, que podr\u00e1n estar localizadas dentro de Per\u00fa o en el exterior con el fin de mejorar los servicios al usuario. As\u00ed mismo, la informaci\u00f3n que se recibe a trav\u00e9s de las cookies ser\u00e1 utilizada por PAZ Y ESPERANZA y los terceros, para los fines descritos en el presente documento, y cualquiera de sus actualizaciones. Existen diferentes tipos de cookies, las cuales pueden ser clasificadas en funci\u00f3n a quien las ha creado, cuanto tiempo duran y qu\u00e9 finalidad tienen. Creaci\u00f3n \u2013 Cookies propias o de terceros:\u00a0son propias cuando las cookies se gestionan desde el terminal o dominio de un mismo editor, mientras que son de terceros, cuando no las env\u00eda el propio editor, sino otra entidad. Tiempo \u2013 Cookies de sesi\u00f3n y persistentes:\u00a0en cuanto a las cookies de sesi\u00f3n, los datos recolectados s\u00f3lo se almacenar\u00e1n mientras el usuario est\u00e9 navegando por la p\u00e1gina web. En el caso de las persistentes, los datos contin\u00faan almacenados en el terminal y se puede acceder a ellos durante un per\u00edodo de tiempo determinado. Finalidad \u2013 Cookies t\u00e9cnicas\/personalizaci\u00f3n\/an\u00e1lisis\/publicitarias:\u00a0las cookies t\u00e9cnicas son aqu\u00e9llas que permiten controlar el tr\u00e1fico y la comunicaci\u00f3n de datos; las cookies [&hellip;]\" \/>\n<meta property=\"og:url\" content=\"https:\/\/www.pazyesperanza.org\/cl\/politica-de-cookies\/\" \/>\n<meta property=\"og:site_name\" content=\"Paz y Esperanza Chile\" \/>\n<meta name=\"twitter:card\" content=\"summary_large_image\" \/>\n<meta name=\"twitter:label1\" content=\"Tiempo de lectura\">\n\t<meta name=\"twitter:data1\" content=\"5 minutos\">\n<script type=\"application\/ld+json\" class=\"yoast-schema-graph\">{\"@context\":\"https:\/\/schema.org\",\"@graph\":[{\"@type\":\"WebSite\",\"@id\":\"https:\/\/www.pazyesperanza.org\/cl\/#website\",\"url\":\"https:\/\/www.pazyesperanza.org\/cl\/\",\"name\":\"Paz y Esperanza Chile\",\"description\":\"Apasionados por la justicia\",\"potentialAction\":[{\"@type\":\"SearchAction\",\"target\":\"https:\/\/www.pazyesperanza.org\/cl\/?s={search_term_string}\",\"query-input\":\"required name=search_term_string\"}],\"inLanguage\":\"es\"},{\"@type\":\"WebPage\",\"@id\":\"https:\/\/www.pazyesperanza.org\/cl\/politica-de-cookies\/#webpage\",\"url\":\"https:\/\/www.pazyesperanza.org\/cl\/politica-de-cookies\/\",\"name\":\"Pol\\u00edtica de cookies - Paz y Esperanza Chile\",\"isPartOf\":{\"@id\":\"https:\/\/www.pazyesperanza.org\/cl\/#website\"},\"datePublished\":\"2021-05-31T19:43:38+00:00\",\"dateModified\":\"2021-05-31T19:43:38+00:00\",\"breadcrumb\":{\"@id\":\"https:\/\/www.pazyesperanza.org\/cl\/politica-de-cookies\/#breadcrumb\"},\"inLanguage\":\"es\",\"potentialAction\":[{\"@type\":\"ReadAction\",\"target\":[\"https:\/\/www.pazyesperanza.org\/cl\/politica-de-cookies\/\"]}]},{\"@type\":\"BreadcrumbList\",\"@id\":\"https:\/\/www.pazyesperanza.org\/cl\/politica-de-cookies\/#breadcrumb\",\"itemListElement\":[{\"@type\":\"ListItem\",\"position\":1,\"item\":{\"@type\":\"WebPage\",\"@id\":\"https:\/\/www.pazyesperanza.org\/cl\/\",\"url\":\"https:\/\/www.pazyesperanza.org\/cl\/\",\"name\":\"Portada\"}},{\"@type\":\"ListItem\",\"position\":2,\"item\":{\"@id\":\"https:\/\/www.pazyesperanza.org\/cl\/politica-de-cookies\/#webpage\"}}]}]}<\/script>\n<!-- \/ Yoast SEO plugin. -->","_links":{"self":[{"href":"https:\/\/www.pazyesperanza.org\/cl\/wp-json\/wp\/v2\/pages\/1993","targetHints":{"allow":["GET"]}}],"collection":[{"href":"https:\/\/www.pazyesperanza.org\/cl\/wp-json\/wp\/v2\/pages"}],"about":[{"href":"https:\/\/www.pazyesperanza.org\/cl\/wp-json\/wp\/v2\/types\/page"}],"author":[{"embeddable":true,"href":"https:\/\/www.pazyesperanza.org\/cl\/wp-json\/wp\/v2\/users\/2"}],"replies":[{"embeddable":true,"href":"https:\/\/www.pazyesperanza.org\/cl\/wp-json\/wp\/v2\/comments?post=1993"}],"version-history":[{"count":1,"href":"https:\/\/www.pazyesperanza.org\/cl\/wp-json\/wp\/v2\/pages\/1993\/revisions"}],"predecessor-version":[{"id":1994,"href":"https:\/\/www.pazyesperanza.org\/cl\/wp-json\/wp\/v2\/pages\/1993\/revisions\/1994"}],"wp:attachment":[{"href":"https:\/\/www.pazyesperanza.org\/cl\/wp-json\/wp\/v2\/media?parent=1993"}],"curies":[{"name":"wp","href":"https:\/\/api.w.org\/{rel}","templated":true}]}}