{"id":16,"date":"2016-10-24T14:55:43","date_gmt":"2016-10-24T14:55:43","guid":{"rendered":"http:\/\/nuevo.pazyesperanza.org\/usa\/?page_id=16"},"modified":"2018-01-23T17:10:31","modified_gmt":"2018-01-23T17:10:31","slug":"conocenos","status":"publish","type":"page","link":"https:\/\/www.pazyesperanza.org\/cl\/conocenos\/","title":{"rendered":"Con\u00f3cenos"},"content":{"rendered":"<p>[vc_row el_id=&#8221;quienes-somos &#8220;][vc_column][vc_column_text]Somos una organizaci\u00f3n que trabaja junto a los pobres en Latino Am\u00e9rica, para que sean libres de distintas formas de violencia e injusticia.<\/p>\n<p>Paz y Esperanza es una organizaci\u00f3n de derechos humanos, inspirada en principios y valores cristianos, nacida en el Per\u00fa en el a\u00f1o 1996 y que se ha convertido ahora en una confraternidad de organizaciones independientes en Per\u00fa, Bolivia y el Ecuador, con organizaciones hermanas en los Estados Unidos de Am\u00e9rica y Reino Unido.<\/p>\n<p>Nos une una misma misi\u00f3n, principios, valores y compromiso por hacer posible que las personas, familias y comunidades vivan dignamente, y que obtengan justicia.<\/p>\n<p>Somos un equipo compuesto por profesionales de distintos pa\u00edses, que alienta el voluntariado de personas de todo el mundo.<\/p>\n<p>Servimos a ni\u00f1os, ni\u00f1as y mujeres violentadas, pueblos ind\u00edgenas, comunidades en situaci\u00f3n de pobreza extrema, migrantes, desplazados y desplazadas, personas injustamente encarceladas, familias y comunidades cuyos derechos han sido o son amenazados por el accionar de civiles, de autoridades del gobierno, de personas con poder, etc.<\/p>\n<h3>Principios y Valores<\/h3>\n<p>Paz y Esperanza suscribe los principios doctrinales hist\u00f3ricos del cristianismo, tal como lo recoge la Red Miqueas, a la que estamos afiliados (<a href=\"http:\/\/www.micahnetwork.org\/sites\/default\/files\/doc\/page\/rm_nuestro_credo-sp.pdf\" target=\"_blank\" rel=\"noopener\"><u>v<\/u><u>er aqu\u00ed<\/u><\/a>)[\/vc_column_text][\/vc_column][\/vc_row][vc_row css=&#8221;.vc_custom_1500056052269{padding-top: 60px !important;padding-bottom: 60px !important;}&#8221; el_id=&#8221;principios&#8221;][vc_column][vc_custom_heading text=&#8221;Principios Operativos y Financieros&#8221;][vc_column_text]<\/p>\n<h3>PRINCIPIOS OPERATIVOS<\/h3>\n<ul>\n<li>Respeto a la vida en plenitud.<\/li>\n<li>No a la discriminaci\u00f3n.<\/li>\n<li>Respeto a las culturas.<\/li>\n<li>Rechazo de la violencia de cualquier tipo.<\/li>\n<li>Condena de los grupos terroristas y a la violencia indiscriminada de agentes del Estado.<\/li>\n<li>Independencia frente al Estado y a los partidos pol\u00edticos.<\/li>\n<li>Opci\u00f3n de una sociedad democr\u00e1tica como valor para la convivencia humana.<\/li>\n<li>Promoci\u00f3n y defensa de la mayordom\u00eda y el respeto a la creaci\u00f3n.<\/li>\n<\/ul>\n<p>&nbsp;<\/p>\n<h3>PRINCIPIOS FINANCIEROS<\/h3>\n<ul>\n<li>Reducir al m\u00ednimo los costos indirectos para asegurar que la mayor cantidad de fondos levantados sean en beneficio de las personas a quienes servimos.<\/li>\n<li>Uso de los fondos para los fines que se han conseguido.<\/li>\n<li>Cumplir las normas legales y contables que cada pa\u00eds tiene para las organizaciones sin fines de lucro.<\/li>\n<li>Estar abiertos a evaluaciones y auditor\u00edas de los programas y proyectos realizados por los otros miembros de la fraternidad.<\/li>\n<li>Los fondos que se reciban de los gobiernos locales, nacionales y de las agencias multilaterales no comprometan nuestra visi\u00f3n, valores y principios.<\/li>\n<li>Generaci\u00f3n de recursos locales.<\/li>\n<\/ul>\n<p>[\/vc_column_text][\/vc_column][\/vc_row][vc_row full_width=&#8221;stretch_row&#8221; parallax=&#8221;content-moving&#8221; parallax_image=&#8221;1318&#8243; el_id=&#8221;valores&#8221; css=&#8221;.vc_custom_1500056079582{background-image: url(http:\/\/www.pazyesperanza.org\/cl\/wp-content\/uploads\/sites\/8\/2017\/03\/foto-albergue.jpg?id=1637) !important;background-position: center;background-repeat: no-repeat !important;background-size: cover !important;}&#8221;][vc_column width=&#8221;1\/2&#8243; css=&#8221;.vc_custom_1478209085538{padding-top: 60px !important;padding-bottom: 60px !important;}&#8221;][\/vc_column][vc_column width=&#8221;1\/2&#8243;][vc_column_text css=&#8221;.vc_custom_1516727424462{padding-top: 20px !important;padding-right: 20px !important;padding-bottom: 20px !important;padding-left: 20px !important;background-color: rgba(255,255,255,0.85) !important;*background-color: rgb(255,255,255) !important;}&#8221;]<\/p>\n<div class=\"vc_custom_heading text_align_left\">\n<h2 style=\"text-align: left; font-family: Abril Fatface; font-weight: 400; font-style: normal;\">Valores<\/h2>\n<\/div>\n<ul>\n<li><em>Amor:<\/em> El amor nos impulsa a la b\u00fasqueda continua del bienestar integral de los y las dem\u00e1s.<\/li>\n<li><em>Integridad y ejemplaridad personal:<\/em> Somos coherentes en lo que somos, lo que decimos y lo que hacemos.<\/li>\n<li><em>Profesionalismo: <\/em>Desempe\u00f1amos el servicio con calidad, eficiencia y responsabilidad.<\/li>\n<li><em>Compromiso<\/em>: Asumimos con respeto, pasi\u00f3n y entrega nuestro servicio a quienes acompa\u00f1amos.<\/li>\n<li><em>Misericordia:<\/em> Nos relacionamos humildemente con nuestros pr\u00f3jimos y asumimos el sufrimiento de ellos y ellas.<\/li>\n<li><em>Integraci\u00f3n y cooperaci\u00f3n:<\/em> Compartimos y vivimos la visi\u00f3n y principios institucionales en comuni\u00f3n, confianza y transparencia.<\/li>\n<li><em>Paz:<\/em> Creemos que Dios nos llama a ser agentes de reconciliaci\u00f3n y que la vida plena es fruto de la justicia y la verdad.<\/li>\n<\/ul>\n<p>[\/vc_column_text][\/vc_column][\/vc_row][vc_row][vc_column][vc_column_text]<span style=\"font-size: 20px; font-weight: bold;\">Contacto<\/span><\/p>\n<p>Directora: Eva Morales<br \/>\nCalle Mercado Nro 36 (entre Independencia y Rene Moreno) Barrio Casco Viejo, Prov. Andrea Iba\u00f1ez \u2013 Santa Cruz, Bolivia<br \/>\n<i class=\"fa fa-phone\"><\/i>+(591) 321.4959<br \/>\n<a href=\"mailto:bolivia@pazyesperanza.org\" target=\"_blank\" rel=\"noopener\">bolivia@pazyesperanza.org<\/a>[\/vc_column_text][\/vc_column][\/vc_row]<\/p>\n","protected":false},"excerpt":{"rendered":"[vc_row el_id=&#8221;quienes-somos &#8220;][vc_column][vc_column_text]Somos una organizaci\u00f3n que trabaja junto a los pobres en Latino Am\u00e9rica, para que sean libres de distintas formas de violencia e injusticia. Paz y Esperanza es una organizaci\u00f3n de derechos humanos, inspirada en principios y valores cristianos, nacida en el Per\u00fa en el a\u00f1o 1996 y que se ha convertido ahora en una confraternidad de organizaciones independientes en Per\u00fa, Bolivia y el Ecuador, con organizaciones hermanas en los Estados Unidos de Am\u00e9rica y Reino Unido. Nos une una misma misi\u00f3n, principios, valores y compromiso por hacer posible que las personas, familias y comunidades vivan dignamente, y que obtengan justicia. Somos un equipo compuesto por profesionales de distintos pa\u00edses, que alienta el voluntariado de personas de todo el mundo. Servimos a ni\u00f1os, ni\u00f1as y mujeres violentadas, pueblos ind\u00edgenas, comunidades en situaci\u00f3n de pobreza extrema, migrantes, desplazados y desplazadas, personas injustamente encarceladas, familias y comunidades cuyos derechos han sido o son amenazados por el accionar de civiles, de autoridades del gobierno, de personas con poder, etc. Principios y Valores Paz y Esperanza suscribe los principios doctrinales hist\u00f3ricos del cristianismo, tal como lo recoge la Red Miqueas, a la que estamos afiliados (ver aqu\u00ed)[\/vc_column_text][\/vc_column][\/vc_row][vc_row css=&#8221;.vc_custom_1500056052269{padding-top: 60px !important;padding-bottom: 60px !important;}&#8221; el_id=&#8221;principios&#8221;][vc_column][vc_custom_heading text=&#8221;Principios Operativos y Financieros&#8221;][vc_column_text] PRINCIPIOS OPERATIVOS Respeto a la vida en plenitud. No a la discriminaci\u00f3n. Respeto a las culturas. Rechazo de la violencia de cualquier tipo. Condena de los grupos terroristas y a la violencia indiscriminada de agentes del Estado. Independencia frente al Estado y a los partidos pol\u00edticos. Opci\u00f3n de una sociedad democr\u00e1tica como valor para la convivencia humana. Promoci\u00f3n y defensa de la mayordom\u00eda y el respeto a la creaci\u00f3n. &nbsp; PRINCIPIOS FINANCIEROS Reducir al m\u00ednimo los costos indirectos para asegurar que la mayor cantidad de fondos levantados sean en beneficio de las personas a quienes servimos. Uso de los fondos para los fines que se han conseguido. Cumplir las normas legales y contables que cada pa\u00eds tiene para las organizaciones sin fines de lucro. Estar abiertos a evaluaciones y auditor\u00edas de los programas y proyectos realizados por los otros miembros de la fraternidad. Los fondos que se reciban de los gobiernos locales, nacionales y de las agencias multilaterales no comprometan nuestra visi\u00f3n, valores y principios. Generaci\u00f3n de recursos locales. [\/vc_column_text][\/vc_column][\/vc_row][vc_row full_width=&#8221;stretch_row&#8221; parallax=&#8221;content-moving&#8221; parallax_image=&#8221;1318&#8243; el_id=&#8221;valores&#8221; css=&#8221;.vc_custom_1500056079582{background-image: url(http:\/\/www.pazyesperanza.org\/cl\/wp-content\/uploads\/sites\/8\/2017\/03\/foto-albergue.jpg?id=1637) !important;background-position: center;background-repeat: no-repeat !important;background-size: cover !important;}&#8221;][vc_column width=&#8221;1\/2&#8243; css=&#8221;.vc_custom_1478209085538{padding-top: 60px !important;padding-bottom: 60px !important;}&#8221;][\/vc_column][vc_column width=&#8221;1\/2&#8243;][vc_column_text css=&#8221;.vc_custom_1516727424462{padding-top: 20px !important;padding-right: 20px !important;padding-bottom: 20px !important;padding-left: 20px !important;background-color: rgba(255,255,255,0.85) !important;*background-color: rgb(255,255,255) !important;}&#8221;] Valores Amor: El amor nos impulsa a la b\u00fasqueda continua del bienestar integral de los y las dem\u00e1s. Integridad y ejemplaridad personal: Somos coherentes en lo que somos, lo que decimos y lo que hacemos. Profesionalismo: Desempe\u00f1amos el servicio con calidad, eficiencia y responsabilidad. Compromiso: Asumimos con respeto, pasi\u00f3n y entrega nuestro servicio a quienes acompa\u00f1amos. Misericordia: Nos relacionamos humildemente con nuestros pr\u00f3jimos y asumimos el sufrimiento de ellos y ellas. Integraci\u00f3n y cooperaci\u00f3n: Compartimos y vivimos la visi\u00f3n y principios institucionales en comuni\u00f3n, confianza y transparencia. Paz: Creemos que Dios nos llama a ser agentes de reconciliaci\u00f3n y que la vida plena es fruto de la justicia y la verdad. [\/vc_column_text][\/vc_column][\/vc_row][vc_row][vc_column][vc_column_text]Contacto Directora: Eva [&hellip;]","protected":false},"author":1,"featured_media":0,"parent":0,"menu_order":0,"comment_status":"closed","ping_status":"closed","template":"","meta":{"_monsterinsights_skip_tracking":false,"_monsterinsights_sitenote_active":false,"_monsterinsights_sitenote_note":"","_monsterinsights_sitenote_category":0,"footnotes":""},"class_list":["post-16","page","type-page","status-publish","hentry"],"yoast_head":"<!-- This site is optimized with the Yoast SEO plugin v16.3 - https:\/\/yoast.com\/wordpress\/plugins\/seo\/ -->\n<title>Con\u00f3cenos - Paz y Esperanza Chile<\/title>\n<meta name=\"robots\" content=\"index, follow, max-snippet:-1, max-image-preview:large, max-video-preview:-1\" \/>\n<link rel=\"canonical\" href=\"https:\/\/www.pazyesperanza.org\/cl\/conocenos\/\" \/>\n<meta property=\"og:locale\" content=\"es_ES\" \/>\n<meta property=\"og:type\" content=\"article\" \/>\n<meta property=\"og:title\" content=\"Con\u00f3cenos - Paz y Esperanza Chile\" \/>\n<meta property=\"og:description\" content=\"[vc_row el_id=&#8221;quienes-somos &#8220;][vc_column][vc_column_text]Somos una organizaci\u00f3n que trabaja junto a los pobres en Latino Am\u00e9rica, para que sean libres de distintas formas de violencia e injusticia. Paz y Esperanza es una organizaci\u00f3n de derechos humanos, inspirada en principios y valores cristianos, nacida en el Per\u00fa en el a\u00f1o 1996 y que se ha convertido ahora en una confraternidad de organizaciones independientes en Per\u00fa, Bolivia y el Ecuador, con organizaciones hermanas en los Estados Unidos de Am\u00e9rica y Reino Unido. Nos une una misma misi\u00f3n, principios, valores y compromiso por hacer posible que las personas, familias y comunidades vivan dignamente, y que obtengan justicia. Somos un equipo compuesto por profesionales de distintos pa\u00edses, que alienta el voluntariado de personas de todo el mundo. Servimos a ni\u00f1os, ni\u00f1as y mujeres violentadas, pueblos ind\u00edgenas, comunidades en situaci\u00f3n de pobreza extrema, migrantes, desplazados y desplazadas, personas injustamente encarceladas, familias y comunidades cuyos derechos han sido o son amenazados por el accionar de civiles, de autoridades del gobierno, de personas con poder, etc. Principios y Valores Paz y Esperanza suscribe los principios doctrinales hist\u00f3ricos del cristianismo, tal como lo recoge la Red Miqueas, a la que estamos afiliados (ver aqu\u00ed)[\/vc_column_text][\/vc_column][\/vc_row][vc_row css=&#8221;.vc_custom_1500056052269{padding-top: 60px !important;padding-bottom: 60px !important;}&#8221; el_id=&#8221;principios&#8221;][vc_column][vc_custom_heading text=&#8221;Principios Operativos y Financieros&#8221;][vc_column_text] PRINCIPIOS OPERATIVOS Respeto a la vida en plenitud. No a la discriminaci\u00f3n. Respeto a las culturas. Rechazo de la violencia de cualquier tipo. Condena de los grupos terroristas y a la violencia indiscriminada de agentes del Estado. Independencia frente al Estado y a los partidos pol\u00edticos. Opci\u00f3n de una sociedad democr\u00e1tica como valor para la convivencia humana. Promoci\u00f3n y defensa de la mayordom\u00eda y el respeto a la creaci\u00f3n. &nbsp; PRINCIPIOS FINANCIEROS Reducir al m\u00ednimo los costos indirectos para asegurar que la mayor cantidad de fondos levantados sean en beneficio de las personas a quienes servimos. Uso de los fondos para los fines que se han conseguido. Cumplir las normas legales y contables que cada pa\u00eds tiene para las organizaciones sin fines de lucro. Estar abiertos a evaluaciones y auditor\u00edas de los programas y proyectos realizados por los otros miembros de la fraternidad. Los fondos que se reciban de los gobiernos locales, nacionales y de las agencias multilaterales no comprometan nuestra visi\u00f3n, valores y principios. Generaci\u00f3n de recursos locales. [\/vc_column_text][\/vc_column][\/vc_row][vc_row full_width=&#8221;stretch_row&#8221; parallax=&#8221;content-moving&#8221; parallax_image=&#8221;1318&#8243; el_id=&#8221;valores&#8221; css=&#8221;.vc_custom_1500056079582{background-image: url(http:\/\/www.pazyesperanza.org\/cl\/wp-content\/uploads\/sites\/8\/2017\/03\/foto-albergue.jpg?id=1637) !important;background-position: center;background-repeat: no-repeat !important;background-size: cover !important;}&#8221;][vc_column width=&#8221;1\/2&#8243; css=&#8221;.vc_custom_1478209085538{padding-top: 60px !important;padding-bottom: 60px !important;}&#8221;][\/vc_column][vc_column width=&#8221;1\/2&#8243;][vc_column_text css=&#8221;.vc_custom_1516727424462{padding-top: 20px !important;padding-right: 20px !important;padding-bottom: 20px !important;padding-left: 20px !important;background-color: rgba(255,255,255,0.85) !important;*background-color: rgb(255,255,255) !important;}&#8221;] Valores Amor: El amor nos impulsa a la b\u00fasqueda continua del bienestar integral de los y las dem\u00e1s. Integridad y ejemplaridad personal: Somos coherentes en lo que somos, lo que decimos y lo que hacemos. Profesionalismo: Desempe\u00f1amos el servicio con calidad, eficiencia y responsabilidad. Compromiso: Asumimos con respeto, pasi\u00f3n y entrega nuestro servicio a quienes acompa\u00f1amos. Misericordia: Nos relacionamos humildemente con nuestros pr\u00f3jimos y asumimos el sufrimiento de ellos y ellas. Integraci\u00f3n y cooperaci\u00f3n: Compartimos y vivimos la visi\u00f3n y principios institucionales en comuni\u00f3n, confianza y transparencia. Paz: Creemos que Dios nos llama a ser agentes de reconciliaci\u00f3n y que la vida plena es fruto de la justicia y la verdad. [\/vc_column_text][\/vc_column][\/vc_row][vc_row][vc_column][vc_column_text]Contacto Directora: Eva [&hellip;]\" \/>\n<meta property=\"og:url\" content=\"https:\/\/www.pazyesperanza.org\/cl\/conocenos\/\" \/>\n<meta property=\"og:site_name\" content=\"Paz y Esperanza Chile\" \/>\n<meta property=\"article:modified_time\" content=\"2018-01-23T17:10:31+00:00\" \/>\n<meta name=\"twitter:card\" content=\"summary_large_image\" \/>\n<meta name=\"twitter:label1\" content=\"Tiempo de lectura\">\n\t<meta name=\"twitter:data1\" content=\"3 minutos\">\n<script type=\"application\/ld+json\" class=\"yoast-schema-graph\">{\"@context\":\"https:\/\/schema.org\",\"@graph\":[{\"@type\":\"WebSite\",\"@id\":\"https:\/\/www.pazyesperanza.org\/cl\/#website\",\"url\":\"https:\/\/www.pazyesperanza.org\/cl\/\",\"name\":\"Paz y Esperanza Chile\",\"description\":\"Apasionados por la justicia\",\"potentialAction\":[{\"@type\":\"SearchAction\",\"target\":\"https:\/\/www.pazyesperanza.org\/cl\/?s={search_term_string}\",\"query-input\":\"required name=search_term_string\"}],\"inLanguage\":\"es\"},{\"@type\":\"WebPage\",\"@id\":\"https:\/\/www.pazyesperanza.org\/cl\/conocenos\/#webpage\",\"url\":\"https:\/\/www.pazyesperanza.org\/cl\/conocenos\/\",\"name\":\"Con\\u00f3cenos - Paz y Esperanza Chile\",\"isPartOf\":{\"@id\":\"https:\/\/www.pazyesperanza.org\/cl\/#website\"},\"datePublished\":\"2016-10-24T14:55:43+00:00\",\"dateModified\":\"2018-01-23T17:10:31+00:00\",\"breadcrumb\":{\"@id\":\"https:\/\/www.pazyesperanza.org\/cl\/conocenos\/#breadcrumb\"},\"inLanguage\":\"es\",\"potentialAction\":[{\"@type\":\"ReadAction\",\"target\":[\"https:\/\/www.pazyesperanza.org\/cl\/conocenos\/\"]}]},{\"@type\":\"BreadcrumbList\",\"@id\":\"https:\/\/www.pazyesperanza.org\/cl\/conocenos\/#breadcrumb\",\"itemListElement\":[{\"@type\":\"ListItem\",\"position\":1,\"item\":{\"@type\":\"WebPage\",\"@id\":\"https:\/\/www.pazyesperanza.org\/cl\/\",\"url\":\"https:\/\/www.pazyesperanza.org\/cl\/\",\"name\":\"Portada\"}},{\"@type\":\"ListItem\",\"position\":2,\"item\":{\"@id\":\"https:\/\/www.pazyesperanza.org\/cl\/conocenos\/#webpage\"}}]}]}<\/script>\n<!-- \/ Yoast SEO plugin. -->","_links":{"self":[{"href":"https:\/\/www.pazyesperanza.org\/cl\/wp-json\/wp\/v2\/pages\/16","targetHints":{"allow":["GET"]}}],"collection":[{"href":"https:\/\/www.pazyesperanza.org\/cl\/wp-json\/wp\/v2\/pages"}],"about":[{"href":"https:\/\/www.pazyesperanza.org\/cl\/wp-json\/wp\/v2\/types\/page"}],"author":[{"embeddable":true,"href":"https:\/\/www.pazyesperanza.org\/cl\/wp-json\/wp\/v2\/users\/1"}],"replies":[{"embeddable":true,"href":"https:\/\/www.pazyesperanza.org\/cl\/wp-json\/wp\/v2\/comments?post=16"}],"version-history":[{"count":19,"href":"https:\/\/www.pazyesperanza.org\/cl\/wp-json\/wp\/v2\/pages\/16\/revisions"}],"predecessor-version":[{"id":1959,"href":"https:\/\/www.pazyesperanza.org\/cl\/wp-json\/wp\/v2\/pages\/16\/revisions\/1959"}],"wp:attachment":[{"href":"https:\/\/www.pazyesperanza.org\/cl\/wp-json\/wp\/v2\/media?parent=16"}],"curies":[{"name":"wp","href":"https:\/\/api.w.org\/{rel}","templated":true}]}}