{"id":14,"date":"2016-10-24T14:55:19","date_gmt":"2016-10-24T14:55:19","guid":{"rendered":"http:\/\/nuevo.pazyesperanza.org\/usa\/?page_id=14"},"modified":"2024-10-01T17:23:39","modified_gmt":"2024-10-01T17:23:39","slug":"participar","status":"publish","type":"page","link":"https:\/\/www.pazyesperanza.org\/cl\/participar\/","title":{"rendered":"Participar"},"content":{"rendered":"<p>[vc_row full_width=&#8221;stretch_row_content&#8221; el_class=&#8221;green-blocks&#8221; css=&#8221;.vc_custom_1480615728564{margin-top: -60px !important;margin-bottom: 50px !important;padding-top: 0px !important;}&#8221;][vc_column width=&#8221;1\/4&#8243; css=&#8221;.vc_custom_1480615369160{background-color: #21c38c !important;}&#8221;][vc_icon icon_fontawesome=&#8221;fa fa-users&#8221; color=&#8221;custom&#8221; background_style=&#8221;rounded&#8221; background_color=&#8221;white&#8221; size=&#8221;xl&#8221; align=&#8221;center&#8221; custom_color=&#8221;#21c38c&#8221; link=&#8221;url:%23volunteer|||&#8221;][vc_custom_heading text=&#8221;Voluntariado&#8221; font_container=&#8221;tag:h3|text_align:center|color:%23ffffff&#8221; link=&#8221;url:%23volunteer|||&#8221;][\/vc_column][vc_column width=&#8221;1\/4&#8243; css=&#8221;.vc_custom_1480615434840{background-color: #13a457 !important;}&#8221;][vc_icon icon_fontawesome=&#8221;fa fa-newspaper-o&#8221; color=&#8221;custom&#8221; background_style=&#8221;rounded&#8221; background_color=&#8221;white&#8221; size=&#8221;xl&#8221; align=&#8221;center&#8221; custom_color=&#8221;#13a457&#8243; link=&#8221;url:%23informate|||&#8221;][vc_custom_heading text=&#8221;Inf\u00f3rmate&#8221; font_container=&#8221;tag:h3|text_align:center|color:%23ffffff&#8221; link=&#8221;url:%23informate|||&#8221;][\/vc_column][vc_column width=&#8221;1\/4&#8243; css=&#8221;.vc_custom_1499122341516{background-color: #007233 !important;}&#8221;][vc_icon icon_fontawesome=&#8221;fa fa-heart&#8221; color=&#8221;custom&#8221; background_style=&#8221;rounded&#8221; background_color=&#8221;white&#8221; size=&#8221;xl&#8221; align=&#8221;center&#8221; custom_color=&#8221;#007233&#8243; link=&#8221;url:%23ora|||&#8221;][vc_custom_heading text=&#8221;Ora&#8221; font_container=&#8221;tag:h3|text_align:center|color:%23ffffff&#8221;][\/vc_column][vc_column width=&#8221;1\/4&#8243; css=&#8221;.vc_custom_1499122357323{background-color: #005416 !important;}&#8221;][vc_icon icon_fontawesome=&#8221;fa fa-money&#8221; color=&#8221;custom&#8221; background_style=&#8221;rounded&#8221; background_color=&#8221;white&#8221; size=&#8221;xl&#8221; align=&#8221;center&#8221; custom_color=&#8221;#005416&#8243; link=&#8221;url:%23donate|||&#8221;][vc_custom_heading text=&#8221;Dona&#8221; font_container=&#8221;tag:h3|text_align:center|color:%23ffffff&#8221; link=&#8221;url:%23donate|||&#8221;][\/vc_column][\/vc_row][vc_row el_id=&#8221;volunteer&#8221;][vc_column width=&#8221;1\/3&#8243;][vc_single_image image=&#8221;2009&#8243; img_size=&#8221;full&#8221; alignment=&#8221;center&#8221; onclick=&#8221;custom_link&#8221; img_link_target=&#8221;_blank&#8221; link=&#8221;https:\/\/andemos.peaceandhopeinternational.org\/es&#8221;][\/vc_column][vc_column width=&#8221;2\/3&#8243;][vc_column_text]<\/p>\n<h2>Voluntariado<\/h2>\n<p>Paz y Esperanza ha recibido muchos voluntarios y voluntarias en estos a\u00f1os para sus diversos programas y oficinas. Si vives en Bolivia puedes ponerte en contacto con nosotros escribiendo al email <a href=\"mailto:chile@pazyesperanza.org\" target=\"_blank\" rel=\"noopener\">chile@pazyesperanza.org<\/a><\/p>\n<p>Paz y Esperanza ofrece adem\u00e1s un desafiante programa para voluntarios de pa\u00edses extranjeros (Estados Unidos, Europa, Asia, \u00c1frica) el cual hemos denominado ANDEMOS. Centenares de voluntarios extranjeros de universidades tales como Judson, Wheaton College, Pepperdine University. Liberty han invertido tiempos cortos o largos dentro de nuestras oficinas. Para m\u00e1s informaci\u00f3n y oportunidades de voluntariado internacional visite el sitio web: <a href=\"https:\/\/andemos.peaceandhopeinternational.org\/es\" target=\"_blank\" rel=\"noopener\">https:\/\/andemos.peaceandhopeinternational.org\/es<\/a>.[\/vc_column_text][vc_btn title=&#8221;Visite el sitio web&#8221; style=&#8221;flat&#8221; shape=&#8221;round&#8221; color=&#8221;green&#8221; align=&#8221;left&#8221; link=&#8221;url:https%3A%2F%2Fandemos.peaceandhopeinternational.org%2Fes||target:%20_blank|&#8221;][\/vc_column][\/vc_row][vc_row full_width=&#8221;stretch_row&#8221; css=&#8221;.vc_custom_1499122555473{background-color: #f6f6f6 !important;}&#8221; el_id=&#8221;informate&#8221;][vc_column width=&#8221;1\/3&#8243;][vc_single_image image=&#8221;1636&#8243; img_size=&#8221;&#8221;][\/vc_column][vc_column width=&#8221;2\/3&#8243;][vc_column_text]<\/p>\n<h2>Inf\u00f3rmate<\/h2>\n<p>El <a href=\"http:\/\/institutopaz.net\/\" target=\"_blank\" rel=\"noopener\">Instituto Paz y Esperanza &#8211; IPE<\/a> es una instancia de investigaci\u00f3n y formaci\u00f3n de la fraternidad de organizaciones de Paz y Esperanza, cuyo fin est\u00e1 orientado a la formaci\u00f3n acad\u00e9mica, la investigaci\u00f3n, la generaci\u00f3n de espacios de di\u00e1logo y publicaciones en torno a los temas y experiencias relacionadas con la misi\u00f3n integral para el desarrollo, la \u00e9tica cristiana para la dignidad humana, la cultura de paz para la justicia y los derechos humanos. Entrando a su pagina web del <a href=\"http:\/\/institutopaz.net\/\" target=\"_blank\" rel=\"noopener\"> IPE<\/a> podr\u00e1 descargar gratuitamente libros, manuales, folletos, videos con temas que Paz y Esperanza trabaja.[\/vc_column_text][\/vc_column][\/vc_row][vc_row el_id=&#8221;ora&#8221;][vc_column width=&#8221;1\/3&#8243;][vc_single_image image=&#8221;1855&#8243; img_size=&#8221;full&#8221; alignment=&#8221;center&#8221; onclick=&#8221;custom_link&#8221; img_link_target=&#8221;_blank&#8221; link=&#8221;http:\/\/andemos.net\/&#8221;][\/vc_column][vc_column width=&#8221;2\/3&#8243;][vc_column_text]<\/p>\n<h2>Ora<\/h2>\n<p>La oraci\u00f3n del justo puede mucho. Como organizaci\u00f3n enfrentamos muchos obst\u00e1culos en la labor que realizamos, tales como corrupci\u00f3n, casos legales complejos, agotamiento emocional, entre otros. Sin embargo, hemos visto las obras que Dios hace. Agradecemos que usted ore por nosotros, nuestro trabajo y familias.[\/vc_column_text][\/vc_column][\/vc_row][vc_row full_width=&#8221;stretch_row&#8221; parallax=&#8221;content-moving&#8221; parallax_image=&#8221;1216&#8243; el_id=&#8221;donate&#8221; css=&#8221;.vc_custom_1501089477412{background-image: url(http:\/\/www.pazyesperanza.org\/cl\/wp-content\/uploads\/sites\/8\/2016\/10\/ninez.jpg?id=1858) !important;background-position: center;background-repeat: no-repeat !important;background-size: cover !important;}&#8221;][vc_column width=&#8221;1\/3&#8243;][\/vc_column][vc_column width=&#8221;1\/3&#8243;][\/vc_column][vc_column width=&#8221;1\/3&#8243; css=&#8221;.vc_custom_1479306860227{margin-top: 40px !important;margin-bottom: 40px !important;background-color: #ffffff !important;}&#8221;][vc_column_text]<\/p>\n<h2>Dona<\/h2>\n<p>Las donaciones de las personas, fundaciones e iglesias son vitales para ejecutar los distintos programas y proyectos. Te animamos que te contactes con nuestra oficina nacional para hacer donaciones en efectivo o en especies.<\/p>\n<p>Nuestra Cuenta para donaciones es:<\/p>\n<p>Paz y Esperanza Bolivia<br \/>\nBANCO NACIONAL DE BOLIVIA<br \/>\nCta. en d\u00f3lares americanos<br \/>\nNro. de Cuenta: 1900493270<br \/>\nSWIFT: BNBOBOLXXXX[\/vc_column_text][vc_btn title=&#8221;Cont\u00e1ctanos para mas opciones&#8221; style=&#8221;flat&#8221; shape=&#8221;round&#8221; color=&#8221;green&#8221; size=&#8221;lg&#8221; align=&#8221;center&#8221; button_block=&#8221;true&#8221; link=&#8221;url:%2Fbo%2Fcontacto%2F|||&#8221;][\/vc_column][\/vc_row]<\/p>\n","protected":false},"excerpt":{"rendered":"[vc_row full_width=&#8221;stretch_row_content&#8221; el_class=&#8221;green-blocks&#8221; css=&#8221;.vc_custom_1480615728564{margin-top: -60px !important;margin-bottom: 50px !important;padding-top: 0px !important;}&#8221;][vc_column width=&#8221;1\/4&#8243; css=&#8221;.vc_custom_1480615369160{background-color: #21c38c !important;}&#8221;][vc_icon icon_fontawesome=&#8221;fa fa-users&#8221; color=&#8221;custom&#8221; background_style=&#8221;rounded&#8221; background_color=&#8221;white&#8221; size=&#8221;xl&#8221; align=&#8221;center&#8221; custom_color=&#8221;#21c38c&#8221; link=&#8221;url:%23volunteer|||&#8221;][vc_custom_heading text=&#8221;Voluntariado&#8221; font_container=&#8221;tag:h3|text_align:center|color:%23ffffff&#8221; link=&#8221;url:%23volunteer|||&#8221;][\/vc_column][vc_column width=&#8221;1\/4&#8243; css=&#8221;.vc_custom_1480615434840{background-color: #13a457 !important;}&#8221;][vc_icon icon_fontawesome=&#8221;fa fa-newspaper-o&#8221; color=&#8221;custom&#8221; background_style=&#8221;rounded&#8221; background_color=&#8221;white&#8221; size=&#8221;xl&#8221; align=&#8221;center&#8221; custom_color=&#8221;#13a457&#8243; link=&#8221;url:%23informate|||&#8221;][vc_custom_heading text=&#8221;Inf\u00f3rmate&#8221; font_container=&#8221;tag:h3|text_align:center|color:%23ffffff&#8221; link=&#8221;url:%23informate|||&#8221;][\/vc_column][vc_column width=&#8221;1\/4&#8243; css=&#8221;.vc_custom_1499122341516{background-color: #007233 !important;}&#8221;][vc_icon icon_fontawesome=&#8221;fa fa-heart&#8221; color=&#8221;custom&#8221; background_style=&#8221;rounded&#8221; background_color=&#8221;white&#8221; size=&#8221;xl&#8221; align=&#8221;center&#8221; custom_color=&#8221;#007233&#8243; link=&#8221;url:%23ora|||&#8221;][vc_custom_heading text=&#8221;Ora&#8221; font_container=&#8221;tag:h3|text_align:center|color:%23ffffff&#8221;][\/vc_column][vc_column width=&#8221;1\/4&#8243; css=&#8221;.vc_custom_1499122357323{background-color: #005416 !important;}&#8221;][vc_icon icon_fontawesome=&#8221;fa fa-money&#8221; color=&#8221;custom&#8221; background_style=&#8221;rounded&#8221; background_color=&#8221;white&#8221; size=&#8221;xl&#8221; align=&#8221;center&#8221; custom_color=&#8221;#005416&#8243; link=&#8221;url:%23donate|||&#8221;][vc_custom_heading text=&#8221;Dona&#8221; font_container=&#8221;tag:h3|text_align:center|color:%23ffffff&#8221; link=&#8221;url:%23donate|||&#8221;][\/vc_column][\/vc_row][vc_row el_id=&#8221;volunteer&#8221;][vc_column width=&#8221;1\/3&#8243;][vc_single_image image=&#8221;2009&#8243; img_size=&#8221;full&#8221; alignment=&#8221;center&#8221; onclick=&#8221;custom_link&#8221; img_link_target=&#8221;_blank&#8221; link=&#8221;https:\/\/andemos.peaceandhopeinternational.org\/es&#8221;][\/vc_column][vc_column width=&#8221;2\/3&#8243;][vc_column_text] Voluntariado Paz y Esperanza ha recibido muchos voluntarios y voluntarias en estos a\u00f1os para sus diversos programas y oficinas. Si vives en Bolivia puedes ponerte en contacto con nosotros escribiendo al email chile@pazyesperanza.org Paz y Esperanza ofrece adem\u00e1s un desafiante programa para voluntarios de pa\u00edses extranjeros (Estados Unidos, Europa, Asia, \u00c1frica) el cual hemos denominado ANDEMOS. Centenares de voluntarios extranjeros de universidades tales como Judson, Wheaton College, Pepperdine University. Liberty han invertido tiempos cortos o largos dentro de nuestras oficinas. Para m\u00e1s informaci\u00f3n y oportunidades de voluntariado internacional visite el sitio web: https:\/\/andemos.peaceandhopeinternational.org\/es.[\/vc_column_text][vc_btn title=&#8221;Visite el sitio web&#8221; style=&#8221;flat&#8221; shape=&#8221;round&#8221; color=&#8221;green&#8221; align=&#8221;left&#8221; link=&#8221;url:https%3A%2F%2Fandemos.peaceandhopeinternational.org%2Fes||target:%20_blank|&#8221;][\/vc_column][\/vc_row][vc_row full_width=&#8221;stretch_row&#8221; css=&#8221;.vc_custom_1499122555473{background-color: #f6f6f6 !important;}&#8221; el_id=&#8221;informate&#8221;][vc_column width=&#8221;1\/3&#8243;][vc_single_image image=&#8221;1636&#8243; img_size=&#8221;&#8221;][\/vc_column][vc_column width=&#8221;2\/3&#8243;][vc_column_text] Inf\u00f3rmate El Instituto Paz y Esperanza &#8211; IPE es una instancia de investigaci\u00f3n y formaci\u00f3n de la fraternidad de organizaciones de Paz y Esperanza, cuyo fin est\u00e1 orientado a la formaci\u00f3n acad\u00e9mica, la investigaci\u00f3n, la generaci\u00f3n de espacios de di\u00e1logo y publicaciones en torno a los temas y experiencias relacionadas con la misi\u00f3n integral para el desarrollo, la \u00e9tica cristiana para la dignidad humana, la cultura de paz para la justicia y los derechos humanos. Entrando a su pagina web del IPE podr\u00e1 descargar gratuitamente libros, manuales, folletos, videos con temas que Paz y Esperanza trabaja.[\/vc_column_text][\/vc_column][\/vc_row][vc_row el_id=&#8221;ora&#8221;][vc_column width=&#8221;1\/3&#8243;][vc_single_image image=&#8221;1855&#8243; img_size=&#8221;full&#8221; alignment=&#8221;center&#8221; onclick=&#8221;custom_link&#8221; img_link_target=&#8221;_blank&#8221; link=&#8221;http:\/\/andemos.net\/&#8221;][\/vc_column][vc_column width=&#8221;2\/3&#8243;][vc_column_text] Ora La oraci\u00f3n del justo puede mucho. Como organizaci\u00f3n enfrentamos muchos obst\u00e1culos en la labor que realizamos, tales como corrupci\u00f3n, casos legales complejos, agotamiento emocional, entre otros. Sin embargo, hemos visto las obras que Dios hace. Agradecemos que usted ore por nosotros, nuestro trabajo y familias.[\/vc_column_text][\/vc_column][\/vc_row][vc_row full_width=&#8221;stretch_row&#8221; parallax=&#8221;content-moving&#8221; parallax_image=&#8221;1216&#8243; el_id=&#8221;donate&#8221; css=&#8221;.vc_custom_1501089477412{background-image: url(http:\/\/www.pazyesperanza.org\/cl\/wp-content\/uploads\/sites\/8\/2016\/10\/ninez.jpg?id=1858) !important;background-position: center;background-repeat: no-repeat !important;background-size: cover !important;}&#8221;][vc_column width=&#8221;1\/3&#8243;][\/vc_column][vc_column width=&#8221;1\/3&#8243;][\/vc_column][vc_column width=&#8221;1\/3&#8243; css=&#8221;.vc_custom_1479306860227{margin-top: 40px !important;margin-bottom: 40px !important;background-color: #ffffff !important;}&#8221;][vc_column_text] Dona Las donaciones de las personas, fundaciones e iglesias son vitales para ejecutar los distintos programas y proyectos. Te animamos que te contactes con nuestra oficina nacional para hacer donaciones en efectivo o en especies. Nuestra Cuenta para donaciones es: Paz y Esperanza Bolivia BANCO NACIONAL DE BOLIVIA Cta. en d\u00f3lares americanos Nro. de Cuenta: 1900493270 SWIFT: BNBOBOLXXXX[\/vc_column_text][vc_btn title=&#8221;Cont\u00e1ctanos para mas opciones&#8221; style=&#8221;flat&#8221; shape=&#8221;round&#8221; color=&#8221;green&#8221; size=&#8221;lg&#8221; align=&#8221;center&#8221; button_block=&#8221;true&#8221; link=&#8221;url:%2Fbo%2Fcontacto%2F|||&#8221;][\/vc_column][\/vc_row]","protected":false},"author":1,"featured_media":0,"parent":0,"menu_order":0,"comment_status":"closed","ping_status":"closed","template":"","meta":{"_monsterinsights_skip_tracking":false,"_monsterinsights_sitenote_active":false,"_monsterinsights_sitenote_note":"","_monsterinsights_sitenote_category":0,"footnotes":""},"class_list":["post-14","page","type-page","status-publish","hentry"],"yoast_head":"<!-- This site is optimized with the Yoast SEO plugin v16.3 - https:\/\/yoast.com\/wordpress\/plugins\/seo\/ -->\n<title>Participar - Paz y Esperanza Chile<\/title>\n<meta name=\"robots\" content=\"index, follow, max-snippet:-1, max-image-preview:large, max-video-preview:-1\" \/>\n<link rel=\"canonical\" href=\"https:\/\/www.pazyesperanza.org\/cl\/participar\/\" \/>\n<meta property=\"og:locale\" content=\"es_ES\" \/>\n<meta property=\"og:type\" content=\"article\" \/>\n<meta property=\"og:title\" content=\"Participar - Paz y Esperanza Chile\" \/>\n<meta property=\"og:description\" content=\"[vc_row full_width=&#8221;stretch_row_content&#8221; el_class=&#8221;green-blocks&#8221; css=&#8221;.vc_custom_1480615728564{margin-top: -60px !important;margin-bottom: 50px !important;padding-top: 0px !important;}&#8221;][vc_column width=&#8221;1\/4&#8243; css=&#8221;.vc_custom_1480615369160{background-color: #21c38c !important;}&#8221;][vc_icon icon_fontawesome=&#8221;fa fa-users&#8221; color=&#8221;custom&#8221; background_style=&#8221;rounded&#8221; background_color=&#8221;white&#8221; size=&#8221;xl&#8221; align=&#8221;center&#8221; custom_color=&#8221;#21c38c&#8221; link=&#8221;url:%23volunteer|||&#8221;][vc_custom_heading text=&#8221;Voluntariado&#8221; font_container=&#8221;tag:h3|text_align:center|color:%23ffffff&#8221; link=&#8221;url:%23volunteer|||&#8221;][\/vc_column][vc_column width=&#8221;1\/4&#8243; css=&#8221;.vc_custom_1480615434840{background-color: #13a457 !important;}&#8221;][vc_icon icon_fontawesome=&#8221;fa fa-newspaper-o&#8221; color=&#8221;custom&#8221; background_style=&#8221;rounded&#8221; background_color=&#8221;white&#8221; size=&#8221;xl&#8221; align=&#8221;center&#8221; custom_color=&#8221;#13a457&#8243; link=&#8221;url:%23informate|||&#8221;][vc_custom_heading text=&#8221;Inf\u00f3rmate&#8221; font_container=&#8221;tag:h3|text_align:center|color:%23ffffff&#8221; link=&#8221;url:%23informate|||&#8221;][\/vc_column][vc_column width=&#8221;1\/4&#8243; css=&#8221;.vc_custom_1499122341516{background-color: #007233 !important;}&#8221;][vc_icon icon_fontawesome=&#8221;fa fa-heart&#8221; color=&#8221;custom&#8221; background_style=&#8221;rounded&#8221; background_color=&#8221;white&#8221; size=&#8221;xl&#8221; align=&#8221;center&#8221; custom_color=&#8221;#007233&#8243; link=&#8221;url:%23ora|||&#8221;][vc_custom_heading text=&#8221;Ora&#8221; font_container=&#8221;tag:h3|text_align:center|color:%23ffffff&#8221;][\/vc_column][vc_column width=&#8221;1\/4&#8243; css=&#8221;.vc_custom_1499122357323{background-color: #005416 !important;}&#8221;][vc_icon icon_fontawesome=&#8221;fa fa-money&#8221; color=&#8221;custom&#8221; background_style=&#8221;rounded&#8221; background_color=&#8221;white&#8221; size=&#8221;xl&#8221; align=&#8221;center&#8221; custom_color=&#8221;#005416&#8243; link=&#8221;url:%23donate|||&#8221;][vc_custom_heading text=&#8221;Dona&#8221; font_container=&#8221;tag:h3|text_align:center|color:%23ffffff&#8221; link=&#8221;url:%23donate|||&#8221;][\/vc_column][\/vc_row][vc_row el_id=&#8221;volunteer&#8221;][vc_column width=&#8221;1\/3&#8243;][vc_single_image image=&#8221;2009&#8243; img_size=&#8221;full&#8221; alignment=&#8221;center&#8221; onclick=&#8221;custom_link&#8221; img_link_target=&#8221;_blank&#8221; link=&#8221;https:\/\/andemos.peaceandhopeinternational.org\/es&#8221;][\/vc_column][vc_column width=&#8221;2\/3&#8243;][vc_column_text] Voluntariado Paz y Esperanza ha recibido muchos voluntarios y voluntarias en estos a\u00f1os para sus diversos programas y oficinas. Si vives en Bolivia puedes ponerte en contacto con nosotros escribiendo al email chile@pazyesperanza.org Paz y Esperanza ofrece adem\u00e1s un desafiante programa para voluntarios de pa\u00edses extranjeros (Estados Unidos, Europa, Asia, \u00c1frica) el cual hemos denominado ANDEMOS. Centenares de voluntarios extranjeros de universidades tales como Judson, Wheaton College, Pepperdine University. Liberty han invertido tiempos cortos o largos dentro de nuestras oficinas. Para m\u00e1s informaci\u00f3n y oportunidades de voluntariado internacional visite el sitio web: https:\/\/andemos.peaceandhopeinternational.org\/es.[\/vc_column_text][vc_btn title=&#8221;Visite el sitio web&#8221; style=&#8221;flat&#8221; shape=&#8221;round&#8221; color=&#8221;green&#8221; align=&#8221;left&#8221; link=&#8221;url:https%3A%2F%2Fandemos.peaceandhopeinternational.org%2Fes||target:%20_blank|&#8221;][\/vc_column][\/vc_row][vc_row full_width=&#8221;stretch_row&#8221; css=&#8221;.vc_custom_1499122555473{background-color: #f6f6f6 !important;}&#8221; el_id=&#8221;informate&#8221;][vc_column width=&#8221;1\/3&#8243;][vc_single_image image=&#8221;1636&#8243; img_size=&#8221;&#8221;][\/vc_column][vc_column width=&#8221;2\/3&#8243;][vc_column_text] Inf\u00f3rmate El Instituto Paz y Esperanza &#8211; IPE es una instancia de investigaci\u00f3n y formaci\u00f3n de la fraternidad de organizaciones de Paz y Esperanza, cuyo fin est\u00e1 orientado a la formaci\u00f3n acad\u00e9mica, la investigaci\u00f3n, la generaci\u00f3n de espacios de di\u00e1logo y publicaciones en torno a los temas y experiencias relacionadas con la misi\u00f3n integral para el desarrollo, la \u00e9tica cristiana para la dignidad humana, la cultura de paz para la justicia y los derechos humanos. Entrando a su pagina web del IPE podr\u00e1 descargar gratuitamente libros, manuales, folletos, videos con temas que Paz y Esperanza trabaja.[\/vc_column_text][\/vc_column][\/vc_row][vc_row el_id=&#8221;ora&#8221;][vc_column width=&#8221;1\/3&#8243;][vc_single_image image=&#8221;1855&#8243; img_size=&#8221;full&#8221; alignment=&#8221;center&#8221; onclick=&#8221;custom_link&#8221; img_link_target=&#8221;_blank&#8221; link=&#8221;http:\/\/andemos.net\/&#8221;][\/vc_column][vc_column width=&#8221;2\/3&#8243;][vc_column_text] Ora La oraci\u00f3n del justo puede mucho. Como organizaci\u00f3n enfrentamos muchos obst\u00e1culos en la labor que realizamos, tales como corrupci\u00f3n, casos legales complejos, agotamiento emocional, entre otros. Sin embargo, hemos visto las obras que Dios hace. Agradecemos que usted ore por nosotros, nuestro trabajo y familias.[\/vc_column_text][\/vc_column][\/vc_row][vc_row full_width=&#8221;stretch_row&#8221; parallax=&#8221;content-moving&#8221; parallax_image=&#8221;1216&#8243; el_id=&#8221;donate&#8221; css=&#8221;.vc_custom_1501089477412{background-image: url(http:\/\/www.pazyesperanza.org\/cl\/wp-content\/uploads\/sites\/8\/2016\/10\/ninez.jpg?id=1858) !important;background-position: center;background-repeat: no-repeat !important;background-size: cover !important;}&#8221;][vc_column width=&#8221;1\/3&#8243;][\/vc_column][vc_column width=&#8221;1\/3&#8243;][\/vc_column][vc_column width=&#8221;1\/3&#8243; css=&#8221;.vc_custom_1479306860227{margin-top: 40px !important;margin-bottom: 40px !important;background-color: #ffffff !important;}&#8221;][vc_column_text] Dona Las donaciones de las personas, fundaciones e iglesias son vitales para ejecutar los distintos programas y proyectos. Te animamos que te contactes con nuestra oficina nacional para hacer donaciones en efectivo o en especies. Nuestra Cuenta para donaciones es: Paz y Esperanza Bolivia BANCO NACIONAL DE BOLIVIA Cta. en d\u00f3lares americanos Nro. de Cuenta: 1900493270 SWIFT: BNBOBOLXXXX[\/vc_column_text][vc_btn title=&#8221;Cont\u00e1ctanos para mas opciones&#8221; style=&#8221;flat&#8221; shape=&#8221;round&#8221; color=&#8221;green&#8221; size=&#8221;lg&#8221; align=&#8221;center&#8221; button_block=&#8221;true&#8221; link=&#8221;url:%2Fbo%2Fcontacto%2F|||&#8221;][\/vc_column][\/vc_row]\" \/>\n<meta property=\"og:url\" content=\"https:\/\/www.pazyesperanza.org\/cl\/participar\/\" \/>\n<meta property=\"og:site_name\" content=\"Paz y Esperanza Chile\" \/>\n<meta property=\"article:modified_time\" content=\"2024-10-01T17:23:39+00:00\" \/>\n<meta name=\"twitter:card\" content=\"summary_large_image\" \/>\n<meta name=\"twitter:label1\" content=\"Tiempo de lectura\">\n\t<meta name=\"twitter:data1\" content=\"4 minutos\">\n<script type=\"application\/ld+json\" class=\"yoast-schema-graph\">{\"@context\":\"https:\/\/schema.org\",\"@graph\":[{\"@type\":\"WebSite\",\"@id\":\"https:\/\/www.pazyesperanza.org\/cl\/#website\",\"url\":\"https:\/\/www.pazyesperanza.org\/cl\/\",\"name\":\"Paz y Esperanza Chile\",\"description\":\"Apasionados por la justicia\",\"potentialAction\":[{\"@type\":\"SearchAction\",\"target\":\"https:\/\/www.pazyesperanza.org\/cl\/?s={search_term_string}\",\"query-input\":\"required name=search_term_string\"}],\"inLanguage\":\"es\"},{\"@type\":\"WebPage\",\"@id\":\"https:\/\/www.pazyesperanza.org\/cl\/participar\/#webpage\",\"url\":\"https:\/\/www.pazyesperanza.org\/cl\/participar\/\",\"name\":\"Participar - Paz y Esperanza Chile\",\"isPartOf\":{\"@id\":\"https:\/\/www.pazyesperanza.org\/cl\/#website\"},\"datePublished\":\"2016-10-24T14:55:19+00:00\",\"dateModified\":\"2024-10-01T17:23:39+00:00\",\"breadcrumb\":{\"@id\":\"https:\/\/www.pazyesperanza.org\/cl\/participar\/#breadcrumb\"},\"inLanguage\":\"es\",\"potentialAction\":[{\"@type\":\"ReadAction\",\"target\":[\"https:\/\/www.pazyesperanza.org\/cl\/participar\/\"]}]},{\"@type\":\"BreadcrumbList\",\"@id\":\"https:\/\/www.pazyesperanza.org\/cl\/participar\/#breadcrumb\",\"itemListElement\":[{\"@type\":\"ListItem\",\"position\":1,\"item\":{\"@type\":\"WebPage\",\"@id\":\"https:\/\/www.pazyesperanza.org\/cl\/\",\"url\":\"https:\/\/www.pazyesperanza.org\/cl\/\",\"name\":\"Portada\"}},{\"@type\":\"ListItem\",\"position\":2,\"item\":{\"@id\":\"https:\/\/www.pazyesperanza.org\/cl\/participar\/#webpage\"}}]}]}<\/script>\n<!-- \/ Yoast SEO plugin. -->","_links":{"self":[{"href":"https:\/\/www.pazyesperanza.org\/cl\/wp-json\/wp\/v2\/pages\/14","targetHints":{"allow":["GET"]}}],"collection":[{"href":"https:\/\/www.pazyesperanza.org\/cl\/wp-json\/wp\/v2\/pages"}],"about":[{"href":"https:\/\/www.pazyesperanza.org\/cl\/wp-json\/wp\/v2\/types\/page"}],"author":[{"embeddable":true,"href":"https:\/\/www.pazyesperanza.org\/cl\/wp-json\/wp\/v2\/users\/1"}],"replies":[{"embeddable":true,"href":"https:\/\/www.pazyesperanza.org\/cl\/wp-json\/wp\/v2\/comments?post=14"}],"version-history":[{"count":20,"href":"https:\/\/www.pazyesperanza.org\/cl\/wp-json\/wp\/v2\/pages\/14\/revisions"}],"predecessor-version":[{"id":2011,"href":"https:\/\/www.pazyesperanza.org\/cl\/wp-json\/wp\/v2\/pages\/14\/revisions\/2011"}],"wp:attachment":[{"href":"https:\/\/www.pazyesperanza.org\/cl\/wp-json\/wp\/v2\/media?parent=14"}],"curies":[{"name":"wp","href":"https:\/\/api.w.org\/{rel}","templated":true}]}}