{"id":1387,"date":"2016-11-04T14:12:39","date_gmt":"2016-11-04T14:12:39","guid":{"rendered":"http:\/\/nuevo.pazyesperanza.org\/usa\/?page_id=1387"},"modified":"2017-07-03T23:17:27","modified_gmt":"2017-07-03T23:17:27","slug":"lideres","status":"publish","type":"page","link":"https:\/\/www.pazyesperanza.org\/cl\/conocenos\/lideres\/","title":{"rendered":"L\u00edderes"},"content":{"rendered":"<p>[vc_row el_id=&#8221;team&#8221;][vc_column][vc_raw_js]JTNDc2NyaXB0JTNFJTIwJTBBalF1ZXJ5Lm5vQ29uZmxpY3QlMjglMjklM0IlMEFqUXVlcnklMjhkb2N1bWVudCUyOS5mb3VuZGF0aW9uJTI4JTI5JTNCJTBBJTNDJTJGc2NyaXB0JTNFJTIwJTBBJTNDc2NyaXB0JTNFJTIwJTBBZG9jdW1lbnQuZ2V0RWxlbWVudHNCeVRhZ05hbWUlMjglMjJhJTIyJTI5JTVCMCU1RC5yZW1vdmVBdHRyaWJ1dGUlMjglMjJocmVmJTIyJTI5JTNCJTBBJTNDJTJGc2NyaXB0JTNFJTIw[\/vc_raw_js][vc_custom_heading text=&#8221;Consejo Directivo \u2013 Liderazgo&#8221; font_container=&#8221;tag:h2|text_align:center&#8221;]<ul class=\"isotope-grid team-custom-grid\"><li class=\"grid-item team-custom-grid-item format-standard\" style=\"width:22%\">\r\r\n\t\t<div class=\"grid-staff-item \">\r\r\n                     \t<div class=\"grid-item-inner\"><div class=\"grid-item-content\">\r\r\n                                \t<h3 class=\"margin-5\">Fernando Ter\u00e1n<\/h3><span class=\"meta-data margin-20\">Presidente<\/span><p><a href=\"https:\/\/www.pazyesperanza.org\/cl\/team\/fernando-teran\/\"><\/a><\/p><\/div><\/div><\/div><\/li><li class=\"grid-item team-custom-grid-item format-standard\" style=\"width:22%\">\r\r\n\t\t<div class=\"grid-staff-item \">\r\r\n                     \t<div class=\"grid-item-inner\"><div class=\"media-box\"><img decoding=\"async\" src=\"https:\/\/www.pazyesperanza.org\/cl\/wp-content\/uploads\/sites\/8\/2017\/07\/Eva-Morales.jpg\" class=\"attachment-post-thumbnail size-post-thumbnail wp-post-image\" alt=\"\" srcset=\"https:\/\/www.pazyesperanza.org\/cl\/wp-content\/uploads\/sites\/8\/2017\/07\/Eva-Morales.jpg 719w, https:\/\/www.pazyesperanza.org\/cl\/wp-content\/uploads\/sites\/8\/2017\/07\/Eva-Morales-259x300.jpg 259w\" sizes=\"(max-width: 719px) 100vw, 719px\" \/><\/div><div class=\"grid-item-content\">\r\r\n                                \t<h3 class=\"margin-5\">Eva Morales<\/h3><span class=\"meta-data margin-20\">Directora Ejecutiva<\/span><p>Licenciada en Psicolog\u00eda por la Universidad Mayor de San Sim\u00f3n, Cochabamba. Candidata al doctorado en Misiolog\u00eda por el programa PRODOLA en alianza con el Theological South African Seminary. Profesora invitada de Misi\u00f3n Integral en el Centro Cristiano Misionero (CCM) de La Paz. Ha sido Secretaria General de la Comunidad Cristiana Universitaria de Bolivia. Actualmente es Secretaria de la Fraternidad Teol\u00f3gica Latinoamericana (FTL).<a href=\"https:\/\/www.pazyesperanza.org\/cl\/team\/eva-morales\/\"><\/a><\/p><\/div><\/div><\/div><\/li><\/ul>[\/vc_column][\/vc_row]<\/p>\n","protected":false},"excerpt":{"rendered":"[vc_row el_id=&#8221;team&#8221;][vc_column][vc_raw_js]JTNDc2NyaXB0JTNFJTIwJTBBalF1ZXJ5Lm5vQ29uZmxpY3QlMjglMjklM0IlMEFqUXVlcnklMjhkb2N1bWVudCUyOS5mb3VuZGF0aW9uJTI4JTI5JTNCJTBBJTNDJTJGc2NyaXB0JTNFJTIwJTBBJTNDc2NyaXB0JTNFJTIwJTBBZG9jdW1lbnQuZ2V0RWxlbWVudHNCeVRhZ05hbWUlMjglMjJhJTIyJTI5JTVCMCU1RC5yZW1vdmVBdHRyaWJ1dGUlMjglMjJocmVmJTIyJTI5JTNCJTBBJTNDJTJGc2NyaXB0JTNFJTIw[\/vc_raw_js][vc_custom_heading text=&#8221;Consejo Directivo \u2013 Liderazgo&#8221; font_container=&#8221;tag:h2|text_align:center&#8221;][\/vc_column][\/vc_row]","protected":false},"author":1,"featured_media":0,"parent":16,"menu_order":0,"comment_status":"closed","ping_status":"closed","template":"","meta":{"_monsterinsights_skip_tracking":false,"_monsterinsights_sitenote_active":false,"_monsterinsights_sitenote_note":"","_monsterinsights_sitenote_category":0,"footnotes":""},"class_list":["post-1387","page","type-page","status-publish","hentry"],"yoast_head":"<!-- This site is optimized with the Yoast SEO plugin v16.3 - https:\/\/yoast.com\/wordpress\/plugins\/seo\/ -->\n<title>L\u00edderes - Paz y Esperanza Chile<\/title>\n<meta name=\"robots\" content=\"index, follow, max-snippet:-1, max-image-preview:large, max-video-preview:-1\" \/>\n<link rel=\"canonical\" href=\"https:\/\/www.pazyesperanza.org\/cl\/conocenos\/lideres\/\" \/>\n<meta property=\"og:locale\" content=\"es_ES\" \/>\n<meta property=\"og:type\" content=\"article\" \/>\n<meta property=\"og:title\" content=\"L\u00edderes - Paz y Esperanza Chile\" \/>\n<meta property=\"og:description\" content=\"[vc_row el_id=&#8221;team&#8221;][vc_column][vc_raw_js]JTNDc2NyaXB0JTNFJTIwJTBBalF1ZXJ5Lm5vQ29uZmxpY3QlMjglMjklM0IlMEFqUXVlcnklMjhkb2N1bWVudCUyOS5mb3VuZGF0aW9uJTI4JTI5JTNCJTBBJTNDJTJGc2NyaXB0JTNFJTIwJTBBJTNDc2NyaXB0JTNFJTIwJTBBZG9jdW1lbnQuZ2V0RWxlbWVudHNCeVRhZ05hbWUlMjglMjJhJTIyJTI5JTVCMCU1RC5yZW1vdmVBdHRyaWJ1dGUlMjglMjJocmVmJTIyJTI5JTNCJTBBJTNDJTJGc2NyaXB0JTNFJTIw[\/vc_raw_js][vc_custom_heading text=&#8221;Consejo Directivo \u2013 Liderazgo&#8221; font_container=&#8221;tag:h2|text_align:center&#8221;][\/vc_column][\/vc_row]\" \/>\n<meta property=\"og:url\" content=\"https:\/\/www.pazyesperanza.org\/cl\/conocenos\/lideres\/\" \/>\n<meta property=\"og:site_name\" content=\"Paz y Esperanza Chile\" \/>\n<meta property=\"article:modified_time\" content=\"2017-07-03T23:17:27+00:00\" \/>\n<meta name=\"twitter:card\" content=\"summary_large_image\" \/>\n<script type=\"application\/ld+json\" class=\"yoast-schema-graph\">{\"@context\":\"https:\/\/schema.org\",\"@graph\":[{\"@type\":\"WebSite\",\"@id\":\"https:\/\/www.pazyesperanza.org\/cl\/#website\",\"url\":\"https:\/\/www.pazyesperanza.org\/cl\/\",\"name\":\"Paz y Esperanza Chile\",\"description\":\"Apasionados por la justicia\",\"potentialAction\":[{\"@type\":\"SearchAction\",\"target\":\"https:\/\/www.pazyesperanza.org\/cl\/?s={search_term_string}\",\"query-input\":\"required name=search_term_string\"}],\"inLanguage\":\"es\"},{\"@type\":\"WebPage\",\"@id\":\"https:\/\/www.pazyesperanza.org\/cl\/conocenos\/lideres\/#webpage\",\"url\":\"https:\/\/www.pazyesperanza.org\/cl\/conocenos\/lideres\/\",\"name\":\"L\\u00edderes - Paz y Esperanza Chile\",\"isPartOf\":{\"@id\":\"https:\/\/www.pazyesperanza.org\/cl\/#website\"},\"datePublished\":\"2016-11-04T14:12:39+00:00\",\"dateModified\":\"2017-07-03T23:17:27+00:00\",\"breadcrumb\":{\"@id\":\"https:\/\/www.pazyesperanza.org\/cl\/conocenos\/lideres\/#breadcrumb\"},\"inLanguage\":\"es\",\"potentialAction\":[{\"@type\":\"ReadAction\",\"target\":[\"https:\/\/www.pazyesperanza.org\/cl\/conocenos\/lideres\/\"]}]},{\"@type\":\"BreadcrumbList\",\"@id\":\"https:\/\/www.pazyesperanza.org\/cl\/conocenos\/lideres\/#breadcrumb\",\"itemListElement\":[{\"@type\":\"ListItem\",\"position\":1,\"item\":{\"@type\":\"WebPage\",\"@id\":\"https:\/\/www.pazyesperanza.org\/cl\/\",\"url\":\"https:\/\/www.pazyesperanza.org\/cl\/\",\"name\":\"Portada\"}},{\"@type\":\"ListItem\",\"position\":2,\"item\":{\"@type\":\"WebPage\",\"@id\":\"https:\/\/www.pazyesperanza.org\/cl\/conocenos\/\",\"url\":\"https:\/\/www.pazyesperanza.org\/cl\/conocenos\/\",\"name\":\"Con\\u00f3cenos\"}},{\"@type\":\"ListItem\",\"position\":3,\"item\":{\"@id\":\"https:\/\/www.pazyesperanza.org\/cl\/conocenos\/lideres\/#webpage\"}}]}]}<\/script>\n<!-- \/ Yoast SEO plugin. -->","_links":{"self":[{"href":"https:\/\/www.pazyesperanza.org\/cl\/wp-json\/wp\/v2\/pages\/1387","targetHints":{"allow":["GET"]}}],"collection":[{"href":"https:\/\/www.pazyesperanza.org\/cl\/wp-json\/wp\/v2\/pages"}],"about":[{"href":"https:\/\/www.pazyesperanza.org\/cl\/wp-json\/wp\/v2\/types\/page"}],"author":[{"embeddable":true,"href":"https:\/\/www.pazyesperanza.org\/cl\/wp-json\/wp\/v2\/users\/1"}],"replies":[{"embeddable":true,"href":"https:\/\/www.pazyesperanza.org\/cl\/wp-json\/wp\/v2\/comments?post=1387"}],"version-history":[{"count":3,"href":"https:\/\/www.pazyesperanza.org\/cl\/wp-json\/wp\/v2\/pages\/1387\/revisions"}],"predecessor-version":[{"id":1766,"href":"https:\/\/www.pazyesperanza.org\/cl\/wp-json\/wp\/v2\/pages\/1387\/revisions\/1766"}],"up":[{"embeddable":true,"href":"https:\/\/www.pazyesperanza.org\/cl\/wp-json\/wp\/v2\/pages\/16"}],"wp:attachment":[{"href":"https:\/\/www.pazyesperanza.org\/cl\/wp-json\/wp\/v2\/media?parent=1387"}],"curies":[{"name":"wp","href":"https:\/\/api.w.org\/{rel}","templated":true}]}}