{"id":1295,"date":"2016-10-25T14:09:06","date_gmt":"2016-10-25T14:09:06","guid":{"rendered":"http:\/\/nuevo.pazyesperanza.org\/usa\/?page_id=1295"},"modified":"2017-07-14T17:21:47","modified_gmt":"2017-07-14T17:21:47","slug":"instituto-paz-y-esperanza","status":"publish","type":"page","link":"https:\/\/www.pazyesperanza.org\/cl\/como-trabajamos\/instituto-paz-y-esperanza\/","title":{"rendered":"Instituto Paz y Esperanza"},"content":{"rendered":"<p>[vc_row][vc_column][vc_row_inner][vc_column_inner width=&#8221;1\/3&#8243;][vc_single_image image=&#8221;1636&#8243; img_size=&#8221;&#8221; alignment=&#8221;center&#8221; onclick=&#8221;custom_link&#8221; img_link_target=&#8221;_blank&#8221; link=&#8221;http:\/\/institutopaz.net\/&#8221;][\/vc_column_inner][vc_column_inner width=&#8221;2\/3&#8243;][vc_column_text]<\/p>\n<h2>El Instituto Paz y Esperanza<\/h2>\n<p>El Instituto Paz y Esperanza &#8211; IPE es una instancia de investigaci\u00f3n y formaci\u00f3n de la fraternidad de organizaciones de PAZ Y ESPERANZA , cuyo fin est\u00e1 orientado a la formaci\u00f3n acad\u00e9mica, la investigaci\u00f3n, la generaci\u00f3n de espacios de di\u00e1logo y publicaciones en torno a los temas y experiencias relacionadas con la misi\u00f3n integral para el desarrollo, la \u00e9tica cristiana para la dignidad humana, la cultura de paz para la justicia y los derechos humanos.[\/vc_column_text][vc_btn title=&#8221;Visita el sitio web&#8221; shape=&#8221;round&#8221; color=&#8221;green&#8221; align=&#8221;center&#8221; link=&#8221;url:http%3A%2F%2Finstitutopaz.net%2F||target:%20_blank|&#8221;][\/vc_column_inner][\/vc_row_inner][\/vc_column][\/vc_row]<\/p>\n","protected":false},"excerpt":{"rendered":"[vc_row][vc_column][vc_row_inner][vc_column_inner width=&#8221;1\/3&#8243;][vc_single_image image=&#8221;1636&#8243; img_size=&#8221;&#8221; alignment=&#8221;center&#8221; onclick=&#8221;custom_link&#8221; img_link_target=&#8221;_blank&#8221; link=&#8221;http:\/\/institutopaz.net\/&#8221;][\/vc_column_inner][vc_column_inner width=&#8221;2\/3&#8243;][vc_column_text] El Instituto Paz y Esperanza El Instituto Paz y Esperanza &#8211; IPE es una instancia de investigaci\u00f3n y formaci\u00f3n de la fraternidad de organizaciones de PAZ Y ESPERANZA , cuyo fin est\u00e1 orientado a la formaci\u00f3n acad\u00e9mica, la investigaci\u00f3n, la generaci\u00f3n de espacios de di\u00e1logo y publicaciones en torno a los temas y experiencias relacionadas con la misi\u00f3n integral para el desarrollo, la \u00e9tica cristiana para la dignidad humana, la cultura de paz para la justicia y los derechos humanos.[\/vc_column_text][vc_btn title=&#8221;Visita el sitio web&#8221; shape=&#8221;round&#8221; color=&#8221;green&#8221; align=&#8221;center&#8221; link=&#8221;url:http%3A%2F%2Finstitutopaz.net%2F||target:%20_blank|&#8221;][\/vc_column_inner][\/vc_row_inner][\/vc_column][\/vc_row]","protected":false},"author":1,"featured_media":0,"parent":10,"menu_order":0,"comment_status":"closed","ping_status":"closed","template":"","meta":{"_monsterinsights_skip_tracking":false,"_monsterinsights_sitenote_active":false,"_monsterinsights_sitenote_note":"","_monsterinsights_sitenote_category":0,"footnotes":""},"class_list":["post-1295","page","type-page","status-publish","hentry"],"yoast_head":"<!-- This site is optimized with the Yoast SEO plugin v16.3 - https:\/\/yoast.com\/wordpress\/plugins\/seo\/ -->\n<title>Instituto Paz y Esperanza - Paz y Esperanza Chile<\/title>\n<meta name=\"robots\" content=\"index, follow, max-snippet:-1, max-image-preview:large, max-video-preview:-1\" \/>\n<link rel=\"canonical\" href=\"https:\/\/www.pazyesperanza.org\/cl\/como-trabajamos\/instituto-paz-y-esperanza\/\" \/>\n<meta property=\"og:locale\" content=\"es_ES\" \/>\n<meta property=\"og:type\" content=\"article\" \/>\n<meta property=\"og:title\" content=\"Instituto Paz y Esperanza - Paz y Esperanza Chile\" \/>\n<meta property=\"og:description\" content=\"[vc_row][vc_column][vc_row_inner][vc_column_inner width=&#8221;1\/3&#8243;][vc_single_image image=&#8221;1636&#8243; img_size=&#8221;&#8221; alignment=&#8221;center&#8221; onclick=&#8221;custom_link&#8221; img_link_target=&#8221;_blank&#8221; link=&#8221;http:\/\/institutopaz.net\/&#8221;][\/vc_column_inner][vc_column_inner width=&#8221;2\/3&#8243;][vc_column_text] El Instituto Paz y Esperanza El Instituto Paz y Esperanza &#8211; IPE es una instancia de investigaci\u00f3n y formaci\u00f3n de la fraternidad de organizaciones de PAZ Y ESPERANZA , cuyo fin est\u00e1 orientado a la formaci\u00f3n acad\u00e9mica, la investigaci\u00f3n, la generaci\u00f3n de espacios de di\u00e1logo y publicaciones en torno a los temas y experiencias relacionadas con la misi\u00f3n integral para el desarrollo, la \u00e9tica cristiana para la dignidad humana, la cultura de paz para la justicia y los derechos humanos.[\/vc_column_text][vc_btn title=&#8221;Visita el sitio web&#8221; shape=&#8221;round&#8221; color=&#8221;green&#8221; align=&#8221;center&#8221; link=&#8221;url:http%3A%2F%2Finstitutopaz.net%2F||target:%20_blank|&#8221;][\/vc_column_inner][\/vc_row_inner][\/vc_column][\/vc_row]\" \/>\n<meta property=\"og:url\" content=\"https:\/\/www.pazyesperanza.org\/cl\/como-trabajamos\/instituto-paz-y-esperanza\/\" \/>\n<meta property=\"og:site_name\" content=\"Paz y Esperanza Chile\" \/>\n<meta property=\"article:modified_time\" content=\"2017-07-14T17:21:47+00:00\" \/>\n<meta name=\"twitter:card\" content=\"summary_large_image\" \/>\n<meta name=\"twitter:label1\" content=\"Tiempo de lectura\">\n\t<meta name=\"twitter:data1\" content=\"1 minuto\">\n<script type=\"application\/ld+json\" class=\"yoast-schema-graph\">{\"@context\":\"https:\/\/schema.org\",\"@graph\":[{\"@type\":\"WebSite\",\"@id\":\"https:\/\/www.pazyesperanza.org\/cl\/#website\",\"url\":\"https:\/\/www.pazyesperanza.org\/cl\/\",\"name\":\"Paz y Esperanza Chile\",\"description\":\"Apasionados por la justicia\",\"potentialAction\":[{\"@type\":\"SearchAction\",\"target\":\"https:\/\/www.pazyesperanza.org\/cl\/?s={search_term_string}\",\"query-input\":\"required name=search_term_string\"}],\"inLanguage\":\"es\"},{\"@type\":\"WebPage\",\"@id\":\"https:\/\/www.pazyesperanza.org\/cl\/como-trabajamos\/instituto-paz-y-esperanza\/#webpage\",\"url\":\"https:\/\/www.pazyesperanza.org\/cl\/como-trabajamos\/instituto-paz-y-esperanza\/\",\"name\":\"Instituto Paz y Esperanza - Paz y Esperanza Chile\",\"isPartOf\":{\"@id\":\"https:\/\/www.pazyesperanza.org\/cl\/#website\"},\"datePublished\":\"2016-10-25T14:09:06+00:00\",\"dateModified\":\"2017-07-14T17:21:47+00:00\",\"breadcrumb\":{\"@id\":\"https:\/\/www.pazyesperanza.org\/cl\/como-trabajamos\/instituto-paz-y-esperanza\/#breadcrumb\"},\"inLanguage\":\"es\",\"potentialAction\":[{\"@type\":\"ReadAction\",\"target\":[\"https:\/\/www.pazyesperanza.org\/cl\/como-trabajamos\/instituto-paz-y-esperanza\/\"]}]},{\"@type\":\"BreadcrumbList\",\"@id\":\"https:\/\/www.pazyesperanza.org\/cl\/como-trabajamos\/instituto-paz-y-esperanza\/#breadcrumb\",\"itemListElement\":[{\"@type\":\"ListItem\",\"position\":1,\"item\":{\"@type\":\"WebPage\",\"@id\":\"https:\/\/www.pazyesperanza.org\/cl\/\",\"url\":\"https:\/\/www.pazyesperanza.org\/cl\/\",\"name\":\"Portada\"}},{\"@type\":\"ListItem\",\"position\":2,\"item\":{\"@type\":\"WebPage\",\"@id\":\"https:\/\/www.pazyesperanza.org\/cl\/como-trabajamos\/\",\"url\":\"https:\/\/www.pazyesperanza.org\/cl\/como-trabajamos\/\",\"name\":\"C\\u00f3mo trabajamos\"}},{\"@type\":\"ListItem\",\"position\":3,\"item\":{\"@id\":\"https:\/\/www.pazyesperanza.org\/cl\/como-trabajamos\/instituto-paz-y-esperanza\/#webpage\"}}]}]}<\/script>\n<!-- \/ Yoast SEO plugin. -->","_links":{"self":[{"href":"https:\/\/www.pazyesperanza.org\/cl\/wp-json\/wp\/v2\/pages\/1295","targetHints":{"allow":["GET"]}}],"collection":[{"href":"https:\/\/www.pazyesperanza.org\/cl\/wp-json\/wp\/v2\/pages"}],"about":[{"href":"https:\/\/www.pazyesperanza.org\/cl\/wp-json\/wp\/v2\/types\/page"}],"author":[{"embeddable":true,"href":"https:\/\/www.pazyesperanza.org\/cl\/wp-json\/wp\/v2\/users\/1"}],"replies":[{"embeddable":true,"href":"https:\/\/www.pazyesperanza.org\/cl\/wp-json\/wp\/v2\/comments?post=1295"}],"version-history":[{"count":11,"href":"https:\/\/www.pazyesperanza.org\/cl\/wp-json\/wp\/v2\/pages\/1295\/revisions"}],"predecessor-version":[{"id":1801,"href":"https:\/\/www.pazyesperanza.org\/cl\/wp-json\/wp\/v2\/pages\/1295\/revisions\/1801"}],"up":[{"embeddable":true,"href":"https:\/\/www.pazyesperanza.org\/cl\/wp-json\/wp\/v2\/pages\/10"}],"wp:attachment":[{"href":"https:\/\/www.pazyesperanza.org\/cl\/wp-json\/wp\/v2\/media?parent=1295"}],"curies":[{"name":"wp","href":"https:\/\/api.w.org\/{rel}","templated":true}]}}