{"id":1293,"date":"2016-10-25T14:08:35","date_gmt":"2016-10-25T14:08:35","guid":{"rendered":"http:\/\/nuevo.pazyesperanza.org\/usa\/?page_id=1293"},"modified":"2017-07-26T16:08:56","modified_gmt":"2017-07-26T16:08:56","slug":"lo-que-sucede","status":"publish","type":"page","link":"https:\/\/www.pazyesperanza.org\/cl\/lo-que-sucede\/","title":{"rendered":"Lo que sucede"},"content":{"rendered":"<p>[vc_row full_width=&#8221;stretch_row&#8221; css=&#8221;.vc_custom_1501085231270{background-color: #ffffff !important;}&#8221; el_id=&#8221;ninez-riesgo&#8221;][vc_column][vc_row_inner][vc_column_inner width=&#8221;1\/3&#8243;][vc_single_image image=&#8221;1858&#8243; img_size=&#8221;&#8221;][\/vc_column_inner][vc_column_inner width=&#8221;2\/3&#8243;][vc_column_text]<\/p>\n<h3>Ni\u00f1ez en riesgo<\/h3>\n<p>Nos preocupa el alto \u00edndice de la violencia sexual, violencia f\u00edsica y Trata de Menores y discriminaci\u00f3n por discapacidad que afecta a los ni\u00f1os y ni\u00f1as. Hay factores de riesgo como la carencia o debilidad de instituciones p\u00fablicas o servicios en comunidades pobres, la mala calidad de esos servicios que sirven como enervantes de la violencia.<\/p>\n<p>Por ello, es necesario el desarrollo de una actitud cr\u00edtica que cuestione las relaciones de violencia de g\u00e9nero y pr\u00e1cticas culturales autoritarias y machistas.[\/vc_column_text][\/vc_column_inner][\/vc_row_inner][\/vc_column][\/vc_row][vc_row full_width=&#8221;stretch_row&#8221; css=&#8221;.vc_custom_1499114341237{background-color: #f6f6f6 !important;}&#8221; el_id=&#8221;violencia-genero&#8221;][vc_column][vc_row_inner][vc_column_inner width=&#8221;1\/3&#8243;][vc_single_image image=&#8221;1838&#8243; img_size=&#8221;&#8221;][\/vc_column_inner][vc_column_inner width=&#8221;2\/3&#8243;][vc_column_text]<\/p>\n<h3>Violencia de g\u00e9nero<\/h3>\n<p>En Bolivia siete de cada diez mujeres sufren violencia sexual o f\u00edsica. Estos datos ubican a Bolivia en el primer lugar de 13 pa\u00edses en Latinoam\u00e9rica en violencia f\u00edsica contra las mujeres, y es segundo en violencia sexual. Adem\u00e1s, el sistema judicial es injusto y corrupto, tanto es as\u00ed, que menos de 1% de denuncias de casos de violencia contra la mujer terminaron en sentencias condenatorias.[\/vc_column_text][\/vc_column_inner][\/vc_row_inner][\/vc_column][\/vc_row]<\/p>\n","protected":false},"excerpt":{"rendered":"[vc_row full_width=&#8221;stretch_row&#8221; css=&#8221;.vc_custom_1501085231270{background-color: #ffffff !important;}&#8221; el_id=&#8221;ninez-riesgo&#8221;][vc_column][vc_row_inner][vc_column_inner width=&#8221;1\/3&#8243;][vc_single_image image=&#8221;1858&#8243; img_size=&#8221;&#8221;][\/vc_column_inner][vc_column_inner width=&#8221;2\/3&#8243;][vc_column_text] Ni\u00f1ez en riesgo Nos preocupa el alto \u00edndice de la violencia sexual, violencia f\u00edsica y Trata de Menores y discriminaci\u00f3n por discapacidad que afecta a los ni\u00f1os y ni\u00f1as. Hay factores de riesgo como la carencia o debilidad de instituciones p\u00fablicas o servicios en comunidades pobres, la mala calidad de esos servicios que sirven como enervantes de la violencia. Por ello, es necesario el desarrollo de una actitud cr\u00edtica que cuestione las relaciones de violencia de g\u00e9nero y pr\u00e1cticas culturales autoritarias y machistas.[\/vc_column_text][\/vc_column_inner][\/vc_row_inner][\/vc_column][\/vc_row][vc_row full_width=&#8221;stretch_row&#8221; css=&#8221;.vc_custom_1499114341237{background-color: #f6f6f6 !important;}&#8221; el_id=&#8221;violencia-genero&#8221;][vc_column][vc_row_inner][vc_column_inner width=&#8221;1\/3&#8243;][vc_single_image image=&#8221;1838&#8243; img_size=&#8221;&#8221;][\/vc_column_inner][vc_column_inner width=&#8221;2\/3&#8243;][vc_column_text] Violencia de g\u00e9nero En Bolivia siete de cada diez mujeres sufren violencia sexual o f\u00edsica. Estos datos ubican a Bolivia en el primer lugar de 13 pa\u00edses en Latinoam\u00e9rica en violencia f\u00edsica contra las mujeres, y es segundo en violencia sexual. Adem\u00e1s, el sistema judicial es injusto y corrupto, tanto es as\u00ed, que menos de 1% de denuncias de casos de violencia contra la mujer terminaron en sentencias condenatorias.[\/vc_column_text][\/vc_column_inner][\/vc_row_inner][\/vc_column][\/vc_row]","protected":false},"author":1,"featured_media":0,"parent":0,"menu_order":0,"comment_status":"closed","ping_status":"closed","template":"","meta":{"_monsterinsights_skip_tracking":false,"_monsterinsights_sitenote_active":false,"_monsterinsights_sitenote_note":"","_monsterinsights_sitenote_category":0,"footnotes":""},"class_list":["post-1293","page","type-page","status-publish","hentry"],"yoast_head":"<!-- This site is optimized with the Yoast SEO plugin v16.3 - https:\/\/yoast.com\/wordpress\/plugins\/seo\/ -->\n<title>Lo que sucede - Paz y Esperanza Chile<\/title>\n<meta name=\"robots\" content=\"index, follow, max-snippet:-1, max-image-preview:large, max-video-preview:-1\" \/>\n<link rel=\"canonical\" href=\"https:\/\/www.pazyesperanza.org\/cl\/lo-que-sucede\/\" \/>\n<meta property=\"og:locale\" content=\"es_ES\" \/>\n<meta property=\"og:type\" content=\"article\" \/>\n<meta property=\"og:title\" content=\"Lo que sucede - Paz y Esperanza Chile\" \/>\n<meta property=\"og:description\" content=\"[vc_row full_width=&#8221;stretch_row&#8221; css=&#8221;.vc_custom_1501085231270{background-color: #ffffff !important;}&#8221; el_id=&#8221;ninez-riesgo&#8221;][vc_column][vc_row_inner][vc_column_inner width=&#8221;1\/3&#8243;][vc_single_image image=&#8221;1858&#8243; img_size=&#8221;&#8221;][\/vc_column_inner][vc_column_inner width=&#8221;2\/3&#8243;][vc_column_text] Ni\u00f1ez en riesgo Nos preocupa el alto \u00edndice de la violencia sexual, violencia f\u00edsica y Trata de Menores y discriminaci\u00f3n por discapacidad que afecta a los ni\u00f1os y ni\u00f1as. Hay factores de riesgo como la carencia o debilidad de instituciones p\u00fablicas o servicios en comunidades pobres, la mala calidad de esos servicios que sirven como enervantes de la violencia. Por ello, es necesario el desarrollo de una actitud cr\u00edtica que cuestione las relaciones de violencia de g\u00e9nero y pr\u00e1cticas culturales autoritarias y machistas.[\/vc_column_text][\/vc_column_inner][\/vc_row_inner][\/vc_column][\/vc_row][vc_row full_width=&#8221;stretch_row&#8221; css=&#8221;.vc_custom_1499114341237{background-color: #f6f6f6 !important;}&#8221; el_id=&#8221;violencia-genero&#8221;][vc_column][vc_row_inner][vc_column_inner width=&#8221;1\/3&#8243;][vc_single_image image=&#8221;1838&#8243; img_size=&#8221;&#8221;][\/vc_column_inner][vc_column_inner width=&#8221;2\/3&#8243;][vc_column_text] Violencia de g\u00e9nero En Bolivia siete de cada diez mujeres sufren violencia sexual o f\u00edsica. Estos datos ubican a Bolivia en el primer lugar de 13 pa\u00edses en Latinoam\u00e9rica en violencia f\u00edsica contra las mujeres, y es segundo en violencia sexual. Adem\u00e1s, el sistema judicial es injusto y corrupto, tanto es as\u00ed, que menos de 1% de denuncias de casos de violencia contra la mujer terminaron en sentencias condenatorias.[\/vc_column_text][\/vc_column_inner][\/vc_row_inner][\/vc_column][\/vc_row]\" \/>\n<meta property=\"og:url\" content=\"https:\/\/www.pazyesperanza.org\/cl\/lo-que-sucede\/\" \/>\n<meta property=\"og:site_name\" content=\"Paz y Esperanza Chile\" \/>\n<meta property=\"article:modified_time\" content=\"2017-07-26T16:08:56+00:00\" \/>\n<meta name=\"twitter:card\" content=\"summary_large_image\" \/>\n<meta name=\"twitter:label1\" content=\"Tiempo de lectura\">\n\t<meta name=\"twitter:data1\" content=\"1 minuto\">\n<script type=\"application\/ld+json\" class=\"yoast-schema-graph\">{\"@context\":\"https:\/\/schema.org\",\"@graph\":[{\"@type\":\"WebSite\",\"@id\":\"https:\/\/www.pazyesperanza.org\/cl\/#website\",\"url\":\"https:\/\/www.pazyesperanza.org\/cl\/\",\"name\":\"Paz y Esperanza Chile\",\"description\":\"Apasionados por la justicia\",\"potentialAction\":[{\"@type\":\"SearchAction\",\"target\":\"https:\/\/www.pazyesperanza.org\/cl\/?s={search_term_string}\",\"query-input\":\"required name=search_term_string\"}],\"inLanguage\":\"es\"},{\"@type\":\"WebPage\",\"@id\":\"https:\/\/www.pazyesperanza.org\/cl\/lo-que-sucede\/#webpage\",\"url\":\"https:\/\/www.pazyesperanza.org\/cl\/lo-que-sucede\/\",\"name\":\"Lo que sucede - Paz y Esperanza Chile\",\"isPartOf\":{\"@id\":\"https:\/\/www.pazyesperanza.org\/cl\/#website\"},\"datePublished\":\"2016-10-25T14:08:35+00:00\",\"dateModified\":\"2017-07-26T16:08:56+00:00\",\"breadcrumb\":{\"@id\":\"https:\/\/www.pazyesperanza.org\/cl\/lo-que-sucede\/#breadcrumb\"},\"inLanguage\":\"es\",\"potentialAction\":[{\"@type\":\"ReadAction\",\"target\":[\"https:\/\/www.pazyesperanza.org\/cl\/lo-que-sucede\/\"]}]},{\"@type\":\"BreadcrumbList\",\"@id\":\"https:\/\/www.pazyesperanza.org\/cl\/lo-que-sucede\/#breadcrumb\",\"itemListElement\":[{\"@type\":\"ListItem\",\"position\":1,\"item\":{\"@type\":\"WebPage\",\"@id\":\"https:\/\/www.pazyesperanza.org\/cl\/\",\"url\":\"https:\/\/www.pazyesperanza.org\/cl\/\",\"name\":\"Portada\"}},{\"@type\":\"ListItem\",\"position\":2,\"item\":{\"@id\":\"https:\/\/www.pazyesperanza.org\/cl\/lo-que-sucede\/#webpage\"}}]}]}<\/script>\n<!-- \/ Yoast SEO plugin. -->","_links":{"self":[{"href":"https:\/\/www.pazyesperanza.org\/cl\/wp-json\/wp\/v2\/pages\/1293","targetHints":{"allow":["GET"]}}],"collection":[{"href":"https:\/\/www.pazyesperanza.org\/cl\/wp-json\/wp\/v2\/pages"}],"about":[{"href":"https:\/\/www.pazyesperanza.org\/cl\/wp-json\/wp\/v2\/types\/page"}],"author":[{"embeddable":true,"href":"https:\/\/www.pazyesperanza.org\/cl\/wp-json\/wp\/v2\/users\/1"}],"replies":[{"embeddable":true,"href":"https:\/\/www.pazyesperanza.org\/cl\/wp-json\/wp\/v2\/comments?post=1293"}],"version-history":[{"count":14,"href":"https:\/\/www.pazyesperanza.org\/cl\/wp-json\/wp\/v2\/pages\/1293\/revisions"}],"predecessor-version":[{"id":1860,"href":"https:\/\/www.pazyesperanza.org\/cl\/wp-json\/wp\/v2\/pages\/1293\/revisions\/1860"}],"wp:attachment":[{"href":"https:\/\/www.pazyesperanza.org\/cl\/wp-json\/wp\/v2\/media?parent=1293"}],"curies":[{"name":"wp","href":"https:\/\/api.w.org\/{rel}","templated":true}]}}