{"id":1291,"date":"2016-10-25T14:08:12","date_gmt":"2016-10-25T14:08:12","guid":{"rendered":"http:\/\/nuevo.pazyesperanza.org\/usa\/?page_id=1291"},"modified":"2017-07-26T16:15:42","modified_gmt":"2017-07-26T16:15:42","slug":"programas","status":"publish","type":"page","link":"https:\/\/www.pazyesperanza.org\/cl\/como-trabajamos\/programas\/","title":{"rendered":"Programas"},"content":{"rendered":"<p>[vc_row][vc_column][vc_column_text]Paz y Esperanza Bolivia viene implementado el proyecto de Relaciones saludables Hombre-Mujer que atiende y previene casos de violencia sexual infantil y violencia contra la mujer. Este proyecto tiene un enfoque integral en su atenci\u00f3n a las v\u00edctimas, y un trabajo de prevenci\u00f3n donde se involucra a hombres sensibilizados y promotores de relaciones saludables.[\/vc_column_text]<div class=\"causes-list\"><ul><style type=\"text\/css\" media=\"screen\">\n@media only screen and (max-width: 768px) {\n\t.campaign-loop.campaign-grid.masonry { -moz-column-count: 1; -webkit-column-count: 1; column-count: 1; }\n\t.campaign-loop.campaign-grid .campaign,.campaign-loop.campaign-grid .campaign.hentry { width: 100% !important; }\n}\n<\/style>\n\t\t<ul class=\"sort-destination causes-list cause-page-listing\" data-sort-id=\"gallery\"><li id=\"campaign-1865\" class=\"causes-list-item cause-item grid-item post-1865 campaign type-campaign status-publish has-post-thumbnail hentry campaign_category-programas campaign-has-no-goal campaign-is-endless\">\r\n<div class=\"list-item-inner\">    <a href=\"https:\/\/www.pazyesperanza.org\/cl\/programas\/prevencion\/\" class=\"media-box\"> \r\n        <img decoding=\"async\" src=\"https:\/\/www.pazyesperanza.org\/cl\/wp-content\/uploads\/sites\/8\/2017\/07\/foto-inicio1-600x400.jpg\" class=\"attachment-borntogive-600x400 size-borntogive-600x400 wp-post-image\" alt=\"\" \/>\r\n            <\/a>\r\n    <div class=\"cause-item-container\"><div class=\"campaign-description-wrapper\">\r\n  <h3><a href=\"https:\/\/www.pazyesperanza.org\/cl\/programas\/prevencion\/\"> Prevenci\u00f3n<\/a><\/h3>\r\n  <div class=\"campaign-description\">\r\n      Esta \u00e1rea desarrolla prevenci\u00f3n primaria, secundaria y terciaria a trav\u00e9s de actividades de informaci\u00f3n, sensibilizaci\u00f3n y concientizaci\u00f3n contra la violencia sexual infantil y violencia contra la mujer. En unidades escolares dirigido adolescentes, maestros y padres de familia. Con l\u00edderes comunitarios hombres y mujeres de unidades vecinales. Con l\u00edderes y pastores de la Iglesia local.  <\/div>\r\n<\/div>\r\n<div class=\"campaign-donation-stats\">  \r\n    <span class=\"amount\">&#36;0.00<\/span> donados<\/div><div class=\"campaign-donation\">\n\t<a data-trigger-modal=\"charitable-donation-form-modal-loop\"\n\t\tdata-campaign-id=\"1865\"\n\t\tclass=\"button charitable-button donate-button button-primary\"\n\t\thref=\"https:\/\/www.pazyesperanza.org\/cl\/programas\/prevencion\/donate\/\"\n\t\taria-label=\"Haz una donaci\u00f3n para Prevenci\u00f3n\">\n\t\tDonar\t<\/a>\n<\/div>\n<\/div><\/div><\/li><li id=\"campaign-1864\" class=\"causes-list-item cause-item grid-item post-1864 campaign type-campaign status-publish has-post-thumbnail hentry campaign_category-programas campaign-has-no-goal campaign-is-endless\">\r\n<div class=\"list-item-inner\">    <a href=\"https:\/\/www.pazyesperanza.org\/cl\/programas\/atencion-integral\/\" class=\"media-box\"> \r\n        <img decoding=\"async\" src=\"https:\/\/www.pazyesperanza.org\/cl\/wp-content\/uploads\/sites\/8\/2017\/07\/foto-inicio2-1-600x400.jpeg\" class=\"attachment-borntogive-600x400 size-borntogive-600x400 wp-post-image\" alt=\"\" \/>\r\n            <\/a>\r\n    <div class=\"cause-item-container\"><div class=\"campaign-description-wrapper\">\r\n  <h3><a href=\"https:\/\/www.pazyesperanza.org\/cl\/programas\/atencion-integral\/\"> Atenci\u00f3n integral<\/a><\/h3>\r\n  <div class=\"campaign-description\">\r\n      \u00c1rea Psicol\u00f3gica: Cada v\u00edctima ni\u00f1o o mujer recibe atenci\u00f3n psicol\u00f3gica, que se inicia con una entrevista Inicial diagnostica y se contin\u00faa con sesiones de apoyo psicol\u00f3gico, terapia individual y grupal. \u00c1rea jur\u00eddico-legal: Espacio donde se recepciona la denuncia del caso, y hace un seguimiento legal y lleva el caso para conseguir la sanci\u00f3n del agresor. \u00c1rea Pastoral: Este se encarga de hacer un acompa\u00f1amiento pastoral a la v\u00edctima y la familia en casos que sea posible, donde la iglesia local y sus l\u00edderes se involucran a trav\u00e9s de visitas, consejer\u00eda y acogida temporal etc.  <\/div>\r\n<\/div>\r\n<div class=\"campaign-donation-stats\">  \r\n    <span class=\"amount\">&#36;0.00<\/span> donados<\/div><div class=\"campaign-donation\">\n\t<a data-trigger-modal=\"charitable-donation-form-modal-loop\"\n\t\tdata-campaign-id=\"1864\"\n\t\tclass=\"button charitable-button donate-button button-primary\"\n\t\thref=\"https:\/\/www.pazyesperanza.org\/cl\/programas\/atencion-integral\/donate\/\"\n\t\taria-label=\"Haz una donaci\u00f3n para Atenci\u00f3n integral\">\n\t\tDonar\t<\/a>\n<\/div>\n<\/div><\/div><\/li><\/ul><\/ul><\/div>[\/vc_column][\/vc_row]<\/p>\n","protected":false},"excerpt":{"rendered":"[vc_row][vc_column][vc_column_text]Paz y Esperanza Bolivia viene implementado el proyecto de Relaciones saludables Hombre-Mujer que atiende y previene casos de violencia sexual infantil y violencia contra la mujer. Este proyecto tiene un enfoque integral en su atenci\u00f3n a las v\u00edctimas, y un trabajo de prevenci\u00f3n donde se involucra a hombres sensibilizados y promotores de relaciones saludables.[\/vc_column_text][\/vc_column][\/vc_row]","protected":false},"author":1,"featured_media":0,"parent":10,"menu_order":0,"comment_status":"closed","ping_status":"closed","template":"","meta":{"_monsterinsights_skip_tracking":false,"_monsterinsights_sitenote_active":false,"_monsterinsights_sitenote_note":"","_monsterinsights_sitenote_category":0,"footnotes":""},"class_list":["post-1291","page","type-page","status-publish","hentry","campaign-has-no-goal","campaign-is-endless"],"yoast_head":"<!-- This site is optimized with the Yoast SEO plugin v16.3 - https:\/\/yoast.com\/wordpress\/plugins\/seo\/ -->\n<title>Programas - Paz y Esperanza Chile<\/title>\n<meta name=\"robots\" content=\"index, follow, max-snippet:-1, max-image-preview:large, max-video-preview:-1\" \/>\n<link rel=\"canonical\" href=\"https:\/\/www.pazyesperanza.org\/cl\/como-trabajamos\/programas\/\" \/>\n<meta property=\"og:locale\" content=\"es_ES\" \/>\n<meta property=\"og:type\" content=\"article\" \/>\n<meta property=\"og:title\" content=\"Programas - Paz y Esperanza Chile\" \/>\n<meta property=\"og:description\" content=\"[vc_row][vc_column][vc_column_text]Paz y Esperanza Bolivia viene implementado el proyecto de Relaciones saludables Hombre-Mujer que atiende y previene casos de violencia sexual infantil y violencia contra la mujer. Este proyecto tiene un enfoque integral en su atenci\u00f3n a las v\u00edctimas, y un trabajo de prevenci\u00f3n donde se involucra a hombres sensibilizados y promotores de relaciones saludables.[\/vc_column_text][\/vc_column][\/vc_row]\" \/>\n<meta property=\"og:url\" content=\"https:\/\/www.pazyesperanza.org\/cl\/como-trabajamos\/programas\/\" \/>\n<meta property=\"og:site_name\" content=\"Paz y Esperanza Chile\" \/>\n<meta property=\"article:modified_time\" content=\"2017-07-26T16:15:42+00:00\" \/>\n<meta name=\"twitter:card\" content=\"summary_large_image\" \/>\n<script type=\"application\/ld+json\" class=\"yoast-schema-graph\">{\"@context\":\"https:\/\/schema.org\",\"@graph\":[{\"@type\":\"WebSite\",\"@id\":\"https:\/\/www.pazyesperanza.org\/cl\/#website\",\"url\":\"https:\/\/www.pazyesperanza.org\/cl\/\",\"name\":\"Paz y Esperanza Chile\",\"description\":\"Apasionados por la justicia\",\"potentialAction\":[{\"@type\":\"SearchAction\",\"target\":\"https:\/\/www.pazyesperanza.org\/cl\/?s={search_term_string}\",\"query-input\":\"required name=search_term_string\"}],\"inLanguage\":\"es\"},{\"@type\":\"WebPage\",\"@id\":\"https:\/\/www.pazyesperanza.org\/cl\/como-trabajamos\/programas\/#webpage\",\"url\":\"https:\/\/www.pazyesperanza.org\/cl\/como-trabajamos\/programas\/\",\"name\":\"Programas - Paz y Esperanza Chile\",\"isPartOf\":{\"@id\":\"https:\/\/www.pazyesperanza.org\/cl\/#website\"},\"datePublished\":\"2016-10-25T14:08:12+00:00\",\"dateModified\":\"2017-07-26T16:15:42+00:00\",\"breadcrumb\":{\"@id\":\"https:\/\/www.pazyesperanza.org\/cl\/como-trabajamos\/programas\/#breadcrumb\"},\"inLanguage\":\"es\",\"potentialAction\":[{\"@type\":\"ReadAction\",\"target\":[\"https:\/\/www.pazyesperanza.org\/cl\/como-trabajamos\/programas\/\"]}]},{\"@type\":\"BreadcrumbList\",\"@id\":\"https:\/\/www.pazyesperanza.org\/cl\/como-trabajamos\/programas\/#breadcrumb\",\"itemListElement\":[{\"@type\":\"ListItem\",\"position\":1,\"item\":{\"@type\":\"WebPage\",\"@id\":\"https:\/\/www.pazyesperanza.org\/cl\/\",\"url\":\"https:\/\/www.pazyesperanza.org\/cl\/\",\"name\":\"Portada\"}},{\"@type\":\"ListItem\",\"position\":2,\"item\":{\"@type\":\"WebPage\",\"@id\":\"https:\/\/www.pazyesperanza.org\/cl\/como-trabajamos\/\",\"url\":\"https:\/\/www.pazyesperanza.org\/cl\/como-trabajamos\/\",\"name\":\"C\\u00f3mo trabajamos\"}},{\"@type\":\"ListItem\",\"position\":3,\"item\":{\"@id\":\"https:\/\/www.pazyesperanza.org\/cl\/como-trabajamos\/programas\/#webpage\"}}]}]}<\/script>\n<!-- \/ Yoast SEO plugin. -->","_links":{"self":[{"href":"https:\/\/www.pazyesperanza.org\/cl\/wp-json\/wp\/v2\/pages\/1291","targetHints":{"allow":["GET"]}}],"collection":[{"href":"https:\/\/www.pazyesperanza.org\/cl\/wp-json\/wp\/v2\/pages"}],"about":[{"href":"https:\/\/www.pazyesperanza.org\/cl\/wp-json\/wp\/v2\/types\/page"}],"author":[{"embeddable":true,"href":"https:\/\/www.pazyesperanza.org\/cl\/wp-json\/wp\/v2\/users\/1"}],"replies":[{"embeddable":true,"href":"https:\/\/www.pazyesperanza.org\/cl\/wp-json\/wp\/v2\/comments?post=1291"}],"version-history":[{"count":3,"href":"https:\/\/www.pazyesperanza.org\/cl\/wp-json\/wp\/v2\/pages\/1291\/revisions"}],"predecessor-version":[{"id":1863,"href":"https:\/\/www.pazyesperanza.org\/cl\/wp-json\/wp\/v2\/pages\/1291\/revisions\/1863"}],"up":[{"embeddable":true,"href":"https:\/\/www.pazyesperanza.org\/cl\/wp-json\/wp\/v2\/pages\/10"}],"wp:attachment":[{"href":"https:\/\/www.pazyesperanza.org\/cl\/wp-json\/wp\/v2\/media?parent=1291"}],"curies":[{"name":"wp","href":"https:\/\/api.w.org\/{rel}","templated":true}]}}