{"id":12,"date":"2016-10-24T14:55:00","date_gmt":"2016-10-24T14:55:00","guid":{"rendered":"http:\/\/nuevo.pazyesperanza.org\/usa\/?page_id=12"},"modified":"2018-02-06T17:33:36","modified_gmt":"2018-02-06T17:33:36","slug":"donde-estamos","status":"publish","type":"page","link":"https:\/\/www.pazyesperanza.org\/cl\/donde-estamos\/","title":{"rendered":"D\u00f3nde Estamos"},"content":{"rendered":"<p>[vc_row el_id=&#8221;bolivia-map&#8221; css=&#8221;.vc_custom_1501088556494{margin-top: 5% !important;}&#8221;][vc_column width=&#8221;1\/2&#8243;][vc_column_text css=&#8221;.vc_custom_1501088300755{margin-top: 0px !important;padding-top: 0px !important;}&#8221;]<!-- Map Generated CSS --> \n <style>\n.iwm_map_canvas { overflow:hidden; }#map_canvas_1 path:not([id]) { stroke:#ffffff; }#map_canvas_1 path:not([id]) { stroke-width:1; }#map_canvas_1 { background-repeat:no-repeat; background-size: 100% 100%; }<\/style><div class='iwm_map_canvas'><div id='map_canvas_1' class='i_world_map ' class='iwm_map_canvas'><div class='iwm_placeholder'><img width='32px' alt='Chile Placeholder' title='Chile' src='https:\/\/www.pazyesperanza.org\/cl\/wp-content\/plugins\/interactive-world-maps\/imgs\/placeholder.png'><br>Chile<\/div><\/div><\/div><div id='imap1message'><\/div>[\/vc_column_text][\/vc_column][vc_column width=&#8221;1\/2&#8243;][vc_column_text]<\/p>\n<h2>Talagante, Chile<\/h2>\n<h4>Historia<\/h4>\n<p>Paz y Esperanza Chile, inicia sus actividades de forma oficial el .<\/p>\n<h4>Proyectos<\/h4>\n<ol>\n<li><strong>Atenci\u00f3n integral a v\u00edctimas de abuso y a sus familias.<\/strong><br \/>\nCon su equipo multidisciplinario, Paz y Esperanza Bolivia brinda rehabilitaci\u00f3n integral, apoyo social y defensa legal a ni\u00f1os, ni\u00f1as, adolescentes y mujeres, v\u00edctimas de violencia f\u00edsica, sexual o psicol\u00f3gica. Adem\u00e1s, lo\/as psic\u00f3logo\/as de Paz y Esperanza y los pastores de iglesias locales coordinan grupos de apoyo para hombres y mujeres en casos de violencia familiar, promoviendo relaciones saludables y mecanismos de adaptaci\u00f3n entre las v\u00edctimas de violencia y sus agresores.<\/li>\n<li><strong>Campa\u00f1a del Buen Trato.<\/strong><br \/>\nEn la Campa\u00f1a \u201cUn Trato por el Buen Trato\u201d, Paz y Esperanza Bolivia involucra a muchos j\u00f3venes del pa\u00eds para participar en esta campa\u00f1a que promueve el buen trato para la ni\u00f1ez. Esta iniciativa se realiza en las comunidades a trav\u00e9s del teatro, m\u00fasica, desfiles y vacunas simb\u00f3licas. Durante todo el a\u00f1o, Paz y Esperanza Bolivia hace muchas campa\u00f1as en colegios, iglesias y la comunidad para la prevenci\u00f3n del abuso sexual infantil y la violencia familiar. Conozca m\u00e1s de la campa\u00f1a en el video <a href=\"http:\/\/www.youtube.com\/watch?v=poFPgPBD_JY\" target=\"_blank\" rel=\"noopener\">&#8220;Buen Trato- Programa CLAVES&#8221;<\/a>.<\/li>\n<li><strong>La movilizaci\u00f3n de la iglesia y comunidad en comunidades ind\u00edgenas.<\/strong><br \/>\nSeg\u00fan el m\u00e9todo \u201cUmoja\u201d de la organizaci\u00f3n \u201cTearfund\u201d, Paz y Esperanza Bolivia trabaja entre iglesias y comunidades ind\u00edgenas para promover el desarrollo local, incidencia p\u00fablica y la misi\u00f3n integral. Por medio de estudios b\u00edblicos, talleres y educaci\u00f3n, Paz y Esperanza Bolivia busca equipar la iglesia local enentre los pueblos ind\u00edgenas de Bolivia para que trabajen en sus propias comunidades. Conozca m\u00e1s del m\u00e9todo &#8216;Umoja&#8217; en <a href=\"http:\/\/www.tearfund.org\/en\/about_us\/what_we_do_and_where\/initiatives\/umoja\/\" target=\"_blank\" rel=\"noopener\">Tearfund<\/a>.<\/li>\n<li><strong>Promoci\u00f3n de la Misi\u00f3n Integral de la Iglesia.<\/strong><br \/>\nPaz y Esperanza brinda talleres, estudios b\u00edblicos, cursos de discipulado y campa\u00f1as dentro de las Iglesias en Santa Cruz y dos provincias vecinales. El entrenamiento toma en cuenta temas, como misi\u00f3n integral, acci\u00f3n social y involucramiento comunitario.<\/li>\n<\/ol>\n<h4>Contacto<\/h4>\n<p>Director: Eva Morales<br \/>\n<i class=\"fa fa-map-marker\"><\/i> Calle Mercado Nro 36 (entre Independencia y Rene Moreno) Barrio Casco Viejo, Prov. Andrea Iba\u00f1ez &#8211; Santa Cruz, Bolivia<br \/>\n<i class=\"fa fa-phone\"><\/i>(591) 321.4959<br \/>\n<i class=\"fa fa-envelope-o\"><\/i> <a href=\"mailto:bolivia@pazyesperanza.org\" target=\"_blank\" rel=\"noopener\">bolivia@pazyesperanza.org<\/a>[\/vc_column_text][\/vc_column][\/vc_row]<\/p>\n","protected":false},"excerpt":{"rendered":"[vc_row el_id=&#8221;bolivia-map&#8221; css=&#8221;.vc_custom_1501088556494{margin-top: 5% !important;}&#8221;][vc_column width=&#8221;1\/2&#8243;][vc_column_text css=&#8221;.vc_custom_1501088300755{margin-top: 0px !important;padding-top: 0px !important;}&#8221;][\/vc_column_text][\/vc_column][vc_column width=&#8221;1\/2&#8243;][vc_column_text] Talagante, Chile Historia Paz y Esperanza Chile, inicia sus actividades de forma oficial el . Proyectos Atenci\u00f3n integral a v\u00edctimas de abuso y a sus familias. Con su equipo multidisciplinario, Paz y Esperanza Bolivia brinda rehabilitaci\u00f3n integral, apoyo social y defensa legal a ni\u00f1os, ni\u00f1as, adolescentes y mujeres, v\u00edctimas de violencia f\u00edsica, sexual o psicol\u00f3gica. Adem\u00e1s, lo\/as psic\u00f3logo\/as de Paz y Esperanza y los pastores de iglesias locales coordinan grupos de apoyo para hombres y mujeres en casos de violencia familiar, promoviendo relaciones saludables y mecanismos de adaptaci\u00f3n entre las v\u00edctimas de violencia y sus agresores. Campa\u00f1a del Buen Trato. En la Campa\u00f1a \u201cUn Trato por el Buen Trato\u201d, Paz y Esperanza Bolivia involucra a muchos j\u00f3venes del pa\u00eds para participar en esta campa\u00f1a que promueve el buen trato para la ni\u00f1ez. Esta iniciativa se realiza en las comunidades a trav\u00e9s del teatro, m\u00fasica, desfiles y vacunas simb\u00f3licas. Durante todo el a\u00f1o, Paz y Esperanza Bolivia hace muchas campa\u00f1as en colegios, iglesias y la comunidad para la prevenci\u00f3n del abuso sexual infantil y la violencia familiar. Conozca m\u00e1s de la campa\u00f1a en el video &#8220;Buen Trato- Programa CLAVES&#8221;. La movilizaci\u00f3n de la iglesia y comunidad en comunidades ind\u00edgenas. Seg\u00fan el m\u00e9todo \u201cUmoja\u201d de la organizaci\u00f3n \u201cTearfund\u201d, Paz y Esperanza Bolivia trabaja entre iglesias y comunidades ind\u00edgenas para promover el desarrollo local, incidencia p\u00fablica y la misi\u00f3n integral. Por medio de estudios b\u00edblicos, talleres y educaci\u00f3n, Paz y Esperanza Bolivia busca equipar la iglesia local enentre los pueblos ind\u00edgenas de Bolivia para que trabajen en sus propias comunidades. Conozca m\u00e1s del m\u00e9todo &#8216;Umoja&#8217; en Tearfund. Promoci\u00f3n de la Misi\u00f3n Integral de la Iglesia. Paz y Esperanza brinda talleres, estudios b\u00edblicos, cursos de discipulado y campa\u00f1as dentro de las Iglesias en Santa Cruz y dos provincias vecinales. El entrenamiento toma en cuenta temas, como misi\u00f3n integral, acci\u00f3n social y involucramiento comunitario. Contacto Director: Eva Morales Calle Mercado Nro 36 (entre Independencia y Rene Moreno) Barrio Casco Viejo, Prov. Andrea Iba\u00f1ez &#8211; Santa Cruz, Bolivia (591) 321.4959 bolivia@pazyesperanza.org[\/vc_column_text][\/vc_column][\/vc_row]","protected":false},"author":1,"featured_media":0,"parent":0,"menu_order":0,"comment_status":"closed","ping_status":"closed","template":"","meta":{"_monsterinsights_skip_tracking":false,"_monsterinsights_sitenote_active":false,"_monsterinsights_sitenote_note":"","_monsterinsights_sitenote_category":0,"footnotes":""},"class_list":["post-12","page","type-page","status-publish","hentry"],"yoast_head":"<!-- This site is optimized with the Yoast SEO plugin v16.3 - https:\/\/yoast.com\/wordpress\/plugins\/seo\/ -->\n<title>D\u00f3nde Estamos - Paz y Esperanza Chile<\/title>\n<meta name=\"robots\" content=\"index, follow, max-snippet:-1, max-image-preview:large, max-video-preview:-1\" \/>\n<link rel=\"canonical\" href=\"https:\/\/www.pazyesperanza.org\/cl\/donde-estamos\/\" \/>\n<meta property=\"og:locale\" content=\"es_ES\" \/>\n<meta property=\"og:type\" content=\"article\" \/>\n<meta property=\"og:title\" content=\"D\u00f3nde Estamos - Paz y Esperanza Chile\" \/>\n<meta property=\"og:description\" content=\"[vc_row el_id=&#8221;bolivia-map&#8221; css=&#8221;.vc_custom_1501088556494{margin-top: 5% !important;}&#8221;][vc_column width=&#8221;1\/2&#8243;][vc_column_text css=&#8221;.vc_custom_1501088300755{margin-top: 0px !important;padding-top: 0px !important;}&#8221;][\/vc_column_text][\/vc_column][vc_column width=&#8221;1\/2&#8243;][vc_column_text] Talagante, Chile Historia Paz y Esperanza Chile, inicia sus actividades de forma oficial el . Proyectos Atenci\u00f3n integral a v\u00edctimas de abuso y a sus familias. Con su equipo multidisciplinario, Paz y Esperanza Bolivia brinda rehabilitaci\u00f3n integral, apoyo social y defensa legal a ni\u00f1os, ni\u00f1as, adolescentes y mujeres, v\u00edctimas de violencia f\u00edsica, sexual o psicol\u00f3gica. Adem\u00e1s, lo\/as psic\u00f3logo\/as de Paz y Esperanza y los pastores de iglesias locales coordinan grupos de apoyo para hombres y mujeres en casos de violencia familiar, promoviendo relaciones saludables y mecanismos de adaptaci\u00f3n entre las v\u00edctimas de violencia y sus agresores. Campa\u00f1a del Buen Trato. En la Campa\u00f1a \u201cUn Trato por el Buen Trato\u201d, Paz y Esperanza Bolivia involucra a muchos j\u00f3venes del pa\u00eds para participar en esta campa\u00f1a que promueve el buen trato para la ni\u00f1ez. Esta iniciativa se realiza en las comunidades a trav\u00e9s del teatro, m\u00fasica, desfiles y vacunas simb\u00f3licas. Durante todo el a\u00f1o, Paz y Esperanza Bolivia hace muchas campa\u00f1as en colegios, iglesias y la comunidad para la prevenci\u00f3n del abuso sexual infantil y la violencia familiar. Conozca m\u00e1s de la campa\u00f1a en el video &#8220;Buen Trato- Programa CLAVES&#8221;. La movilizaci\u00f3n de la iglesia y comunidad en comunidades ind\u00edgenas. Seg\u00fan el m\u00e9todo \u201cUmoja\u201d de la organizaci\u00f3n \u201cTearfund\u201d, Paz y Esperanza Bolivia trabaja entre iglesias y comunidades ind\u00edgenas para promover el desarrollo local, incidencia p\u00fablica y la misi\u00f3n integral. Por medio de estudios b\u00edblicos, talleres y educaci\u00f3n, Paz y Esperanza Bolivia busca equipar la iglesia local enentre los pueblos ind\u00edgenas de Bolivia para que trabajen en sus propias comunidades. Conozca m\u00e1s del m\u00e9todo &#8216;Umoja&#8217; en Tearfund. Promoci\u00f3n de la Misi\u00f3n Integral de la Iglesia. Paz y Esperanza brinda talleres, estudios b\u00edblicos, cursos de discipulado y campa\u00f1as dentro de las Iglesias en Santa Cruz y dos provincias vecinales. El entrenamiento toma en cuenta temas, como misi\u00f3n integral, acci\u00f3n social y involucramiento comunitario. Contacto Director: Eva Morales Calle Mercado Nro 36 (entre Independencia y Rene Moreno) Barrio Casco Viejo, Prov. Andrea Iba\u00f1ez &#8211; Santa Cruz, Bolivia (591) 321.4959 bolivia@pazyesperanza.org[\/vc_column_text][\/vc_column][\/vc_row]\" \/>\n<meta property=\"og:url\" content=\"https:\/\/www.pazyesperanza.org\/cl\/donde-estamos\/\" \/>\n<meta property=\"og:site_name\" content=\"Paz y Esperanza Chile\" \/>\n<meta property=\"article:modified_time\" content=\"2018-02-06T17:33:36+00:00\" \/>\n<meta name=\"twitter:card\" content=\"summary_large_image\" \/>\n<meta name=\"twitter:label1\" content=\"Tiempo de lectura\">\n\t<meta name=\"twitter:data1\" content=\"2 minutos\">\n<script type=\"application\/ld+json\" class=\"yoast-schema-graph\">{\"@context\":\"https:\/\/schema.org\",\"@graph\":[{\"@type\":\"WebSite\",\"@id\":\"https:\/\/www.pazyesperanza.org\/cl\/#website\",\"url\":\"https:\/\/www.pazyesperanza.org\/cl\/\",\"name\":\"Paz y Esperanza Chile\",\"description\":\"Apasionados por la justicia\",\"potentialAction\":[{\"@type\":\"SearchAction\",\"target\":\"https:\/\/www.pazyesperanza.org\/cl\/?s={search_term_string}\",\"query-input\":\"required name=search_term_string\"}],\"inLanguage\":\"es\"},{\"@type\":\"WebPage\",\"@id\":\"https:\/\/www.pazyesperanza.org\/cl\/donde-estamos\/#webpage\",\"url\":\"https:\/\/www.pazyesperanza.org\/cl\/donde-estamos\/\",\"name\":\"D\\u00f3nde Estamos - Paz y Esperanza Chile\",\"isPartOf\":{\"@id\":\"https:\/\/www.pazyesperanza.org\/cl\/#website\"},\"datePublished\":\"2016-10-24T14:55:00+00:00\",\"dateModified\":\"2018-02-06T17:33:36+00:00\",\"breadcrumb\":{\"@id\":\"https:\/\/www.pazyesperanza.org\/cl\/donde-estamos\/#breadcrumb\"},\"inLanguage\":\"es\",\"potentialAction\":[{\"@type\":\"ReadAction\",\"target\":[\"https:\/\/www.pazyesperanza.org\/cl\/donde-estamos\/\"]}]},{\"@type\":\"BreadcrumbList\",\"@id\":\"https:\/\/www.pazyesperanza.org\/cl\/donde-estamos\/#breadcrumb\",\"itemListElement\":[{\"@type\":\"ListItem\",\"position\":1,\"item\":{\"@type\":\"WebPage\",\"@id\":\"https:\/\/www.pazyesperanza.org\/cl\/\",\"url\":\"https:\/\/www.pazyesperanza.org\/cl\/\",\"name\":\"Portada\"}},{\"@type\":\"ListItem\",\"position\":2,\"item\":{\"@id\":\"https:\/\/www.pazyesperanza.org\/cl\/donde-estamos\/#webpage\"}}]}]}<\/script>\n<!-- \/ Yoast SEO plugin. -->","_links":{"self":[{"href":"https:\/\/www.pazyesperanza.org\/cl\/wp-json\/wp\/v2\/pages\/12","targetHints":{"allow":["GET"]}}],"collection":[{"href":"https:\/\/www.pazyesperanza.org\/cl\/wp-json\/wp\/v2\/pages"}],"about":[{"href":"https:\/\/www.pazyesperanza.org\/cl\/wp-json\/wp\/v2\/types\/page"}],"author":[{"embeddable":true,"href":"https:\/\/www.pazyesperanza.org\/cl\/wp-json\/wp\/v2\/users\/1"}],"replies":[{"embeddable":true,"href":"https:\/\/www.pazyesperanza.org\/cl\/wp-json\/wp\/v2\/comments?post=12"}],"version-history":[{"count":20,"href":"https:\/\/www.pazyesperanza.org\/cl\/wp-json\/wp\/v2\/pages\/12\/revisions"}],"predecessor-version":[{"id":1962,"href":"https:\/\/www.pazyesperanza.org\/cl\/wp-json\/wp\/v2\/pages\/12\/revisions\/1962"}],"wp:attachment":[{"href":"https:\/\/www.pazyesperanza.org\/cl\/wp-json\/wp\/v2\/media?parent=12"}],"curies":[{"name":"wp","href":"https:\/\/api.w.org\/{rel}","templated":true}]}}