{"id":1136,"date":"2016-03-08T08:48:48","date_gmt":"2016-03-08T08:48:48","guid":{"rendered":"http:\/\/localhost\/btg\/?page_id=2"},"modified":"2021-05-31T20:54:43","modified_gmt":"2021-05-31T20:54:43","slug":"home-2","status":"publish","type":"page","link":"https:\/\/www.pazyesperanza.org\/bo\/","title":{"rendered":"Inicio"},"content":{"rendered":"<p>[vc_row][vc_column][vc_column_text][\/vc_column_text][\/vc_column][\/vc_row][vc_row full_width=&#8221;stretch_row_content_no_spaces&#8221;][vc_column width=&#8221;1\/3&#8243;]<a href=\"\/bo\/2017\/07\/26\/historia-inspiradora-maria-esther\/\"  class=\"featured-link\" style=\"background:#21c38c; color:#ffffff;\">\r\r\n        \t<span>Nuestra historia de<\/span>\r\r\n        \t<strong>Transformaci\u00f3n<\/strong><\/a>[\/vc_column][vc_column width=&#8221;1\/3&#8243;]<a href=\"\/bo\/como-trabajamos\/programas\/\"  class=\"featured-link\" style=\"background:#13a457; color:#ffffff;\">\r\r\n        \t<span>Nuestros Programas<\/span>\r\r\n        \t<strong>Qu\u00e9 Hacemos<\/strong><\/a>[\/vc_column][vc_column width=&#8221;1\/3&#8243;]<a href=\"\/bo\/participar\/\"  class=\"featured-link\" style=\"background:#007233; color:#ffffff;\">\r\r\n        \t<span>Necesitamos tu apoyo<\/span>\r\r\n        \t<strong>C\u00f3mo participar<\/strong><\/a>[\/vc_column][\/vc_row][vc_row full_width=&#8221;stretch_row&#8221; css=&#8221;.vc_custom_1477326815713{background-color: #ffffff !important;}&#8221;][vc_column][vc_empty_space][vc_row_inner][vc_column_inner width=&#8221;1\/3&#8243;][vc_column_text]<\/p>\n<h2>S\u00e9 parte del cambio<\/h2>\n<p>[\/vc_column_text][vc_btn title=&#8221;Dona ahora&#8221; style=&#8221;flat&#8221; shape=&#8221;square&#8221; color=&#8221;green&#8221; size=&#8221;lg&#8221; align=&#8221;center&#8221; button_block=&#8221;true&#8221; link=&#8221;url:%2Fbo%2Fdonar%2F|||&#8221;][\/vc_column_inner][vc_column_inner width=&#8221;2\/3&#8243;][vc_column_text]Somos una organizaci\u00f3n que trabaja junto a los pobres en Bolivia, para que sean libres de distintas formas de violencia e injusticia.[\/vc_column_text][\/vc_column_inner][\/vc_row_inner][vc_empty_space][\/vc_column][\/vc_row][vc_row full_width=&#8221;stretch_row&#8221; css=&#8221;.vc_custom_1499114570399{background-color: #f7f7f7 !important;}&#8221; el_id=&#8221;z-index&#8221;][vc_column][vc_empty_space][vc_row_inner][vc_column_inner][vc_column_text]<\/p>\n<h2 class=\"block-title block-title-center\" style=\"text-align: center;\">Novedades<\/h2>\n<p>[\/vc_column_text]<div class=\"row\"><ul class=\"grid-holder isotope gallery-items\" data-sort-id=\"gallery\"><li class=\"col-md-6 col-sm-6 grid-item blog-grid-item format-standard\">\r\r\n                        <div class=\"grid-item-inner\"><a href=\"https:\/\/www.pazyesperanza.org\/bo\/2020\/06\/14\/para-que-no-se-desanimen-encuentros-pastorales-consolacion-esperanza\/\" class=\"media-box\">\r\r\n                                <img decoding=\"async\" src=\"https:\/\/www.pazyesperanza.org\/bo\/wp-content\/uploads\/sites\/5\/2020\/06\/200617-encuentros-CE-600x400.png\" class=\"attachment-borntogive-600x400 size-borntogive-600x400 wp-post-image\" alt=\"para que no se desanimen - buen trato a la ni\u00f1ez\" \/>\r\r\n                            <\/a><div class=\"grid-item-content\">\r\r\n                                <h3 class=\"post-title\"><a href=\"https:\/\/www.pazyesperanza.org\/bo\/2020\/06\/14\/para-que-no-se-desanimen-encuentros-pastorales-consolacion-esperanza\/\">Para que no se desanimen &#8211; Encuentros Pastorales &#8220;Consolaci\u00f3n &#038; Esperanza&#8221;<\/a><\/h3><div class=\"meta-data grid-item-meta full-meta-data\"><i class=\"fa fa-calendar\"><\/i> 14 junio, 2020<\/div><p>?&#8220;PARA QUE NO SE DESANIMEN &#8211; fomentando el buen trato&hellip;<a href=\"https:\/\/www.pazyesperanza.org\/bo\/2020\/06\/14\/para-que-no-se-desanimen-encuentros-pastorales-consolacion-esperanza\/\"><\/a><\/p><\/div>\r\r\n                        <\/div>\r\r\n                    <\/li><li class=\"col-md-6 col-sm-6 grid-item blog-grid-item format-standard\">\r\r\n                        <div class=\"grid-item-inner\"><a href=\"https:\/\/www.pazyesperanza.org\/bo\/2017\/11\/15\/es-posible-el-buen-trato\/\" class=\"media-box\">\r\r\n                                <img decoding=\"async\" src=\"https:\/\/www.pazyesperanza.org\/bo\/wp-content\/uploads\/sites\/5\/2017\/11\/IMG_0219-600x400.jpg\" class=\"attachment-borntogive-600x400 size-borntogive-600x400 wp-post-image\" alt=\"\u00bfEs posible el Buen Trato?\" \/>\r\r\n                            <\/a><div class=\"grid-item-content\">\r\r\n                                <h3 class=\"post-title\"><a href=\"https:\/\/www.pazyesperanza.org\/bo\/2017\/11\/15\/es-posible-el-buen-trato\/\">\u00bfEs posible el Buen Trato?<\/a><\/h3><div class=\"meta-data grid-item-meta full-meta-data\"><i class=\"fa fa-calendar\"><\/i> 15 noviembre, 2017<\/div><p>El Buen Trato desde la ni\u00f1ez es una posibilidad, en&hellip;<a href=\"https:\/\/www.pazyesperanza.org\/bo\/2017\/11\/15\/es-posible-el-buen-trato\/\"><\/a><\/p><\/div>\r\r\n                        <\/div>\r\r\n                    <\/li><\/ul><\/div>[\/vc_column_inner][\/vc_row_inner][vc_empty_space height=&#8221;60px&#8221;][\/vc_column][\/vc_row][vc_row full_width=&#8221;stretch_row_content_no_spaces&#8221; el_class=&#8221;padding-tb45&#8243; css=&#8221;.vc_custom_1609175274898{margin-top: -80px !important;background-position: center !important;background-repeat: no-repeat !important;background-size: cover !important;}&#8221; el_id=&#8221;acheivements&#8221;][vc_column width=&#8221;1\/3&#8243;][\/vc_column][vc_column width=&#8221;1\/3&#8243;][\/vc_column][vc_column width=&#8221;1\/3&#8243; el_class=&#8221;parallax-text-block&#8221;][vc_column_text css=&#8221;.vc_custom_1614210287429{margin-top: -30px !important;}&#8221;]<\/p>\n<h6>Logros recientes<\/h6>\n<h3>Celebrando la defensa y promoci\u00f3n de la justicia<\/h3>\n<p>Nuestro prop\u00f3sito m\u00e1s grandes est\u00e1 dedicado a defender y promover la justicia a favor de personas y comunidades en situaci\u00f3n de pobreza o afectadas por injusticias, nuestra principal meta es seguir adelante mejorando y logrando el fortalecimiento de la democracia y la reconciliaci\u00f3n del pa\u00eds.[\/vc_column_text][\/vc_column][\/vc_row][vc_row][vc_column width=&#8221;1\/4&#8243;][vc_empty_space][vc_column_text]<\/p>\n<h6>Este mes<\/h6>\n<h4>Nuestra gratitud a:<\/h4>\n<p>[\/vc_column_text][vc_empty_space][\/vc_column][vc_column width=&#8221;3\/4&#8243; el_class=&#8221;logo-carousel&#8221;][\/vc_column][\/vc_row][vc_row full_width=&#8221;stretch_row&#8221; el_class=&#8221;accent-bg&#8221;][vc_column][vc_column_text]<\/p>\n<div class=\"call-to-action\" style=\"margin-top: 30px; text-align: -webkit-center;\">\n<h2 style=\"text-align: center;\">S\u00e9 parte del cambio <a class=\"button outline\" style=\"margin-left: 20px;\" href=\"\/bo\/participa\/\">Participa<\/a><\/h2>\n<\/div>\n<p>[\/vc_column_text][\/vc_column][\/vc_row]<\/p>\n","protected":false},"excerpt":{"rendered":"[vc_row][vc_column][vc_column_text][\/vc_column_text][\/vc_column][\/vc_row][vc_row full_width=&#8221;stretch_row_content_no_spaces&#8221;][vc_column width=&#8221;1\/3&#8243;][\/vc_column][vc_column width=&#8221;1\/3&#8243;][\/vc_column][vc_column width=&#8221;1\/3&#8243;][\/vc_column][\/vc_row][vc_row full_width=&#8221;stretch_row&#8221; css=&#8221;.vc_custom_1477326815713{background-color: #ffffff !important;}&#8221;][vc_column][vc_empty_space][vc_row_inner][vc_column_inner width=&#8221;1\/3&#8243;][vc_column_text] S\u00e9 parte del cambio [\/vc_column_text][vc_btn title=&#8221;Dona ahora&#8221; style=&#8221;flat&#8221; shape=&#8221;square&#8221; color=&#8221;green&#8221; size=&#8221;lg&#8221; align=&#8221;center&#8221; button_block=&#8221;true&#8221; link=&#8221;url:%2Fbo%2Fdonar%2F|||&#8221;][\/vc_column_inner][vc_column_inner width=&#8221;2\/3&#8243;][vc_column_text]Somos una organizaci\u00f3n que trabaja junto a los pobres en Bolivia, para que sean libres de distintas formas de violencia e injusticia.[\/vc_column_text][\/vc_column_inner][\/vc_row_inner][vc_empty_space][\/vc_column][\/vc_row][vc_row full_width=&#8221;stretch_row&#8221; css=&#8221;.vc_custom_1499114570399{background-color: #f7f7f7 !important;}&#8221; el_id=&#8221;z-index&#8221;][vc_column][vc_empty_space][vc_row_inner][vc_column_inner][vc_column_text] Novedades [\/vc_column_text][\/vc_column_inner][\/vc_row_inner][vc_empty_space height=&#8221;60px&#8221;][\/vc_column][\/vc_row][vc_row full_width=&#8221;stretch_row_content_no_spaces&#8221; el_class=&#8221;padding-tb45&#8243; css=&#8221;.vc_custom_1609175274898{margin-top: -80px !important;background-position: center !important;background-repeat: no-repeat !important;background-size: cover !important;}&#8221; el_id=&#8221;acheivements&#8221;][vc_column width=&#8221;1\/3&#8243;][\/vc_column][vc_column width=&#8221;1\/3&#8243;][\/vc_column][vc_column width=&#8221;1\/3&#8243; el_class=&#8221;parallax-text-block&#8221;][vc_column_text css=&#8221;.vc_custom_1614210287429{margin-top: -30px !important;}&#8221;] Logros recientes Celebrando la defensa y promoci\u00f3n de la justicia Nuestro prop\u00f3sito m\u00e1s grandes est\u00e1 dedicado a defender y promover la justicia a favor de personas y comunidades en situaci\u00f3n de pobreza o afectadas por injusticias, nuestra principal meta es seguir adelante mejorando y logrando el fortalecimiento de la democracia y la reconciliaci\u00f3n del pa\u00eds.[\/vc_column_text][\/vc_column][\/vc_row][vc_row][vc_column width=&#8221;1\/4&#8243;][vc_empty_space][vc_column_text] Este mes Nuestra gratitud a: [\/vc_column_text][vc_empty_space][\/vc_column][vc_column width=&#8221;3\/4&#8243; el_class=&#8221;logo-carousel&#8221;][\/vc_column][\/vc_row][vc_row full_width=&#8221;stretch_row&#8221; el_class=&#8221;accent-bg&#8221;][vc_column][vc_column_text] S\u00e9 parte del cambio Participa [\/vc_column_text][\/vc_column][\/vc_row]","protected":false},"author":1,"featured_media":0,"parent":0,"menu_order":0,"comment_status":"closed","ping_status":"open","template":"","meta":{"_monsterinsights_skip_tracking":false,"_monsterinsights_sitenote_active":false,"_monsterinsights_sitenote_note":"","_monsterinsights_sitenote_category":0,"footnotes":""},"class_list":["post-1136","page","type-page","status-publish","hentry"],"yoast_head":"<!-- This site is optimized with the Yoast SEO plugin v16.3 - https:\/\/yoast.com\/wordpress\/plugins\/seo\/ -->\n<title>Inicio - Paz y Esperanza Bolivia<\/title>\n<meta name=\"robots\" content=\"index, follow, max-snippet:-1, max-image-preview:large, max-video-preview:-1\" \/>\n<link rel=\"canonical\" href=\"https:\/\/www.pazyesperanza.org\/bo\/\" \/>\n<meta property=\"og:locale\" content=\"es_ES\" \/>\n<meta property=\"og:type\" content=\"article\" \/>\n<meta property=\"og:title\" content=\"Inicio - Paz y Esperanza Bolivia\" \/>\n<meta property=\"og:description\" content=\"[vc_row][vc_column][vc_column_text][\/vc_column_text][\/vc_column][\/vc_row][vc_row full_width=&#8221;stretch_row_content_no_spaces&#8221;][vc_column width=&#8221;1\/3&#8243;][\/vc_column][vc_column width=&#8221;1\/3&#8243;][\/vc_column][vc_column width=&#8221;1\/3&#8243;][\/vc_column][\/vc_row][vc_row full_width=&#8221;stretch_row&#8221; css=&#8221;.vc_custom_1477326815713{background-color: #ffffff !important;}&#8221;][vc_column][vc_empty_space][vc_row_inner][vc_column_inner width=&#8221;1\/3&#8243;][vc_column_text] S\u00e9 parte del cambio [\/vc_column_text][vc_btn title=&#8221;Dona ahora&#8221; style=&#8221;flat&#8221; shape=&#8221;square&#8221; color=&#8221;green&#8221; size=&#8221;lg&#8221; align=&#8221;center&#8221; button_block=&#8221;true&#8221; link=&#8221;url:%2Fbo%2Fdonar%2F|||&#8221;][\/vc_column_inner][vc_column_inner width=&#8221;2\/3&#8243;][vc_column_text]Somos una organizaci\u00f3n que trabaja junto a los pobres en Bolivia, para que sean libres de distintas formas de violencia e injusticia.[\/vc_column_text][\/vc_column_inner][\/vc_row_inner][vc_empty_space][\/vc_column][\/vc_row][vc_row full_width=&#8221;stretch_row&#8221; css=&#8221;.vc_custom_1499114570399{background-color: #f7f7f7 !important;}&#8221; el_id=&#8221;z-index&#8221;][vc_column][vc_empty_space][vc_row_inner][vc_column_inner][vc_column_text] Novedades [\/vc_column_text][\/vc_column_inner][\/vc_row_inner][vc_empty_space height=&#8221;60px&#8221;][\/vc_column][\/vc_row][vc_row full_width=&#8221;stretch_row_content_no_spaces&#8221; el_class=&#8221;padding-tb45&#8243; css=&#8221;.vc_custom_1609175274898{margin-top: -80px !important;background-position: center !important;background-repeat: no-repeat !important;background-size: cover !important;}&#8221; el_id=&#8221;acheivements&#8221;][vc_column width=&#8221;1\/3&#8243;][\/vc_column][vc_column width=&#8221;1\/3&#8243;][\/vc_column][vc_column width=&#8221;1\/3&#8243; el_class=&#8221;parallax-text-block&#8221;][vc_column_text css=&#8221;.vc_custom_1614210287429{margin-top: -30px !important;}&#8221;] Logros recientes Celebrando la defensa y promoci\u00f3n de la justicia Nuestro prop\u00f3sito m\u00e1s grandes est\u00e1 dedicado a defender y promover la justicia a favor de personas y comunidades en situaci\u00f3n de pobreza o afectadas por injusticias, nuestra principal meta es seguir adelante mejorando y logrando el fortalecimiento de la democracia y la reconciliaci\u00f3n del pa\u00eds.[\/vc_column_text][\/vc_column][\/vc_row][vc_row][vc_column width=&#8221;1\/4&#8243;][vc_empty_space][vc_column_text] Este mes Nuestra gratitud a: [\/vc_column_text][vc_empty_space][\/vc_column][vc_column width=&#8221;3\/4&#8243; el_class=&#8221;logo-carousel&#8221;][\/vc_column][\/vc_row][vc_row full_width=&#8221;stretch_row&#8221; el_class=&#8221;accent-bg&#8221;][vc_column][vc_column_text] S\u00e9 parte del cambio Participa [\/vc_column_text][\/vc_column][\/vc_row]\" \/>\n<meta property=\"og:url\" content=\"https:\/\/www.pazyesperanza.org\/bo\/\" \/>\n<meta property=\"og:site_name\" content=\"Paz y Esperanza Bolivia\" \/>\n<meta property=\"article:modified_time\" content=\"2021-05-31T20:54:43+00:00\" \/>\n<meta name=\"twitter:card\" content=\"summary_large_image\" \/>\n<meta name=\"twitter:label1\" content=\"Tiempo de lectura\">\n\t<meta name=\"twitter:data1\" content=\"1 minuto\">\n<script type=\"application\/ld+json\" class=\"yoast-schema-graph\">{\"@context\":\"https:\/\/schema.org\",\"@graph\":[{\"@type\":\"WebSite\",\"@id\":\"https:\/\/www.pazyesperanza.org\/bo\/#website\",\"url\":\"https:\/\/www.pazyesperanza.org\/bo\/\",\"name\":\"Paz y Esperanza Bolivia\",\"description\":\"Apasionados por la justicia\",\"potentialAction\":[{\"@type\":\"SearchAction\",\"target\":\"https:\/\/www.pazyesperanza.org\/bo\/?s={search_term_string}\",\"query-input\":\"required name=search_term_string\"}],\"inLanguage\":\"es\"},{\"@type\":\"WebPage\",\"@id\":\"https:\/\/www.pazyesperanza.org\/bo\/#webpage\",\"url\":\"https:\/\/www.pazyesperanza.org\/bo\/\",\"name\":\"Inicio - Paz y Esperanza Bolivia\",\"isPartOf\":{\"@id\":\"https:\/\/www.pazyesperanza.org\/bo\/#website\"},\"datePublished\":\"2016-03-08T08:48:48+00:00\",\"dateModified\":\"2021-05-31T20:54:43+00:00\",\"breadcrumb\":{\"@id\":\"https:\/\/www.pazyesperanza.org\/bo\/#breadcrumb\"},\"inLanguage\":\"es\",\"potentialAction\":[{\"@type\":\"ReadAction\",\"target\":[\"https:\/\/www.pazyesperanza.org\/bo\/\"]}]},{\"@type\":\"BreadcrumbList\",\"@id\":\"https:\/\/www.pazyesperanza.org\/bo\/#breadcrumb\",\"itemListElement\":[{\"@type\":\"ListItem\",\"position\":1,\"item\":{\"@type\":\"WebPage\",\"@id\":\"https:\/\/www.pazyesperanza.org\/bo\/\",\"url\":\"https:\/\/www.pazyesperanza.org\/bo\/\",\"name\":\"Portada\"}},{\"@type\":\"ListItem\",\"position\":2,\"item\":{\"@id\":\"https:\/\/www.pazyesperanza.org\/bo\/#webpage\"}}]}]}<\/script>\n<!-- \/ Yoast SEO plugin. -->","_links":{"self":[{"href":"https:\/\/www.pazyesperanza.org\/bo\/wp-json\/wp\/v2\/pages\/1136","targetHints":{"allow":["GET"]}}],"collection":[{"href":"https:\/\/www.pazyesperanza.org\/bo\/wp-json\/wp\/v2\/pages"}],"about":[{"href":"https:\/\/www.pazyesperanza.org\/bo\/wp-json\/wp\/v2\/types\/page"}],"author":[{"embeddable":true,"href":"https:\/\/www.pazyesperanza.org\/bo\/wp-json\/wp\/v2\/users\/1"}],"replies":[{"embeddable":true,"href":"https:\/\/www.pazyesperanza.org\/bo\/wp-json\/wp\/v2\/comments?post=1136"}],"version-history":[{"count":38,"href":"https:\/\/www.pazyesperanza.org\/bo\/wp-json\/wp\/v2\/pages\/1136\/revisions"}],"predecessor-version":[{"id":1959,"href":"https:\/\/www.pazyesperanza.org\/bo\/wp-json\/wp\/v2\/pages\/1136\/revisions\/1959"}],"wp:attachment":[{"href":"https:\/\/www.pazyesperanza.org\/bo\/wp-json\/wp\/v2\/media?parent=1136"}],"curies":[{"name":"wp","href":"https:\/\/api.w.org\/{rel}","templated":true}]}}